{"id":1850,"date":"2020-12-03T00:08:48","date_gmt":"2020-12-02T23:08:48","guid":{"rendered":"https:\/\/tuftingeurope.com\/uber-uns\/"},"modified":"2025-01-15T15:47:11","modified_gmt":"2025-01-15T14:47:11","slug":"uber-uns","status":"publish","type":"page","link":"https:\/\/tuftingeurope.com\/de\/uber-uns\/","title":{"rendered":"\u00dcber uns"},"content":{"rendered":"\n\t<div class=\"img has-hover x md-x lg-x y md-y lg-y\" id=\"image_1709163537\">\n\t\t\t\t\t\t\t\t<div class=\"img-inner dark\" >\n\t\t\t<img fetchpriority=\"high\" decoding=\"async\" width=\"1020\" height=\"680\" src=\"https:\/\/tuftingeurope.com\/wp-content\/uploads\/2025\/01\/Nelson_Tufting-7-1024x683.jpg\" class=\"attachment-large size-large\" alt=\"\" srcset=\"https:\/\/tuftingeurope.com\/wp-content\/uploads\/2025\/01\/Nelson_Tufting-7-1024x683.jpg 1024w, https:\/\/tuftingeurope.com\/wp-content\/uploads\/2025\/01\/Nelson_Tufting-7-300x200.jpg 300w, https:\/\/tuftingeurope.com\/wp-content\/uploads\/2025\/01\/Nelson_Tufting-7-768x512.jpg 768w, https:\/\/tuftingeurope.com\/wp-content\/uploads\/2025\/01\/Nelson_Tufting-7-1536x1024.jpg 1536w, https:\/\/tuftingeurope.com\/wp-content\/uploads\/2025\/01\/Nelson_Tufting-7-2048x1365.jpg 2048w, https:\/\/tuftingeurope.com\/wp-content\/uploads\/2025\/01\/Nelson_Tufting-7-360x240.jpg 360w, https:\/\/tuftingeurope.com\/wp-content\/uploads\/2025\/01\/Nelson_Tufting-7-1000x667.jpg 1000w, https:\/\/tuftingeurope.com\/wp-content\/uploads\/2025\/01\/Nelson_Tufting-7-80x53.jpg 80w\" sizes=\"(max-width: 1020px) 100vw, 1020px\" title=\"\">\t\t\t\t\t\t\n\t\t\t\t\t<\/div>\n\t\t\t\t\t\t\t\t\n<style>\n#image_1709163537 {\n  width: 100%;\n}\n<\/style>\n\t<\/div>\n\t\n\n\n\t<section class=\"section\" id=\"section_1750590631\">\n\t\t<div class=\"section-bg fill\" >\n\t\t\t\t\t\t\t\t\t\n\t\t\t\n\n\t\t<\/div>\n\n\t\t\n\n\t\t<div class=\"section-content relative\">\n\t\t\t\n\n\t<div id=\"gap-801963106\" class=\"gap-element clearfix\" style=\"display:block; height:auto;\">\n\t\t\n<style>\n#gap-801963106 {\n  padding-top: 30px;\n}\n<\/style>\n\t<\/div>\n\t\n\n<div class=\"row row-large align-middle align-center\" style=\"max-width:1300px\" id=\"row-441258355\">\n\n\n\t<div id=\"col-32670338\" class=\"col medium-12 small-12 large-6\"  >\n\t\t\t\t<div class=\"col-inner\"  >\n\t\t\t\n\t\t\t\n\n<h2>Tufting Wer?<\/h2>\n<p>Bei Tufting Europe ist unsere Mission einfach: Tufting-Ausr\u00fcstung und -Zubeh\u00f6r f\u00fcr jedermann zug\u00e4nglich zu machen. Unabh\u00e4ngig davon, ob Sie Anf\u00e4nger oder erfahrener Tufting-K\u00fcnstler sind, bieten wir alles, was Sie f\u00fcr Ihre Projekte ben\u00f6tigen &#8211; Garne, Teppichr\u00fccken, Rahmen, Wollwickler, Tuftnadeln, Tuftpistolen und mehr &#8211; an einem Ort. <\/p>\n<p>Wie viele Tufting-Enthusiasten standen wir zu Beginn vor Herausforderungen: lange Lieferzeiten, unzuverl\u00e4ssige \u00dcbersee-Shops und fehlende Unterst\u00fctzung bei auftretenden Problemen. Unser einziges Ziel war es, gro\u00dfartige Teppiche zu kreieren. Aus diesem Grund haben wir Tufting Europe gegr\u00fcndet.  <\/p>\n<p>Wir sind mehr als nur ein Webshop; wir sind eine Anlaufstelle f\u00fcr Tufting-Wissen und Unterst\u00fctzung. Unsere Produkte lagern in unserem eigenen Lager und werden schnell und zuverl\u00e4ssig versandt. <\/p>\n<p>Haben Sie Fragen oder ben\u00f6tigen Sie Rat auf Ihrem Tufting-Weg? Wir stehen Ihnen bei jedem Schritt zur Seite. <\/p>\n<p>Wir k\u00f6nnen es kaum erwarten, die wundersch\u00f6nen Teppiche zu sehen, die Sie kreieren werden &#8211; teilen Sie Ihre Arbeiten mit uns und werden Sie Teil der wachsenden Tufting-Gemeinschaft!<\/p>\n\t<div id=\"gap-1687597926\" class=\"gap-element clearfix\" style=\"display:block; height:auto;\">\n\t\t\n<style>\n#gap-1687597926 {\n  padding-top: 75px;\n}\n@media (min-width:850px) {\n  #gap-1687597926 {\n    padding-top: 34px;\n  }\n}\n<\/style>\n\t<\/div>\n\t\n\n\n\t\t<\/div>\n\t\t\t\t\n<style>\n#col-32670338 > .col-inner {\n  padding: 0px 20px 0px 20px;\n  margin: 0px 0px -17px 0px;\n}\n@media (min-width:850px) {\n  #col-32670338 > .col-inner {\n    padding: 0px 40px 0px 0px;\n  }\n}\n<\/style>\n\t<\/div>\n\n\t\n\n\t<div id=\"col-1122262903\" class=\"col medium-12 small-12 large-6 medium-col-first\"  >\n\t\t\t\t<div class=\"col-inner\"  >\n\t\t\t\n\t\t\t\n\n\n  <div class=\"banner has-hover\" id=\"banner-224000770\">\n          <div class=\"banner-inner fill\">\n        <div class=\"banner-bg fill\" >\n            <img decoding=\"async\" width=\"2560\" height=\"1707\" src=\"https:\/\/tuftingeurope.com\/wp-content\/uploads\/2025\/01\/Nelson_Tufting-14-scaled.jpg\" class=\"bg attachment-original size-original\" alt=\"\" title=\"\">                                    \n                    <\/div>\n\t\t\n        <div class=\"banner-layers container\">\n            <div class=\"fill banner-link\"><\/div>            \n\n\n        <\/div>\n      <\/div>\n\n            \n<style>\n#banner-224000770 {\n  padding-top: 300px;\n  background-color: rgb(255, 239, 234);\n}\n#banner-224000770 .banner-bg img {\n  object-position: 67% 51%;\n}\n@media (min-width:550px) {\n  #banner-224000770 {\n    padding-top: 450px;\n  }\n}\n@media (min-width:850px) {\n  #banner-224000770 {\n    padding-top: 650px;\n  }\n}\n<\/style>\n  <\/div>\n\n\n\n\t\t<\/div>\n\t\t\t\t\n<style>\n#col-1122262903 > .col-inner {\n  padding: 0px 20px 0px 20px;\n}\n<\/style>\n\t<\/div>\n\n\t\n\n<\/div>\n\n\t\t<\/div>\n\n\t\t\n<style>\n#section_1750590631 {\n  padding-top: 60px;\n  padding-bottom: 60px;\n}\n<\/style>\n\t<\/section>\n\t\n\n\t<section class=\"section\" id=\"section_610418757\">\n\t\t<div class=\"section-bg fill\" >\n\t\t\t\t\t\t\t\t\t\n\t\t\t\n\n\t\t<\/div>\n\n\t\t\n\n\t\t<div class=\"section-content relative\">\n\t\t\t\n\n<div class=\"row\"  id=\"row-1609634044\">\n\n\n\t<div id=\"col-620848487\" class=\"col small-12 large-12\"  >\n\t\t\t\t<div class=\"col-inner text-center\"  >\n\t\t\t\n\t\t\t\n\n<h2>&#8220;DU MUSST NICHT BLUFFEN,<br> ALLES, WAS DU ZUM TUFTEN BRAUCHST.&#8221;  <\/h2>\n\n\t\t<\/div>\n\t\t\t\t\t<\/div>\n\n\t\n\n<\/div>\n\n\t\t<\/div>\n\n\t\t\n<style>\n#section_610418757 {\n  padding-top: 50px;\n  padding-bottom: 50px;\n  min-height: 300px;\n}\n<\/style>\n\t<\/section>\n\t\n\n","protected":false},"excerpt":{"rendered":"","protected":false},"author":1,"featured_media":0,"parent":0,"menu_order":0,"comment_status":"closed","ping_status":"closed","template":"","meta":{"footnotes":""},"class_list":["post-1850","page","type-page","status-publish","hentry"],"_links":{"self":[{"href":"https:\/\/tuftingeurope.com\/de\/wp-json\/wp\/v2\/pages\/1850","targetHints":{"allow":["GET"]}}],"collection":[{"href":"https:\/\/tuftingeurope.com\/de\/wp-json\/wp\/v2\/pages"}],"about":[{"href":"https:\/\/tuftingeurope.com\/de\/wp-json\/wp\/v2\/types\/page"}],"author":[{"embeddable":true,"href":"https:\/\/tuftingeurope.com\/de\/wp-json\/wp\/v2\/users\/1"}],"replies":[{"embeddable":true,"href":"https:\/\/tuftingeurope.com\/de\/wp-json\/wp\/v2\/comments?post=1850"}],"version-history":[{"count":0,"href":"https:\/\/tuftingeurope.com\/de\/wp-json\/wp\/v2\/pages\/1850\/revisions"}],"wp:attachment":[{"href":"https:\/\/tuftingeurope.com\/de\/wp-json\/wp\/v2\/media?parent=1850"}],"curies":[{"name":"wp","href":"https:\/\/api.w.org\/{rel}","templated":true}]}}