{"id":1876,"date":"2021-01-28T23:48:20","date_gmt":"2021-01-28T22:48:20","guid":{"rendered":"https:\/\/tuftingeurope.com\/versand-und-ruckgabe\/"},"modified":"2025-09-23T16:46:14","modified_gmt":"2025-09-23T14:46:14","slug":"shipping","status":"publish","type":"page","link":"https:\/\/tuftingeurope.com\/de\/shipping\/","title":{"rendered":"Versand"},"content":{"rendered":"\n<h3 class=\"wp-block-heading\">Bestellen Sie an Werktagen vor 15:00 Uhr, und wir versenden Ihre Bestellung noch am selben Tag. Bestellungen, die am Wochenende eingehen, werden am Montagmorgen versandt. <\/h3>\n\n<div style=\"height:25px\" aria-hidden=\"true\" class=\"wp-block-spacer\"><\/div>\n\n<h2 class=\"wp-block-heading\"> \ud83d\ude9a Schnelle Lieferung<\/h2>\n\n<p>Sobald Ihre Bestellung verpackt ist, erhalten Sie eine E-Mail mit Ihrem Sendungsverfolgungslink, sodass Sie Ihr Paket auf dem gesamten Weg bis zu Ihrer Haust\u00fcr verfolgen k\u00f6nnen.<\/p>\n\n<p>Wir arbeiten mit <strong>DPD<\/strong> und <strong>PostNL<\/strong> von unserem Lager in Amsterdam aus, um eine schnelle und zuverl\u00e4ssige Lieferung zu gew\u00e4hrleisten. Wenn Sie an einem Freitag bestellen, kann sich Ihre voraussichtliche Lieferzeit um einen Werktag verl\u00e4ngern. <\/p>\n\n<div style=\"height:25px\" aria-hidden=\"true\" class=\"wp-block-spacer\"><\/div>\n\n<table id=\"tablepress-10\" class=\"tablepress tablepress-id-10\">\n<thead>\n<tr class=\"row-1\">\n\t<th class=\"column-1\">Destination<\/th><th class=\"column-2\">Delivery time<\/th><th class=\"column-3\">Shipper<\/th>\n<\/tr>\n<\/thead>\n<tbody class=\"row-striping row-hover\">\n<tr class=\"row-2\">\n\t<td class=\"column-1\">\ud83c\udde6\ud83c\uddf9 Austria<\/td><td class=\"column-2\">2 working days<\/td><td class=\"column-3\">DPD<\/td>\n<\/tr>\n<tr class=\"row-3\">\n\t<td class=\"column-1\">\ud83c\udde7\ud83c\uddea Belgium<\/td><td class=\"column-2\">1 working day<\/td><td class=\"column-3\">PostNL<\/td>\n<\/tr>\n<tr class=\"row-4\">\n\t<td class=\"column-1\">\ud83c\udde7\ud83c\uddec Bulgaria<\/td><td class=\"column-2\">4 working days<\/td><td class=\"column-3\">DPD<\/td>\n<\/tr>\n<tr class=\"row-5\">\n\t<td class=\"column-1\">\ud83c\udded\ud83c\uddf7 Croatia<\/td><td class=\"column-2\">4-5 working days<\/td><td class=\"column-3\">DPD<\/td>\n<\/tr>\n<tr class=\"row-6\">\n\t<td class=\"column-1\">\ud83c\udde8\ud83c\uddff Czech Republic<\/td><td class=\"column-2\">2-3 working days<\/td><td class=\"column-3\">DPD<\/td>\n<\/tr>\n<tr class=\"row-7\">\n\t<td class=\"column-1\">\ud83c\udde9\ud83c\uddf0 Denmark<\/td><td class=\"column-2\">2 working days<\/td><td class=\"column-3\">DPD<\/td>\n<\/tr>\n<tr class=\"row-8\">\n\t<td class=\"column-1\">\ud83c\uddea\ud83c\uddea Estonia<\/td><td class=\"column-2\">3-4 working days<\/td><td class=\"column-3\">DPD<\/td>\n<\/tr>\n<tr class=\"row-9\">\n\t<td class=\"column-1\">\ud83c\uddeb\ud83c\uddee Finland<\/td><td class=\"column-2\">2-5 working days<\/td><td class=\"column-3\">DPD<\/td>\n<\/tr>\n<tr class=\"row-10\">\n\t<td class=\"column-1\">\ud83c\uddeb\ud83c\uddf7 France<\/td><td class=\"column-2\">2-3 working days<\/td><td class=\"column-3\">DPD<\/td>\n<\/tr>\n<tr class=\"row-11\">\n\t<td class=\"column-1\">\ud83c\udde9\ud83c\uddea Germany<\/td><td class=\"column-2\">1-2 working days<\/td><td class=\"column-3\">DPD<\/td>\n<\/tr>\n<tr class=\"row-12\">\n\t<td class=\"column-1\">\ud83c\uddec\ud83c\uddea Georgia<\/td><td class=\"column-2\">6-7 days<\/td><td class=\"column-3\">DPD<\/td>\n<\/tr>\n<tr class=\"row-13\">\n\t<td class=\"column-1\">\ud83c\uddec\ud83c\uddf7 Greece<\/td><td class=\"column-2\">6-9 working days<\/td><td class=\"column-3\">DPD<\/td>\n<\/tr>\n<tr class=\"row-14\">\n\t<td class=\"column-1\">\ud83c\udded\ud83c\uddfa Hungary<\/td><td class=\"column-2\">2-3 working days<\/td><td class=\"column-3\">DPD<\/td>\n<\/tr>\n<tr class=\"row-15\">\n\t<td class=\"column-1\">\ud83c\uddee\ud83c\uddf8 Iceland<\/td><td class=\"column-2\">4 days<\/td><td class=\"column-3\">DPD<\/td>\n<\/tr>\n<tr class=\"row-16\">\n\t<td class=\"column-1\">\ud83c\uddee\ud83c\uddea Ireland<\/td><td class=\"column-2\">3-4 working days<\/td><td class=\"column-3\">DPD<\/td>\n<\/tr>\n<tr class=\"row-17\">\n\t<td class=\"column-1\">\ud83c\uddee\ud83c\uddf9 Italy<\/td><td class=\"column-2\">2-4 working days<\/td><td class=\"column-3\">DPD<\/td>\n<\/tr>\n<tr class=\"row-18\">\n\t<td class=\"column-1\">\ud83c\uddf1\ud83c\uddfb Latvia<\/td><td class=\"column-2\">3-4 working days<\/td><td class=\"column-3\">DPD<\/td>\n<\/tr>\n<tr class=\"row-19\">\n\t<td class=\"column-1\">\ud83c\uddf1\ud83c\uddf9 Lithuania<\/td><td class=\"column-2\">2-3 working days<\/td><td class=\"column-3\">DPD<\/td>\n<\/tr>\n<tr class=\"row-20\">\n\t<td class=\"column-1\">\ud83c\uddf1\ud83c\uddfa Luxembourg<\/td><td class=\"column-2\">1 working day<\/td><td class=\"column-3\">DPD<\/td>\n<\/tr>\n<tr class=\"row-21\">\n\t<td class=\"column-1\">\ud83c\uddf3\ud83c\uddf1 Netherlands<\/td><td class=\"column-2\">1 working day<\/td><td class=\"column-3\">PostNL<\/td>\n<\/tr>\n<tr class=\"row-22\">\n\t<td class=\"column-1\">\ud83c\uddf3\ud83c\uddf4 Norway<\/td><td class=\"column-2\">3-4 days<\/td><td class=\"column-3\">DPD<\/td>\n<\/tr>\n<tr class=\"row-23\">\n\t<td class=\"column-1\">\ud83c\uddf5\ud83c\uddf1 Poland<\/td><td class=\"column-2\">2-3 working days<\/td><td class=\"column-3\">DPD<\/td>\n<\/tr>\n<tr class=\"row-24\">\n\t<td class=\"column-1\">\ud83c\uddf5\ud83c\uddf9 Portugal<\/td><td class=\"column-2\">3-4 working days<\/td><td class=\"column-3\">DPD<\/td>\n<\/tr>\n<tr class=\"row-25\">\n\t<td class=\"column-1\">\ud83c\uddf7\ud83c\uddf4 Romania<\/td><td class=\"column-2\">4-5 working days<\/td><td class=\"column-3\">DPD<\/td>\n<\/tr>\n<tr class=\"row-26\">\n\t<td class=\"column-1\">\ud83c\uddf8\ud83c\uddf0 Slovakia<\/td><td class=\"column-2\">2-3 working days<\/td><td class=\"column-3\">DPD<\/td>\n<\/tr>\n<tr class=\"row-27\">\n\t<td class=\"column-1\">\ud83c\uddf8\ud83c\uddee Slovenia<\/td><td class=\"column-2\">2-3 working days<\/td><td class=\"column-3\">DPD<\/td>\n<\/tr>\n<tr class=\"row-28\">\n\t<td class=\"column-1\">\ud83c\uddea\ud83c\uddf8 Spain<\/td><td class=\"column-2\">2-3 working days<\/td><td class=\"column-3\">DPD<\/td>\n<\/tr>\n<tr class=\"row-29\">\n\t<td class=\"column-1\">\ud83c\uddf8\ud83c\uddea Sweden<\/td><td class=\"column-2\">2-4 working days<\/td><td class=\"column-3\">DPD<\/td>\n<\/tr>\n<tr class=\"row-30\">\n\t<td class=\"column-1\">\ud83c\udde8\ud83c\udded Switzerland<\/td><td class=\"column-2\">5-7 days<\/td><td class=\"column-3\">DPD<\/td>\n<\/tr>\n<tr class=\"row-31\">\n\t<td class=\"column-1\">\ud83c\uddec\ud83c\udde7 United Kingdom<\/td><td class=\"column-2\">Temporary Closed<\/td><td class=\"column-3\">Royal Mail<\/td>\n<\/tr>\n<\/tbody>\n<\/table>\n<!-- #tablepress-10 from cache -->\n\n<div style=\"height:25px\" aria-hidden=\"true\" class=\"wp-block-spacer\"><\/div>\n\n<h2 class=\"wp-block-heading\">\ud83d\udcb6 Lieferkosten<\/h2>\n\n<p>W\u00e4hlen Sie w\u00e4hrend des Bestellvorgangs Ihr Land aus, um den Preis f\u00fcr den Versand einzusehen. Die Preise variieren je nach Paketgewicht. Wir bieten kostenlosen Versand ab einem Bestellwert von 100 \u20ac an.   <\/p>\n\n<div style=\"height:25px\" aria-hidden=\"true\" class=\"wp-block-spacer\"><\/div>\n\n<h2 class=\"wp-block-heading\">\ud83c\udf10 Steuerfrei au\u00dferhalb der EU<\/h2>\n\n<p>Wir erleichtern den Einkauf f\u00fcr Kunden au\u00dferhalb der EU, indem wir steuerfreies Einkaufen anbieten &#8211; die Mehrwertsteuer wird beim Checkout automatisch abgezogen, wenn Sie Ihr Land ausw\u00e4hlen. <\/p>\n\n<p>Bitte beachten Sie, dass bei Bestellungen aus Gro\u00dfbritannien, Norwegen, der Schweiz oder anderen L\u00e4ndern au\u00dferhalb der EU m\u00f6glicherweise Einfuhrz\u00f6lle und -steuern anfallen k\u00f6nnen.<\/p>\n\n<p>Wenn Ihr Paket von Ihrem lokalen Zollamt empfangen wird, erhalten Sie ein Schreiben mit den Details und Zahlungsanweisungen. Um das Paket zu erhalten, folgen Sie bitte den Anweisungen im Schreiben und f\u00fchren Sie die Zahlung durch.  <\/p>\n\n<p><em>Bitte beachte, dass du keine R\u00fcckerstattung f\u00fcr deine Bestellung erh\u00e4ltst, wenn du dich entscheidest, keine Einfuhrsteuern oder Z\u00f6lle zu zahlen und das Paket zur\u00fcckweist.<\/em><\/p>\n\n<p>Du musst nicht immer Z\u00f6lle oder Einfuhrsteuern zahlen, aber es ist wichtig, dass du dich \u00fcber die Z\u00f6lle und Grenzwerte informierst, die in deinem Land gelten, damit du keine \u00dcberraschungen erlebst, falls du welche zahlen musst.<\/p>\n","protected":false},"excerpt":{"rendered":"<p>Bestellen Sie an Werktagen vor 15:00 Uhr, und wir versenden Ihre Bestellung noch am selben Tag. Bestellungen, die am Wochenende eingehen, werden am Montagmorgen versandt. \ud83d\ude9a Schnelle Lieferung Sobald Ihre Bestellung verpackt ist, erhalten Sie eine E-Mail mit Ihrem Sendungsverfolgungslink, sodass Sie Ihr Paket auf dem gesamten Weg bis zu Ihrer Haust\u00fcr verfolgen k\u00f6nnen. Wir<\/p>\n","protected":false},"author":1,"featured_media":0,"parent":0,"menu_order":0,"comment_status":"closed","ping_status":"closed","template":"","meta":{"footnotes":""},"class_list":["post-1876","page","type-page","status-publish","hentry"],"_links":{"self":[{"href":"https:\/\/tuftingeurope.com\/de\/wp-json\/wp\/v2\/pages\/1876","targetHints":{"allow":["GET"]}}],"collection":[{"href":"https:\/\/tuftingeurope.com\/de\/wp-json\/wp\/v2\/pages"}],"about":[{"href":"https:\/\/tuftingeurope.com\/de\/wp-json\/wp\/v2\/types\/page"}],"author":[{"embeddable":true,"href":"https:\/\/tuftingeurope.com\/de\/wp-json\/wp\/v2\/users\/1"}],"replies":[{"embeddable":true,"href":"https:\/\/tuftingeurope.com\/de\/wp-json\/wp\/v2\/comments?post=1876"}],"version-history":[{"count":6,"href":"https:\/\/tuftingeurope.com\/de\/wp-json\/wp\/v2\/pages\/1876\/revisions"}],"predecessor-version":[{"id":70244,"href":"https:\/\/tuftingeurope.com\/de\/wp-json\/wp\/v2\/pages\/1876\/revisions\/70244"}],"wp:attachment":[{"href":"https:\/\/tuftingeurope.com\/de\/wp-json\/wp\/v2\/media?parent=1876"}],"curies":[{"name":"wp","href":"https:\/\/api.w.org\/{rel}","templated":true}]}}