{"id":1877,"date":"2021-03-24T21:27:45","date_gmt":"2021-03-24T20:27:45","guid":{"rendered":"https:\/\/tuftingeurope.com\/erstattungsrichtlinie\/"},"modified":"2024-07-27T19:32:17","modified_gmt":"2024-07-27T17:32:17","slug":"erstattungsrichtlinie","status":"publish","type":"page","link":"https:\/\/tuftingeurope.com\/de\/erstattungsrichtlinie\/","title":{"rendered":"Erstattungspolitik"},"content":{"rendered":"\n<p>R\u00dcCKG\u00c4NGE<\/p>\n\n<hr class=\"wp-block-separator\"\/>\n\n<p>Unsere Richtlinie gilt f\u00fcr 14 Tage.\nWenn seit deinem Kauf 14 Tage vergangen sind, k\u00f6nnen wir dir leider weder eine R\u00fcckerstattung noch einen Umtausch anbieten. <\/p>\n\n<p>Um f\u00fcr eine R\u00fcckgabe in Frage zu kommen, muss dein Artikel unbenutzt sein und sich in demselben Zustand befinden, in dem du ihn erhalten hast.\nWenn du eine B\u00fcschelpistole zur\u00fcckschickst, achte bitte darauf, dass sie richtig verpackt ist, damit sie nicht besch\u00e4digt wird. <\/p>\n\n<p>Um deine R\u00fcckgabe abzuschlie\u00dfen, ben\u00f6tigen wir eine Quittung oder einen Kaufbeleg.<\/p>\n\n<p>Es gibt bestimmte Situationen, in denen nur Teilerstattungen gew\u00e4hrt werden: (falls zutreffend)<\/p>\n\n<ul class=\"wp-block-list\"><li>Jeder Artikel, der mehr als 30 Tage nach der Lieferung zur\u00fcckgegeben wird<\/li><li>jeder Gegenstand, der verwendet wird.<\/li><\/ul>\n\n<p><strong>R\u00fcckerstattung (falls zutreffend)<\/strong><br\/>Sobald wir deine R\u00fccksendung erhalten und gepr\u00fcft haben, schicken wir dir eine E-Mail, um dich zu informieren, dass wir deinen zur\u00fcckgesendeten Artikel erhalten haben.\nAu\u00dferdem teilen wir dir mit, ob deine R\u00fcckerstattung genehmigt oder abgelehnt wurde.<br\/>Wenn deine R\u00fcckerstattung genehmigt wurde, wird sie bearbeitet und innerhalb einer bestimmten Anzahl von Tagen automatisch auf deiner Kreditkarte oder deiner urspr\u00fcnglichen Zahlungsmethode gutgeschrieben. <\/p>\n\n<p><strong>Umtausch<\/strong><br\/>Wir tauschen Artikel nur um, wenn sie defekt oder besch\u00e4digt sind.\nWenn du ihn gegen denselben Artikel umtauschen m\u00f6chtest, schick uns eine E-Mail an info@tuftingeurope.com und schicke deinen Artikel an:   <\/p>\n\n<p>Tufting Europe<br\/>Coolhaven 136D<br\/>Rotterdam<br\/>3024AK<br\/>Niederlande.<\/p>\n\n<p>Du bist selbst daf\u00fcr verantwortlich, die Versandkosten f\u00fcr die R\u00fccksendung deines Artikels an uns zu tragen.\nDie Versandkosten sind nicht erstattungsf\u00e4hig. <\/p>\n\n<p>Wenn du einen teuren Artikel versendest, solltest du in Erw\u00e4gung ziehen, einen verfolgbaren Versanddienst zu nutzen oder eine Versandversicherung abzuschlie\u00dfen.\nWir k\u00f6nnen nicht garantieren, dass wir deinen zur\u00fcckgesendeten Artikel erhalten. <\/p>\n","protected":false},"excerpt":{"rendered":"<p>R\u00dcCKG\u00c4NGE Unsere Richtlinie gilt f\u00fcr 14 Tage. Wenn seit deinem Kauf 14 Tage vergangen sind, k\u00f6nnen wir dir leider weder eine R\u00fcckerstattung noch einen Umtausch anbieten. Um f\u00fcr eine R\u00fcckgabe in Frage zu kommen, muss dein Artikel unbenutzt sein und sich in demselben Zustand befinden, in dem du ihn erhalten hast. Wenn du eine B\u00fcschelpistole<\/p>\n","protected":false},"author":1,"featured_media":0,"parent":0,"menu_order":0,"comment_status":"closed","ping_status":"closed","template":"","meta":{"footnotes":""},"class_list":["post-1877","page","type-page","status-publish","hentry"],"_links":{"self":[{"href":"https:\/\/tuftingeurope.com\/de\/wp-json\/wp\/v2\/pages\/1877","targetHints":{"allow":["GET"]}}],"collection":[{"href":"https:\/\/tuftingeurope.com\/de\/wp-json\/wp\/v2\/pages"}],"about":[{"href":"https:\/\/tuftingeurope.com\/de\/wp-json\/wp\/v2\/types\/page"}],"author":[{"embeddable":true,"href":"https:\/\/tuftingeurope.com\/de\/wp-json\/wp\/v2\/users\/1"}],"replies":[{"embeddable":true,"href":"https:\/\/tuftingeurope.com\/de\/wp-json\/wp\/v2\/comments?post=1877"}],"version-history":[{"count":0,"href":"https:\/\/tuftingeurope.com\/de\/wp-json\/wp\/v2\/pages\/1877\/revisions"}],"wp:attachment":[{"href":"https:\/\/tuftingeurope.com\/de\/wp-json\/wp\/v2\/media?parent=1877"}],"curies":[{"name":"wp","href":"https:\/\/api.w.org\/{rel}","templated":true}]}}