{"id":1878,"date":"2021-01-28T23:09:30","date_gmt":"2021-01-28T21:09:30","guid":{"rendered":"https:\/\/tuftingeurope.com\/datenschutzrichtlinie\/"},"modified":"2025-01-20T12:53:16","modified_gmt":"2025-01-20T11:53:16","slug":"datenschutzrichtlinie","status":"publish","type":"page","link":"https:\/\/tuftingeurope.com\/de\/datenschutzrichtlinie\/","title":{"rendered":"Datenschutzerkl\u00e4rung von Tufting Europe"},"content":{"rendered":"\n<h2 class=\"wp-block-heading\"><\/h2>\n\n<p>Tufting Europe betreibt die Website https:\/\/tuftingeurope.com\/, welche den DIENST bereitstellt.<\/p>\n\n<p>Diese Seite dient dazu, Websitebesucher \u00fcber unsere Richtlinien bez\u00fcglich der Erhebung, Nutzung und Offenlegung personenbezogener Daten zu informieren, sollte sich jemand f\u00fcr die Nutzung unseres Dienstes, der Tufting Europe Website, entscheiden.<\/p>\n\n<p>Wenn Sie sich f\u00fcr die Nutzung unseres Dienstes entscheiden, stimmen Sie der Erhebung und Verwendung von Informationen in \u00dcbereinstimmung mit dieser Richtlinie zu.\nDie von uns erhobenen personenbezogenen Daten werden zur Bereitstellung und Verbesserung des Dienstes verwendet.\nWir werden Ihre Informationen nicht verwenden oder mit anderen teilen, au\u00dfer wie in dieser Datenschutzerkl\u00e4rung beschrieben.   <\/p>\n\n<p>Wenn Sie mit Klarna bezahlen, lesen Sie bitte <strong><a href=\"https:\/\/www.klarna.com\/international\/privacy-policy\/\" class=\"rank-math-link\" target=\"_blank\" rel=\"noopener\">deren Datenschutzerkl\u00e4rung hier<\/a><\/strong>.<\/p>\n\n<h2 class=\"wp-block-heading\">Erhebung und Verwendung von Informationen<\/h2>\n\n<p>F\u00fcr eine bessere Erfahrung bei der Nutzung unseres Dienstes k\u00f6nnen wir von Ihnen verlangen, uns bestimmte personenbezogene Daten zur Verf\u00fcgung zu stellen, einschlie\u00dflich, aber nicht beschr\u00e4nkt auf Ihren Namen, Ihre Telefonnummer und Ihre Postanschrift.\nDie von uns erhobenen Informationen werden zur Kontaktaufnahme oder Identifizierung verwendet. <\/p>\n\n<h2 class=\"wp-block-heading\">Protokolldaten<\/h2>\n\n<p>Wir m\u00f6chten Sie dar\u00fcber informieren, dass wir bei jedem Besuch unseres Dienstes Informationen erfassen, die Ihr Browser an uns sendet und die als Protokolldaten bezeichnet werden.\nDiese Protokolldaten k\u00f6nnen Informationen wie die Internet-Protokoll-Adresse (&#8220;IP-Adresse&#8221;) Ihres Computers, die Browserversion, die von Ihnen besuchten Seiten unseres Dienstes, den Zeitpunkt und das Datum Ihres Besuchs, die auf diesen Seiten verbrachte Zeit und andere Statistiken umfassen. <\/p>\n\n<h2 class=\"wp-block-heading\">Cookies<\/h2>\n\n<p>Cookies sind Dateien mit einer geringen Datenmenge, die \u00fcblicherweise als anonyme eindeutige Kennung verwendet werden.\nDiese werden von der von Ihnen besuchten Website an Ihren Browser gesendet und auf der Festplatte Ihres Computers gespeichert. <\/p>\n\n<p>Unsere Website verwendet diese &#8220;Cookies&#8221; zur Erhebung von Informationen und zur Verbesserung unseres Dienstes.\nSie haben die M\u00f6glichkeit, diese Cookies entweder zu akzeptieren oder abzulehnen und zu erfahren, wann ein Cookie an Ihren Computer gesendet wird.\nWenn Sie sich entscheiden, unsere Cookies abzulehnen, k\u00f6nnen Sie m\u00f6glicherweise einige Teile unseres Dienstes nicht nutzen.  <\/p>\n\n<p>F\u00fcr allgemeinere Informationen \u00fcber Cookies lesen Sie bitte <a href=\"https:\/\/www.cookieconsent.com\/what-are-cookies\/\" target=\"_blank\" rel=\"noopener\">&#8220;Was sind Cookies&#8221;<\/a>.<\/p>\n\n<h2 class=\"wp-block-heading\">Dienstleister<\/h2>\n\n<p>Wir k\u00f6nnen aus folgenden Gr\u00fcnden Drittunternehmen und Einzelpersonen besch\u00e4ftigen:<\/p>\n\n<ul class=\"wp-block-list\"><li>Um unseren Dienst zu erleichtern;<\/li><li>Um den Dienst in unserem Namen bereitzustellen;<\/li><li>Um dienstbezogene Leistungen zu erbringen; oder<\/li><li>Um uns bei der Analyse der Nutzung unseres Dienstes zu unterst\u00fctzen.<\/li><\/ul>\n\n<p>Wir m\u00f6chten die Nutzer unseres Dienstes dar\u00fcber informieren, dass diese Dritten Zugang zu Ihren personenbezogenen Daten haben.\nDer Grund daf\u00fcr ist die Erf\u00fcllung der ihnen von uns \u00fcbertragenen Aufgaben.\nSie sind jedoch verpflichtet, die Informationen nicht f\u00fcr andere Zwecke offenzulegen oder zu verwenden.  <\/p>\n\n<h2 class=\"wp-block-heading\">Sicherheit<\/h2>\n\n<p>Wir sch\u00e4tzen Ihr Vertrauen in die Bereitstellung Ihrer personenbezogenen Daten und bem\u00fchen uns daher, kommerziell akzeptable Mittel zu deren Schutz einzusetzen.\nBedenken Sie jedoch, dass keine \u00dcbertragungsmethode \u00fcber das Internet und keine elektronische Speichermethode 100% sicher und zuverl\u00e4ssig ist, und wir k\u00f6nnen deren absolute Sicherheit nicht garantieren. <\/p>\n\n<h2 class=\"wp-block-heading\">Links zu anderen Websites<\/h2>\n\n<p>Unser Dienst kann Links zu anderen Websites enthalten.\nWenn Sie auf einen Link eines Drittanbieters klicken, werden Sie zu dessen Website weitergeleitet.\nBeachten Sie, dass diese externen Websites nicht von uns betrieben werden.\nDaher empfehlen wir Ihnen dringend, die Datenschutzerkl\u00e4rungen dieser Websites zu \u00fcberpr\u00fcfen.\nWir haben keine Kontrolle \u00fcber und \u00fcbernehmen keine Verantwortung f\u00fcr den Inhalt, die Datenschutzrichtlinien oder die Praktiken von Websites oder Diensten Dritter.    <\/p>\n\n<p>Datenschutz von Kindern<\/p>\n\n<p>Unsere Dienste richten sich nicht an Personen unter 13 Jahren.\nWir erheben wissentlich keine personenbezogenen Daten von Kindern unter 13 Jahren.\nSollten wir entdecken, dass ein Kind unter 13 Jahren uns personenbezogene Daten zur Verf\u00fcgung gestellt hat, l\u00f6schen wir diese umgehend von unseren Servern.\nWenn Sie als Elternteil oder Erziehungsberechtigter wissen, dass Ihr Kind uns personenbezogene Daten zur Verf\u00fcgung gestellt hat, kontaktieren Sie uns bitte, damit wir die erforderlichen Ma\u00dfnahmen ergreifen k\u00f6nnen.   <\/p>\n\n<h2 class=\"wp-block-heading\">\u00c4nderungen dieser Datenschutzerkl\u00e4rung<\/h2>\n\n<p>Wir k\u00f6nnen unsere Datenschutzerkl\u00e4rung von Zeit zu Zeit aktualisieren.\nDaher empfehlen wir Ihnen, diese Seite regelm\u00e4\u00dfig auf \u00c4nderungen zu \u00fcberpr\u00fcfen.\nWir werden Sie \u00fcber jegliche \u00c4nderungen informieren, indem wir die neue Datenschutzerkl\u00e4rung auf dieser Seite ver\u00f6ffentlichen.\nDiese \u00c4nderungen treten sofort in Kraft, nachdem sie auf dieser Seite ver\u00f6ffentlicht wurden.   <\/p>\n\n<h2 class=\"wp-block-heading\">Kontaktieren Sie uns<\/h2>\n\n<p>Wenn Sie Fragen oder Anregungen zu unserer Datenschutzerkl\u00e4rung haben, z\u00f6gern Sie bitte nicht, uns zu kontaktieren.<\/p>\n","protected":false},"excerpt":{"rendered":"<p>Tufting Europe betreibt die Website https:\/\/tuftingeurope.com\/, welche den DIENST bereitstellt. Diese Seite dient dazu, Websitebesucher \u00fcber unsere Richtlinien bez\u00fcglich der Erhebung, Nutzung und Offenlegung personenbezogener Daten zu informieren, sollte sich jemand f\u00fcr die Nutzung unseres Dienstes, der Tufting Europe Website, entscheiden. Wenn Sie sich f\u00fcr die Nutzung unseres Dienstes entscheiden, stimmen Sie der Erhebung und<\/p>\n","protected":false},"author":1,"featured_media":0,"parent":0,"menu_order":0,"comment_status":"closed","ping_status":"closed","template":"","meta":{"footnotes":""},"class_list":["post-1878","page","type-page","status-publish","hentry"],"_links":{"self":[{"href":"https:\/\/tuftingeurope.com\/de\/wp-json\/wp\/v2\/pages\/1878","targetHints":{"allow":["GET"]}}],"collection":[{"href":"https:\/\/tuftingeurope.com\/de\/wp-json\/wp\/v2\/pages"}],"about":[{"href":"https:\/\/tuftingeurope.com\/de\/wp-json\/wp\/v2\/types\/page"}],"author":[{"embeddable":true,"href":"https:\/\/tuftingeurope.com\/de\/wp-json\/wp\/v2\/users\/1"}],"replies":[{"embeddable":true,"href":"https:\/\/tuftingeurope.com\/de\/wp-json\/wp\/v2\/comments?post=1878"}],"version-history":[{"count":0,"href":"https:\/\/tuftingeurope.com\/de\/wp-json\/wp\/v2\/pages\/1878\/revisions"}],"wp:attachment":[{"href":"https:\/\/tuftingeurope.com\/de\/wp-json\/wp\/v2\/media?parent=1878"}],"curies":[{"name":"wp","href":"https:\/\/api.w.org\/{rel}","templated":true}]}}