{"id":33914,"date":"2023-09-22T12:01:26","date_gmt":"2023-09-22T10:01:26","guid":{"rendered":"https:\/\/tuftingeurope.com\/reparaturen\/"},"modified":"2025-09-23T16:46:01","modified_gmt":"2025-09-23T14:46:01","slug":"repairs","status":"publish","type":"page","link":"https:\/\/tuftingeurope.com\/de\/repairs\/","title":{"rendered":"Service"},"content":{"rendered":"\n\n\t<section class=\"section\" id=\"section_511080251\">\n\t\t<div class=\"section-bg fill\" >\n\t\t\t\t\t\t\t\t\t\n\t\t\t\n\n\t\t<\/div>\n\n\t\t\n\n\t\t<div class=\"section-content relative\">\n\t\t\t\n\n<div class=\"row\"  id=\"row-501394774\">\n\n\n\t<div id=\"col-1774775533\" class=\"col small-12 large-12\"  >\n\t\t\t\t<div class=\"col-inner\"  >\n\t\t\t\n\t\t\t\n\n\t<div id=\"text-2454955616\" class=\"text\">\n\t\t\n\n\n\t\t\n<style>\n#text-2454955616 {\n  font-size: 1rem;\n}\n<\/style>\n\t<\/div>\n\t\n<h2><strong>Reparaturen von Tufting-Maschinen<\/strong><\/h2>\n<h3>Wir reparieren nur Tufting-Maschinen, die \u00fcber TuftingEurope.com gekauft wurden.<\/h3>\n<p>Zuweilen treten unvorhergesehene Ereignisse ein. Und selbstverst\u00e4ndlich befinden Sie sich gerade inmitten einer Terminverpflichtung f\u00fcr einen Kunden. Gl\u00fccklicherweise bieten wir hauseigene Reparaturdienste an. Kontaktieren Sie uns, um einen Reparaturtermin zu vereinbaren oder ein Kostenvoranschlag anzufordern. Wir stehen Ihnen zur Verf\u00fcgung, um den reibungslosen Betrieb Ihrer Maschine zu gew\u00e4hrleisten!    <\/p>\n<div data-gorgias-contact-form-uid=\"tzik3dgn\"><\/div>\n<p><script defer src=\"https:\/\/contact.gorgias.help\/api\/contact-forms\/loader.js?v=2\" data-gorgias-loader-contact-form=\"\"><\/script><\/p>\n\n\n\t\t<\/div>\n\t\t\t\t\t<\/div>\n\n\t\n\n<\/div>\n<div class=\"text-center\"><div class=\"is-divider divider clearfix\" style=\"max-width:500px;background-color:rgb(0, 0, 0);\"><\/div><\/div>\n\n<div class=\"row\"  id=\"row-484166044\">\n\n\n\t<div id=\"col-1169678144\" class=\"col medium-6 small-12 large-6\"  >\n\t\t\t\t<div class=\"col-inner\"  >\n\t\t\t\n\t\t\t\n\n\t<div id=\"text-3280416413\" class=\"text\">\n\t\t\n\n<h3>Qualit\u00e4tsteile:  <\/h3>\n<p>\nWir verwenden ausschlie\u00dflich hochwertige und neue Ersatzteile, um die Langlebigkeit und optimale Leistung Ihrer Tufting-Maschinen zu gew\u00e4hrleisten.<\/p>\n\t\t\n<style>\n#text-3280416413 {\n  text-align: center;\n  color: rgb(0,0,0);\n}\n#text-3280416413 > * {\n  color: rgb(0,0,0);\n}\n<\/style>\n\t<\/div>\n\t\n\t<div id=\"text-2611005073\" class=\"text\">\n\t\t\n\n<h3>Transparente Preisgestaltung:<\/h3>\n<p>\nWir glauben an Transparenz, deshalb bieten wir klare und wettbewerbsf\u00e4hige Preise f\u00fcr alle unsere Reparaturdienstleistungen. Keine versteckten Geb\u00fchren oder \u00dcberraschungen &#8211; nur ehrliche Preise.<\/p>\n\t\t\n<style>\n#text-2611005073 {\n  text-align: center;\n  color: rgb(0,0,0);\n}\n#text-2611005073 > * {\n  color: rgb(0,0,0);\n}\n<\/style>\n\t<\/div>\n\t\n\n\t\t<\/div>\n\t\t\t\t\t<\/div>\n\n\t\n\n\t<div id=\"col-1450231887\" class=\"col medium-6 small-12 large-6\"  >\n\t\t\t\t<div class=\"col-inner\"  >\n\t\t\t\n\t\t\t\n\n\t<div id=\"text-1085780381\" class=\"text\">\n\t\t\n\n<h3>R\u00fccksendeetikett und Lieferung:  <\/h3>\n<p>\nWir stellen problemlos Versandetiketten zur Verf\u00fcgung &#8211; verpacke deine Maschine einfach sicher und gib sie bei einer beliebigen Postfiliale ab.<\/p>\n\t\t\n<style>\n#text-1085780381 {\n  text-align: center;\n  color: rgb(0,0,0);\n}\n#text-1085780381 > * {\n  color: rgb(0,0,0);\n}\n<\/style>\n\t<\/div>\n\t\n\t<div id=\"text-1469917913\" class=\"text\">\n\t\t\n\n<h3>Wir kennen unsere Maschinen: <\/h3>\n<p>Unsere erfahrenen Techniker wissen genau, wie eine Tufting-Maschine funktioniert. Mit 5 Jahren Erfahrung kannst du darauf vertrauen, dass deine Ausr\u00fcstung in guten H\u00e4nden ist.<\/p>\n\t\t\n<style>\n#text-1469917913 {\n  text-align: center;\n  color: rgb(0,0,0);\n}\n#text-1469917913 > * {\n  color: rgb(0,0,0);\n}\n<\/style>\n\t<\/div>\n\t\n\n\t\t<\/div>\n\t\t\t\t\t<\/div>\n\n\t\n\n<\/div>\n\n\t\t<\/div>\n\n\t\t\n<style>\n#section_511080251 {\n  padding-top: 30px;\n  padding-bottom: 30px;\n}\n<\/style>\n\t<\/section>\n\t\n\n","protected":false},"excerpt":{"rendered":"","protected":false},"author":1,"featured_media":0,"parent":0,"menu_order":0,"comment_status":"closed","ping_status":"closed","template":"page-blank.php","meta":{"footnotes":""},"class_list":["post-33914","page","type-page","status-publish","hentry"],"_links":{"self":[{"href":"https:\/\/tuftingeurope.com\/de\/wp-json\/wp\/v2\/pages\/33914","targetHints":{"allow":["GET"]}}],"collection":[{"href":"https:\/\/tuftingeurope.com\/de\/wp-json\/wp\/v2\/pages"}],"about":[{"href":"https:\/\/tuftingeurope.com\/de\/wp-json\/wp\/v2\/types\/page"}],"author":[{"embeddable":true,"href":"https:\/\/tuftingeurope.com\/de\/wp-json\/wp\/v2\/users\/1"}],"replies":[{"embeddable":true,"href":"https:\/\/tuftingeurope.com\/de\/wp-json\/wp\/v2\/comments?post=33914"}],"version-history":[{"count":3,"href":"https:\/\/tuftingeurope.com\/de\/wp-json\/wp\/v2\/pages\/33914\/revisions"}],"predecessor-version":[{"id":70229,"href":"https:\/\/tuftingeurope.com\/de\/wp-json\/wp\/v2\/pages\/33914\/revisions\/70229"}],"wp:attachment":[{"href":"https:\/\/tuftingeurope.com\/de\/wp-json\/wp\/v2\/media?parent=33914"}],"curies":[{"name":"wp","href":"https:\/\/api.w.org\/{rel}","templated":true}]}}