{"id":17961,"date":"2022-12-06T16:31:29","date_gmt":"2022-12-06T15:31:29","guid":{"rendered":"https:\/\/tuftingeurope.com\/product\/handwerk-schleife-tufting-werkzeug\/"},"modified":"2026-03-02T12:46:01","modified_gmt":"2026-03-02T11:46:01","slug":"manual-tufting-tool-loop-pile-2-8mm","status":"publish","type":"product","link":"https:\/\/tuftingeurope.com\/de\/produkt\/manual-tufting-tool-loop-pile-2-8mm\/","title":{"rendered":"Manual Tufting Tool Loop Pile 2-8mm"},"content":{"rendered":"<p><iframe title=\"Manual Tufting Tool Loop Pile 2-8mm\" width=\"1020\" height=\"574\" src=\"https:\/\/www.youtube.com\/embed\/jtjN5xqUwKs?feature=oembed\" frameborder=\"0\" allow=\"accelerometer; autoplay; clipboard-write; encrypted-media; gyroscope; picture-in-picture; web-share\" referrerpolicy=\"strict-origin-when-cross-origin\" allowfullscreen><\/iframe><\/p>\n<p>Unser manuelles Loop Tufting Tool ist ein handgehaltenes, halbautomatisches, rotierendes Teppichn\u00e4hwerkzeug. Im Laufe der Jahre wurde sie auch als Teppichnadel im Stil eines Schneebesen&#8221; bezeichnet, da die Bewegung der Arbeitshand, die den kleinen Griff dreht, dem Aufschlagen von Eiern \u00e4hnelt. Es handelt sich um das schnellste verf\u00fcgbare manuelle tufting-Werkzeug und bietet zahlreiche Vorteile im Vergleich zur elektrischen tufting-Pistole.  <\/p>\n<p>Es funktioniert wie eine handgef\u00fchrte N\u00e4hmaschine: Eine Hand f\u00fchrt das Werkzeug \u00fcber den Stoff, w\u00e4hrend die andere Hand den kleinen Griff dreht.<br \/>\nMit der Drehung bewegt der Mechanismus zwei Nadeln auf und ab. Die \u00e4u\u00dfere Nadel \u00f6ffnet den Stoff, und die innere Nadel schiebt eine Garnschlinge durch die \u00d6ffnung. Dadurch entsteht auf der R\u00fcckseite ein sch\u00f6ner und volumin\u00f6ser Teppich.  <\/p>\n<p>Es ist f\u00fcr die Verwendung mit einem einzelnen Garnfaden von etwa 3-4 Lagen konzipiert und vorzugsweise aus 100% Wolle, jedoch kann beispielsweise auch Acryl verwendet werden, sofern es etwas d\u00fcnner ist.<\/p>\n<p>Dieses manuelle tufting-Werkzeug zeichnet sich durch viele Besonderheiten aus. Sie produziert rund 200 Schleifen pro Minute und ist damit mehr als zehnmal so schnell wie die herk\u00f6mmliche Punch Needle. Das Werkzeug kann sich vorw\u00e4rts und r\u00fcckw\u00e4rts bewegen, so dass Sie Ihre Entw\u00fcrfe frei gestalten k\u00f6nnen. Es ist wie Malen mit Garn, ohne jegliche Einschr\u00e4nkungen.   <\/p>\n<div style=\"width: 720px;\" class=\"wp-video\"><video class=\"wp-video-shortcode\" id=\"video-17961-1\" width=\"720\" height=\"720\" autoplay preload=\"metadata\" controls=\"controls\"><source type=\"video\/mp4\" src=\"https:\/\/tuftingeurope.com\/wp-content\/uploads\/2022\/12\/Danella-tool-in-action.mp4?_=1\" \/><a href=\"https:\/\/tuftingeurope.com\/wp-content\/uploads\/2022\/12\/Danella-tool-in-action.mp4\">https:\/\/tuftingeurope.com\/wp-content\/uploads\/2022\/12\/Danella-tool-in-action.mp4<\/a><\/video><\/div>\n","protected":false},"excerpt":{"rendered":"<p>Unser manuelles Schleifen-tufting-Werkzeug funktioniert wie eine Sticknadel und stanzt Schleifen durch jedes relativ locker gewebte Gewebe. Das ist wie Malen mit Garn. Sie k\u00f6nnen ganz einfach Teppiche oder andere h\u00fcbsche Projekte wie Kissen herstellen.  <\/p>\n<ul>\n<li>Zehnmal schneller als herk\u00f6mmliche Stanznadeln<\/li>\n<li>Kann auf 2mm oder 8mm eingestellt werden.<\/li>\n<\/ul>\n","protected":false},"featured_media":46219,"template":"","meta":[],"product_brand":[],"product_cat":[103],"product_tag":[],"class_list":{"0":"post-17961","1":"product","2":"type-product","3":"status-publish","4":"has-post-thumbnail","6":"product_cat-stanznadeln","8":"first","9":"instock","10":"sale","11":"taxable","12":"shipping-taxable","13":"purchasable","14":"product-type-simple"},"_links":{"self":[{"href":"https:\/\/tuftingeurope.com\/de\/wp-json\/wp\/v2\/product\/17961","targetHints":{"allow":["GET"]}}],"collection":[{"href":"https:\/\/tuftingeurope.com\/de\/wp-json\/wp\/v2\/product"}],"about":[{"href":"https:\/\/tuftingeurope.com\/de\/wp-json\/wp\/v2\/types\/product"}],"wp:featuredmedia":[{"embeddable":true,"href":"https:\/\/tuftingeurope.com\/de\/wp-json\/wp\/v2\/media\/46219"}],"wp:attachment":[{"href":"https:\/\/tuftingeurope.com\/de\/wp-json\/wp\/v2\/media?parent=17961"}],"wp:term":[{"taxonomy":"product_brand","embeddable":true,"href":"https:\/\/tuftingeurope.com\/de\/wp-json\/wp\/v2\/product_brand?post=17961"},{"taxonomy":"product_cat","embeddable":true,"href":"https:\/\/tuftingeurope.com\/de\/wp-json\/wp\/v2\/product_cat?post=17961"},{"taxonomy":"product_tag","embeddable":true,"href":"https:\/\/tuftingeurope.com\/de\/wp-json\/wp\/v2\/product_tag?post=17961"}],"curies":[{"name":"wp","href":"https:\/\/api.w.org\/{rel}","templated":true}]}}