{"id":1891,"date":"2021-03-28T16:40:53","date_gmt":"2021-03-28T14:40:53","guid":{"rendered":"https:\/\/tuftingeurope.com\/product\/schlaufeneinfaedler\/"},"modified":"2026-03-20T18:46:20","modified_gmt":"2026-03-20T17:46:20","slug":"schleifen-threader","status":"publish","type":"product","link":"https:\/\/tuftingeurope.com\/de\/produkt\/schleifen-threader\/","title":{"rendered":"Fadeneinf\u00e4dler im 10er-Pack f\u00fcr Tufting"},"content":{"rendered":"","protected":false},"excerpt":{"rendered":"<p>H\u00f6ren Sie auf, bei jedem Neueinf\u00e4deln mit der \u201eNadel im Heuhaufen\u201c-Nummer zu k\u00e4mpfen. Wenn Sie schon einmal mit dem winzigen Loch an Ihrer teppich tuftpistole herumgefummelt haben, wissen Sie: Ein Schlaufen-Einf\u00e4dler ist nicht nur ein Zubeh\u00f6r \u2013 er rettet die Nerven. <\/p>\n<p>Jetzt im 10er-Pack erh\u00e4ltlich: So haben Sie genug Ersatz f\u00fcr Ihr Studio, Ihre Freunde oder f\u00fcr die unvermeidlichen Momente, in denen einer im \u201eTufting-Nirvana\u201c verschwindet.<\/p>\n","protected":false},"featured_media":72972,"template":"","meta":[],"product_brand":[],"product_cat":[98],"product_tag":[],"class_list":{"0":"post-1891","1":"product","2":"type-product","3":"status-publish","4":"has-post-thumbnail","6":"product_cat-zubehor","8":"first","9":"instock","10":"taxable","11":"shipping-taxable","12":"purchasable","13":"product-type-simple"},"_links":{"self":[{"href":"https:\/\/tuftingeurope.com\/de\/wp-json\/wp\/v2\/product\/1891","targetHints":{"allow":["GET"]}}],"collection":[{"href":"https:\/\/tuftingeurope.com\/de\/wp-json\/wp\/v2\/product"}],"about":[{"href":"https:\/\/tuftingeurope.com\/de\/wp-json\/wp\/v2\/types\/product"}],"wp:featuredmedia":[{"embeddable":true,"href":"https:\/\/tuftingeurope.com\/de\/wp-json\/wp\/v2\/media\/72972"}],"wp:attachment":[{"href":"https:\/\/tuftingeurope.com\/de\/wp-json\/wp\/v2\/media?parent=1891"}],"wp:term":[{"taxonomy":"product_brand","embeddable":true,"href":"https:\/\/tuftingeurope.com\/de\/wp-json\/wp\/v2\/product_brand?post=1891"},{"taxonomy":"product_cat","embeddable":true,"href":"https:\/\/tuftingeurope.com\/de\/wp-json\/wp\/v2\/product_cat?post=1891"},{"taxonomy":"product_tag","embeddable":true,"href":"https:\/\/tuftingeurope.com\/de\/wp-json\/wp\/v2\/product_tag?post=1891"}],"curies":[{"name":"wp","href":"https:\/\/api.w.org\/{rel}","templated":true}]}}