{"id":2058,"date":"2021-04-28T11:12:23","date_gmt":"2021-04-28T09:12:23","guid":{"rendered":"https:\/\/tuftingeurope.com\/?post_type=product&#038;p=2058"},"modified":"2026-04-10T17:08:21","modified_gmt":"2026-04-10T15:08:21","slug":"rahmen-tuch-greifer-750cm","status":"publish","type":"product","link":"https:\/\/tuftingeurope.com\/de\/produkt\/rahmen-tuch-greifer-750cm\/","title":{"rendered":"Stoffgreifer f\u00fcr Tufting-Rahmen | 750cm"},"content":{"rendered":"<p>Diese hochwertigen Halter sind unerl\u00e4sslich f\u00fcr jeden, der seinen eigenen tufting-Rahmen konstruiert, da sie einen festen Griff auf Ihrem Stoff sicherstellen, sodass Sie sich ohne Unterbrechungen auf die Gestaltung Ihres Designs konzentrieren k\u00f6nnen.<\/p>\n<p>Mit einer Gesamtl\u00e4nge von 7,5 Metern auf 25 Streifen (jeweils 30 cm) haben Sie gen\u00fcgend Gripper, um eine Rahmengr\u00f6\u00dfe von bis zu 1,90 Quadratmetern abzudecken.<\/p>\n<h3>Die Installation ist unkompliziert<\/h3>\n<p>Jeder Streifen kann m\u00fchelos mit Schrauben oder N\u00e4geln (nicht im Lieferumfang enthalten) an Ihrem Rahmen befestigt werden. Wir empfehlen nicht, sie anzukleben. Positionieren Sie die Streifen entlang der Kanten Ihres Rahmens. Wenn Sie einen sehr gro\u00dfen Rahmen bauen, empfehlen wir zwei Reihen von Stoffhaltern.    <\/p>\n<p>Diese Stoffhalter m\u00fcssen so angebracht werden, dass die Nadeln nach au\u00dfen zeigen. Wenn sie nach innen gerichtet sind, funktioniert es nicht. <\/p>\n<p><img fetchpriority=\"high\" decoding=\"async\" class=\"alignnone size-full wp-image-6537\" src=\"https:\/\/tuftingeurope.com\/wp-content\/uploads\/2021\/10\/frame-grippers.png\" alt=\"\" width=\"1280\" height=\"720\" title=\"\" srcset=\"https:\/\/tuftingeurope.com\/wp-content\/uploads\/2021\/10\/frame-grippers.png 1280w, https:\/\/tuftingeurope.com\/wp-content\/uploads\/2021\/10\/frame-grippers-1000x563.png 1000w, https:\/\/tuftingeurope.com\/wp-content\/uploads\/2021\/10\/frame-grippers-300x169.png 300w, https:\/\/tuftingeurope.com\/wp-content\/uploads\/2021\/10\/frame-grippers-1024x576.png 1024w, https:\/\/tuftingeurope.com\/wp-content\/uploads\/2021\/10\/frame-grippers-768x432.png 768w, https:\/\/tuftingeurope.com\/wp-content\/uploads\/2021\/10\/frame-grippers-575x323.png 575w\" sizes=\"(max-width: 1280px) 100vw, 1280px\" \/><\/p>\n<p><img decoding=\"async\" class=\"alignnone wp-image-6623 size-full\" src=\"https:\/\/tuftingeurope.com\/wp-content\/uploads\/2021\/10\/backing-cloth-on-frame-grips-edited.jpeg\" alt=\"\" width=\"1520\" height=\"855\" title=\"\" srcset=\"https:\/\/tuftingeurope.com\/wp-content\/uploads\/2021\/10\/backing-cloth-on-frame-grips-edited.jpeg 1520w, https:\/\/tuftingeurope.com\/wp-content\/uploads\/2021\/10\/backing-cloth-on-frame-grips-edited-1000x563.jpeg 1000w, https:\/\/tuftingeurope.com\/wp-content\/uploads\/2021\/10\/backing-cloth-on-frame-grips-edited-300x169.jpeg 300w, https:\/\/tuftingeurope.com\/wp-content\/uploads\/2021\/10\/backing-cloth-on-frame-grips-edited-1024x576.jpeg 1024w, https:\/\/tuftingeurope.com\/wp-content\/uploads\/2021\/10\/backing-cloth-on-frame-grips-edited-768x432.jpeg 768w, https:\/\/tuftingeurope.com\/wp-content\/uploads\/2021\/10\/backing-cloth-on-frame-grips-edited-1320x743.jpeg 1320w, https:\/\/tuftingeurope.com\/wp-content\/uploads\/2021\/10\/backing-cloth-on-frame-grips-edited-575x323.jpeg 575w\" sizes=\"(max-width: 1520px) 100vw, 1520px\" \/><\/p>\n","protected":false},"excerpt":{"rendered":"<p>Diese Stoffhalter sind unerl\u00e4sslich, um Ihren prim\u00e4ren tufting-Stoff in einem Rahmen zu halten. Dieses Set besteht aus 25 Leisten, jeweils 30 cm lang, mit scharfen N\u00e4geln, um den Stoff fest zu greifen. Befestigen Sie sie einfach um die Kanten Ihres tufting-Rahmens herum, um eine robuste, professionelle Konstruktion zu erschaffen.  <\/p>\n<p>Angenommen, Sie m\u00f6chten einen quadratischen Rahmen, dann teilen Sie 750 cm durch 4. Das sind 187,5 cm pro Seite. Ideal f\u00fcr einen gro\u00dfen Rahmen von ca. 1,90 x 1,90 m \u2013 perfekt kombinierbar mit unserem 200x200cm Tufting-Tuch.  <\/p>\n","protected":false},"featured_media":38089,"template":"","meta":[],"product_brand":[],"product_cat":[102],"product_tag":[],"class_list":{"0":"post-2058","1":"product","2":"type-product","3":"status-publish","4":"has-post-thumbnail","6":"product_cat-frame-grips-de","8":"first","9":"instock","10":"taxable","11":"shipping-taxable","12":"purchasable","13":"product-type-simple"},"_links":{"self":[{"href":"https:\/\/tuftingeurope.com\/de\/wp-json\/wp\/v2\/product\/2058","targetHints":{"allow":["GET"]}}],"collection":[{"href":"https:\/\/tuftingeurope.com\/de\/wp-json\/wp\/v2\/product"}],"about":[{"href":"https:\/\/tuftingeurope.com\/de\/wp-json\/wp\/v2\/types\/product"}],"wp:featuredmedia":[{"embeddable":true,"href":"https:\/\/tuftingeurope.com\/de\/wp-json\/wp\/v2\/media\/38089"}],"wp:attachment":[{"href":"https:\/\/tuftingeurope.com\/de\/wp-json\/wp\/v2\/media?parent=2058"}],"wp:term":[{"taxonomy":"product_brand","embeddable":true,"href":"https:\/\/tuftingeurope.com\/de\/wp-json\/wp\/v2\/product_brand?post=2058"},{"taxonomy":"product_cat","embeddable":true,"href":"https:\/\/tuftingeurope.com\/de\/wp-json\/wp\/v2\/product_cat?post=2058"},{"taxonomy":"product_tag","embeddable":true,"href":"https:\/\/tuftingeurope.com\/de\/wp-json\/wp\/v2\/product_tag?post=2058"}],"curies":[{"name":"wp","href":"https:\/\/api.w.org\/{rel}","templated":true}]}}