{"id":24618,"date":"2022-12-23T10:19:28","date_gmt":"2022-12-23T09:19:28","guid":{"rendered":"https:\/\/tuftingeurope.com\/?post_type=product&#038;p=24618"},"modified":"2026-03-13T15:18:25","modified_gmt":"2026-03-13T14:18:25","slug":"ak-1n-pink-cut-loop-tufting-gun","status":"publish","type":"product","link":"https:\/\/tuftingeurope.com\/de\/produkt\/ak-1n-pink-cut-loop-tufting-gun\/","title":{"rendered":"AK-1N Duo Cut &amp; Loop Tufting Gun"},"content":{"rendered":"<h2>Die ultimative All-in-One Tufting-Pistole<\/h2>\n<p>Die neueste Version des AK-1N-Modells weist mehrere neue Verbesserungen auf:<\/p>\n<ul>\n<li><strong>\u00dcberarbeitete Mechanik<\/strong> f\u00fcr einen leiseren Betrieb<\/li>\n<li><strong>Schutzring f\u00fcr das Rad<\/strong> f\u00fcr erh\u00f6hte Langlebigkeit<\/li>\n<li><strong>Verbessertes Stromkabel<\/strong> zur Vermeidung von Br\u00fcchen<\/li>\n<li><strong>Einstellung der Florh\u00f6he<\/strong> (8-16 mm) \u2013 <strong><a href=\"https:\/\/tuftingeurope.com\/de\/docs\/pile-height-settings-for-the-ak-1n-duo\/\">siehe Anleitung<\/a><\/strong>.<\/li>\n<li><strong>Nahtloser Wechsel<\/strong> zwischen Schnitt- und Schlingenflor \u2013 <strong><a href=\"https:\/\/tuftingeurope.com\/de\/docs\/wechsel-von-schnittflor-zu-schlingenflor\/\">siehe Video<\/a><\/strong>.<\/li>\n<li><strong>Verbesserte Elektronik<\/strong> f\u00fcr zuverl\u00e4ssige Leistung<\/li>\n<\/ul>\n\n\t<section class=\"section\" id=\"section_1790963580\">\n\t\t<div class=\"section-bg fill\" >\n\t\t\t\t\t\t\t<div class=\"video-overlay no-click fill visible\"><\/div>\n\t<video class=\"video-bg fill visible\" preload playsinline autoplay muted loop>\n\t\t<source src=\"https:\/\/tuftingeurope.com\/wp-content\/uploads\/2024\/08\/ak-1n-duo-2.mp4\" type=\"video\/mp4\">\t<\/video>\n\t\t\t\n\t\t\t\n\n\t\t<\/div>\n\n\t\t\n\n\t\t<div class=\"section-content relative\">\n\t\t\t\n\n\n\t\t<\/div>\n\n\t\t\n<style>\n#section_1790963580 {\n  padding-top: 30px;\n  padding-bottom: 30px;\n  min-height: 400px;\n}\n@media (min-width:550px) {\n  #section_1790963580 {\n    min-height: 500px;\n  }\n}\n<\/style>\n\t<\/section>\n\t\n\t<div id=\"gap-2015612149\" class=\"gap-element clearfix\" style=\"display:block; height:auto;\">\n\t\t\n<style>\n#gap-2015612149 {\n  padding-top: 30px;\n}\n<\/style>\n\t<\/div>\n\t\n<h2>Ideal f\u00fcr Anf\u00e4nger und Profis<\/h2>\n<p>Ob Sie gerade erst Ihre tufting-Reise beginnen oder bereits ein erfahrener Experte sind, die AK-1N ist darauf ausgelegt, jedes Projekt zu bew\u00e4ltigen. Mit ihrer intuitiven Steuerung und benutzerfreundlichen Gestaltung war die Erstellung atemberaubender, professionell aussehender Teppiche noch nie so einfach. <\/p>\n<p>Keine Erfahrung? Kein Problem. Unsere Maschinen werden mit leicht zu befolgenden Online-Anleitungen geliefert, die Ihnen dabei helfen, Ihre kreativen Ideen m\u00fchelos zum Leben zu erwecken.  <\/p>\n\n  \n    <div class=\"row large-columns-3 medium-columns- small-columns-2 row-small slider row-slider slider-nav-reveal slider-nav-push\"  data-flickity-options='{&quot;imagesLoaded&quot;: true, &quot;groupCells&quot;: &quot;100%&quot;, &quot;dragThreshold&quot; : 5, &quot;cellAlign&quot;: &quot;left&quot;,&quot;wrapAround&quot;: true,&quot;prevNextButtons&quot;: true,&quot;percentPosition&quot;: true,&quot;pageDots&quot;: true, &quot;rightToLeft&quot;: false, &quot;autoPlay&quot; : 2000}' >\n\n  <div class=\"gallery-col col\" >\n          <div class=\"col-inner\">\n                        <div class=\"box has-hover gallery-box box-normal\">\n              <div class=\"box-image\" >\n                <img fetchpriority=\"high\" decoding=\"async\" width=\"300\" height=\"300\" src=\"https:\/\/tuftingeurope.com\/wp-content\/uploads\/2023\/05\/2-300x300.png\" class=\"attachment-medium size-medium\" alt=\"By @tuftlab.ams\" ids=\"31261,31247,31238\" style=\"normal\" lightbox=\"false\" type=\"slider\" col_spacing=\"small\" columns=\"3\" columns__sm=\"2\" slider_bullets=\"true\" auto_slide=\"2000\" text_align=\"center\" srcset=\"https:\/\/tuftingeurope.com\/wp-content\/uploads\/2023\/05\/2-300x300.png 300w, https:\/\/tuftingeurope.com\/wp-content\/uploads\/2023\/05\/2-1000x1000.png 1000w, https:\/\/tuftingeurope.com\/wp-content\/uploads\/2023\/05\/2-100x100.png 100w, https:\/\/tuftingeurope.com\/wp-content\/uploads\/2023\/05\/2-1024x1024.png 1024w, https:\/\/tuftingeurope.com\/wp-content\/uploads\/2023\/05\/2-150x150.png 150w, https:\/\/tuftingeurope.com\/wp-content\/uploads\/2023\/05\/2-768x768.png 768w, https:\/\/tuftingeurope.com\/wp-content\/uploads\/2023\/05\/2-1320x1320.png 1320w, https:\/\/tuftingeurope.com\/wp-content\/uploads\/2023\/05\/2.png 1500w\" sizes=\"(max-width: 300px) 100vw, 300px\" title=\"\">                                                              <\/div>\n              <div class=\"box-text text-center\" >\n                 <p>By @tuftlab.ams<\/p>\n              <\/div>\n            <\/div>\n                      <\/div>\n         <\/div><div class=\"gallery-col col\" >\n          <div class=\"col-inner\">\n                        <div class=\"box has-hover gallery-box box-normal\">\n              <div class=\"box-image\" >\n                <img decoding=\"async\" width=\"300\" height=\"300\" src=\"https:\/\/tuftingeurope.com\/wp-content\/uploads\/2023\/05\/4-300x300.png\" class=\"attachment-medium size-medium\" alt=\"By @enji\" ids=\"31261,31247,31238\" style=\"normal\" lightbox=\"false\" type=\"slider\" col_spacing=\"small\" columns=\"3\" columns__sm=\"2\" slider_bullets=\"true\" auto_slide=\"2000\" text_align=\"center\" srcset=\"https:\/\/tuftingeurope.com\/wp-content\/uploads\/2023\/05\/4-300x300.png 300w, https:\/\/tuftingeurope.com\/wp-content\/uploads\/2023\/05\/4-1000x1000.png 1000w, https:\/\/tuftingeurope.com\/wp-content\/uploads\/2023\/05\/4-100x100.png 100w, https:\/\/tuftingeurope.com\/wp-content\/uploads\/2023\/05\/4-1024x1024.png 1024w, https:\/\/tuftingeurope.com\/wp-content\/uploads\/2023\/05\/4-150x150.png 150w, https:\/\/tuftingeurope.com\/wp-content\/uploads\/2023\/05\/4-768x768.png 768w, https:\/\/tuftingeurope.com\/wp-content\/uploads\/2023\/05\/4-1320x1320.png 1320w, https:\/\/tuftingeurope.com\/wp-content\/uploads\/2023\/05\/4.png 1500w\" sizes=\"(max-width: 300px) 100vw, 300px\" title=\"\">                                                              <\/div>\n              <div class=\"box-text text-center\" >\n                 <p>By @enji<\/p>\n              <\/div>\n            <\/div>\n                      <\/div>\n         <\/div><div class=\"gallery-col col\" >\n          <div class=\"col-inner\">\n                        <div class=\"box has-hover gallery-box box-normal\">\n              <div class=\"box-image\" >\n                <img decoding=\"async\" width=\"300\" height=\"300\" src=\"https:\/\/tuftingeurope.com\/wp-content\/uploads\/2022\/12\/charizard-rug-by-zetarugs-300x300.png\" class=\"attachment-medium size-medium\" alt=\"By Zetarugs\" ids=\"31261,31247,31238\" style=\"normal\" lightbox=\"false\" type=\"slider\" col_spacing=\"small\" columns=\"3\" columns__sm=\"2\" slider_bullets=\"true\" auto_slide=\"2000\" text_align=\"center\" srcset=\"https:\/\/tuftingeurope.com\/wp-content\/uploads\/2022\/12\/charizard-rug-by-zetarugs-300x300.png 300w, https:\/\/tuftingeurope.com\/wp-content\/uploads\/2022\/12\/charizard-rug-by-zetarugs-1000x1000.png 1000w, https:\/\/tuftingeurope.com\/wp-content\/uploads\/2022\/12\/charizard-rug-by-zetarugs-100x100.png 100w, https:\/\/tuftingeurope.com\/wp-content\/uploads\/2022\/12\/charizard-rug-by-zetarugs-1024x1024.png 1024w, https:\/\/tuftingeurope.com\/wp-content\/uploads\/2022\/12\/charizard-rug-by-zetarugs-150x150.png 150w, https:\/\/tuftingeurope.com\/wp-content\/uploads\/2022\/12\/charizard-rug-by-zetarugs-768x768.png 768w, https:\/\/tuftingeurope.com\/wp-content\/uploads\/2022\/12\/charizard-rug-by-zetarugs-1320x1320.png 1320w, https:\/\/tuftingeurope.com\/wp-content\/uploads\/2022\/12\/charizard-rug-by-zetarugs.png 1500w\" sizes=\"(max-width: 300px) 100vw, 300px\" title=\"\">                                                              <\/div>\n              <div class=\"box-text text-center\" >\n                 <p>By Zetarugs<\/p>\n              <\/div>\n            <\/div>\n                      <\/div>\n         <\/div><\/div>\n<h2>Hauptmerkmale<\/h2>\n<h4><strong>Schnitt- und Schlingenflor leicht gemacht<\/strong><\/h4>\n<p>Der Wechsel zwischen Schnitt- und Schlingenflor ist jetzt schneller als je zuvor. Entfernen Sie einfach eine Schraube, um das Element auszutauschen \u2013 keine komplizierte Demontage erforderlich. Ab Werk ist es auf Schnittflor mit einer H\u00f6he von 15 mm eingestellt, einstellbar zwischen 8-16 mm. Die Wartung ist unkompliziert: B\u00fcrsten Sie regelm\u00e4\u00dfig den Staub ab und \u00f6len Sie die beweglichen Teile.   <\/p>\n<h4><strong>Variable Geschwindigkeitsregelung<\/strong><\/h4>\n<p>Regulieren Sie pr\u00e4zise Ihre tufting-Geschwindigkeit mit dem Drehregler am Griff. Ideal f\u00fcr das Hinzuf\u00fcgen filigraner Details zu Ihrem Teppich oder f\u00fcr die Arbeit mit H\u00f6chstgeschwindigkeit an gr\u00f6\u00dferen Fl\u00e4chen. <\/p>\n<h4><strong>Leichtes und ergonomisches Design<\/strong><\/h4>\n<p>Mit nur 1,4 kg ist die AK-1N das leichteste verf\u00fcgbare tufting-Ger\u00e4t. Ihr leuchtend rosafarbenes Design verleiht einen modernen Touch und gew\u00e4hrleistet Komfort f\u00fcr lange tufting-Sitzungen.<br \/>\n<img loading=\"lazy\" decoding=\"async\" class=\"alignnone size-large wp-image-30396\" src=\"https:\/\/tuftingeurope.com\/wp-content\/uploads\/2022\/12\/tufting-machine-from-tuftingeurope-side-1024x576.jpg\" alt=\"\" width=\"1020\" height=\"574\" title=\"\" srcset=\"https:\/\/tuftingeurope.com\/wp-content\/uploads\/2022\/12\/tufting-machine-from-tuftingeurope-side-1024x576.jpg 1024w, https:\/\/tuftingeurope.com\/wp-content\/uploads\/2022\/12\/tufting-machine-from-tuftingeurope-side-1000x563.jpg 1000w, https:\/\/tuftingeurope.com\/wp-content\/uploads\/2022\/12\/tufting-machine-from-tuftingeurope-side-300x169.jpg 300w, https:\/\/tuftingeurope.com\/wp-content\/uploads\/2022\/12\/tufting-machine-from-tuftingeurope-side-768x432.jpg 768w, https:\/\/tuftingeurope.com\/wp-content\/uploads\/2022\/12\/tufting-machine-from-tuftingeurope-side-1536x864.jpg 1536w, https:\/\/tuftingeurope.com\/wp-content\/uploads\/2022\/12\/tufting-machine-from-tuftingeurope-side-1320x743.jpg 1320w, https:\/\/tuftingeurope.com\/wp-content\/uploads\/2022\/12\/tufting-machine-from-tuftingeurope-side.jpg 1920w\" sizes=\"(max-width: 1020px) 100vw, 1020px\" \/><\/p>\n<h3>Was beinhaltet der Lieferumfang?<\/h3>\n<ul>\n<li>AK-1N Pink Edition Tufting-Pistole<\/li>\n<li>EU-Stecker mit Netzteil<\/li>\n<li>Schnitt- und Schlingenelemente<\/li>\n<li>Ersatzteile<\/li>\n<\/ul>\n<div class=\"alert-tu\">Hinweis: Das Anpassen der Florh\u00f6he erfordert Pr\u00e4zision. Wir empfehlen, sich mit der Maschine vertraut zu machen, bevor Sie Anpassungen vornehmen, da unsachgem\u00e4\u00dfe \u00c4nderungen die Funktionalit\u00e4t beeintr\u00e4chtigen und zum Erl\u00f6schen der Garantie f\u00fchren k\u00f6nnen. <span style=\"color: #ffffff;\"><a style=\"color: #ffffff;\" href=\"https:\/\/tuftingeurope.com\/de\/docs\/pile-height-settings-for-the-ak-1n-duo\/\"><span style=\"text-decoration: underline;\">Siehe hierzu die Anleitung<\/span><\/a>.<\/span> <\/div>\n<h3>Warum sollten Sie Tufting Europe w\u00e4hlen?<\/h3>\n<h4><strong>Authentische Maschinen mit Garantie<\/strong><\/h4>\n<p>Vermeiden Sie die Risiken gef\u00e4lschter tufting-Maschinen, denen es oft an Haltbarkeit und Sicherheit mangelt. Alle unsere Maschinen werden mit einer 2-j\u00e4hrigen Garantie, kostenlosem R\u00fcckversand und erstklassigem Kundensupport geliefert. <\/p>\n<h4><strong>Sicherheit geht vor<\/strong><\/h4>\n<p>Trennen Sie Ihre tufting-Maschine stets vom Stromnetz, bevor Sie Anpassungen vornehmen. Halten Sie sie au\u00dferhalb der Reichweite von Kindern, da sie mit Hochgeschwindigkeitsscheren und -nadeln arbeitet. <\/p>\n","protected":false},"excerpt":{"rendered":"<p>Die AK-1N ist unser Allround-tufting-Ger\u00e4t, das die besten Eigenschaften vorheriger Modelle in einem vereint. Er ist leicht und unterst\u00fctzt sowohl Schnitt- als auch Schlingenflor in verschiedenen H\u00f6hen. Das einzige Teppich-tufting-Ger\u00e4t, das Sie je ben\u00f6tigen werden.<\/p>\n","protected":false},"featured_media":37713,"template":"","meta":[],"product_brand":[],"product_cat":[104],"product_tag":[],"class_list":{"0":"post-24618","1":"product","2":"type-product","3":"status-publish","4":"has-post-thumbnail","6":"product_cat-handtuftmaschinen","8":"first","9":"instock","10":"taxable","11":"shipping-taxable","12":"purchasable","13":"product-type-simple"},"_links":{"self":[{"href":"https:\/\/tuftingeurope.com\/de\/wp-json\/wp\/v2\/product\/24618","targetHints":{"allow":["GET"]}}],"collection":[{"href":"https:\/\/tuftingeurope.com\/de\/wp-json\/wp\/v2\/product"}],"about":[{"href":"https:\/\/tuftingeurope.com\/de\/wp-json\/wp\/v2\/types\/product"}],"wp:featuredmedia":[{"embeddable":true,"href":"https:\/\/tuftingeurope.com\/de\/wp-json\/wp\/v2\/media\/37713"}],"wp:attachment":[{"href":"https:\/\/tuftingeurope.com\/de\/wp-json\/wp\/v2\/media?parent=24618"}],"wp:term":[{"taxonomy":"product_brand","embeddable":true,"href":"https:\/\/tuftingeurope.com\/de\/wp-json\/wp\/v2\/product_brand?post=24618"},{"taxonomy":"product_cat","embeddable":true,"href":"https:\/\/tuftingeurope.com\/de\/wp-json\/wp\/v2\/product_cat?post=24618"},{"taxonomy":"product_tag","embeddable":true,"href":"https:\/\/tuftingeurope.com\/de\/wp-json\/wp\/v2\/product_tag?post=24618"}],"curies":[{"name":"wp","href":"https:\/\/api.w.org\/{rel}","templated":true}]}}