{"id":27656,"date":"2023-01-17T22:09:18","date_gmt":"2023-01-17T21:09:18","guid":{"rendered":"https:\/\/tuftingeurope.com\/product\/ersatzklingen-fuer-rosenholz-teppichschneider\/"},"modified":"2026-04-11T21:48:29","modified_gmt":"2026-04-11T19:48:29","slug":"ersatz-klingen-fuer-rosewood-rug-carving-clippers","status":"publish","type":"product","link":"https:\/\/tuftingeurope.com\/de\/produkt\/ersatz-klingen-fuer-rosewood-rug-carving-clippers\/","title":{"rendered":"Ersatzklingen f\u00fcr Rosenholz-Teppichschneider"},"content":{"rendered":"","protected":false},"excerpt":{"rendered":"<p>Eine Ersatzklinge f\u00fcr die Rosewood Rug Carving Clippers. Du hast mehr Teppiche getuftet und rasiert, als deine Klinge bew\u00e4ltigen kann? Ersetze m\u00fchelos stumpfe Klingen und halte dein Teppichschnitzwerkzeug wie neu.<\/p>\n<p>Verl\u00e4ngere die Lebensdauer deiner Klingen mit regelm\u00e4\u00dfiger Wartung, indem du die Klingen \u00f6lst und nach jeder Teppichschnitzerei von Staub befreist.<\/p>\n","protected":false},"featured_media":44599,"template":"","meta":[],"product_brand":[],"product_cat":[98],"product_tag":[],"class_list":{"0":"post-27656","1":"product","2":"type-product","3":"status-publish","4":"has-post-thumbnail","6":"product_cat-zubehor","8":"first","9":"instock","10":"taxable","11":"shipping-taxable","12":"purchasable","13":"product-type-simple"},"_links":{"self":[{"href":"https:\/\/tuftingeurope.com\/de\/wp-json\/wp\/v2\/product\/27656","targetHints":{"allow":["GET"]}}],"collection":[{"href":"https:\/\/tuftingeurope.com\/de\/wp-json\/wp\/v2\/product"}],"about":[{"href":"https:\/\/tuftingeurope.com\/de\/wp-json\/wp\/v2\/types\/product"}],"wp:featuredmedia":[{"embeddable":true,"href":"https:\/\/tuftingeurope.com\/de\/wp-json\/wp\/v2\/media\/44599"}],"wp:attachment":[{"href":"https:\/\/tuftingeurope.com\/de\/wp-json\/wp\/v2\/media?parent=27656"}],"wp:term":[{"taxonomy":"product_brand","embeddable":true,"href":"https:\/\/tuftingeurope.com\/de\/wp-json\/wp\/v2\/product_brand?post=27656"},{"taxonomy":"product_cat","embeddable":true,"href":"https:\/\/tuftingeurope.com\/de\/wp-json\/wp\/v2\/product_cat?post=27656"},{"taxonomy":"product_tag","embeddable":true,"href":"https:\/\/tuftingeurope.com\/de\/wp-json\/wp\/v2\/product_tag?post=27656"}],"curies":[{"name":"wp","href":"https:\/\/api.w.org\/{rel}","templated":true}]}}