{"id":28457,"date":"2023-02-13T22:07:21","date_gmt":"2023-02-13T21:07:21","guid":{"rendered":"https:\/\/tuftingeurope.com\/product\/fadenwickler\/"},"modified":"2026-04-09T01:01:36","modified_gmt":"2026-04-08T23:01:36","slug":"garnwickler","status":"publish","type":"product","link":"https:\/\/tuftingeurope.com\/de\/produkt\/garnwickler\/","title":{"rendered":"Fadenwickler"},"content":{"rendered":"<p>Tuftingmaschinen verwenden in der Regel gro\u00dfe Garnkegel. Mit einem Garnwickler kann das Garn vom Kegel zu einem kleineren Kn\u00e4uel gewickelt werden, das leichter zu handhaben ist. Dies kann das Einladen des Garns in die tufting-Maschine erleichtern und zudem Verwicklungen und Knoten verhindern, die den tufting-Prozess verlangsamen k\u00f6nnen.<\/p>\n<p>Indem Sie das Garn zu einem ordentlichen und kompakten Kn\u00e4uel wickeln, k\u00f6nnen Sie einen reibungsloseren und effizienteren tufting-Prozess gew\u00e4hrleisten.<br \/>\nDar\u00fcber hinaus erleichtert das Aufwickeln des Garns zu einem Kn\u00e4uel die Aufbewahrung und Organisation, wodurch Ihr tufting-Arbeitsbereich ordentlich und \u00fcbersichtlich bleibt.<\/p>\n<h2><span class=\"a-text-bold\">Wie man den Garnrollenwickler benutzt<\/span><\/h2>\n<p>1. Ziehe das Ende des Fadens heraus und f\u00fchre es durch die Fadenf\u00fchrung.<\/p>\n<p>2. F\u00fchre das Fadenende in die Rille des Konus ein.<\/p>\n<p>3. Drehe den Griff auf die rechte Seite. Der Faden wickelt sich nun um den Kegel.<\/p>\n<p>4. Drehe den Griff in gleichm\u00e4\u00dfigem Tempo und nicht zu schnell, damit sich das Garn nicht verheddert.<\/p>\n<p>5. Wenn du fertig bist, ziehst du das Garn aus dem Konus.<\/p>\n<p><iframe title=\"How to Use a YARN BALL WINDER [Step-By-Step Instructions and My Favorite Tips]\" width=\"1020\" height=\"574\" src=\"https:\/\/www.youtube.com\/embed\/l_iHozDmyXQ?feature=oembed\" frameborder=\"0\" allow=\"accelerometer; autoplay; clipboard-write; encrypted-media; gyroscope; picture-in-picture; web-share\" allowfullscreen><\/iframe><\/p>\n","protected":false},"excerpt":{"rendered":"<p>Verabschiede dich von verheddertem Garn mit einem Yarn Winder. Beim tufting ben\u00f6tigen Sie einen Kegel, von dem Sie von innen ziehen. Dies erleichtert das Einladen des Garns in Ihre tufting-Pistole.  L\u00e4sst sich leicht an einem Tisch befestigen.<\/p>\n","protected":false},"featured_media":37997,"template":"","meta":[],"product_brand":[],"product_cat":[98],"product_tag":[],"class_list":{"0":"post-28457","1":"product","2":"type-product","3":"status-publish","4":"has-post-thumbnail","6":"product_cat-zubehor","7":"product_shipping_class-klein-pakket-de","9":"first","10":"instock","11":"taxable","12":"shipping-taxable","13":"purchasable","14":"product-type-simple"},"_links":{"self":[{"href":"https:\/\/tuftingeurope.com\/de\/wp-json\/wp\/v2\/product\/28457","targetHints":{"allow":["GET"]}}],"collection":[{"href":"https:\/\/tuftingeurope.com\/de\/wp-json\/wp\/v2\/product"}],"about":[{"href":"https:\/\/tuftingeurope.com\/de\/wp-json\/wp\/v2\/types\/product"}],"wp:featuredmedia":[{"embeddable":true,"href":"https:\/\/tuftingeurope.com\/de\/wp-json\/wp\/v2\/media\/37997"}],"wp:attachment":[{"href":"https:\/\/tuftingeurope.com\/de\/wp-json\/wp\/v2\/media?parent=28457"}],"wp:term":[{"taxonomy":"product_brand","embeddable":true,"href":"https:\/\/tuftingeurope.com\/de\/wp-json\/wp\/v2\/product_brand?post=28457"},{"taxonomy":"product_cat","embeddable":true,"href":"https:\/\/tuftingeurope.com\/de\/wp-json\/wp\/v2\/product_cat?post=28457"},{"taxonomy":"product_tag","embeddable":true,"href":"https:\/\/tuftingeurope.com\/de\/wp-json\/wp\/v2\/product_tag?post=28457"}],"curies":[{"name":"wp","href":"https:\/\/api.w.org\/{rel}","templated":true}]}}