{"id":28827,"date":"2023-02-23T17:38:43","date_gmt":"2023-02-23T16:38:43","guid":{"rendered":"https:\/\/tuftingeurope.com\/product\/tufting-rahmen-90x90cm\/"},"modified":"2026-03-13T15:16:12","modified_gmt":"2026-03-13T14:16:12","slug":"tufting-frame-90x90cm","status":"publish","type":"product","link":"https:\/\/tuftingeurope.com\/de\/produkt\/tufting-frame-90x90cm\/","title":{"rendered":"Tuftingrahmen | Tischplatte 90x90cm"},"content":{"rendered":"<h2>Kurzanleitungen<\/h2>\n<ul>\n<li><span style=\"text-decoration: underline;\"><a href=\"https:\/\/www.youtube.com\/shorts\/lD_9WK_hh5s\" target=\"_blank\" rel=\"noopener\">Video: So richten Sie Ihren Rahmen ein.<\/a><\/span><\/li>\n<\/ul>\n<p><img fetchpriority=\"high\" decoding=\"async\" class=\"aligncenter wp-image-28820 size-full\" src=\"https:\/\/tuftingeurope.com\/wp-content\/uploads\/2023\/02\/Schermafbeelding-2023-02-23-om-17.37.26.png\" alt=\"\" width=\"742\" height=\"1286\" title=\"\" srcset=\"https:\/\/tuftingeurope.com\/wp-content\/uploads\/2023\/02\/Schermafbeelding-2023-02-23-om-17.37.26.png 742w, https:\/\/tuftingeurope.com\/wp-content\/uploads\/2023\/02\/Schermafbeelding-2023-02-23-om-17.37.26-555x962.png 555w, https:\/\/tuftingeurope.com\/wp-content\/uploads\/2023\/02\/Schermafbeelding-2023-02-23-om-17.37.26-173x300.png 173w, https:\/\/tuftingeurope.com\/wp-content\/uploads\/2023\/02\/Schermafbeelding-2023-02-23-om-17.37.26-591x1024.png 591w\" sizes=\"(max-width: 742px) 100vw, 742px\" \/><\/p>\n","protected":false},"excerpt":{"rendered":"<p>Pr\u00e4sentieren wir den idealen h\u00f6lzernen tufting-Rahmen f\u00fcr Kunstschaffende im heimischen Umfeld! Konzipiert, um sicher an jedem Tisch befestigt zu werden, bietet er eine stabile Grundlage f\u00fcr Ihre tufting-Projekte. <\/p>\n<p>Inbegriffen sind Befestigungen zur F\u00fchrung zweier Garnb\u00fcndel, Rahmenklemmen an den Kanten zur Fixierung Ihres prim\u00e4ren tufting-Tuchs sowie zwei Tischklemmen.<\/p>\n","protected":false},"featured_media":38104,"template":"","meta":[],"product_brand":[],"product_cat":[102],"product_tag":[],"class_list":{"0":"post-28827","1":"product","2":"type-product","3":"status-publish","4":"has-post-thumbnail","6":"product_cat-frame-grips-de","7":"product_shipping_class-rahmen","9":"first","10":"instock","11":"downloadable","12":"taxable","13":"shipping-taxable","14":"purchasable","15":"product-type-simple"},"_links":{"self":[{"href":"https:\/\/tuftingeurope.com\/de\/wp-json\/wp\/v2\/product\/28827","targetHints":{"allow":["GET"]}}],"collection":[{"href":"https:\/\/tuftingeurope.com\/de\/wp-json\/wp\/v2\/product"}],"about":[{"href":"https:\/\/tuftingeurope.com\/de\/wp-json\/wp\/v2\/types\/product"}],"wp:featuredmedia":[{"embeddable":true,"href":"https:\/\/tuftingeurope.com\/de\/wp-json\/wp\/v2\/media\/38104"}],"wp:attachment":[{"href":"https:\/\/tuftingeurope.com\/de\/wp-json\/wp\/v2\/media?parent=28827"}],"wp:term":[{"taxonomy":"product_brand","embeddable":true,"href":"https:\/\/tuftingeurope.com\/de\/wp-json\/wp\/v2\/product_brand?post=28827"},{"taxonomy":"product_cat","embeddable":true,"href":"https:\/\/tuftingeurope.com\/de\/wp-json\/wp\/v2\/product_cat?post=28827"},{"taxonomy":"product_tag","embeddable":true,"href":"https:\/\/tuftingeurope.com\/de\/wp-json\/wp\/v2\/product_tag?post=28827"}],"curies":[{"name":"wp","href":"https:\/\/api.w.org\/{rel}","templated":true}]}}