{"id":30435,"date":"2023-05-04T23:04:40","date_gmt":"2023-05-04T21:04:40","guid":{"rendered":"https:\/\/tuftingeurope.com\/product\/flexibler-latexspatel\/"},"modified":"2026-04-14T11:09:27","modified_gmt":"2026-04-14T09:09:27","slug":"flexibler-latex-spatel","status":"publish","type":"product","link":"https:\/\/tuftingeurope.com\/de\/produkt\/flexibler-latex-spatel\/","title":{"rendered":"Flexibler Latexspatel"},"content":{"rendered":"\n\t<section class=\"section\" id=\"section_1882430596\">\n\t\t<div class=\"section-bg fill\" >\n\t\t\t\t\t\t\t<div class=\"video-overlay no-click fill visible\"><\/div>\n\t<video class=\"video-bg fill visible\" preload playsinline autoplay muted loop>\n\t\t<source src=\"https:\/\/tuftingeurope.com\/wp-content\/uploads\/2024\/08\/tufting-spatula.mp4\" type=\"video\/mp4\">\t<\/video>\n\t\t\t\n\t\t\t\n\n\t\t<\/div>\n\n\t\t\n\n\t\t<div class=\"section-content relative\">\n\t\t\t\n\n\t\t<\/div>\n\n\t\t\n<style>\n#section_1882430596 {\n  padding-top: 30px;\n  padding-bottom: 30px;\n  min-height: 400px;\n}\n@media (min-width:550px) {\n  #section_1882430596 {\n    min-height: 500px;\n  }\n}\n<\/style>\n\t<\/section>\n\t\n","protected":false},"excerpt":{"rendered":"<p>Mit einem flexiblen Spachtel kannst du das Risiko minimieren, dass dein frisch getufteter Teppich w\u00e4hrend des Auftragens von Latex rei\u00dft oder besch\u00e4digt wird. Die Flexibilit\u00e4t des Spatels l\u00e4sst ihn sanft \u00fcber die Oberfl\u00e4che deines Tuchs gleiten. Kann nach dem Gebrauch leicht mit warmem Wasser gereinigt werden.<\/p>\n","protected":false},"featured_media":37990,"template":"","meta":[],"product_brand":[],"product_cat":[98],"product_tag":[],"class_list":{"0":"post-30435","1":"product","2":"type-product","3":"status-publish","4":"has-post-thumbnail","6":"product_cat-zubehor","8":"first","9":"instock","10":"taxable","11":"shipping-taxable","12":"purchasable","13":"product-type-simple"},"_links":{"self":[{"href":"https:\/\/tuftingeurope.com\/de\/wp-json\/wp\/v2\/product\/30435","targetHints":{"allow":["GET"]}}],"collection":[{"href":"https:\/\/tuftingeurope.com\/de\/wp-json\/wp\/v2\/product"}],"about":[{"href":"https:\/\/tuftingeurope.com\/de\/wp-json\/wp\/v2\/types\/product"}],"wp:featuredmedia":[{"embeddable":true,"href":"https:\/\/tuftingeurope.com\/de\/wp-json\/wp\/v2\/media\/37990"}],"wp:attachment":[{"href":"https:\/\/tuftingeurope.com\/de\/wp-json\/wp\/v2\/media?parent=30435"}],"wp:term":[{"taxonomy":"product_brand","embeddable":true,"href":"https:\/\/tuftingeurope.com\/de\/wp-json\/wp\/v2\/product_brand?post=30435"},{"taxonomy":"product_cat","embeddable":true,"href":"https:\/\/tuftingeurope.com\/de\/wp-json\/wp\/v2\/product_cat?post=30435"},{"taxonomy":"product_tag","embeddable":true,"href":"https:\/\/tuftingeurope.com\/de\/wp-json\/wp\/v2\/product_tag?post=30435"}],"curies":[{"name":"wp","href":"https:\/\/api.w.org\/{rel}","templated":true}]}}