{"id":31985,"date":"2023-06-07T13:38:31","date_gmt":"2023-06-07T11:38:31","guid":{"rendered":"https:\/\/tuftingeurope.com\/?post_type=product&#038;p=31985"},"modified":"2026-01-23T17:13:35","modified_gmt":"2026-01-23T16:13:35","slug":"beginners-tufting-starter-kit-tufting-machine-cloth-more","status":"publish","type":"product","link":"https:\/\/tuftingeurope.com\/de\/produkt\/beginners-tufting-starter-kit-tufting-machine-cloth-more\/","title":{"rendered":"Tufting-Starterkit \u2013 Basisversion"},"content":{"rendered":"<p>Wir stellen dir unser Basic Tufting Starter Kit vor. Es enth\u00e4lt alle Grundlagen, um Ihnen den Einstieg in Ihr tufting-Abenteuer zu erleichtern und Ihre kreativen Ideen zum Leben zu erwecken.<\/p>\n<p>Dazu brauchst du nur einen Rahmen, deine Lieblingsgarnfarben und einen Eimer Latex-Teppichkleber aus dem Baumarkt.<\/p>\n<h2>Tufting-Maschine<\/h2>\n<p>Das Kit enth\u00e4lt unsere neueste Tufting-Maschine, die AK-V. Sie ist das ideale Werkzeug f\u00fcr Anf\u00e4nger und erfahrene Tufter und bietet ein sanftes und pr\u00e4zises Tufting. Sie ist leicht, mit nur 1,4 kg einfach zu handhaben und unterst\u00fctzt sowohl Schnitt- als auch Schlingenflor, was sie zur einzigen Tufting-Maschine macht, die Sie jemals brauchen werden.  <\/p>\n<h2>Prim\u00e4res Tufting-Gewebe<\/h2>\n<p>Enthalten ist ein gro\u00dfes, hochwertiges St\u00fcck Primary Tufting Cloth. Mit 200 x 200 m reicht es aus, um vier bis acht mittelgro\u00dfe Teppiche herzustellen, sodass Sie gen\u00fcgend Material haben, um Ihr Handwerk zu \u00fcben und zu perfektionieren.<\/p>\n<h2>Zubeh\u00f6r<\/h2>\n<p>Zus\u00e4tzlich f\u00fcgen wir \u00e4u\u00dferst n\u00fctzliche Zubeh\u00f6rteile hinzu, um Ihr tufting zu optimieren. Es gibt N\u00e4hmaschinen\u00f6l, um Ihre Maschine in Topform zu halten, eine Entenschnabelschere, die eine unerl\u00e4ssliche Hilfe beim Tufting ist, und einen Fadeneinf\u00e4dler. Diese Werkzeuge helfen dir, mit Leichtigkeit professionell aussehende Ergebnisse zu erzielen.<\/p>\n","protected":false},"excerpt":{"rendered":"<p>Unser Basis-Set enth\u00e4lt die grundlegenden Utensilien, die Sie ben\u00f6tigen, um mit tufting zu beginnen. Es ist ein ideales Set f\u00fcr diejenigen, die planen, ihren eigenen Rahmen zu bauen, oder die nicht zu viel Geld f\u00fcr den Einstieg in tufting ausgeben m\u00f6chten. <\/p>\n","protected":false},"featured_media":71993,"template":"","meta":[],"product_brand":[],"product_cat":[543],"product_tag":[],"class_list":{"0":"post-31985","1":"product","2":"type-product","3":"status-publish","4":"has-post-thumbnail","6":"product_cat-starter-kits-de","8":"first","9":"instock","10":"sale","11":"virtual","12":"taxable","13":"purchasable","14":"product-type-yith_bundle"},"_links":{"self":[{"href":"https:\/\/tuftingeurope.com\/de\/wp-json\/wp\/v2\/product\/31985","targetHints":{"allow":["GET"]}}],"collection":[{"href":"https:\/\/tuftingeurope.com\/de\/wp-json\/wp\/v2\/product"}],"about":[{"href":"https:\/\/tuftingeurope.com\/de\/wp-json\/wp\/v2\/types\/product"}],"wp:featuredmedia":[{"embeddable":true,"href":"https:\/\/tuftingeurope.com\/de\/wp-json\/wp\/v2\/media\/71993"}],"wp:attachment":[{"href":"https:\/\/tuftingeurope.com\/de\/wp-json\/wp\/v2\/media?parent=31985"}],"wp:term":[{"taxonomy":"product_brand","embeddable":true,"href":"https:\/\/tuftingeurope.com\/de\/wp-json\/wp\/v2\/product_brand?post=31985"},{"taxonomy":"product_cat","embeddable":true,"href":"https:\/\/tuftingeurope.com\/de\/wp-json\/wp\/v2\/product_cat?post=31985"},{"taxonomy":"product_tag","embeddable":true,"href":"https:\/\/tuftingeurope.com\/de\/wp-json\/wp\/v2\/product_tag?post=31985"}],"curies":[{"name":"wp","href":"https:\/\/api.w.org\/{rel}","templated":true}]}}