{"id":33112,"date":"2024-02-10T01:21:36","date_gmt":"2024-02-10T00:21:36","guid":{"rendered":"https:\/\/tuftingeurope.com\/product\/verlaengerter-schnitt-flor-45mm-tuftingmaschine\/"},"modified":"2026-03-13T14:09:18","modified_gmt":"2026-03-13T13:09:18","slug":"extended-duo-tufting-machine","status":"publish","type":"product","link":"https:\/\/tuftingeurope.com\/de\/produkt\/extended-duo-tufting-machine\/","title":{"rendered":"AK-1H Langflor 40mm Tuftingkanone"},"content":{"rendered":"<h2>Experimentiere und entdecke neue innovative Teppichdesigns mit unserer Langflor-Duo 40mm Tuftingmaschine<\/h2>\n<ul>\n<li>Neu: Extrem lange Ergebnisse ohne die Notwendigkeit eines Luftkompressors.<\/li>\n<li>Neu: Radschutzring.<\/li>\n<li>Neu: Neu gestaltete Mechanik zur Ger\u00e4uschreduzierung.<\/li>\n<li>Wechsle ganz einfach zwischen Cut- und Loop-Styles &#8211; <strong><a href=\"https:\/\/tuftingeurope.com\/es\/docs\/cambiar-de-pelo-cortado-a-pelo-bucle\/\">siehe Video<\/a><\/strong>.<\/li>\n<\/ul>\n<p>W\u00e4hrend unser AK-1N zwischen 8 und 16 Millimetern b\u00fcschelt, schafft diese Long Pile Edition erstaunliche 40 Millimeter Ergebnisse. Die Wartung ist einfach: B\u00fcrste den Staub ab und schmiere die beweglichen Teile mit unserem N\u00e4h\u00f6l.<\/p>\n<p><img fetchpriority=\"high\" decoding=\"async\" class=\"alignnone size-full wp-image-37380\" src=\"https:\/\/tuftingeurope.com\/wp-content\/uploads\/2024\/02\/starter-kit-2.jpg\" alt=\"\" width=\"1920\" height=\"1080\" title=\"\" srcset=\"https:\/\/tuftingeurope.com\/wp-content\/uploads\/2024\/02\/starter-kit-2.jpg 1920w, https:\/\/tuftingeurope.com\/wp-content\/uploads\/2024\/02\/starter-kit-2-1000x563.jpg 1000w, https:\/\/tuftingeurope.com\/wp-content\/uploads\/2024\/02\/starter-kit-2-300x169.jpg 300w, https:\/\/tuftingeurope.com\/wp-content\/uploads\/2024\/02\/starter-kit-2-1024x576.jpg 1024w, https:\/\/tuftingeurope.com\/wp-content\/uploads\/2024\/02\/starter-kit-2-768x432.jpg 768w, https:\/\/tuftingeurope.com\/wp-content\/uploads\/2024\/02\/starter-kit-2-1536x864.jpg 1536w, https:\/\/tuftingeurope.com\/wp-content\/uploads\/2024\/02\/starter-kit-2-360x203.jpg 360w, https:\/\/tuftingeurope.com\/wp-content\/uploads\/2024\/02\/starter-kit-2-80x45.jpg 80w\" sizes=\"(max-width: 1920px) 100vw, 1920px\" \/><\/p>\n<h2>F\u00fcr erfahrene Tufter, die bereit sind, den n\u00e4chsten Schritt zu machen<\/h2>\n<p>Wir empfehlen die Extended Duo Edition f\u00fcr diejenigen, die bereits Erfahrung mit einem tufting-Ger\u00e4t haben. Wenn du gerade erst anf\u00e4ngst, ist diese Maschine nicht das Richtige f\u00fcr dich, schau dir stattdessen unsere <span style=\"text-decoration: underline;\"><br \/>\n  <strong><br \/>\n    <a href=\"https:\/\/tuftingeurope.com\/de\/produkt\/ak-1n-pink-cut-loop-tufting-gun\/\">AK-1N hier<\/a><br \/>\n  <\/strong><br \/>\n<\/span>.<\/p>\n<h2>Schnittflor und Schlingenflor<\/h2>\n<p>Der AK-1H Long Pile wird als 40-Millimeter-Schnittflor ausgeliefert und kann zu einem Schlingenflor verarbeitet werden.<\/p>\n<p><img decoding=\"async\" class=\"alignnone size-full wp-image-37372\" src=\"https:\/\/tuftingeurope.com\/wp-content\/uploads\/2024\/02\/starter-kit.jpg\" alt=\"\" width=\"1920\" height=\"1080\" title=\"\" srcset=\"https:\/\/tuftingeurope.com\/wp-content\/uploads\/2024\/02\/starter-kit.jpg 1920w, https:\/\/tuftingeurope.com\/wp-content\/uploads\/2024\/02\/starter-kit-1000x563.jpg 1000w, https:\/\/tuftingeurope.com\/wp-content\/uploads\/2024\/02\/starter-kit-300x169.jpg 300w, https:\/\/tuftingeurope.com\/wp-content\/uploads\/2024\/02\/starter-kit-1024x576.jpg 1024w, https:\/\/tuftingeurope.com\/wp-content\/uploads\/2024\/02\/starter-kit-768x432.jpg 768w, https:\/\/tuftingeurope.com\/wp-content\/uploads\/2024\/02\/starter-kit-1536x864.jpg 1536w, https:\/\/tuftingeurope.com\/wp-content\/uploads\/2024\/02\/starter-kit-360x203.jpg 360w, https:\/\/tuftingeurope.com\/wp-content\/uploads\/2024\/02\/starter-kit-80x45.jpg 80w\" sizes=\"(max-width: 1920px) 100vw, 1920px\" \/><\/p>\n<h2>Variable Geschwindigkeit<\/h2>\n<p>Tuftingkanonen gehen schnell, aber manchmal willst du es langsamer angehen lassen, um dich auf kleine Details deines Teppichs zu konzentrieren. Der AK-1H verf\u00fcgt \u00fcber einen Drehregler am unteren Ende des Griffs, mit dem Sie m\u00fchelos die tufting-Geschwindigkeit anpassen k\u00f6nnen.<\/p>\n<h2>Was ist in der Box?<\/h2>\n<p>Deine Bestellung wird mit den folgenden Artikeln geliefert:<\/p>\n<ul>\n<li>High Pile Duo Edition tufting-Ger\u00e4t<\/li>\n<li>EU-Stecker und Netzadapter<\/li>\n<li>Ersatzteile<\/li>\n<\/ul>\n<h2>Spezifikationen<\/h2>\n<p>Florart: Schnittflor und Schlingenflor.<br \/>\nFlorh\u00f6he: 40 mm, einstellbar<br \/>\nGeschwindigkeit: Einstellbares Rad<br \/>\nStromversorgung: Europ\u00e4ischer Stecker (100-240V)<br \/>\nGewicht: 2 kg<\/p>\n<h2>Authentische tufting-Ger\u00e4te mit Garantie<\/h2>\n<p>Gef\u00e4lschte tufting-Ger\u00e4te stellen ein erhebliches Risiko f\u00fcr K\u00e4ufer dar, da sie h\u00e4ufig aus minderwertigen Materialien und mit mangelhafter Verarbeitung hergestellt werden. Diese Maschinen k\u00f6nnen leicht kaputt gehen, nicht richtig funktionieren und sogar ein Sicherheitsrisiko darstellen. Dar\u00fcber hinaus fehlen bei gef\u00e4lschten Ger\u00e4ten die Garantien und der Kundensupport, die bei originalen tufting-Ger\u00e4ten inbegriffen sind. Tufting Europe bietet eine Garantie auf alle unsere Maschinen, kostenlose R\u00fccksendungen und wir sind nur einen Mausklick entfernt, wenn du irgendwelche Fragen hast.<\/p>\n<h2>Sicherheit geht vor<\/h2>\n<p>Tuftingmaschinen sind professionelle Elektrowerkzeuge, bei denen sich Nadel und Schere mit hoher Geschwindigkeit bewegen. Bitte verwenden Sie Ihr tufting-Ger\u00e4t verantwortungsvoll und bewahren Sie es au\u00dferhalb der Reichweite von Kindern auf. Schalte das Ger\u00e4t auch aus, wenn du Einstellungen daran vornimmst.<\/p>\n<p><iframe title=\"Showing the Extended Cut Pile 45mm Tufting Machine in action\" width=\"1020\" height=\"574\" src=\"https:\/\/www.youtube.com\/embed\/Euy8mLYW8EU?feature=oembed\" frameborder=\"0\" allow=\"accelerometer; autoplay; clipboard-write; encrypted-media; gyroscope; picture-in-picture; web-share\" allowfullscreen><\/iframe><\/p>\n","protected":false},"excerpt":{"rendered":"<p>Der AK-1H Long Pile Duo ist speziell f\u00fcr diejenigen gedacht, die besonders flauschige Teppiche brauchen. Eine perfekte Erg\u00e4nzung f\u00fcr Teppichhersteller, die bereits Erfahrung mit unserem regul\u00e4ren AK-1N tufting-Ger\u00e4t haben. Erziele lange Pfahlergebnisse, ohne einen Luftkompressor zu ben\u00f6tigen.<\/p>\n","protected":false},"featured_media":37763,"template":"","meta":[],"product_brand":[],"product_cat":[104],"product_tag":[],"class_list":{"0":"post-33112","1":"product","2":"type-product","3":"status-publish","4":"has-post-thumbnail","6":"product_cat-handtuftmaschinen","8":"first","9":"instock","10":"taxable","11":"shipping-taxable","12":"purchasable","13":"product-type-simple"},"_links":{"self":[{"href":"https:\/\/tuftingeurope.com\/de\/wp-json\/wp\/v2\/product\/33112","targetHints":{"allow":["GET"]}}],"collection":[{"href":"https:\/\/tuftingeurope.com\/de\/wp-json\/wp\/v2\/product"}],"about":[{"href":"https:\/\/tuftingeurope.com\/de\/wp-json\/wp\/v2\/types\/product"}],"wp:featuredmedia":[{"embeddable":true,"href":"https:\/\/tuftingeurope.com\/de\/wp-json\/wp\/v2\/media\/37763"}],"wp:attachment":[{"href":"https:\/\/tuftingeurope.com\/de\/wp-json\/wp\/v2\/media?parent=33112"}],"wp:term":[{"taxonomy":"product_brand","embeddable":true,"href":"https:\/\/tuftingeurope.com\/de\/wp-json\/wp\/v2\/product_brand?post=33112"},{"taxonomy":"product_cat","embeddable":true,"href":"https:\/\/tuftingeurope.com\/de\/wp-json\/wp\/v2\/product_cat?post=33112"},{"taxonomy":"product_tag","embeddable":true,"href":"https:\/\/tuftingeurope.com\/de\/wp-json\/wp\/v2\/product_tag?post=33112"}],"curies":[{"name":"wp","href":"https:\/\/api.w.org\/{rel}","templated":true}]}}