{"id":34023,"date":"2023-10-15T22:02:39","date_gmt":"2023-10-15T20:02:39","guid":{"rendered":"https:\/\/tuftingeurope.com\/?post_type=product&#038;p=34023"},"modified":"2025-09-30T15:25:46","modified_gmt":"2025-09-30T13:25:46","slug":"tufting-frame-tabletop-70x70cm","status":"publish","type":"product","link":"https:\/\/tuftingeurope.com\/de\/produkt\/tufting-frame-tabletop-70x70cm\/","title":{"rendered":"Tuftingrahmen | Tischplatte 70x70cm"},"content":{"rendered":"<p><img fetchpriority=\"high\" decoding=\"async\" class=\"aligncenter wp-image-28820 size-full\" src=\"https:\/\/tuftingeurope.com\/wp-content\/uploads\/2023\/02\/Schermafbeelding-2023-02-23-om-17.37.26.png\" alt=\"\" width=\"742\" height=\"1286\" title=\"\" srcset=\"https:\/\/tuftingeurope.com\/wp-content\/uploads\/2023\/02\/Schermafbeelding-2023-02-23-om-17.37.26.png 742w, https:\/\/tuftingeurope.com\/wp-content\/uploads\/2023\/02\/Schermafbeelding-2023-02-23-om-17.37.26-555x962.png 555w, https:\/\/tuftingeurope.com\/wp-content\/uploads\/2023\/02\/Schermafbeelding-2023-02-23-om-17.37.26-173x300.png 173w, https:\/\/tuftingeurope.com\/wp-content\/uploads\/2023\/02\/Schermafbeelding-2023-02-23-om-17.37.26-591x1024.png 591w\" sizes=\"(max-width: 742px) 100vw, 742px\" \/><\/p>\n","protected":false},"excerpt":{"rendered":"<p>Pr\u00e4sentieren wir den idealen h\u00f6lzernen tufting-Rahmen f\u00fcr Kunstschaffende im heimischen Umfeld! Konzipiert, um sicher an jedem Tisch befestigt zu werden, bietet er eine stabile Grundlage f\u00fcr Ihre tufting-Projekte. <\/p>\n<p>Inbegriffen sind Befestigungen zur F\u00fchrung zweier Garnb\u00fcndel, Rahmenklemmen an den Kanten zur Fixierung Ihres prim\u00e4ren tufting-Tuchs sowie zwei Tischklemmen.<\/p>\n<p>70x70cm Rahmen<\/p>\n","protected":false},"featured_media":38111,"template":"","meta":[],"product_brand":[],"product_cat":[102],"product_tag":[],"class_list":{"0":"post-34023","1":"product","2":"type-product","3":"status-publish","4":"has-post-thumbnail","6":"product_cat-frame-grips-de","7":"product_shipping_class-rahmen","9":"first","10":"outofstock","11":"downloadable","12":"taxable","13":"shipping-taxable","14":"purchasable","15":"product-type-simple"},"_links":{"self":[{"href":"https:\/\/tuftingeurope.com\/de\/wp-json\/wp\/v2\/product\/34023","targetHints":{"allow":["GET"]}}],"collection":[{"href":"https:\/\/tuftingeurope.com\/de\/wp-json\/wp\/v2\/product"}],"about":[{"href":"https:\/\/tuftingeurope.com\/de\/wp-json\/wp\/v2\/types\/product"}],"wp:featuredmedia":[{"embeddable":true,"href":"https:\/\/tuftingeurope.com\/de\/wp-json\/wp\/v2\/media\/38111"}],"wp:attachment":[{"href":"https:\/\/tuftingeurope.com\/de\/wp-json\/wp\/v2\/media?parent=34023"}],"wp:term":[{"taxonomy":"product_brand","embeddable":true,"href":"https:\/\/tuftingeurope.com\/de\/wp-json\/wp\/v2\/product_brand?post=34023"},{"taxonomy":"product_cat","embeddable":true,"href":"https:\/\/tuftingeurope.com\/de\/wp-json\/wp\/v2\/product_cat?post=34023"},{"taxonomy":"product_tag","embeddable":true,"href":"https:\/\/tuftingeurope.com\/de\/wp-json\/wp\/v2\/product_tag?post=34023"}],"curies":[{"name":"wp","href":"https:\/\/api.w.org\/{rel}","templated":true}]}}