{"id":34173,"date":"2023-11-01T23:40:01","date_gmt":"2023-11-01T22:40:01","guid":{"rendered":"https:\/\/tuftingeurope.com\/product\/selbstklebendes-teppichklebeband-aus-baumwolle\/"},"modified":"2026-04-13T18:01:09","modified_gmt":"2026-04-13T16:01:09","slug":"selbstklebendes-teppichklebeband","status":"publish","type":"product","link":"https:\/\/tuftingeurope.com\/de\/produkt\/selbstklebendes-teppichklebeband\/","title":{"rendered":"Selbstklebendes Band f\u00fcr Teppichkanten 50 Meter"},"content":{"rendered":"<div>\n\t<section class=\"section\" id=\"section_1348473115\">\n\t\t<div class=\"section-bg fill\" >\n\t\t\t\t\t\t\t<div class=\"video-overlay no-click fill visible\"><\/div>\n\t<video class=\"video-bg fill visible\" preload playsinline autoplay muted loop>\n\t\t<source src=\"https:\/\/tuftingeurope.com\/wp-content\/uploads\/2025\/01\/twill-tape-for-tufting.mp4\" type=\"video\/mp4\">\t<\/video>\n\t\t\t\n\t\t\t\n\n\t\t<\/div>\n\n\t\t\n\n\t\t<div class=\"section-content relative\">\n\t\t\t<\/div>\n<div><\/div>\n<div>\t\t<\/div>\n\n\t\t\n<style>\n#section_1348473115 {\n  padding-top: 30px;\n  padding-bottom: 30px;\n  min-height: 400px;\n}\n@media (min-width:550px) {\n  #section_1348473115 {\n    min-height: 500px;\n  }\n}\n<\/style>\n\t<\/section>\n\t<\/div>\n<p>K\u00f6perband wird verwendet, um zu verhindern, dass sich die R\u00e4nder von Teppichen aufl\u00f6sen. Es ist ein echtes Meisterst\u00fcck, wenn es darum geht, professionelle Kanten auf der R\u00fcckseite deiner Teppiche zu erzeugen und sie absolut atemberaubend aussehen zu lassen. Alles, was du tun musst, ist, es um die Stoffkanten zu wickeln und Druck auszu\u00fcben. Dank der starken Selbstklebekraft brauchst du nur eine Schere, um es anzubringen.   <\/p>\n<ul>\n<li>Hohe Farbechtheit<\/li>\n<li>Spezieller Textilkleber f\u00fcr alle Teppiche geeignet<\/li>\n<li>Hohe Qualit\u00e4t und professionelles Finish<\/li>\n<\/ul>\n","protected":false},"excerpt":{"rendered":"<p>Kein Herumhantieren mehr mit einer Klebepistole. Unser selbstklebendes Polyester-Teppichband ist der abschlie\u00dfende Akzent f\u00fcr die Gestaltung einer sauberen R\u00fcckseite Ihrer Teppiche. Denn es verdeckt deine Ecken und Kanten und ist leicht zu bearbeiten. Schneide einfach mit einer Schere die gew\u00fcnschte L\u00e4nge ab und trage sie direkt auf.   <\/p>\n<p>Farbe: Schwarz oder Grau<br \/>\nMaterial: Polyester<br \/>\nSelbstklebend: Spezieller Textilkleber f\u00fcr Teppiche<br \/>\nRolle von 50 Metern, 38 mm breit<\/p>\n","protected":false},"featured_media":37869,"template":"","meta":[],"product_brand":[],"product_cat":[98],"product_tag":[],"class_list":{"0":"post-34173","1":"product","2":"type-product","3":"status-publish","4":"has-post-thumbnail","6":"product_cat-zubehor","8":"first","9":"instock","10":"taxable","11":"shipping-taxable","12":"purchasable","13":"product-type-variable","14":"has-default-attributes"},"_links":{"self":[{"href":"https:\/\/tuftingeurope.com\/de\/wp-json\/wp\/v2\/product\/34173","targetHints":{"allow":["GET"]}}],"collection":[{"href":"https:\/\/tuftingeurope.com\/de\/wp-json\/wp\/v2\/product"}],"about":[{"href":"https:\/\/tuftingeurope.com\/de\/wp-json\/wp\/v2\/types\/product"}],"wp:featuredmedia":[{"embeddable":true,"href":"https:\/\/tuftingeurope.com\/de\/wp-json\/wp\/v2\/media\/37869"}],"wp:attachment":[{"href":"https:\/\/tuftingeurope.com\/de\/wp-json\/wp\/v2\/media?parent=34173"}],"wp:term":[{"taxonomy":"product_brand","embeddable":true,"href":"https:\/\/tuftingeurope.com\/de\/wp-json\/wp\/v2\/product_brand?post=34173"},{"taxonomy":"product_cat","embeddable":true,"href":"https:\/\/tuftingeurope.com\/de\/wp-json\/wp\/v2\/product_cat?post=34173"},{"taxonomy":"product_tag","embeddable":true,"href":"https:\/\/tuftingeurope.com\/de\/wp-json\/wp\/v2\/product_tag?post=34173"}],"curies":[{"name":"wp","href":"https:\/\/api.w.org\/{rel}","templated":true}]}}