{"id":34199,"date":"2023-11-01T23:51:53","date_gmt":"2023-11-01T22:51:53","guid":{"rendered":"https:\/\/tuftingeurope.com\/?post_type=product&#038;p=34199"},"modified":"2026-03-24T12:23:23","modified_gmt":"2026-03-24T11:23:23","slug":"non-slippery-secondary-backing-cloth-200x200cm","status":"publish","type":"product","link":"https:\/\/tuftingeurope.com\/de\/produkt\/non-slippery-secondary-backing-cloth-200x200cm\/","title":{"rendered":"Anti-Rutsch-Unterlage f\u00fcr Tufting | 200x200cm"},"content":{"rendered":"","protected":false},"excerpt":{"rendered":"<p>Diese rutschfeste Unterlage wird nach tufting angebracht und bietet eine Reihe von Vorteilen f\u00fcr die R\u00fcckseite Ihres Teppichs. Sie verhindert das Ausrutschen und dient als zus\u00e4tzliche Schutzschicht zwischen deinem Latexkleber und dem Boden, um deinen Boden vor m\u00f6glichen Sch\u00e4den zu bewahren.<\/p>\n<p>Drehe deinen Teppich um, lege das Tr\u00e4germaterial auf und schneide es an der Kante deines Grundgewebes zu. Trage dann Klebespray auf oder trage es auf das Latex auf, wenn es noch klebrig ist.<\/p>\n","protected":false},"featured_media":37854,"template":"","meta":[],"product_brand":[],"product_cat":[101],"product_tag":[],"class_list":{"0":"post-34199","1":"product","2":"type-product","3":"status-publish","4":"has-post-thumbnail","6":"product_cat-tufting-gewebe","8":"first","9":"instock","10":"taxable","11":"shipping-taxable","12":"purchasable","13":"product-type-simple"},"_links":{"self":[{"href":"https:\/\/tuftingeurope.com\/de\/wp-json\/wp\/v2\/product\/34199","targetHints":{"allow":["GET"]}}],"collection":[{"href":"https:\/\/tuftingeurope.com\/de\/wp-json\/wp\/v2\/product"}],"about":[{"href":"https:\/\/tuftingeurope.com\/de\/wp-json\/wp\/v2\/types\/product"}],"wp:featuredmedia":[{"embeddable":true,"href":"https:\/\/tuftingeurope.com\/de\/wp-json\/wp\/v2\/media\/37854"}],"wp:attachment":[{"href":"https:\/\/tuftingeurope.com\/de\/wp-json\/wp\/v2\/media?parent=34199"}],"wp:term":[{"taxonomy":"product_brand","embeddable":true,"href":"https:\/\/tuftingeurope.com\/de\/wp-json\/wp\/v2\/product_brand?post=34199"},{"taxonomy":"product_cat","embeddable":true,"href":"https:\/\/tuftingeurope.com\/de\/wp-json\/wp\/v2\/product_cat?post=34199"},{"taxonomy":"product_tag","embeddable":true,"href":"https:\/\/tuftingeurope.com\/de\/wp-json\/wp\/v2\/product_tag?post=34199"}],"curies":[{"name":"wp","href":"https:\/\/api.w.org\/{rel}","templated":true}]}}