{"id":34568,"date":"2024-01-02T18:33:30","date_gmt":"2024-01-02T17:33:30","guid":{"rendered":"https:\/\/tuftingeurope.com\/product\/mini-beschneidungsanleitung-fuer-teppichscheren\/"},"modified":"2026-03-28T13:14:52","modified_gmt":"2026-03-28T12:14:52","slug":"mini-trimming-guide-for-rug-carving-clippers","status":"publish","type":"product","link":"https:\/\/tuftingeurope.com\/de\/produkt\/mini-trimming-guide-for-rug-carving-clippers\/","title":{"rendered":"Rasierhilfe mit einstellbarer H\u00f6he"},"content":{"rendered":"\n\t<section class=\"section\" id=\"section_839545636\">\n\t\t<div class=\"section-bg fill\" >\n\t\t\t\t\t\t\t<div class=\"video-overlay no-click fill visible\"><\/div>\n\t<video class=\"video-bg fill visible\" preload playsinline autoplay muted loop>\n\t\t<source src=\"https:\/\/tuftingeurope.com\/wp-content\/uploads\/2024\/08\/scheerapparaat.mp4\" type=\"video\/mp4\">\t<\/video>\n\t\t\t\n\t\t\t\n\n\t\t<\/div>\n\n\t\t\n\n\t\t<div class=\"section-content relative\">\n\t\t\t\n\n\t\t<\/div>\n\n\t\t\n<style>\n#section_839545636 {\n  padding-top: 30px;\n  padding-bottom: 30px;\n  min-height: 400px;\n}\n@media (min-width:550px) {\n  #section_839545636 {\n    min-height: 500px;\n  }\n}\n<\/style>\n\t<\/section>\n\t\n<strong>Einfache Einrichtung:<\/strong> Du brauchst kein Spezialwerkzeug und keine stundenlange Bastelei &#8211; du bist im Handumdrehen einsatzbereit und kannst mit Leichtigkeit sch\u00f6ne Teppiche zuschneiden. Mit nur wenigen Handgriffen kannst du ihn m\u00fchelos an deiner Teppichschere befestigen oder die H\u00f6he einstellen.<\/p>\n<p><strong>Kleiner bedeutet einfacher:<\/strong> Gr\u00f6\u00dfer ist bei Trimmhilfen nicht immer besser. Sein schmales Profil erm\u00f6glicht komplizierte und detaillierte Trimmarbeiten, selbst in engen Ecken und bei Mustern, die wie Katzenohren aus deinem Teppich herausragen. Du wirst staunen, wie dieses kleine Wunderwerk m\u00fchelos jeden Tuftingteppich bew\u00e4ltigt, von der kleinsten Fu\u00dfmatte bis zum pr\u00e4chtigsten Mittelst\u00fcck.<\/p>\n<p><strong>F\u00fcr ein sch\u00f6nes, gepflegtes Finish:<\/strong> Ein poliertes und professionelles Finish zu erreichen, ist nicht l\u00e4nger eine entmutigende Aufgabe. Die Pr\u00e4zision dieser F\u00fchrung sorgt daf\u00fcr, dass deine Schnittlinien gerade und sauber sind und kein Platz f\u00fcr Unregelm\u00e4\u00dfigkeiten bleibt. Verabschiede dich von ungleichm\u00e4\u00dfigen Kanten, Ausfransen oder \u00dcberschnitten &#8211; unsere Anleitung zum Zuschneiden garantiert jedes Mal ein sch\u00f6nes Ergebnis.<\/p>\n<p><img fetchpriority=\"high\" decoding=\"async\" class=\"alignnone size-full wp-image-29585\" src=\"https:\/\/tuftingeurope.com\/wp-content\/uploads\/2021\/10\/carved-rug.gif\" alt=\"\" width=\"1280\" height=\"720\" title=\"\"><\/p>\n","protected":false},"excerpt":{"rendered":"<p>Wir pr\u00e4sentieren die Schablone f\u00fcr Teppich-Schneidemaschinen &#8211; ein unverzichtbares Werkzeug zur Erzielung eines perfekt getrimmten Finishs in der Kunst des tufting! Egal, ob du Woll- oder Acrylgarn verwendest, diese Anleitung zum Schneiden hilft dir, deine getufteten Teppiche in Form zu bringen und zu verfeinern. Einstellbar f\u00fcr kurze 1-Millimeter-Trimms oder gr\u00f6\u00dfere L\u00e4ngen.<\/p>\n<p>Rasierer selbst nicht enthalten, dies ist der Aufsatz. <\/p>\n","protected":false},"featured_media":38046,"template":"","meta":[],"product_brand":[],"product_cat":[98],"product_tag":[],"class_list":{"0":"post-34568","1":"product","2":"type-product","3":"status-publish","4":"has-post-thumbnail","6":"product_cat-zubehor","8":"first","9":"instock","10":"taxable","11":"shipping-taxable","12":"purchasable","13":"product-type-simple"},"_links":{"self":[{"href":"https:\/\/tuftingeurope.com\/de\/wp-json\/wp\/v2\/product\/34568","targetHints":{"allow":["GET"]}}],"collection":[{"href":"https:\/\/tuftingeurope.com\/de\/wp-json\/wp\/v2\/product"}],"about":[{"href":"https:\/\/tuftingeurope.com\/de\/wp-json\/wp\/v2\/types\/product"}],"wp:featuredmedia":[{"embeddable":true,"href":"https:\/\/tuftingeurope.com\/de\/wp-json\/wp\/v2\/media\/38046"}],"wp:attachment":[{"href":"https:\/\/tuftingeurope.com\/de\/wp-json\/wp\/v2\/media?parent=34568"}],"wp:term":[{"taxonomy":"product_brand","embeddable":true,"href":"https:\/\/tuftingeurope.com\/de\/wp-json\/wp\/v2\/product_brand?post=34568"},{"taxonomy":"product_cat","embeddable":true,"href":"https:\/\/tuftingeurope.com\/de\/wp-json\/wp\/v2\/product_cat?post=34568"},{"taxonomy":"product_tag","embeddable":true,"href":"https:\/\/tuftingeurope.com\/de\/wp-json\/wp\/v2\/product_tag?post=34568"}],"curies":[{"name":"wp","href":"https:\/\/api.w.org\/{rel}","templated":true}]}}