{"id":41749,"date":"2024-04-10T22:14:11","date_gmt":"2024-04-10T20:14:11","guid":{"rendered":"https:\/\/tuftingeurope.com\/?post_type=product&#038;p=41749"},"modified":"2026-03-13T13:45:34","modified_gmt":"2026-03-13T12:45:34","slug":"click-on-mini-shearing-guide","status":"publish","type":"product","link":"https:\/\/tuftingeurope.com\/de\/produkt\/click-on-mini-shearing-guide\/","title":{"rendered":"Anklickbare Teppichscherf\u00fchrung"},"content":{"rendered":"<p>Unser neuer Click-On Mini Shearing Guide schneidet deinen Teppich auf einen festen Wert von 1 Millimeter, ohne Risiko oder Einstellm\u00f6glichkeiten. Wenn du die H\u00f6he verstellen m\u00f6chtest, <a href=\"https:\/\/tuftingeurope.com\/product\/mini-trimming-guide-for-rug-carving-clippers\/\"><br \/>\n  <span style=\"text-decoration: underline;\">siehe unsere andere Anleitung zum Rasieren.<\/span><br \/>\n<\/a><\/p>\n<p><strong>Einfache Einrichtung:<\/strong> Du brauchst kein Spezialwerkzeug und keine stundenlange Bastelei &#8211; du bist im Handumdrehen einsatzbereit und kannst mit Leichtigkeit sch\u00f6ne Teppiche zuschneiden. Mit nur wenigen Handgriffen kannst du ihn m\u00fchelos an deiner Teppichschere befestigen.<\/p>\n<p><strong>Kleineres Paneel:<\/strong> Sein kleines Profil erm\u00f6glicht komplizierte und detaillierte Bes\u00e4umungsarbeiten, selbst in engen Ecken und bei Mustern, die wie Katzenohren aus deinem Teppich herausragen. Du wirst staunen, wie dieses kleine Wunderwerk m\u00fchelos jeden Tuftingteppich bew\u00e4ltigt, von der kleinsten Fu\u00dfmatte bis zum pr\u00e4chtigsten Mittelst\u00fcck.<\/p>\n<p><strong>F\u00fcr ein sch\u00f6nes, gepflegtes Finish:<\/strong> Ein poliertes und professionelles Finish zu erreichen, ist nicht l\u00e4nger eine entmutigende Aufgabe. Die Pr\u00e4zision dieser F\u00fchrung sorgt daf\u00fcr, dass deine Schnittlinien gerade und sauber sind und kein Platz f\u00fcr Unregelm\u00e4\u00dfigkeiten bleibt. Verabschiede dich von ungleichm\u00e4\u00dfigen Kanten, Ausfransen oder \u00dcberschnitten &#8211; unsere Anleitung zum Zuschneiden garantiert jedes Mal ein sch\u00f6nes Ergebnis.<\/p>\n<p><img fetchpriority=\"high\" decoding=\"async\" class=\"alignnone size-full wp-image-29585\" src=\"https:\/\/tuftingeurope.com\/wp-content\/uploads\/2021\/10\/carved-rug.gif\" alt=\"\" width=\"1280\" height=\"720\" title=\"\"><\/p>\n","protected":false},"excerpt":{"rendered":"<p>Die anklickbare Mini-Scherf\u00fchrung ist eine leicht zu bedienende Schervorrichtung. Schieb deine Scherschere einfach in die F\u00fchrung, um einen festen Schnitt von 1 Millimeter zu erhalten. Kein Risiko, mehr als erforderlich zu beschneiden.<\/p>\n","protected":false},"featured_media":41770,"template":"","meta":[],"product_brand":[],"product_cat":[98],"product_tag":[],"class_list":{"0":"post-41749","1":"product","2":"type-product","3":"status-publish","4":"has-post-thumbnail","6":"product_cat-zubehor","8":"first","9":"instock","10":"taxable","11":"shipping-taxable","12":"purchasable","13":"product-type-simple"},"_links":{"self":[{"href":"https:\/\/tuftingeurope.com\/de\/wp-json\/wp\/v2\/product\/41749","targetHints":{"allow":["GET"]}}],"collection":[{"href":"https:\/\/tuftingeurope.com\/de\/wp-json\/wp\/v2\/product"}],"about":[{"href":"https:\/\/tuftingeurope.com\/de\/wp-json\/wp\/v2\/types\/product"}],"wp:featuredmedia":[{"embeddable":true,"href":"https:\/\/tuftingeurope.com\/de\/wp-json\/wp\/v2\/media\/41770"}],"wp:attachment":[{"href":"https:\/\/tuftingeurope.com\/de\/wp-json\/wp\/v2\/media?parent=41749"}],"wp:term":[{"taxonomy":"product_brand","embeddable":true,"href":"https:\/\/tuftingeurope.com\/de\/wp-json\/wp\/v2\/product_brand?post=41749"},{"taxonomy":"product_cat","embeddable":true,"href":"https:\/\/tuftingeurope.com\/de\/wp-json\/wp\/v2\/product_cat?post=41749"},{"taxonomy":"product_tag","embeddable":true,"href":"https:\/\/tuftingeurope.com\/de\/wp-json\/wp\/v2\/product_tag?post=41749"}],"curies":[{"name":"wp","href":"https:\/\/api.w.org\/{rel}","templated":true}]}}