{"id":42916,"date":"2024-05-08T15:26:47","date_gmt":"2024-05-08T13:26:47","guid":{"rendered":"https:\/\/tuftingeurope.com\/?post_type=product&#038;p=42916"},"modified":"2026-03-10T09:34:59","modified_gmt":"2026-03-10T08:34:59","slug":"primary-tufting-cloth-300x300cm","status":"publish","type":"product","link":"https:\/\/tuftingeurope.com\/de\/produkt\/primary-tufting-cloth-300x300cm\/","title":{"rendered":"Prim\u00e4rer Tufting-Stoff 300x300cm"},"content":{"rendered":"<p>Insgesamt ist das prim\u00e4re tufting-Gewebe ein essentieller Bestandteil im tufting-Prozess, da es eine robuste und stabile Grundlage bietet, die zum Schutz vor Rissen beitr\u00e4gt und hochwertige Tufting-Projekte erm\u00f6glicht. Es ist konzipiert, um besonders widerstandsf\u00e4hig und langlebig zu sein, was die Wahrscheinlichkeit von Rissen w\u00e4hrend des tufting-Vorgangs erheblich reduziert.  Das Tuch besteht aus einer Mischung aus Polyester und Polypropylen, beides synthetische Fasern, die eine hervorragende Zug- und Rei\u00dffestigkeit haben.<\/p>\n<h2>Verhindert das Einrei\u00dfen oder H\u00e4ngenbleiben.<\/h2>\n<p>Beim tufting wird das tufting-Garn mittels einer tufting-Pistole oder -Nadel durch das prim\u00e4re tufting-Tuch gedr\u00fcckt. Da das prim\u00e4re tufting-Tuch aus robusten synthetischen Fasern gefertigt ist, widersteht es der Kraft der tufting-Nadel oder -Pistole, ohne zu rei\u00dfen oder sich zu verziehen. <\/p>\n<p>Dar\u00fcber hinaus ist das prim\u00e4re tufting-Tuch in einem dichten Gewebe gewoben, was zus\u00e4tzlich vor Rissen sch\u00fctzt. Das dichte Gewebe erzeugt eine glatte und stabile Oberfl\u00e4che, an der tufting-Garn m\u00fchelos befestigt werden kann, wodurch das Risiko minimiert wird, dass sich das Garn w\u00e4hrend des tufting-Prozesses verf\u00e4ngt oder verhakt. <\/p>\n<p>Lesen Sie unsere Tipps, um <a href=\"https:\/\/tuftingeurope.com\/de\/leitfaden\/warum-reisst-reisst-mein-traegermaterial\/\"><br \/>\n  <strong>verhindern, dass dein Stoff rei\u00dft oder besch\u00e4digt wird<\/strong><br \/>\n<\/a>.<\/p>\n<h2>Richtlinien f\u00fcr die Benotung und das Nachschlagen.<\/h2>\n<p>Alle 5 cm sind gelbe Leitlinien eingewebt, die das Markieren und Tuften deiner Designs erleichtern. Tufting-Richtlinien sind besonders n\u00fctzlich bei der Erstellung gro\u00dfer oder komplexer tufting-Designs, da sie dazu beitragen k\u00f6nnen, dass das Design korrekt ausgerichtet ist und optisch ansprechend wirkt. Wenn du die Richtlinien befolgst, vermeidest du schiefe oder ungleichm\u00e4\u00dfige Linien im Tuftingmuster, die die Gesamtqualit\u00e4t des fertigen Teppichs beeintr\u00e4chtigen k\u00f6nnen.  <\/p>\n<p>&nbsp;<\/p>\n","protected":false},"excerpt":{"rendered":"<p>Das Tuch, das jeder Tufter benutzen sollte. Das prim\u00e4re tufting-Gewebe bietet eine stabile Grundlage, an der tufting-Garn m\u00fchelos befestigt werden kann, und es ist fehlerverzeihender gegen\u00fcber Fehlern, die zu Rissen f\u00fchren k\u00f6nnten. Dies macht den tufting-Prozess unterhaltsamer, effizienter und f\u00fchrt zu besseren Ergebnissen. Es handelt sich um ein hochwertiges tufting-Gewebe, auf dem all Ihre Teppichprojekte zum Leben erwachen.  <\/p>\n<p><img decoding=\"async\" class=\"alignnone wp-image-32153\" src=\"https:\/\/tuftingeurope.com\/wp-content\/uploads\/2021\/03\/large-300x300.png\" alt=\"\" width=\"18\" height=\"18\" srcset=\"https:\/\/tuftingeurope.com\/wp-content\/uploads\/2021\/03\/large-300x300.png 300w, https:\/\/tuftingeurope.com\/wp-content\/uploads\/2021\/03\/large-100x100.png 100w, https:\/\/tuftingeurope.com\/wp-content\/uploads\/2021\/03\/large-150x150.png 150w, https:\/\/tuftingeurope.com\/wp-content\/uploads\/2021\/03\/large.png 512w\" sizes=\"(max-width: 18px) 100vw, 18px\" \/>  300 x 300 cm &#8211; 9 Quadratmeter<br \/>\n<img decoding=\"async\" class=\"alignnone wp-image-32167\" src=\"https:\/\/tuftingeurope.com\/wp-content\/uploads\/2021\/03\/rug-2-300x300.png\" alt=\"\" width=\"18\" height=\"18\" srcset=\"https:\/\/tuftingeurope.com\/wp-content\/uploads\/2021\/03\/rug-2-300x300.png 300w, https:\/\/tuftingeurope.com\/wp-content\/uploads\/2021\/03\/rug-2-100x100.png 100w, https:\/\/tuftingeurope.com\/wp-content\/uploads\/2021\/03\/rug-2-150x150.png 150w, https:\/\/tuftingeurope.com\/wp-content\/uploads\/2021\/03\/rug-2.png 512w\" sizes=\"(max-width: 18px) 100vw, 18px\" \/>  F\u00fcr diese sch\u00f6nen und gro\u00dfen Rahmen<\/p>\n","protected":false},"featured_media":37812,"template":"","meta":[],"product_brand":[],"product_cat":[101],"product_tag":[],"class_list":{"0":"post-42916","1":"product","2":"type-product","3":"status-publish","4":"has-post-thumbnail","6":"product_cat-tufting-gewebe","8":"first","9":"instock","10":"taxable","11":"shipping-taxable","12":"purchasable","13":"product-type-simple"},"_links":{"self":[{"href":"https:\/\/tuftingeurope.com\/de\/wp-json\/wp\/v2\/product\/42916","targetHints":{"allow":["GET"]}}],"collection":[{"href":"https:\/\/tuftingeurope.com\/de\/wp-json\/wp\/v2\/product"}],"about":[{"href":"https:\/\/tuftingeurope.com\/de\/wp-json\/wp\/v2\/types\/product"}],"wp:featuredmedia":[{"embeddable":true,"href":"https:\/\/tuftingeurope.com\/de\/wp-json\/wp\/v2\/media\/37812"}],"wp:attachment":[{"href":"https:\/\/tuftingeurope.com\/de\/wp-json\/wp\/v2\/media?parent=42916"}],"wp:term":[{"taxonomy":"product_brand","embeddable":true,"href":"https:\/\/tuftingeurope.com\/de\/wp-json\/wp\/v2\/product_brand?post=42916"},{"taxonomy":"product_cat","embeddable":true,"href":"https:\/\/tuftingeurope.com\/de\/wp-json\/wp\/v2\/product_cat?post=42916"},{"taxonomy":"product_tag","embeddable":true,"href":"https:\/\/tuftingeurope.com\/de\/wp-json\/wp\/v2\/product_tag?post=42916"}],"curies":[{"name":"wp","href":"https:\/\/api.w.org\/{rel}","templated":true}]}}