{"id":44530,"date":"2024-08-08T11:26:56","date_gmt":"2024-08-08T09:26:56","guid":{"rendered":"https:\/\/tuftingeurope.com\/product\/elektrische-schere-fuer-teppichschnitzerei\/"},"modified":"2025-11-27T16:15:25","modified_gmt":"2025-11-27T15:15:25","slug":"electric-scissors-for-rug-carving","status":"publish","type":"product","link":"https:\/\/tuftingeurope.com\/de\/produkt\/electric-scissors-for-rug-carving\/","title":{"rendered":"Elektrische Schere f\u00fcr Teppichschnitzerei"},"content":{"rendered":"<p><iframe title=\"Electric tufting scissors! #tufting #carpet #tuftingprocess #shorts\" width=\"563\" height=\"1000\" src=\"https:\/\/www.youtube.com\/embed\/MtdH6x3N0VY?feature=oembed\" frameborder=\"0\" allow=\"accelerometer; autoplay; clipboard-write; encrypted-media; gyroscope; picture-in-picture; web-share\" referrerpolicy=\"strict-origin-when-cross-origin\" allowfullscreen><\/iframe><\/p>\n<h2>Pr\u00e4zision f\u00fcr Ihr Handwerk<\/h2>\n<p>Wir pr\u00e4sentieren unsere neuen Teppichschnitzscheren, speziell konzipiert f\u00fcr versierte Tufting-Handwerker. Diese elektrischen Scheren erm\u00f6glichen ein pr\u00e4zises Trimmen von Teppichkanten und -mustern und verleihen Ihren Teppichen ein makelloses und detailreiches Erscheinungsbild. <\/p>\n<h2>Leicht und Bequem<\/h2>\n<p>Diese Scheren erm\u00f6glichen Ihnen das Trimmen von Teppichen aus jedem Winkel, ohne Ihre H\u00e4nde zu erm\u00fcden, selbst bei l\u00e4ngeren Arbeitssitzungen. Genie\u00dfen Sie bei jeder Anwendung ein komfortables Trimmerlebnis. <\/p>\n<h2>Einstellbare Geschwindigkeit f\u00fcr Effizienz<\/h2>\n<p>Mit einem Geschwindigkeitsregler am Adapter machen diese Scheren das Trimmen effizienter im Vergleich zu herk\u00f6mmlichen handgeschnitzten Scheren. Passen Sie die Geschwindigkeit Ihren Bed\u00fcrfnissen an und arbeiten Sie m\u00fchelos an jedem Teppich. <\/p>\n<h2>Enth\u00e4lt wesentliche Ersatzteile<\/h2>\n<p>Das Paket der Teppichpflegemaschine beinhaltet eine Ersatzklinge (1 Paar) und zwei Kohleb\u00fcrsten, wodurch sichergestellt wird, dass Sie \u00fcber die notwendigen Teile f\u00fcr eine langfristige Nutzung verf\u00fcgen. Sollten Sie eine Verringerung der Schnittgeschwindigkeit oder der Motorleistung bemerken, ersetzen Sie einfach die abgenutzten Teile. <\/p>\n","protected":false},"excerpt":{"rendered":"<p>Bringen Sie mehr Details in Ihre Arbeit! Geeignet f\u00fcr erfahrene Tufting-K\u00fcnstler. Diese leichte, verstellbare und vielseitige elektrische Hochgeschwindigkeitsschere macht detailliertes Teppichhandwerk zum Kinderspiel.  <\/p>\n","protected":false},"featured_media":44515,"template":"","meta":[],"product_brand":[],"product_cat":[98],"product_tag":[],"class_list":{"0":"post-44530","1":"product","2":"type-product","3":"status-publish","4":"has-post-thumbnail","6":"product_cat-zubehor","8":"first","9":"outofstock","10":"taxable","11":"shipping-taxable","12":"purchasable","13":"product-type-simple"},"_links":{"self":[{"href":"https:\/\/tuftingeurope.com\/de\/wp-json\/wp\/v2\/product\/44530","targetHints":{"allow":["GET"]}}],"collection":[{"href":"https:\/\/tuftingeurope.com\/de\/wp-json\/wp\/v2\/product"}],"about":[{"href":"https:\/\/tuftingeurope.com\/de\/wp-json\/wp\/v2\/types\/product"}],"wp:featuredmedia":[{"embeddable":true,"href":"https:\/\/tuftingeurope.com\/de\/wp-json\/wp\/v2\/media\/44515"}],"wp:attachment":[{"href":"https:\/\/tuftingeurope.com\/de\/wp-json\/wp\/v2\/media?parent=44530"}],"wp:term":[{"taxonomy":"product_brand","embeddable":true,"href":"https:\/\/tuftingeurope.com\/de\/wp-json\/wp\/v2\/product_brand?post=44530"},{"taxonomy":"product_cat","embeddable":true,"href":"https:\/\/tuftingeurope.com\/de\/wp-json\/wp\/v2\/product_cat?post=44530"},{"taxonomy":"product_tag","embeddable":true,"href":"https:\/\/tuftingeurope.com\/de\/wp-json\/wp\/v2\/product_tag?post=44530"}],"curies":[{"name":"wp","href":"https:\/\/api.w.org\/{rel}","templated":true}]}}