{"id":45443,"date":"2024-09-04T09:51:41","date_gmt":"2024-09-04T07:51:41","guid":{"rendered":"https:\/\/tuftingeurope.com\/product\/tufting-pistole-jibbitz\/"},"modified":"2025-09-23T16:25:51","modified_gmt":"2025-09-23T14:25:51","slug":"tufty-tufting-jibbitz","status":"publish","type":"product","link":"https:\/\/tuftingeurope.com\/de\/produkt\/tufty-tufting-jibbitz\/","title":{"rendered":"Tufty Tufting Jibbitz"},"content":{"rendered":"","protected":false},"excerpt":{"rendered":"<p>Wir haben diesen kleinen Anh\u00e4nger kreiert, nun, warum auch nicht?<\/p>\n<p>Sag hallo zu Tufty, unserem Tufting-Botschafter. Die perfekte M\u00f6glichkeit, deine Liebe zum Tufting \u00fcberall zu zeigen, Schritt f\u00fcr Schritt! Gratis bei Bestellungen \u00fcber 100 \u20ac &#8211; w\u00e4hle ihn w\u00e4hrend des Bestellvorgangs aus.  <\/p>\n","protected":false},"featured_media":46262,"template":"","meta":[],"product_brand":[],"product_cat":[98],"product_tag":[],"class_list":{"0":"post-45443","1":"product","2":"type-product","3":"status-publish","4":"has-post-thumbnail","6":"product_cat-zubehor","8":"first","9":"outofstock","10":"taxable","11":"shipping-taxable","12":"purchasable","13":"product-type-simple"},"_links":{"self":[{"href":"https:\/\/tuftingeurope.com\/de\/wp-json\/wp\/v2\/product\/45443","targetHints":{"allow":["GET"]}}],"collection":[{"href":"https:\/\/tuftingeurope.com\/de\/wp-json\/wp\/v2\/product"}],"about":[{"href":"https:\/\/tuftingeurope.com\/de\/wp-json\/wp\/v2\/types\/product"}],"wp:featuredmedia":[{"embeddable":true,"href":"https:\/\/tuftingeurope.com\/de\/wp-json\/wp\/v2\/media\/46262"}],"wp:attachment":[{"href":"https:\/\/tuftingeurope.com\/de\/wp-json\/wp\/v2\/media?parent=45443"}],"wp:term":[{"taxonomy":"product_brand","embeddable":true,"href":"https:\/\/tuftingeurope.com\/de\/wp-json\/wp\/v2\/product_brand?post=45443"},{"taxonomy":"product_cat","embeddable":true,"href":"https:\/\/tuftingeurope.com\/de\/wp-json\/wp\/v2\/product_cat?post=45443"},{"taxonomy":"product_tag","embeddable":true,"href":"https:\/\/tuftingeurope.com\/de\/wp-json\/wp\/v2\/product_tag?post=45443"}],"curies":[{"name":"wp","href":"https:\/\/api.w.org\/{rel}","templated":true}]}}