{"id":46389,"date":"2024-08-24T23:23:26","date_gmt":"2024-08-24T21:23:26","guid":{"rendered":"https:\/\/tuftingeurope.com\/?post_type=product&#038;p=46389"},"modified":"2026-03-13T13:44:29","modified_gmt":"2026-03-13T12:44:29","slug":"ultimate-tufting-starter-kit-with-ak-v","status":"publish","type":"product","link":"https:\/\/tuftingeurope.com\/de\/produkt\/ultimate-tufting-starter-kit-with-ak-v\/","title":{"rendered":"Ultimatives Tufting-Starterkit mit AK-V + Rahmen"},"content":{"rendered":"<h2>Willkommen zu Ihrem ersten Schritt in die faszinierende Welt des tufting mit unserem Ultimate Tufting Starter Kit!<\/h2>\n<p>Dieses Set enth\u00e4lt alles, was du brauchst, um deine eigenen Teppiche zu Hause herzustellen. Wir haben es mit allen essentiellen Komponenten ausgestattet, sodass Sie Ihre tufting-Reise ohne Komplikationen beginnen k\u00f6nnen. Es ist einfach, vollst\u00e4ndig und so konzipiert, dass es Anf\u00e4ngern leicht gemacht wird.  <\/p>\n<p><strong>Nur als Vorwarnung: Du brauchst ein paar Dinge, die du selbst besorgen musst:<\/strong> deine Lieblingsgarnfarben, um deine Designs zum Leben zu erwecken, die du ganz einfach auf unserer Website findest, und einen Eimer Latex-Teppichkleber aus deinem Baumarkt. (wir verkaufen keinen Leim, weil er zu schwer ist). <\/p>\n<p>Dein Kit wird in zwei Kisten geliefert. Einer hat den Rahmen und der andere enth\u00e4lt alles andere. Unser Ultimate Tufting Starter Kit enth\u00e4lt die folgenden Artikel:  <\/p>\n<h2><img fetchpriority=\"high\" decoding=\"async\" class=\"alignnone wp-image-71871 size-full\" src=\"https:\/\/tuftingeurope.com\/wp-content\/uploads\/2025\/12\/starter-kit-1.jpg\" alt=\"\" width=\"1200\" height=\"675\" title=\"\" srcset=\"https:\/\/tuftingeurope.com\/wp-content\/uploads\/2025\/12\/starter-kit-1.jpg 1200w, https:\/\/tuftingeurope.com\/wp-content\/uploads\/2025\/12\/starter-kit-1-300x169.jpg 300w, https:\/\/tuftingeurope.com\/wp-content\/uploads\/2025\/12\/starter-kit-1-1024x576.jpg 1024w, https:\/\/tuftingeurope.com\/wp-content\/uploads\/2025\/12\/starter-kit-1-768x432.jpg 768w, https:\/\/tuftingeurope.com\/wp-content\/uploads\/2025\/12\/starter-kit-1-1000x563.jpg 1000w, https:\/\/tuftingeurope.com\/wp-content\/uploads\/2025\/12\/starter-kit-1-80x45.jpg 80w\" sizes=\"(max-width: 1200px) 100vw, 1200px\" \/><br \/>\nDie neue AK-V tufting-Maschine<\/h2>\n<p>Dieses Kit beinhaltet die k\u00fcrzlich eingef\u00fchrte <strong>AK-V<\/strong>, unsere neueste tufting-Maschine, die <strong>ein neues Display<\/strong> zur Anzeige Ihrer aktuellen Geschwindigkeitseinstellung, <strong>eine frontale LED-Beleuchtung<\/strong>, einen ergonomischeren Griff aufweist und <strong>ger\u00e4usch\u00e4rmer<\/strong> ist. Au\u00dferdem ist es ganz einfach, sich die Grundlagen anzueignen &#8211; wir sind sicher, dass du in weniger als <strong>15 Minuten \u00dcbung<\/strong> den Einstieg schaffst. Wenn nicht, kontaktiere uns f\u00fcr Tipps!  <\/p>\n<p>&nbsp;<\/p>\n<h2><img decoding=\"async\" class=\"alignnone size-full wp-image-37102\" src=\"https:\/\/tuftingeurope.com\/wp-content\/uploads\/2023\/05\/2.jpg\" alt=\"\" width=\"1920\" height=\"1080\" title=\"\" srcset=\"https:\/\/tuftingeurope.com\/wp-content\/uploads\/2023\/05\/2.jpg 1920w, https:\/\/tuftingeurope.com\/wp-content\/uploads\/2023\/05\/2-1000x563.jpg 1000w, https:\/\/tuftingeurope.com\/wp-content\/uploads\/2023\/05\/2-300x169.jpg 300w, https:\/\/tuftingeurope.com\/wp-content\/uploads\/2023\/05\/2-1024x576.jpg 1024w, https:\/\/tuftingeurope.com\/wp-content\/uploads\/2023\/05\/2-768x432.jpg 768w, https:\/\/tuftingeurope.com\/wp-content\/uploads\/2023\/05\/2-1536x864.jpg 1536w, https:\/\/tuftingeurope.com\/wp-content\/uploads\/2023\/05\/2-360x203.jpg 360w, https:\/\/tuftingeurope.com\/wp-content\/uploads\/2023\/05\/2-80x45.jpg 80w\" sizes=\"(max-width: 1920px) 100vw, 1920px\" \/>Ein robuster tufting-Rahmen<\/h2>\n<p>Im Kit enthalten ist unser stabiler <strong>90x90cm tufting-Rahmen<\/strong>, der <strong>einfach an jedem Tisch montiert werden kann<\/strong>. Er wird mit zwei Klemmen f\u00fcr eine sichere Befestigung geliefert, bietet Platz f\u00fcr zwei Garnb\u00fcndel und verf\u00fcgt \u00fcber Stoffklemmenleisten mit N\u00e4geln entlang jeder Kante, um Ihr tufting-Tuch straff zu spannen.  Keine Sorge wegen der Einrichtung; wir haben es super einfach gemacht mit allen notwendigen <strong>Schrauben inklusive<\/strong>.<\/p>\n<p>&nbsp;<\/p>\n<h2>Ausreichend tufting-Tuch f\u00fcr Ihre Projekte<\/h2>\n<p>Unser Starter-Kit enth\u00e4lt eine gro\u00dfz\u00fcgige Menge von insgesamt <strong>200x200cm hochwertigem prim\u00e4ren tufting-Tuch<\/strong>. Dies ist die essentielle tufting-Leinwand f\u00fcr Ihre Teppichkreationen.  Mit dieser Gr\u00f6\u00dfe kannst du vier bis acht mittelgro\u00dfe Teppiche herstellen und hast damit genug Material, um deine Projekte in Angriff zu nehmen. Des Weiteren ist <strong>200x200cm Anti-Rutsch-R\u00fcckseite<\/strong> inkludiert, welche Sie auf der R\u00fcckseite Ihres Teppichs applizieren, um ein professionelles Finish zu erzielen. <\/p>\n<p>&nbsp;<\/p>\n<h2><img decoding=\"async\" class=\"alignnone size-full wp-image-37116\" src=\"https:\/\/tuftingeurope.com\/wp-content\/uploads\/2023\/05\/4-1.jpg\" alt=\"\" width=\"1920\" height=\"1080\" title=\"\" srcset=\"https:\/\/tuftingeurope.com\/wp-content\/uploads\/2023\/05\/4-1.jpg 1920w, https:\/\/tuftingeurope.com\/wp-content\/uploads\/2023\/05\/4-1-1000x563.jpg 1000w, https:\/\/tuftingeurope.com\/wp-content\/uploads\/2023\/05\/4-1-300x169.jpg 300w, https:\/\/tuftingeurope.com\/wp-content\/uploads\/2023\/05\/4-1-1024x576.jpg 1024w, https:\/\/tuftingeurope.com\/wp-content\/uploads\/2023\/05\/4-1-768x432.jpg 768w, https:\/\/tuftingeurope.com\/wp-content\/uploads\/2023\/05\/4-1-1536x864.jpg 1536w, https:\/\/tuftingeurope.com\/wp-content\/uploads\/2023\/05\/4-1-360x203.jpg 360w, https:\/\/tuftingeurope.com\/wp-content\/uploads\/2023\/05\/4-1-80x45.jpg 80w\" sizes=\"(max-width: 1920px) 100vw, 1920px\" \/><br \/>\nZubeh\u00f6r f\u00fcr rasiermesserscharfe Teppichmuster<\/h2>\n<p>Unser Starter-Kit ist mit praktischem Zubeh\u00f6r ausgestattet, das Ihren tufting-Prozess vereinfacht. Es enth\u00e4lt einen <strong>flexiblen Spachtel<\/strong> zum gleichm\u00e4\u00dfigen Verteilen Ihres Latexklebers, <strong>N\u00e4hmaschinen\u00f6l<\/strong> zur Gew\u00e4hrleistung des reibungslosen Betriebs Ihrer tufting-Maschine und Schneidescheren, sowie einen <strong>Schlingeneinf\u00e4dler<\/strong>, der schnell zu einem unverzichtbaren Werkzeug wird.  Und mit einem <strong>Teppichschnitzer, einer Schnitzanleitung und einer Entenschnabelschere<\/strong> hast du alles, was du brauchst, um professionelle Teppiche mit scharfen Details herzustellen.<\/p>\n","protected":false},"excerpt":{"rendered":"<p>Mit unserem Ultimate Tufting Starter Kit bist du bereit, in die Teppichherstellung einzutauchen! Es ist vollgepackt mit allem, was du brauchst, um von zu Hause aus professionelle Teppiche zu gestalten. <\/p>\n","protected":false},"featured_media":71423,"template":"","meta":[],"product_brand":[],"product_cat":[543],"product_tag":[],"class_list":{"0":"post-46389","1":"product","2":"type-product","3":"status-publish","4":"has-post-thumbnail","6":"product_cat-starter-kits-de","8":"first","9":"instock","10":"sale","11":"virtual","12":"taxable","13":"purchasable","14":"product-type-yith_bundle"},"_links":{"self":[{"href":"https:\/\/tuftingeurope.com\/de\/wp-json\/wp\/v2\/product\/46389","targetHints":{"allow":["GET"]}}],"collection":[{"href":"https:\/\/tuftingeurope.com\/de\/wp-json\/wp\/v2\/product"}],"about":[{"href":"https:\/\/tuftingeurope.com\/de\/wp-json\/wp\/v2\/types\/product"}],"wp:featuredmedia":[{"embeddable":true,"href":"https:\/\/tuftingeurope.com\/de\/wp-json\/wp\/v2\/media\/71423"}],"wp:attachment":[{"href":"https:\/\/tuftingeurope.com\/de\/wp-json\/wp\/v2\/media?parent=46389"}],"wp:term":[{"taxonomy":"product_brand","embeddable":true,"href":"https:\/\/tuftingeurope.com\/de\/wp-json\/wp\/v2\/product_brand?post=46389"},{"taxonomy":"product_cat","embeddable":true,"href":"https:\/\/tuftingeurope.com\/de\/wp-json\/wp\/v2\/product_cat?post=46389"},{"taxonomy":"product_tag","embeddable":true,"href":"https:\/\/tuftingeurope.com\/de\/wp-json\/wp\/v2\/product_tag?post=46389"}],"curies":[{"name":"wp","href":"https:\/\/api.w.org\/{rel}","templated":true}]}}