{"id":47791,"date":"2024-10-24T11:15:30","date_gmt":"2024-10-24T09:15:30","guid":{"rendered":"https:\/\/tuftingeurope.com\/product\/garn-musterbuch-demnaechst-erhaeltlich\/"},"modified":"2026-04-10T17:08:21","modified_gmt":"2026-04-10T15:08:21","slug":"yarn-sample-card","status":"publish","type":"product","link":"https:\/\/tuftingeurope.com\/de\/produkt\/yarn-sample-card\/","title":{"rendered":"Wollmusterbuch f\u00fcr Tufting-Garn"},"content":{"rendered":"<p>Von auff\u00e4lligen Farbt\u00f6nen bis hin zu delikaten Neutralt\u00f6nen erm\u00f6glicht Ihnen dieses B\u00fcchlein, die reichhaltige Textur und lebensechten Farbnuancen in Ihren H\u00e4nden zu erfahren, bevor Sie kreativ werden. Ideal zum Testen von Kombinationen, Planen von Designs oder einfach zum Wecken neuer Inspiration &#8211; denn jedes Meisterwerk beginnt mit den richtigen Farben. <\/p>\n<h2>Farbreferenzleitfaden<\/h2>\n\n<table id=\"tablepress-5\" class=\"tablepress tablepress-id-5\">\n<thead>\n<tr class=\"row-1\">\n\t<th class=\"column-1\">Number<\/th><th class=\"column-2\">Color<\/th>\n<\/tr>\n<\/thead>\n<tbody class=\"row-striping row-hover\">\n<tr class=\"row-2\">\n\t<td class=\"column-1\">1<\/td><td class=\"column-2\"><a href=\"https:\/\/tuftingeurope.com\/product\/black-tufting-yarn-500g-wool\/\">Black<\/a><\/td>\n<\/tr>\n<tr class=\"row-3\">\n\t<td class=\"column-1\">2<\/td><td class=\"column-2\"><a href=\"https:\/\/tuftingeurope.com\/product\/dark-grey-tufting-yarn-500g-wool\/\">Dark Grey<\/a><\/td>\n<\/tr>\n<tr class=\"row-4\">\n\t<td class=\"column-1\">3<\/td><td class=\"column-2\"><a href=\"https:\/\/tuftingeurope.com\/product\/graphite-grey-tufting-yarn-500g-wool\/\">Graphite Grey<\/a><\/td>\n<\/tr>\n<tr class=\"row-5\">\n\t<td class=\"column-1\">4<\/td><td class=\"column-2\"><a href=\"https:\/\/tuftingeurope.com\/product\/light-grey-tufting-yarn-500g-wool\/\">Light Grey<\/a><\/td>\n<\/tr>\n<tr class=\"row-6\">\n\t<td class=\"column-1\">5<\/td><td class=\"column-2\"><a href=\"https:\/\/tuftingeurope.com\/product\/white-tufting-yarn-500g-wool\/\">White<\/a><\/td>\n<\/tr>\n<tr class=\"row-7\">\n\t<td class=\"column-1\">6<\/td><td class=\"column-2\"><a href=\"https:\/\/tuftingeurope.com\/product\/peachy-beige-tufting-yarn-500g-wool\/\">Peachy Beige<\/a><\/td>\n<\/tr>\n<tr class=\"row-8\">\n\t<td class=\"column-1\">7<\/td><td class=\"column-2\"><a href=\"https:\/\/tuftingeurope.com\/product\/light-beige-tufting-yarn-500g-wool\/\">Light Beige<\/a><\/td>\n<\/tr>\n<tr class=\"row-9\">\n\t<td class=\"column-1\">8<\/td><td class=\"column-2\"><a href=\"https:\/\/tuftingeurope.com\/product\/beige-tufting-yarn-500g-wool\/\">Honey Beige<\/a><\/td>\n<\/tr>\n<tr class=\"row-10\">\n\t<td class=\"column-1\">9<\/td><td class=\"column-2\"><a href=\"https:\/\/tuftingeurope.com\/product\/teddy-brown-tufting-yarn-500g-wool\/\">Maple Brown<\/a><\/td>\n<\/tr>\n<tr class=\"row-11\">\n\t<td class=\"column-1\">10<\/td><td class=\"column-2\"><a href=\"https:\/\/tuftingeurope.com\/product\/light-brown-tufting-yarn-500g-wool\/\">Light Brown<\/a><\/td>\n<\/tr>\n<tr class=\"row-12\">\n\t<td class=\"column-1\">11<\/td><td class=\"column-2\"><a href=\"https:\/\/tuftingeurope.com\/product\/auberginepurple-tufting-yarn-500g-wool\/\">Aubergine Purple<\/a><\/td>\n<\/tr>\n<tr class=\"row-13\">\n\t<td class=\"column-1\">12<\/td><td class=\"column-2\"><a href=\"https:\/\/tuftingeurope.com\/product\/deep-pink-tufting-yarn-500g-wool\/\">Deep Pink<\/a><\/td>\n<\/tr>\n<tr class=\"row-14\">\n\t<td class=\"column-1\">13<\/td><td class=\"column-2\"><a href=\"https:\/\/tuftingeurope.com\/product\/fuchsia-pink-tufting-yarn-500g-wool\/\">Fuchsia Pink<\/a><\/td>\n<\/tr>\n<tr class=\"row-15\">\n\t<td class=\"column-1\">14<\/td><td class=\"column-2\"><a href=\"https:\/\/tuftingeurope.com\/product\/super-pink-tufting-yarn-500g-wool\/\">Super Pink<\/a><\/td>\n<\/tr>\n<tr class=\"row-16\">\n\t<td class=\"column-1\">15<\/td><td class=\"column-2\"><a href=\"https:\/\/tuftingeurope.com\/product\/light-pink-tufting-yarn-500g-wool\/\">Light Pink<\/a><\/td>\n<\/tr>\n<tr class=\"row-17\">\n\t<td class=\"column-1\">16<\/td><td class=\"column-2\"><a href=\"https:\/\/tuftingeurope.com\/product\/khaki-tufting-yarn-500g-wool\/\">Khaki<\/a><\/td>\n<\/tr>\n<tr class=\"row-18\">\n\t<td class=\"column-1\">17<\/td><td class=\"column-2\"><a href=\"https:\/\/tuftingeurope.com\/product\/salmon-tufting-yarn-500g-wool\/\">Salmon<\/a><\/td>\n<\/tr>\n<tr class=\"row-19\">\n\t<td class=\"column-1\">18<\/td><td class=\"column-2\"><a href=\"https:\/\/tuftingeurope.com\/product\/ginger-orange-tufting-yarn-500g-wool\/\">Ginger Orange<\/a><\/td>\n<\/tr>\n<tr class=\"row-20\">\n\t<td class=\"column-1\">19<\/td><td class=\"column-2\"><a href=\"https:\/\/tuftingeurope.com\/product\/warm-brown-tufting-yarn-500g-wool\/\">Warm Brown<\/a><\/td>\n<\/tr>\n<tr class=\"row-21\">\n\t<td class=\"column-1\">20<\/td><td class=\"column-2\"><a href=\"https:\/\/tuftingeurope.com\/product\/dark-brown-tufting-yarn-500g-wool\/\">Dark Brown<\/a><\/td>\n<\/tr>\n<tr class=\"row-22\">\n\t<td class=\"column-1\">21<\/td><td class=\"column-2\"><a href=\"https:\/\/tuftingeurope.com\/product\/bordeaux-tufting-yarn-500g-wool\/\">Bordeaux Red<\/a><\/td>\n<\/tr>\n<tr class=\"row-23\">\n\t<td class=\"column-1\">22<\/td><td class=\"column-2\"><a href=\"https:\/\/tuftingeurope.com\/product\/cherry-red-tufting-yarn-500g-wool\/\">Cherry Red<\/a><\/td>\n<\/tr>\n<tr class=\"row-24\">\n\t<td class=\"column-1\">23<\/td><td class=\"column-2\"><a href=\"https:\/\/tuftingeurope.com\/product\/red-tufting-yarn-500g-wool\/\">Red<\/a><\/td>\n<\/tr>\n<tr class=\"row-25\">\n\t<td class=\"column-1\">24<\/td><td class=\"column-2\"><a href=\"https:\/\/tuftingeurope.com\/product\/fluor-red-tufting-yarn-500g-wool\/\">Fluor Red<\/a><\/td>\n<\/tr>\n<tr class=\"row-26\">\n\t<td class=\"column-1\">25<\/td><td class=\"column-2\"><a href=\"https:\/\/tuftingeurope.com\/product\/orange-blast-tufting-yarn-500g-wool\/\">Orange Blast<\/a><\/td>\n<\/tr>\n<tr class=\"row-27\">\n\t<td class=\"column-1\">26<\/td><td class=\"column-2\"><a href=\"https:\/\/tuftingeurope.com\/product\/orange-tufting-yarn-500g-wool\/\">Orange<\/a><\/td>\n<\/tr>\n<tr class=\"row-28\">\n\t<td class=\"column-1\">27<\/td><td class=\"column-2\"><a href=\"https:\/\/tuftingeurope.com\/product\/ochre-yellow-tufting-yarn-500g-wool\/\">Ochre Yellow<\/a><\/td>\n<\/tr>\n<tr class=\"row-29\">\n\t<td class=\"column-1\">28<\/td><td class=\"column-2\"><a href=\"https:\/\/tuftingeurope.com\/product\/mustard-yellow-tufting-yarn-500g-wool\/\">Musterd Yellow<\/a><\/td>\n<\/tr>\n<tr class=\"row-30\">\n\t<td class=\"column-1\">29<\/td><td class=\"column-2\"><a href=\"https:\/\/tuftingeurope.com\/product\/light-orange-tufting-yarn-500g-wool\/\">Light Orange<\/a><\/td>\n<\/tr>\n<tr class=\"row-31\">\n\t<td class=\"column-1\">30<\/td><td class=\"column-2\"><a href=\"https:\/\/tuftingeurope.com\/product\/yellow-tufting-yarn-500g-wool\/\">Yellow<\/a><\/td>\n<\/tr>\n<tr class=\"row-32\">\n\t<td class=\"column-1\">31<\/td><td class=\"column-2\"><a href=\"https:\/\/tuftingeurope.com\/product\/forest-green-tufting-yarn-500g-wool\/\">Forest Green<\/a><\/td>\n<\/tr>\n<tr class=\"row-33\">\n\t<td class=\"column-1\">32<\/td><td class=\"column-2\"><a href=\"https:\/\/tuftingeurope.com\/product\/pine-green-tufting-yarn-500g-wool\/\">Pine Green<\/a><\/td>\n<\/tr>\n<tr class=\"row-34\">\n\t<td class=\"column-1\">33<\/td><td class=\"column-2\"><a href=\"https:\/\/tuftingeurope.com\/product\/moss-green-tufting-yarn-500g-wool\/\">Moss Green<\/a><\/td>\n<\/tr>\n<tr class=\"row-35\">\n\t<td class=\"column-1\">34<\/td><td class=\"column-2\"><a href=\"https:\/\/tuftingeurope.com\/product\/dark-green-tufting-yarn-500g-wool\/\">Dark Green<\/a><\/td>\n<\/tr>\n<tr class=\"row-36\">\n\t<td class=\"column-1\">35<\/td><td class=\"column-2\"><a href=\"https:\/\/tuftingeurope.com\/product\/regular-green-tufting-yarn-500g-wool\/\">Regular Green<\/a><\/td>\n<\/tr>\n<tr class=\"row-37\">\n\t<td class=\"column-1\">36<\/td><td class=\"column-2\"><a href=\"https:\/\/tuftingeurope.com\/product\/olive-green-tufting-yarn-500g-wool\/\">Olive Green<\/a><\/td>\n<\/tr>\n<tr class=\"row-38\">\n\t<td class=\"column-1\">37<\/td><td class=\"column-2\"><a href=\"https:\/\/tuftingeurope.com\/product\/light-teal-tufting-yarn-500g-wool\/\">Light Teal<\/a><\/td>\n<\/tr>\n<tr class=\"row-39\">\n\t<td class=\"column-1\">38<\/td><td class=\"column-2\"><a href=\"https:\/\/tuftingeurope.com\/product\/light-blue-tufting-yarn-500g-wool\/\">Light Blue<\/a><\/td>\n<\/tr>\n<tr class=\"row-40\">\n\t<td class=\"column-1\">39<\/td><td class=\"column-2\"><a href=\"https:\/\/tuftingeurope.com\/product\/mid-teal-tufting-yarn-500g-wool\/\">Mid Teal<\/a><\/td>\n<\/tr>\n<tr class=\"row-41\">\n\t<td class=\"column-1\">40<\/td><td class=\"column-2\"><a href=\"https:\/\/tuftingeurope.com\/product\/teal-tufting-yarn-500g-wool\/\">Teal<\/a><\/td>\n<\/tr>\n<tr class=\"row-42\">\n\t<td class=\"column-1\">41<\/td><td class=\"column-2\"><a href=\"https:\/\/tuftingeurope.com\/product\/dark-purple-tufting-yarn-500g-wool\/\">Dark Purple<\/a><\/td>\n<\/tr>\n<tr class=\"row-43\">\n\t<td class=\"column-1\">42<\/td><td class=\"column-2\"><a href=\"https:\/\/tuftingeurope.com\/product\/navy-blue-tufting-yarn-500g-wool\/\">Navy Blue<\/a><\/td>\n<\/tr>\n<tr class=\"row-44\">\n\t<td class=\"column-1\">43<\/td><td class=\"column-2\"><a href=\"https:\/\/tuftingeurope.com\/product\/cobalt-blue-tufting-yarn-500g-wool\/\">Cobalt Blue<\/a><\/td>\n<\/tr>\n<tr class=\"row-45\">\n\t<td class=\"column-1\">44<\/td><td class=\"column-2\"><a href=\"https:\/\/tuftingeurope.com\/product\/mid-blue-tufting-yarn-500g-wool\/\">Mid Blue<\/a><\/td>\n<\/tr>\n<tr class=\"row-46\">\n\t<td class=\"column-1\">45<\/td><td class=\"column-2\"><a href=\"https:\/\/tuftingeurope.com\/product\/sky-blue-tufting-yarn-500g-wool\/\">Sky Blue<\/a><\/td>\n<\/tr>\n<tr class=\"row-47\">\n\t<td class=\"column-1\">46<\/td><td class=\"column-2\"><a href=\"https:\/\/tuftingeurope.com\/product\/steel-blue-tufting-yarn-500g-wool\/\">Steel Blue<\/a><\/td>\n<\/tr>\n<tr class=\"row-48\">\n\t<td class=\"column-1\">47<\/td><td class=\"column-2\"><a href=\"https:\/\/tuftingeurope.com\/product\/light-aqua-tufting-yarn-500g-wool\/\">Light Aqua<\/a><\/td>\n<\/tr>\n<tr class=\"row-49\">\n\t<td class=\"column-1\">48<\/td><td class=\"column-2\"><a href=\"https:\/\/tuftingeurope.com\/product\/turquoise-tufting-yarn-500g-wool\/\">Turquoise<\/a><\/td>\n<\/tr>\n<tr class=\"row-50\">\n\t<td class=\"column-1\">49<\/td><td class=\"column-2\"><a href=\"https:\/\/tuftingeurope.com\/product\/super-blue-tufting-yarn-500g-wool\/\">Super Blue<\/a><\/td>\n<\/tr>\n<tr class=\"row-51\">\n\t<td class=\"column-1\">50<\/td><td class=\"column-2\"><a href=\"https:\/\/tuftingeurope.com\/product\/mid-indigo-blue-tufting-yarn-500g-wool\/\">Mid Indigo Blue<\/a><\/td>\n<\/tr>\n<tr class=\"row-52\">\n\t<td class=\"column-1\">51<\/td><td class=\"column-2\"><a href=\"https:\/\/tuftingeurope.com\/product\/violet-tufting-yarn-500g-wool\/\">Violet<\/a><\/td>\n<\/tr>\n<tr class=\"row-53\">\n\t<td class=\"column-1\">52<\/td><td class=\"column-2\"><a href=\"https:\/\/tuftingeurope.com\/product\/light-purple-tufting-yarn-500g-wool\/\">Light Purple<\/a><\/td>\n<\/tr>\n<\/tbody>\n<\/table>\n\n<h2>Erwecken Sie Ihre Designs mit 52 lebendigen Farben zum Leben<\/h2>\n<p>Der Goldstandard f\u00fcr Tufting-Kunst. Unser hochwertiges tufting-Garn ist jetzt in <strong>52 atemberaubenden Farben<\/strong> erh\u00e4ltlich &#8211; von k\u00fchnen, auff\u00e4lligen T\u00f6nen bis hin zu sanften, zeitlosen Nuancen. Jede Farbe ist speziell entwickelt, um reichhaltig, lebendig und farbecht zu bleiben, sodass Ihre Teppiche und Kunstwerke wirklich herausstechen.  <\/p>\n<p>Hergestellt aus <strong>100% neuseel\u00e4ndischer Wolle<\/strong>, reduziert dieses nat\u00fcrlich widerstandsf\u00e4hige Material Abflachung und Abnutzung und gew\u00e4hrleistet, dass Ihre individuellen Kreationen langlebig und sch\u00f6n bleiben.<\/p>\n<p>F\u00fcr Garn-Enthusiasten: Unsere Wolle wird <strong>mit 140 TPM kerngezwirnt<\/strong> und hat eine <strong>837\/3 Tex-Zusammensetzung<\/strong>, was einen reibungslosen Durchlauf durch tufting-Maschinen ohne Staus oder Unregelm\u00e4\u00dfigkeiten garantiert. Sie k\u00f6nnen sich auf Ihr Design konzentrieren, in dem Wissen, dass das Garn m\u00fchelos mit Ihren Werkzeugen harmoniert. <\/p>\n<p>Jeder Kegel enth\u00e4lt <strong>500 Gramm<\/strong> (ca. 500 Meter) hochwertiger Wolle und bietet somit reichlich Material zur Entfaltung Ihrer Kreativit\u00e4t. Als Referenz: Ein <strong>80\u00d780 cm gro\u00dfer Teppich<\/strong> ben\u00f6tigt typischerweise etwa <strong>1500 Gramm<\/strong> Garn. <\/p>\n<h2>Warum Premium-Wollgarn w\u00e4hlen?<\/h2>\n<ul>\n<li><strong>100% neuseel\u00e4ndische Schafwolle<\/strong> \u2013 Weich, langlebig und von Natur aus widerstandsf\u00e4hig.<\/li>\n<li><strong>Tierwohl<\/strong> &#8211; Bezogen von Farmen, die die f\u00fcnf Freiheiten des Tierwohls respektieren.<\/li>\n<li><strong>837\/3 Tex<\/strong> \u2013 Perfekte Dicke f\u00fcr reibungslose tufting-Ergebnisse.<\/li>\n<li><strong>500 Meter pro Kegel<\/strong> \u2013 Hervorragende Abdeckung f\u00fcr Ihre Projekte.<\/li>\n<li><strong>Anti-Pilling &amp; Antistatisch<\/strong> \u2013 Verhindert das Anziehen von Staub, widersteht der Bildung kleiner Fusselkn\u00f6tchen.<\/li>\n<li><strong>Eng verwobene Fasern<\/strong> \u2013 Reduziert Faserverlust und h\u00e4lt Ihren tufting-Prozess frustrationsfrei.<\/li>\n<\/ul>\n\n<table id=\"tablepress-4\" class=\"tablepress tablepress-id-4\">\n<thead>\n<tr class=\"row-1\">\n\t<th class=\"column-1\">Specifications<\/th><td class=\"column-2\"><\/td>\n<\/tr>\n<\/thead>\n<tbody class=\"row-striping\">\n<tr class=\"row-2\">\n\t<td class=\"column-1\">Material<\/td><td class=\"column-2\">100% New Zealand Sheeps Wool<\/td>\n<\/tr>\n<tr class=\"row-3\">\n\t<td class=\"column-1\">Animal Welfare<\/td><td class=\"column-2\">Responsible Wool Standard (RWS)<\/td>\n<\/tr>\n<tr class=\"row-4\">\n\t<td class=\"column-1\">Properties<\/td><td class=\"column-2\">Anti-pilling, Anti-static, Mothproof<br \/>\n<\/td>\n<\/tr>\n<tr class=\"row-5\">\n\t<td class=\"column-1\">Compostition<\/td><td class=\"column-2\">Core spun at 140 TPM<\/td>\n<\/tr>\n<tr class=\"row-6\">\n\t<td class=\"column-1\">Weight<\/td><td class=\"column-2\">500 grams<\/td>\n<\/tr>\n<tr class=\"row-7\">\n\t<td class=\"column-1\">Length<\/td><td class=\"column-2\">~500 meters<\/td>\n<\/tr>\n<tr class=\"row-8\">\n\t<td class=\"column-1\">Tex<\/td><td class=\"column-2\">837\/3<\/td>\n<\/tr>\n<tr class=\"row-9\">\n\t<td class=\"column-1\">Needle Size<\/td><td class=\"column-2\">4mm<\/td>\n<\/tr>\n<tr class=\"row-10\">\n\t<td class=\"column-1\">Compatibility\t<\/td><td class=\"column-2\">Tufting, Knitting<\/td>\n<\/tr>\n<tr class=\"row-11\">\n\t<td class=\"column-1\">Coned?<\/td><td class=\"column-2\">Yes, cardboard cone<\/td>\n<\/tr>\n<\/tbody>\n<\/table>\n<!-- #tablepress-4 from cache -->\n<h2>Responsible Wool Standard<\/h2>\n<p>Wir legen Wert auf Tierwohl und nachhaltige Praktiken in der Landwirtschaft. Deshalb erf\u00fcllt unsere 100% neuseel\u00e4ndische Wolle den Responsible Wool Standard (RWS). Diese Zertifizierung garantiert, dass unsere Wolle von Farmen stammt, die die ethische Behandlung von Schafen priorisieren und sicherstellen, dass ihre f\u00fcnf Freiheiten des Tierwohls respektiert werden. Sie erschaffen nicht nur sch\u00f6ne, langlebige Teppiche, sondern unterst\u00fctzen auch nachhaltige und tierfreundliche Praktiken.   <\/p>\n<h2>H\u00e4ufig gestellte Fragen<\/h2>\n<div class=\"accordion\">\n\n\t<div id=\"accordion-1059635452\" class=\"accordion-item\">\n\t\t<a id=\"accordion-1059635452-label\" class=\"accordion-title plain active\" href=\"#accordion-item-kann-ich-dieses-wollgarn-mit-jeder-tufting-maschine-verwenden?\" aria-expanded=\"true\" aria-controls=\"accordion-1059635452-content\">\n\t\t\t<button class=\"toggle\" aria-label=\"Umschalten\"><i class=\"icon-angle-down\" aria-hidden=\"true\"><\/i><\/button>\n\t\t\t<span>Kann ich dieses Wollgarn mit jeder tufting-Maschine verwenden?<\/span>\n\t\t<\/a>\n\t\t<div id=\"accordion-1059635452-content\" class=\"accordion-inner\" style=\"display: block;\" aria-labelledby=\"accordion-1059635452-label\">\n\t\t\t\n\n<p>Unser Garn ist speziell daf\u00fcr konzipiert, nahtlos mit tufting-Maschinen zu funktionieren, einschlie\u00dflich der Modelle AK-1 und AK-V. Seine 837\/3 Tex-Zusammensetzung erm\u00f6glicht es Ihnen, mit zwei Str\u00e4ngen gleichzeitig zu tuften, ohne das Nadelloch zu verstopfen, was ein reibungsloses und problemloses Erlebnis gew\u00e4hrleistet. <\/p>\n\n\n\t\t<\/div>\n\t<\/div>\n\t\n\t<div id=\"accordion-2034164481\" class=\"accordion-item\">\n\t\t<a id=\"accordion-2034164481-label\" class=\"accordion-title plain\" href=\"#accordion-item-wie-viel-garn-ben\u00f6tige-ich-f\u00fcr-einen-getufteten-teppich?\" aria-expanded=\"false\" aria-controls=\"accordion-2034164481-content\">\n\t\t\t<button class=\"toggle\" aria-label=\"Umschalten\"><i class=\"icon-angle-down\" aria-hidden=\"true\"><\/i><\/button>\n\t\t\t<span>Wie viel Garn ben\u00f6tige ich f\u00fcr einen getufteten Teppich?<\/span>\n\t\t<\/a>\n\t\t<div id=\"accordion-2034164481-content\" class=\"accordion-inner\" aria-labelledby=\"accordion-2034164481-label\">\n\t\t\t\n\n<p>F\u00fcr einen Teppich von 50x50 cm ben\u00f6tigen Sie etwa 500-700 Gramm Garn.<br> F\u00fcr einen Teppich von 150x200 cm planen Sie mit ungef\u00e4hr 2-3 Kilogramm Garn.<\/p>\n<p>Die exakte Menge h\u00e4ngt von Ihrer tufting-Technik ab. Faktoren wie Zeilenabstand und tufting-Geschwindigkeit \u2013 ob Sie dichte oder eher weitl\u00e4ufige Linien erzeugen \u2013 k\u00f6nnen den Garnverbrauch beeinflussen. <\/p>\n\n\n\t\t<\/div>\n\t<\/div>\n\t\n\t<div id=\"accordion-3502345813\" class=\"accordion-item\">\n\t\t<a id=\"accordion-3502345813-label\" class=\"accordion-title plain\" href=\"#accordion-item-wie-reinige-ich-meinen-getufteten-wollteppich?\" aria-expanded=\"false\" aria-controls=\"accordion-3502345813-content\">\n\t\t\t<button class=\"toggle\" aria-label=\"Umschalten\"><i class=\"icon-angle-down\" aria-hidden=\"true\"><\/i><\/button>\n\t\t\t<span>Wie reinige ich meinen getufteten Wollteppich?<\/span>\n\t\t<\/a>\n\t\t<div id=\"accordion-3502345813-content\" class=\"accordion-inner\" aria-labelledby=\"accordion-3502345813-label\">\n\t\t\t\n\n<p>Unsere Wolle kann Feuchtigkeit vertragen \u2013 lassen Sie sie einfach nat\u00fcrlich an der Luft trocknen. Bei Flecken wie Kaffee reinigen Sie vorsichtig punktuell mit einem milden Reinigungsmittel und kaltem Wasser. Um Ihren Teppich weich und haltbar zu halten, vermeiden Sie maschinelles Waschen und verwenden Sie niemals einen Trockner, da Hitze zum Schrumpfen f\u00fchren kann.  <\/p>\n\n\n\t\t<\/div>\n\t<\/div>\n\t\n\t<div id=\"accordion-3403282924\" class=\"accordion-item\">\n\t\t<a id=\"accordion-3403282924-label\" class=\"accordion-title plain\" href=\"#accordion-item-warum-sollte-man-100%-wollgarn-f\u00fcr-tufting-w\u00e4hlen?\" aria-expanded=\"false\" aria-controls=\"accordion-3403282924-content\">\n\t\t\t<button class=\"toggle\" aria-label=\"Umschalten\"><i class=\"icon-angle-down\" aria-hidden=\"true\"><\/i><\/button>\n\t\t\t<span>Warum sollte man 100% Wollgarn f\u00fcr tufting w\u00e4hlen?<\/span>\n\t\t<\/a>\n\t\t<div id=\"accordion-3403282924-content\" class=\"accordion-inner\" aria-labelledby=\"accordion-3403282924-label\">\n\t\t\t\n\n<p>Unser 100% neuseel\u00e4ndisches Wollgarn ist die perfekte Wahl f\u00fcr tufting \u2013 langlebig, weich und vollst\u00e4ndig kompatibel mit sowohl Cut-Pile- als auch Loop-Pile-Maschinen.<\/p>\n<p>Ob Sie Kunstwerke oder Auftragsarbeiten erstellen, die lange halten sollen, Wolle \u00fcbertrifft Acryl, indem sie ihre St\u00e4rke, lebendige Farbe und Qualit\u00e4t \u00fcber die Zeit beibeh\u00e4lt \u2013 ohne das Risiko des Brechens oder Verblassens.<\/p>\n\n\n\t\t<\/div>\n\t<\/div>\n\t\n\t<div id=\"accordion-2843877578\" class=\"accordion-item\">\n\t\t<a id=\"accordion-2843877578-label\" class=\"accordion-title plain\" href=\"#accordion-item-ist-das-garn-farbecht?\" aria-expanded=\"false\" aria-controls=\"accordion-2843877578-content\">\n\t\t\t<button class=\"toggle\" aria-label=\"Umschalten\"><i class=\"icon-angle-down\" aria-hidden=\"true\"><\/i><\/button>\n\t\t\t<span>Ist das Garn farbecht?<\/span>\n\t\t<\/a>\n\t\t<div id=\"accordion-2843877578-content\" class=\"accordion-inner\" aria-labelledby=\"accordion-2843877578-label\">\n\t\t\t\n\n<p>Ja! Unser Garn ist farbecht und speziell daf\u00fcr entwickelt, seine satte, lebendige Farbe \u00fcber die Zeit hinweg zu bewahren, selbst bei regelm\u00e4\u00dfiger Nutzung. Ihre getufteten Kreationen werden jahrelang frisch und leuchtend aussehen.  <\/p>\n\n\n\t\t<\/div>\n\t<\/div>\n\t\n\n<\/div>\n","protected":false},"excerpt":{"rendered":"<p>Erleben Sie die Textur und T\u00f6nung jedes unserer 52 tufting-Wollgarne pers\u00f6nlich und stellen Sie sicher, dass Sie die perfekten Farbt\u00f6ne mit Zuversicht w\u00e4hlen. Kr\u00e4ftige Schattierungen, subtile T\u00f6ne oder alles dazwischen. <\/p>\n<p>F\u00fchlen Sie es. Sehen Sie es. Kreieren Sie mit Zuversicht.  <\/p>\n","protected":false},"featured_media":46533,"template":"","meta":[],"product_brand":[],"product_cat":[447],"product_tag":[],"class_list":{"0":"post-47791","1":"product","2":"type-product","3":"status-publish","4":"has-post-thumbnail","6":"product_cat-garn","8":"first","9":"instock","10":"sold-individually","11":"taxable","12":"shipping-taxable","13":"purchasable","14":"product-type-simple"},"_links":{"self":[{"href":"https:\/\/tuftingeurope.com\/de\/wp-json\/wp\/v2\/product\/47791","targetHints":{"allow":["GET"]}}],"collection":[{"href":"https:\/\/tuftingeurope.com\/de\/wp-json\/wp\/v2\/product"}],"about":[{"href":"https:\/\/tuftingeurope.com\/de\/wp-json\/wp\/v2\/types\/product"}],"wp:featuredmedia":[{"embeddable":true,"href":"https:\/\/tuftingeurope.com\/de\/wp-json\/wp\/v2\/media\/46533"}],"wp:attachment":[{"href":"https:\/\/tuftingeurope.com\/de\/wp-json\/wp\/v2\/media?parent=47791"}],"wp:term":[{"taxonomy":"product_brand","embeddable":true,"href":"https:\/\/tuftingeurope.com\/de\/wp-json\/wp\/v2\/product_brand?post=47791"},{"taxonomy":"product_cat","embeddable":true,"href":"https:\/\/tuftingeurope.com\/de\/wp-json\/wp\/v2\/product_cat?post=47791"},{"taxonomy":"product_tag","embeddable":true,"href":"https:\/\/tuftingeurope.com\/de\/wp-json\/wp\/v2\/product_tag?post=47791"}],"curies":[{"name":"wp","href":"https:\/\/api.w.org\/{rel}","templated":true}]}}