{"id":48754,"date":"2024-10-07T03:28:46","date_gmt":"2024-10-07T01:28:46","guid":{"rendered":"https:\/\/tuftingeurope.com\/product\/dunkellachsorangefarbenes-500-g-wollteppichgarn\/"},"modified":"2026-03-30T08:02:15","modified_gmt":"2026-03-30T06:02:15","slug":"ginger-orange-tufting-yarn-500g-wool","status":"publish","type":"product","link":"https:\/\/tuftingeurope.com\/de\/produkt\/ginger-orange-tufting-yarn-500g-wool\/","title":{"rendered":"Ingwer-Orange 500 g Wolle Tufting-Garn"},"content":{"rendered":"<h2>Erwecken Sie Ihre Designs mit 52 lebendigen Farben zum Leben<\/h2>\n<p>Das hochwertigste Garn f\u00fcr tufting-K\u00fcnstler. Unser erstklassiges, 100% neuseel\u00e4ndisches Wollgarn ist nun in 52 wundersch\u00f6nen Farben erh\u00e4ltlich \u2013 von kr\u00e4ftigen, lebendigen T\u00f6nen bis hin zu sanften, klassischen Nuancen. Konzipiert, um \u00fcber die Zeit hinweg farbecht und brillant zu bleiben, werden Ihre Teppiche und Kunstwerke herausragen und ein Leben lang halten.  <\/p>\n<p>&nbsp;<\/p>\n<h2>Warum Premium-Wollgarn w\u00e4hlen?<\/h2>\n<ul>\n<li><strong>100% neuseel\u00e4ndische Schafwolle<\/strong> \u2013 Weich, langlebig und von Natur aus widerstandsf\u00e4hig.<\/li>\n<li><strong>Tierwohl<\/strong> &#8211; Bezogen von Farmen, die die f\u00fcnf Freiheiten des Tierwohls respektieren.<\/li>\n<li><strong>837\/3 Tex<\/strong> \u2013 Perfekte Dicke f\u00fcr reibungslose tufting-Ergebnisse.<\/li>\n<li><strong>500 Meter pro Kegel<\/strong> \u2013 Hervorragende Abdeckung f\u00fcr Ihre Projekte.<\/li>\n<li><strong>Anti-Pilling &amp; Antistatisch<\/strong> \u2013 Verhindert das Anziehen von Staub, widersteht der Bildung kleiner Fusselkn\u00f6tchen.<\/li>\n<li><strong>Eng verwobene Fasern<\/strong> \u2013 Reduziert Faserverlust und h\u00e4lt Ihren tufting-Prozess frustrationsfrei.<\/li>\n<\/ul>\n<p>&nbsp;<\/p>\n\n<table id=\"tablepress-4\" class=\"tablepress tablepress-id-4\">\n<thead>\n<tr class=\"row-1\">\n\t<th class=\"column-1\">Specifications<\/th><td class=\"column-2\"><\/td>\n<\/tr>\n<\/thead>\n<tbody class=\"row-striping\">\n<tr class=\"row-2\">\n\t<td class=\"column-1\">Material<\/td><td class=\"column-2\">100% New Zealand Sheeps Wool<\/td>\n<\/tr>\n<tr class=\"row-3\">\n\t<td class=\"column-1\">Animal Welfare<\/td><td class=\"column-2\">Responsible Wool Standard (RWS)<\/td>\n<\/tr>\n<tr class=\"row-4\">\n\t<td class=\"column-1\">Properties<\/td><td class=\"column-2\">Anti-pilling, Anti-static, Mothproof<br \/>\n<\/td>\n<\/tr>\n<tr class=\"row-5\">\n\t<td class=\"column-1\">Compostition<\/td><td class=\"column-2\">Core spun at 140 TPM<\/td>\n<\/tr>\n<tr class=\"row-6\">\n\t<td class=\"column-1\">Weight<\/td><td class=\"column-2\">500 grams<\/td>\n<\/tr>\n<tr class=\"row-7\">\n\t<td class=\"column-1\">Length<\/td><td class=\"column-2\">~500 meters<\/td>\n<\/tr>\n<tr class=\"row-8\">\n\t<td class=\"column-1\">Tex<\/td><td class=\"column-2\">837\/3<\/td>\n<\/tr>\n<tr class=\"row-9\">\n\t<td class=\"column-1\">Needle Size<\/td><td class=\"column-2\">4mm<\/td>\n<\/tr>\n<tr class=\"row-10\">\n\t<td class=\"column-1\">Compatibility\t<\/td><td class=\"column-2\">Tufting, Knitting<\/td>\n<\/tr>\n<tr class=\"row-11\">\n\t<td class=\"column-1\">Coned?<\/td><td class=\"column-2\">Yes, cardboard cone<\/td>\n<\/tr>\n<\/tbody>\n<\/table>\n<!-- #tablepress-4 from cache -->\n<p>&nbsp;<\/p>\n<h2>Responsible Wool Standard <img decoding=\"async\" class=\"wp-image-49958 alignnone\" src=\"https:\/\/tuftingeurope.com\/wp-content\/uploads\/2024\/10\/rws-logo.png\" alt=\"\" width=\"35\" height=\"35\" title=\"\" srcset=\"https:\/\/tuftingeurope.com\/wp-content\/uploads\/2024\/10\/rws-logo.png 480w, https:\/\/tuftingeurope.com\/wp-content\/uploads\/2024\/10\/rws-logo-300x300.png 300w, https:\/\/tuftingeurope.com\/wp-content\/uploads\/2024\/10\/rws-logo-150x150.png 150w, https:\/\/tuftingeurope.com\/wp-content\/uploads\/2024\/10\/rws-logo-360x360.png 360w, https:\/\/tuftingeurope.com\/wp-content\/uploads\/2024\/10\/rws-logo-100x100.png 100w, https:\/\/tuftingeurope.com\/wp-content\/uploads\/2024\/10\/rws-logo-80x80.png 80w\" sizes=\"(max-width: 35px) 100vw, 35px\" \/><\/h2>\n<p>Wir glauben an Qualit\u00e4tswolle, die verantwortungsvoll bezogen wird. Unsere 100% neuseel\u00e4ndische Wolle ist vom Responsible Wool Standard (RWS) zertifiziert, was sicherstellt, dass sie von Farmen stammt, die sich um ihre Schafe und die Umwelt k\u00fcmmern.  Dies bedeutet eine ethische Behandlung der Tiere und ein nachhaltiges Landmanagement, dem Sie vertrauen k\u00f6nnen.<\/p>\n<p>Indem Sie sich f\u00fcr unsere Wolle entscheiden, fertigen Sie nicht nur wundersch\u00f6ne, langlebige Teppiche von h\u00f6chster Qualit\u00e4t \u2013 Sie unterst\u00fctzen auch bessere landwirtschaftliche Praktiken.<\/p>\n<p>&nbsp;<\/p>\n<h2>H\u00e4ufig gestellte Fragen<\/h2>\n<div class=\"accordion\">\n\n\t<div id=\"accordion-2618341687\" class=\"accordion-item\">\n\t\t<a id=\"accordion-2618341687-label\" class=\"accordion-title plain active\" href=\"#accordion-item-kann-ich-dieses-wollgarn-mit-jeder-tufting-maschine-verwenden?\" aria-expanded=\"true\" aria-controls=\"accordion-2618341687-content\">\n\t\t\t<button class=\"toggle\" aria-label=\"Umschalten\"><i class=\"icon-angle-down\" aria-hidden=\"true\"><\/i><\/button>\n\t\t\t<span>Kann ich dieses Wollgarn mit jeder tufting-Maschine verwenden?<\/span>\n\t\t<\/a>\n\t\t<div id=\"accordion-2618341687-content\" class=\"accordion-inner\" style=\"display: block;\" aria-labelledby=\"accordion-2618341687-label\">\n\t\t\t\n\n<p>Unser Garn ist speziell daf\u00fcr konzipiert, nahtlos mit tufting-Maschinen zu funktionieren, einschlie\u00dflich der Modelle AK-1 und AK-V. Seine 837\/3 Tex-Zusammensetzung erm\u00f6glicht es Ihnen, mit zwei Str\u00e4ngen gleichzeitig zu tuften, ohne das Nadelloch zu verstopfen, was ein reibungsloses und problemloses Erlebnis gew\u00e4hrleistet. <\/p>\n\n\n\t\t<\/div>\n\t<\/div>\n\t\n\t<div id=\"accordion-4199936879\" class=\"accordion-item\">\n\t\t<a id=\"accordion-4199936879-label\" class=\"accordion-title plain\" href=\"#accordion-item-wie-viel-garn-ben\u00f6tige-ich-f\u00fcr-einen-getufteten-teppich?\" aria-expanded=\"false\" aria-controls=\"accordion-4199936879-content\">\n\t\t\t<button class=\"toggle\" aria-label=\"Umschalten\"><i class=\"icon-angle-down\" aria-hidden=\"true\"><\/i><\/button>\n\t\t\t<span>Wie viel Garn ben\u00f6tige ich f\u00fcr einen getufteten Teppich?<\/span>\n\t\t<\/a>\n\t\t<div id=\"accordion-4199936879-content\" class=\"accordion-inner\" aria-labelledby=\"accordion-4199936879-label\">\n\t\t\t\n\n<p>F\u00fcr einen Teppich von 50x50 cm ben\u00f6tigen Sie etwa 500-700 Gramm Garn.<br> F\u00fcr einen Teppich von 150x200 cm planen Sie mit ungef\u00e4hr 2-3 Kilogramm Garn.<\/p>\n<p>Die exakte Menge h\u00e4ngt von Ihrer tufting-Technik ab. Faktoren wie Zeilenabstand und tufting-Geschwindigkeit \u2013 ob Sie dichte oder eher weitl\u00e4ufige Linien erzeugen \u2013 k\u00f6nnen den Garnverbrauch beeinflussen. <\/p>\n\n\n\t\t<\/div>\n\t<\/div>\n\t\n\t<div id=\"accordion-3245337922\" class=\"accordion-item\">\n\t\t<a id=\"accordion-3245337922-label\" class=\"accordion-title plain\" href=\"#accordion-item-wie-reinige-ich-meinen-getufteten-wollteppich?\" aria-expanded=\"false\" aria-controls=\"accordion-3245337922-content\">\n\t\t\t<button class=\"toggle\" aria-label=\"Umschalten\"><i class=\"icon-angle-down\" aria-hidden=\"true\"><\/i><\/button>\n\t\t\t<span>Wie reinige ich meinen getufteten Wollteppich?<\/span>\n\t\t<\/a>\n\t\t<div id=\"accordion-3245337922-content\" class=\"accordion-inner\" aria-labelledby=\"accordion-3245337922-label\">\n\t\t\t\n\n<p>Unsere Wolle kann Feuchtigkeit vertragen \u2013 lassen Sie sie einfach nat\u00fcrlich an der Luft trocknen. Bei Flecken wie Kaffee reinigen Sie vorsichtig punktuell mit einem milden Reinigungsmittel und kaltem Wasser. Um Ihren Teppich weich und haltbar zu halten, vermeiden Sie maschinelles Waschen und verwenden Sie niemals einen Trockner, da Hitze zum Schrumpfen f\u00fchren kann.  <\/p>\n\n\n\t\t<\/div>\n\t<\/div>\n\t\n\t<div id=\"accordion-2453184419\" class=\"accordion-item\">\n\t\t<a id=\"accordion-2453184419-label\" class=\"accordion-title plain\" href=\"#accordion-item-warum-sollte-man-100%-wollgarn-f\u00fcr-tufting-w\u00e4hlen?\" aria-expanded=\"false\" aria-controls=\"accordion-2453184419-content\">\n\t\t\t<button class=\"toggle\" aria-label=\"Umschalten\"><i class=\"icon-angle-down\" aria-hidden=\"true\"><\/i><\/button>\n\t\t\t<span>Warum sollte man 100% Wollgarn f\u00fcr tufting w\u00e4hlen?<\/span>\n\t\t<\/a>\n\t\t<div id=\"accordion-2453184419-content\" class=\"accordion-inner\" aria-labelledby=\"accordion-2453184419-label\">\n\t\t\t\n\n<p>Unser 100% neuseel\u00e4ndisches Wollgarn ist die perfekte Wahl f\u00fcr tufting \u2013 langlebig, weich und vollst\u00e4ndig kompatibel mit sowohl Cut-Pile- als auch Loop-Pile-Maschinen.<\/p>\n<p>Ob Sie Kunstwerke oder Auftragsarbeiten erstellen, die lange halten sollen, Wolle \u00fcbertrifft Acryl, indem sie ihre St\u00e4rke, lebendige Farbe und Qualit\u00e4t \u00fcber die Zeit beibeh\u00e4lt \u2013 ohne das Risiko des Brechens oder Verblassens.<\/p>\n\n\n\t\t<\/div>\n\t<\/div>\n\t\n\t<div id=\"accordion-2720322522\" class=\"accordion-item\">\n\t\t<a id=\"accordion-2720322522-label\" class=\"accordion-title plain\" href=\"#accordion-item-ist-das-garn-farbecht?\" aria-expanded=\"false\" aria-controls=\"accordion-2720322522-content\">\n\t\t\t<button class=\"toggle\" aria-label=\"Umschalten\"><i class=\"icon-angle-down\" aria-hidden=\"true\"><\/i><\/button>\n\t\t\t<span>Ist das Garn farbecht?<\/span>\n\t\t<\/a>\n\t\t<div id=\"accordion-2720322522-content\" class=\"accordion-inner\" aria-labelledby=\"accordion-2720322522-label\">\n\t\t\t\n\n<p>Ja! Unser Garn ist farbecht und speziell daf\u00fcr entwickelt, seine satte, lebendige Farbe \u00fcber die Zeit hinweg zu bewahren, selbst bei regelm\u00e4\u00dfiger Nutzung. Ihre getufteten Kreationen werden jahrelang frisch und leuchtend aussehen.  <\/p>\n\n\n\t\t<\/div>\n\t<\/div>\n\t\n\n<\/div>\n","protected":false},"excerpt":{"rendered":"<p>Ingwer-Orange bietet einen tieferen Korallen-Orange-Ton, der perfekt f\u00fcr warm get\u00f6nte Teppiche, Sonnenuntergangsdesigns oder naturinspirierte Muster geeignet ist.<\/p>\n<p>100% neuseel\u00e4ndisches Woll-tufting-Garn \u2013 langlebig, kn\u00f6tchenfest und geschmeidig flie\u00dfend. Sein reichhaltiger, nat\u00fcrlicher Ton bringt W\u00e4rme und Eleganz in Ihre getufteten Teppiche und Kunstprojekte. <\/p>\n","protected":false},"featured_media":48343,"template":"","meta":[],"product_brand":[],"product_cat":[447],"product_tag":[],"class_list":{"0":"post-48754","1":"product","2":"type-product","3":"status-publish","4":"has-post-thumbnail","6":"product_cat-garn","8":"first","9":"instock","10":"taxable","11":"shipping-taxable","12":"purchasable","13":"product-type-simple"},"_links":{"self":[{"href":"https:\/\/tuftingeurope.com\/de\/wp-json\/wp\/v2\/product\/48754","targetHints":{"allow":["GET"]}}],"collection":[{"href":"https:\/\/tuftingeurope.com\/de\/wp-json\/wp\/v2\/product"}],"about":[{"href":"https:\/\/tuftingeurope.com\/de\/wp-json\/wp\/v2\/types\/product"}],"wp:featuredmedia":[{"embeddable":true,"href":"https:\/\/tuftingeurope.com\/de\/wp-json\/wp\/v2\/media\/48343"}],"wp:attachment":[{"href":"https:\/\/tuftingeurope.com\/de\/wp-json\/wp\/v2\/media?parent=48754"}],"wp:term":[{"taxonomy":"product_brand","embeddable":true,"href":"https:\/\/tuftingeurope.com\/de\/wp-json\/wp\/v2\/product_brand?post=48754"},{"taxonomy":"product_cat","embeddable":true,"href":"https:\/\/tuftingeurope.com\/de\/wp-json\/wp\/v2\/product_cat?post=48754"},{"taxonomy":"product_tag","embeddable":true,"href":"https:\/\/tuftingeurope.com\/de\/wp-json\/wp\/v2\/product_tag?post=48754"}],"curies":[{"name":"wp","href":"https:\/\/api.w.org\/{rel}","templated":true}]}}