{"id":51067,"date":"2024-11-15T10:17:20","date_gmt":"2024-11-15T09:17:20","guid":{"rendered":"https:\/\/tuftingeurope.com\/product\/leitfaden-fuer-schwere-teppichschurmaschinen\/"},"modified":"2026-02-17T13:42:12","modified_gmt":"2026-02-17T12:42:12","slug":"guide-for-heavy-duty-rug-shearing-machine","status":"publish","type":"product","link":"https:\/\/tuftingeurope.com\/de\/produkt\/guide-for-heavy-duty-rug-shearing-machine\/","title":{"rendered":"Leitfaden f\u00fcr schwere Teppichschurmaschinen"},"content":{"rendered":"<p><iframe title=\"Guide for Heavy Duty Rug Shearing Machine\" width=\"1020\" height=\"574\" src=\"https:\/\/www.youtube.com\/embed\/IHp0Q1vEtuQ?feature=oembed\" frameborder=\"0\" allow=\"accelerometer; autoplay; clipboard-write; encrypted-media; gyroscope; picture-in-picture; web-share\" referrerpolicy=\"strict-origin-when-cross-origin\" allowfullscreen><\/iframe><\/p>\n<h2>Leitfaden f\u00fcr schwere Teppichschurmaschinen \u2013 Erzielen Sie gleichm\u00e4\u00dfige, glatte Teppiche<\/h2>\n<p>Verfeinern Sie Ihre tufting-Projekte m\u00fchelos mit dem <strong>Leitfaden f\u00fcr schwere Teppichschurmaschinen<\/strong>. Diese F\u00fchrung wurde entwickelt, um Ihre Schurmaschine nivelliert zu halten, und gew\u00e4hrleistet ein pr\u00e4zises, gleichm\u00e4\u00dfiges Trimmen f\u00fcr ein poliertes und professionelles Finish bei jedem Einsatz. <\/p>\n<h3>Warum die Schurf\u00fchrung verwenden?<\/h3>\n<ul>\n<li><strong>Gleichm\u00e4\u00dfiges Oberfl\u00e4chentrimmen:<\/strong> Behalten Sie eine konstante Florh\u00f6he bei und erzielen Sie glatte, einheitliche Ergebnisse \u00fcber den gesamten Teppich hinweg.<\/li>\n<li><strong>Verbesserte Pr\u00e4zision:<\/strong> Die F\u00fchrung stabilisiert Ihre Schermaschine und reduziert das Risiko von \u00dcbertrimmen und ungleichm\u00e4\u00dfigen Schnitten.<\/li>\n<li><strong>Einfach zu befestigen  zu verwenden:<\/strong> Passt leicht auf Ihre Schurmaschine f\u00fcr zus\u00e4tzliche Kontrolle und Genauigkeit.<\/li>\n<li><strong>Haltbare Acrylkonstruktion:<\/strong> Leicht und dennoch robust f\u00fcr langanhaltende Leistung.<\/li>\n<\/ul>\n<h3>Funktionsweise<\/h3>\n<p>Die F\u00fchrung wird an Ihrer schweren Schurmaschine befestigt und fungiert als Nivellierplatte, um Ihnen dabei zu helfen, einen glatten und gleichm\u00e4\u00dfigen Schnitt ohne Vertiefungen oder Unregelm\u00e4\u00dfigkeiten zu erzielen.<\/p>\n<h3>Kompatibel mit<\/h3>\n<p>Konzipiert f\u00fcr unsere schwere Teppichschurmaschine, ist dies ein unverzichtbares Werkzeug sowohl f\u00fcr Anf\u00e4nger als auch f\u00fcr Profis, die pr\u00e4zise Ergebnisse anstreben.<\/p>\n<h3>Hauptmerkmale<\/h3>\n<ul>\n<li>Hilft, eine ebene Teppichoberfl\u00e4che beizubehalten<\/li>\n<li>Leicht und ergonomisch f\u00fcr einfache Handhabung<\/li>\n<li>Schnelles Anbringen und Entfernen<\/li>\n<li>Haltbares transparentes Acrylmaterial<\/li>\n<\/ul>\n<h3>Was ist enthalten?<\/h3>\n<ul>\n<li>1 x F\u00fchrung f\u00fcr schwere Teppichschurmaschine<\/li>\n<li>1 x Schrauben und Zubeh\u00f6rteile<\/li>\n<\/ul>\n","protected":false},"excerpt":{"rendered":"<p>Erzielen Sie m\u00fchelos glatte, gleichm\u00e4\u00dfige Teppichoberfl\u00e4chen! Diese Acrylplatte fungiert als F\u00fchrung und hilft dabei, Ihre schwere Teppichschurmaschine nivelliert zu halten, was jedes Mal pr\u00e4zise, professionelle Ergebnisse garantiert.  <\/p>\n","protected":false},"featured_media":51057,"template":"","meta":[],"product_brand":[],"product_cat":[98],"product_tag":[],"class_list":{"0":"post-51067","1":"product","2":"type-product","3":"status-publish","4":"has-post-thumbnail","6":"product_cat-zubehor","8":"first","9":"instock","10":"taxable","11":"shipping-taxable","12":"purchasable","13":"product-type-simple"},"_links":{"self":[{"href":"https:\/\/tuftingeurope.com\/de\/wp-json\/wp\/v2\/product\/51067","targetHints":{"allow":["GET"]}}],"collection":[{"href":"https:\/\/tuftingeurope.com\/de\/wp-json\/wp\/v2\/product"}],"about":[{"href":"https:\/\/tuftingeurope.com\/de\/wp-json\/wp\/v2\/types\/product"}],"wp:featuredmedia":[{"embeddable":true,"href":"https:\/\/tuftingeurope.com\/de\/wp-json\/wp\/v2\/media\/51057"}],"wp:attachment":[{"href":"https:\/\/tuftingeurope.com\/de\/wp-json\/wp\/v2\/media?parent=51067"}],"wp:term":[{"taxonomy":"product_brand","embeddable":true,"href":"https:\/\/tuftingeurope.com\/de\/wp-json\/wp\/v2\/product_brand?post=51067"},{"taxonomy":"product_cat","embeddable":true,"href":"https:\/\/tuftingeurope.com\/de\/wp-json\/wp\/v2\/product_cat?post=51067"},{"taxonomy":"product_tag","embeddable":true,"href":"https:\/\/tuftingeurope.com\/de\/wp-json\/wp\/v2\/product_tag?post=51067"}],"curies":[{"name":"wp","href":"https:\/\/api.w.org\/{rel}","templated":true}]}}