{"id":6469,"date":"2021-10-27T12:17:36","date_gmt":"2021-10-27T10:17:36","guid":{"rendered":"https:\/\/tuftingeurope.com\/product\/schwerlast-garnwickler\/"},"modified":"2025-11-27T16:15:56","modified_gmt":"2025-11-27T15:15:56","slug":"heavy-duty-metal-yarn-winder","status":"publish","type":"product","link":"https:\/\/tuftingeurope.com\/de\/produkt\/heavy-duty-metal-yarn-winder\/","title":{"rendered":"Heavy Duty Metall-Garnwickler"},"content":{"rendered":"<p>Kreiere perfekte Garnkuchen mit unserem robusten Metall-Garnwickler. Sie m\u00fcssen nie wieder eine Pause einlegen, um mehr Garn aus dem Kn\u00e4uel zu ziehen, oder sich mit Garnkotze von einem engen Mittelzug herumschlagen.<\/p>\n<p>Befestigen Sie einfach den Faden am Kunststoffkegel, und drehen Sie den Griff mit konstanter Geschwindigkeit. Der Fadenwickler wickelt von der Mitte aus. Klemme den Yarn Winder einfach auf eine feste Unterlage wie einen Tisch, befestige das Garn und spinne deine Garnkuchen.<\/p>\n","protected":false},"excerpt":{"rendered":"<p>Wickle perfekte Garnkuchen mit unserem robusten Metall-Garnwickler. Du musst nicht mehr kotzen oder Pausen machen, um mehr Garn zu ziehen. Einfach an einem Plastikkegel befestigen und drehen. Klemme sie auf einer stabilen Oberfl\u00e4che ein, um beste Ergebnisse zu erzielen. Die schnellen Zahnr\u00e4der und die Konstruktion aus Eisen machen den Wickler haltbarer und er l\u00e4uft 3x schneller als Plastikwickler.<\/p>\n","protected":false},"featured_media":38018,"template":"","meta":[],"product_brand":[],"product_cat":[98],"product_tag":[],"class_list":{"0":"post-6469","1":"product","2":"type-product","3":"status-publish","4":"has-post-thumbnail","6":"product_cat-zubehor","8":"first","9":"outofstock","10":"taxable","11":"shipping-taxable","12":"purchasable","13":"product-type-simple"},"_links":{"self":[{"href":"https:\/\/tuftingeurope.com\/de\/wp-json\/wp\/v2\/product\/6469","targetHints":{"allow":["GET"]}}],"collection":[{"href":"https:\/\/tuftingeurope.com\/de\/wp-json\/wp\/v2\/product"}],"about":[{"href":"https:\/\/tuftingeurope.com\/de\/wp-json\/wp\/v2\/types\/product"}],"wp:featuredmedia":[{"embeddable":true,"href":"https:\/\/tuftingeurope.com\/de\/wp-json\/wp\/v2\/media\/38018"}],"wp:attachment":[{"href":"https:\/\/tuftingeurope.com\/de\/wp-json\/wp\/v2\/media?parent=6469"}],"wp:term":[{"taxonomy":"product_brand","embeddable":true,"href":"https:\/\/tuftingeurope.com\/de\/wp-json\/wp\/v2\/product_brand?post=6469"},{"taxonomy":"product_cat","embeddable":true,"href":"https:\/\/tuftingeurope.com\/de\/wp-json\/wp\/v2\/product_cat?post=6469"},{"taxonomy":"product_tag","embeddable":true,"href":"https:\/\/tuftingeurope.com\/de\/wp-json\/wp\/v2\/product_tag?post=6469"}],"curies":[{"name":"wp","href":"https:\/\/api.w.org\/{rel}","templated":true}]}}