{"id":6475,"date":"2021-10-27T11:29:52","date_gmt":"2021-10-27T09:29:52","guid":{"rendered":"https:\/\/tuftingeurope.com\/product\/rosenholz-teppichschere-200w\/"},"modified":"2026-03-29T22:17:19","modified_gmt":"2026-03-29T20:17:19","slug":"teppichschnitzzangen","status":"publish","type":"product","link":"https:\/\/tuftingeurope.com\/de\/produkt\/teppichschnitzzangen\/","title":{"rendered":"Rasier- und Schnitzscheren f\u00fcr Teppiche"},"content":{"rendered":"\n\t<section class=\"section\" id=\"section_825920599\">\n\t\t<div class=\"section-bg fill\" >\n\t\t\t\t\t\t\t<div class=\"video-overlay no-click fill visible\"><\/div>\n\t<video class=\"video-bg fill visible\" preload playsinline autoplay muted loop>\n\t\t<source src=\"https:\/\/tuftingeurope.com\/wp-content\/uploads\/2024\/08\/shaving-example.mp4\" type=\"video\/mp4\">\t<\/video>\n\t\t\t\n\t\t\t\n\n\t\t<\/div>\n\n\t\t\n\n\t\t<div class=\"section-content relative\">\n\t\t\t\n\n\t\t<\/div>\n\n\t\t\n<style>\n#section_825920599 {\n  padding-top: 30px;\n  padding-bottom: 30px;\n  min-height: 400px;\n}\n@media (min-width:550px) {\n  #section_825920599 {\n    min-height: 500px;\n  }\n}\n<\/style>\n\t<\/section>\n\t\n<h2>Verleiht deinen Teppichen den letzten Schliff.<\/h2>\n<p>Teppichschnitzscheren sind bei Tuftern weltweit beliebt. Der Holzgriff liegt gut in der Hand und hat einen festen Griff, so dass Sie auch kleine Details schnitzen k\u00f6nnen. Mit ihrem Geschwindigkeitsregler kann diese Schermaschine bis zu 6.000 Umdrehungen pro Minute erreichen. Das macht es einfach, die feinen Details zu erstellen, die du f\u00fcr dein Design brauchst. Wir empfehlen diese Schermaschine f\u00fcr Teppichmacher.<\/p>\n<p>Wir raten dir, zuerst alle Unreinheiten zu rasieren, die herausragen. Das verleiht ihm bereits ein fertiges Aussehen. Danach kannst du die Kanten der Farben in einem Winkel formen. Verleihen Sie Ihren Entw\u00fcrfen Tiefe.<\/p>\n<h2>Ergebnisse nach dem Rasieren und Schnitzen.<\/h2>\n<p><img fetchpriority=\"high\" decoding=\"async\" class=\"aligncenter wp-image-29585 size-full\" src=\"https:\/\/tuftingeurope.com\/wp-content\/uploads\/2021\/10\/carved-rug.gif\" alt=\"\" width=\"1280\" height=\"720\" title=\"\"><\/p>\n<h2>Was enthalten ist.<\/h2>\n<p>1 x elektrischer Trimmer<br \/>\n1 x Stromkabel.<br \/>\n1 x zus\u00e4tzliches Schermesser<br \/>\n2 x Kammaufs\u00e4tze<br \/>\n1 x Reinigungsb\u00fcrste<br \/>\n1 x Benutzerhandbuch<br \/>\n1 x Aufbewahrungskoffer<\/p>\n<p>Enth\u00e4lt aufgrund von Einfuhrbestimmungen kein \u00d6l.<\/p>\n<h2>Wartung.<\/h2>\n<p>Die Klinge ist zur einfachen Reinigung abnehmbar. Um deine Teppichschere in perfektem Zustand zu halten, b\u00fcrste das Garn nach dem Gebrauch ab. L\u00f6sen Sie das Scherelement, um verstecktes Garn hinter den Messern zu entfernen.<\/p>\n<p>Wir empfehlen, die Klingen regelm\u00e4\u00dfig mit Schermaschinen\u00f6l zu \u00f6len, um die Reibung zu verringern. Unser N\u00e4hmaschinen\u00f6l kann auch f\u00fcr Schermaschinen verwendet werden, da es das gleiche \u00d6l ist, mit dem auch N\u00e4hmaschinen geschmiert werden.<\/p>\n<h2>F\u00fchrungshalter f\u00fcr Teppichschnitzscheren.<\/h2>\n<p>Wir empfehlen die Verwendung einer unserer Scherf\u00fchrungen, da diese den Teppich-Schertrimmer in einem spezifischen Winkel und einer bestimmten H\u00f6he halten, was dazu beitr\u00e4gt, dass die Schnitte im getufteten Flor gerade und gleichm\u00e4\u00dfig ausfallen.<\/p>\n","protected":false},"excerpt":{"rendered":"<p>Verleihe deinen Cut-Pile-Teppichen einen sauberen und knackigen Look, indem du sie mit unserer Schermaschine rasierst und schneidest. Er eignet sich perfekt zum Ausarbeiten von Kanten und Konturen, um deinen Linien Tiefe zu verleihen und deine Teppiche zum Blickfang zu machen.<\/p>\n","protected":false},"featured_media":37933,"template":"","meta":[],"product_brand":[],"product_cat":[98],"product_tag":[],"class_list":{"0":"post-6475","1":"product","2":"type-product","3":"status-publish","4":"has-post-thumbnail","6":"product_cat-zubehor","8":"first","9":"instock","10":"taxable","11":"shipping-taxable","12":"purchasable","13":"product-type-simple"},"_links":{"self":[{"href":"https:\/\/tuftingeurope.com\/de\/wp-json\/wp\/v2\/product\/6475","targetHints":{"allow":["GET"]}}],"collection":[{"href":"https:\/\/tuftingeurope.com\/de\/wp-json\/wp\/v2\/product"}],"about":[{"href":"https:\/\/tuftingeurope.com\/de\/wp-json\/wp\/v2\/types\/product"}],"wp:featuredmedia":[{"embeddable":true,"href":"https:\/\/tuftingeurope.com\/de\/wp-json\/wp\/v2\/media\/37933"}],"wp:attachment":[{"href":"https:\/\/tuftingeurope.com\/de\/wp-json\/wp\/v2\/media?parent=6475"}],"wp:term":[{"taxonomy":"product_brand","embeddable":true,"href":"https:\/\/tuftingeurope.com\/de\/wp-json\/wp\/v2\/product_brand?post=6475"},{"taxonomy":"product_cat","embeddable":true,"href":"https:\/\/tuftingeurope.com\/de\/wp-json\/wp\/v2\/product_cat?post=6475"},{"taxonomy":"product_tag","embeddable":true,"href":"https:\/\/tuftingeurope.com\/de\/wp-json\/wp\/v2\/product_tag?post=6475"}],"curies":[{"name":"wp","href":"https:\/\/api.w.org\/{rel}","templated":true}]}}