{"id":6480,"date":"2021-10-27T12:31:32","date_gmt":"2021-10-27T10:31:32","guid":{"rendered":"https:\/\/tuftingeurope.com\/product\/entenschnabel-laubschere\/"},"modified":"2026-03-13T15:34:37","modified_gmt":"2026-03-13T14:34:37","slug":"entenschnabel-schneidschere","status":"publish","type":"product","link":"https:\/\/tuftingeurope.com\/de\/produkt\/entenschnabel-schneidschere\/","title":{"rendered":"Entenschnabel-Laubschere"},"content":{"rendered":"<p>Die Entenschnabelschere wird zum Schneiden loser F\u00e4den verwendet. Im Gegensatz zu einer normalen Schere hat die Entenschnabelschere einen gebogenen Griff, der die Finger auf Abstand h\u00e4lt, w\u00e4hrend die Klinge eng an der Oberfl\u00e4che anliegt und ein pr\u00e4zises und gleichm\u00e4\u00dfiges Schneiden erm\u00f6glicht.<\/p>\n<h2>Pr\u00e4zisionsgeschliffene Klingen<\/h2>\n<p>Ideal zum Beseitigen von Unregelm\u00e4\u00dfigkeiten im Teppich, wie z. B. fleckige oder lose Spitzen.<\/p>\n<h2>Gekr\u00f6pfter Griff zur Vermeidung von Fugenhobeln<\/h2>\n<p>Der gekr\u00f6pfte Griff verhindert ein versehentliches Einstechen beim Napping.<\/p>\n<h2>Entenschnabelklinge f\u00fcr gleichm\u00e4\u00dfiges, ebenes Trimmen<\/h2>\n<p>Die Entenschnabelklinge liegt flach auf dem Boden auf und erm\u00f6glicht so ein gleichm\u00e4\u00dfiges Trimmen.<\/p>\n<h2>2&#8243; Klingen aus kohlenstoffreichem Stahl<\/h2>\n<p>Die Klingen sind aus hochwertigem, kohlenstoffreichem Stahl gefertigt, um eine lange Lebensdauer zu gew\u00e4hrleisten.<\/p>\n<h2>Entworfen f\u00fcr einfaches Trimmen<\/h2>\n<p>Spezielles Winkeldesign f\u00fcr einfaches Trimmen und gepolsterte, vinylbeschichtete Griffe f\u00fcr mehr Komfort.<\/p>\n","protected":false},"excerpt":{"rendered":"<p>Diese Entenschnabel-Noppenschere ist aufgrund ihrer Form ideal zum Schneiden von Teppichfehlern und losem Garn. Wenn Sie einen Teppich ausschneiden, k\u00f6nnen Sie mit einer Entenschnabelschere f\u00fcr ein professionelles Aussehen sorgen.<\/p>\n<p>Mit Pr\u00e4zision und un\u00fcbertroffener Sch\u00e4rfe schneidet diese Schere m\u00fchelos Teppiche aus Synthetik, Naturfasern, Wolle und Polyester. Der gekr\u00f6pfte Griff verhindert ein versehentliches Aush\u00f6hlen von Ecken, und das spezielle Design des Schnurrbartes hilft Ihnen, flach auf dem Boden zu schneiden, um ein gleichm\u00e4\u00dfiges Trimmergebnis zu erzielen.<\/p>\n","protected":false},"featured_media":37955,"template":"","meta":[],"product_brand":[],"product_cat":[98],"product_tag":[],"class_list":{"0":"post-6480","1":"product","2":"type-product","3":"status-publish","4":"has-post-thumbnail","6":"product_cat-zubehor","8":"first","9":"instock","10":"taxable","11":"shipping-taxable","12":"purchasable","13":"product-type-simple"},"_links":{"self":[{"href":"https:\/\/tuftingeurope.com\/de\/wp-json\/wp\/v2\/product\/6480","targetHints":{"allow":["GET"]}}],"collection":[{"href":"https:\/\/tuftingeurope.com\/de\/wp-json\/wp\/v2\/product"}],"about":[{"href":"https:\/\/tuftingeurope.com\/de\/wp-json\/wp\/v2\/types\/product"}],"wp:featuredmedia":[{"embeddable":true,"href":"https:\/\/tuftingeurope.com\/de\/wp-json\/wp\/v2\/media\/37955"}],"wp:attachment":[{"href":"https:\/\/tuftingeurope.com\/de\/wp-json\/wp\/v2\/media?parent=6480"}],"wp:term":[{"taxonomy":"product_brand","embeddable":true,"href":"https:\/\/tuftingeurope.com\/de\/wp-json\/wp\/v2\/product_brand?post=6480"},{"taxonomy":"product_cat","embeddable":true,"href":"https:\/\/tuftingeurope.com\/de\/wp-json\/wp\/v2\/product_cat?post=6480"},{"taxonomy":"product_tag","embeddable":true,"href":"https:\/\/tuftingeurope.com\/de\/wp-json\/wp\/v2\/product_tag?post=6480"}],"curies":[{"name":"wp","href":"https:\/\/api.w.org\/{rel}","templated":true}]}}