{"id":6956,"date":"2021-11-01T10:03:32","date_gmt":"2021-11-01T09:03:32","guid":{"rendered":"https:\/\/tuftingeurope.com\/product\/eurol-naehmaschinenoel-fuer-tuftingpistolen-100ml\/"},"modified":"2026-04-14T11:09:28","modified_gmt":"2026-04-14T09:09:28","slug":"eurol-sewing-machine-oil-for-tufting-guns-100ml","status":"publish","type":"product","link":"https:\/\/tuftingeurope.com\/de\/produkt\/eurol-sewing-machine-oil-for-tufting-guns-100ml\/","title":{"rendered":"Eurol\u00ae-N\u00e4hmaschinen\u00f6l f\u00fcr Tuftingpistolen 100ml"},"content":{"rendered":"<p>Wir sind stolz darauf, das ausgezeichnete N\u00e4hmaschinen\u00f6l von Eurol\u00ae anbieten zu k\u00f6nnen. Ein Hochleistungs-Mineral\u00f6l f\u00fcr alle Schmierstellen von N\u00e4hmaschinen aller Marken.<\/p>\n","protected":false},"excerpt":{"rendered":"<p>Eurol\u00ae ist hervorragend f\u00fcr tufting machines geeignet, da das \u00d6l schmiert, aber weder Flecken noch Ger\u00fcche hinterl\u00e4sst, wodurch Ihre Teppiche sauber bleiben. Es handelt sich um ein s\u00e4urefreies Schmiermittel auf Basis von Paraffin\u00f6l, das alle empfindlichen Teile Ihrer tufting-Maschine schmiert und sie reibungs- und hitzefrei h\u00e4lt. <\/p>\n<p>B\u00fcrste das Garn von deiner Maschine ab und gib alle 2 Stunden einen Tropfen \u00d6l auf die Metallstangen und in die L\u00f6cher deiner wei\u00dfen Schieber.<\/p>\n","protected":false},"featured_media":12203,"template":"","meta":[],"product_brand":[],"product_cat":[98],"product_tag":[],"class_list":{"0":"post-6956","1":"product","2":"type-product","3":"status-publish","4":"has-post-thumbnail","6":"product_cat-zubehor","8":"first","9":"instock","10":"taxable","11":"shipping-taxable","12":"purchasable","13":"product-type-simple"},"_links":{"self":[{"href":"https:\/\/tuftingeurope.com\/de\/wp-json\/wp\/v2\/product\/6956","targetHints":{"allow":["GET"]}}],"collection":[{"href":"https:\/\/tuftingeurope.com\/de\/wp-json\/wp\/v2\/product"}],"about":[{"href":"https:\/\/tuftingeurope.com\/de\/wp-json\/wp\/v2\/types\/product"}],"wp:featuredmedia":[{"embeddable":true,"href":"https:\/\/tuftingeurope.com\/de\/wp-json\/wp\/v2\/media\/12203"}],"wp:attachment":[{"href":"https:\/\/tuftingeurope.com\/de\/wp-json\/wp\/v2\/media?parent=6956"}],"wp:term":[{"taxonomy":"product_brand","embeddable":true,"href":"https:\/\/tuftingeurope.com\/de\/wp-json\/wp\/v2\/product_brand?post=6956"},{"taxonomy":"product_cat","embeddable":true,"href":"https:\/\/tuftingeurope.com\/de\/wp-json\/wp\/v2\/product_cat?post=6956"},{"taxonomy":"product_tag","embeddable":true,"href":"https:\/\/tuftingeurope.com\/de\/wp-json\/wp\/v2\/product_tag?post=6956"}],"curies":[{"name":"wp","href":"https:\/\/api.w.org\/{rel}","templated":true}]}}