{"id":2429,"date":"2021-02-27T15:34:55","date_gmt":"2021-02-27T14:34:55","guid":{"rendered":"https:\/\/tuftingeurope.com\/contacte-con\/"},"modified":"2025-09-23T16:45:56","modified_gmt":"2025-09-23T14:45:56","slug":"contact","status":"publish","type":"page","link":"https:\/\/tuftingeurope.com\/es\/contact\/","title":{"rendered":"Contacte con"},"content":{"rendered":"\n<p>\u00bfEres nuevo en el tufting y tienes algunas preguntas para principiantes? \u00bfO eres un profesional que ha tenido un problema con su m\u00e1quina? Nos esforzamos por responder a todos los mensajes el mismo d\u00eda, pero durante las horas de mayor actividad, puede que tardemos un poco m\u00e1s. \u00a1Agradecemos mucho tu paciencia!   <br\/><br\/><strong>Presupuestos y \u00f3rdenes de compra<\/strong><br\/>\u00bfTu empresa necesita un presupuesto, una orden de compra o un flujo de trabajo Peppol? Las universidades y organizaciones pueden solicitarlo poni\u00e9ndose en contacto con el servicio de asistencia. <\/p>\n\n<p>Ponte en contacto con nosotros a trav\u00e9s de <a href=\"mailto:support@tuftingeurope.com\"><strong>support@tuftingeurope.com<\/strong><\/a>, o utiliza el siguiente formulario.<\/p>\n\n<div data-gorgias-contact-form-uid=\"tzik3dgn\"><\/div>\n<script defer=\"defer\" src=\"https:\/\/contact.gorgias.help\/api\/contact-forms\/loader.js?v=2\" data-gorgias-loader-contact-form=\"\"><\/script>\n\n<p>Para ayudarle r\u00e1pidamente, le rogamos proporcione la mayor cantidad de detalles posible.<\/p>\n\n<ul class=\"wp-block-list\">\n<li>Para las reparaciones de m\u00e1quinas de tufting, incluye un v\u00eddeo o una foto que muestre el problema.<\/li>\n\n\n\n<li>Para consultas relacionadas con pedidos, no olvide mencionar su n\u00famero de pedido.<\/li>\n\n\n\n<li>\u00bfTienes preguntas generales sobre el tufting? Pregunta lo que quieras, \u00a1estaremos encantados de ayudarte! <\/li>\n<\/ul>\n\n<div class=\"wp-block-group is-layout-constrained wp-block-group-is-layout-constrained\"><\/div>\n","protected":false},"excerpt":{"rendered":"<p>\u00bfEres nuevo en el tufting y tienes algunas preguntas para principiantes? \u00bfO eres un profesional que ha tenido un problema con su m\u00e1quina? Nos esforzamos por responder a todos los mensajes el mismo d\u00eda, pero durante las horas de mayor actividad, puede que tardemos un poco m\u00e1s. \u00a1Agradecemos mucho tu paciencia! Presupuestos y \u00f3rdenes de<\/p>\n","protected":false},"author":1,"featured_media":0,"parent":0,"menu_order":0,"comment_status":"closed","ping_status":"closed","template":"","meta":{"footnotes":""},"class_list":["post-2429","page","type-page","status-publish","hentry"],"_links":{"self":[{"href":"https:\/\/tuftingeurope.com\/es\/wp-json\/wp\/v2\/pages\/2429","targetHints":{"allow":["GET"]}}],"collection":[{"href":"https:\/\/tuftingeurope.com\/es\/wp-json\/wp\/v2\/pages"}],"about":[{"href":"https:\/\/tuftingeurope.com\/es\/wp-json\/wp\/v2\/types\/page"}],"author":[{"embeddable":true,"href":"https:\/\/tuftingeurope.com\/es\/wp-json\/wp\/v2\/users\/1"}],"replies":[{"embeddable":true,"href":"https:\/\/tuftingeurope.com\/es\/wp-json\/wp\/v2\/comments?post=2429"}],"version-history":[{"count":3,"href":"https:\/\/tuftingeurope.com\/es\/wp-json\/wp\/v2\/pages\/2429\/revisions"}],"predecessor-version":[{"id":70222,"href":"https:\/\/tuftingeurope.com\/es\/wp-json\/wp\/v2\/pages\/2429\/revisions\/70222"}],"wp:attachment":[{"href":"https:\/\/tuftingeurope.com\/es\/wp-json\/wp\/v2\/media?parent=2429"}],"curies":[{"name":"wp","href":"https:\/\/api.w.org\/{rel}","templated":true}]}}