{"id":2436,"date":"2021-02-27T16:11:19","date_gmt":"2021-02-27T14:11:19","guid":{"rendered":"https:\/\/tuftingeurope.com\/condiciones-de-afiliacion\/"},"modified":"2021-05-16T22:08:59","modified_gmt":"2021-05-16T20:08:59","slug":"condiciones-de-afiliacion","status":"publish","type":"page","link":"https:\/\/tuftingeurope.com\/es\/condiciones-de-afiliacion\/","title":{"rendered":"Condiciones de afiliaci\u00f3n"},"content":{"rendered":"\n\n<h1>Condiciones del Programa de Afiliaci\u00f3n de Tufting Europe<\/h1>\n<h2>Acuerdo<\/h2>\nAl inscribirse como afiliado en el Programa de Afiliaci\u00f3n de Tufting Europe (&#8220;Programa&#8221;), usted acepta los siguientes t\u00e9rminos y condiciones (&#8220;Condiciones de Servicio&#8221;).\n\n<strong>Tufting Europe<\/strong> se reserva el derecho de actualizar y cambiar las Condiciones de Servicio de vez en cuando sin previo aviso. Cualquier nueva caracter\u00edstica que aumente o mejore el Programa actual, incluyendo el lanzamiento de nuevas herramientas y recursos, estar\u00e1 sujeta a las Condiciones de Servicio. El uso continuado del Programa despu\u00e9s de dichos cambios constituir\u00e1 su consentimiento a los mismos.\n\nLa infracci\u00f3n de cualquiera de los t\u00e9rminos que se indican a continuaci\u00f3n dar\u00e1 lugar a la cancelaci\u00f3n de su cuenta y a la p\u00e9rdida de cualquier pago de comisiones de afiliaci\u00f3n pendiente obtenido durante la infracci\u00f3n. Usted acepta utilizar el Programa de Afiliaci\u00f3n bajo su propia responsabilidad.\n\n<h2>Condiciones de la cuenta<\/h2>\n<ul><li>Debes tener 18 a\u00f1os o m\u00e1s para formar parte de este Programa.<\/li>\n<li>Debe vivir en Estados Unidos para ser afiliado.<\/li>\n<li>Debes ser un humano. No se permiten las cuentas registradas por &#8220;bots&#8221; u otros m\u00e9todos automatizados.<\/li>\n<li>Debe proporcionar su nombre completo legal, una direcci\u00f3n de correo electr\u00f3nico v\u00e1lida y cualquier otra informaci\u00f3n solicitada para completar el proceso de registro.<\/li>\n<li>Su nombre de usuario s\u00f3lo puede ser utilizado por una persona; no se permite un \u00fanico nombre de usuario compartido por varias personas.<\/li>\n<li>Usted es responsable de mantener la seguridad de su cuenta y contrase\u00f1a. <strong>Tufting Europe<\/strong> no puede y no ser\u00e1 responsable de ninguna p\u00e9rdida o da\u00f1o derivado de su incumplimiento de esta obligaci\u00f3n de seguridad.<\/li>\n<li>Usted es responsable de todo el Contenido publicado y de la actividad que ocurra bajo su cuenta.<\/li>\n<li>Una persona f\u00edsica o jur\u00eddica no puede mantener m\u00e1s de una cuenta.<\/li>\n<li>No puede utilizar el Programa de Afiliaci\u00f3n para ning\u00fan prop\u00f3sito ilegal o no autorizado. Usted no debe, en el uso del Servicio, violar ninguna ley en su jurisdicci\u00f3n (incluyendo pero no limitado a las leyes de derechos de autor).<\/li>\n<li>No puede utilizar el Programa de Afiliaci\u00f3n para ganar dinero con sus propias cuentas de productos de <strong>Tufting Europe<\/strong>.<\/li>\n<\/ul><h2>Enlaces\/gr\u00e1ficos en su sitio web, en sus correos electr\u00f3nicos u otras comunicaciones<\/h2>\nUna vez que se haya inscrito en el Programa de Afiliaci\u00f3n, se le asignar\u00e1 un C\u00f3digo de Afiliaci\u00f3n \u00fanico. Se le permite colocar enlaces, banners u otros gr\u00e1ficos que proporcionemos con su c\u00f3digo de afiliado en su sitio web, en sus correos electr\u00f3nicos o en otras comunicaciones. Le proporcionaremos las directrices, los estilos de enlace y el material gr\u00e1fico que debe utilizar para enlazar con <strong>Tufting Europe<\/strong>. Podemos cambiar el dise\u00f1o de las ilustraciones en cualquier momento sin previo aviso, pero no cambiaremos las dimensiones de las im\u00e1genes sin avisar debidamente.\n\nPara permitir un seguimiento preciso, la presentaci\u00f3n de informes y la acumulaci\u00f3n de honorarios por remisi\u00f3n, le proporcionaremos formatos de enlace especiales que se utilizar\u00e1n en todos los enlaces entre su sitio y <strong>Tufting Europe<\/strong>. Debe asegurarse de que cada uno de los enlaces entre su sitio y el de <strong>Tufting<\/strong> Europe utiliza correctamente estos formatos de enlace especiales. Los enlaces a <strong>Tufting<\/strong> Europe colocados en su sitio web en virtud de este Acuerdo y que utilizan adecuadamente dichos formatos de enlace especiales se denominan &#8220;Enlaces especiales&#8221;. Usted ganar\u00e1 honorarios de referencia s\u00f3lo con respecto a las ventas en un <strong>Tufting Europe<\/strong>  producto que se produzca directamente a trav\u00e9s de los Enlaces Especiales; no seremos responsables ante usted con respecto a cualquier fallo suyo o de alguien a quien recomiende el uso de los Enlaces Especiales o la introducci\u00f3n incorrecta de su C\u00f3digo de Afiliado, incluso en la medida en que dicho fallo pueda dar lugar a una reducci\u00f3n de los importes que, de otro modo, se le pagar\u00edan en virtud del presente Acuerdo.\n\nLos enlaces de afiliados deben apuntar a la p\u00e1gina del producto que se promociona.\n\n<h2>Tasas\/comisiones de remisi\u00f3n y pago<\/h2>\nPara que la venta de un producto sea elegible para ganar una comisi\u00f3n por recomendaci\u00f3n, el cliente debe hacer clic a trav\u00e9s de un enlace especial de su sitio, correo electr\u00f3nico u otras comunicaciones a <strong>https:\/\/tuftingeurope.com<\/strong> y completar un pedido de un producto durante esa sesi\u00f3n.\n\nS\u00f3lo pagaremos las comisiones de los enlaces que sean rastreados y reportados autom\u00e1ticamente por nuestros sistemas. No pagaremos comisiones si alguien dice que ha comprado o alguien dice que ha introducido un c\u00f3digo de referencia si no ha sido rastreado por nuestro sistema. S\u00f3lo podemos pagar comisiones sobre los negocios generados a trav\u00e9s de enlaces especiales debidamente formateados y que hayan sido rastreados autom\u00e1ticamente por nuestros sistemas.\n\nNos reservamos el derecho a descalificar las comisiones obtenidas mediante m\u00e9todos de venta o marketing fraudulentos, ilegales o demasiado agresivos y cuestionables.\n\nLos pagos s\u00f3lo comienzan una vez que has ganado m\u00e1s de <strong> 20 d\u00f3lares<\/strong> en ingresos de afiliaci\u00f3n. Si su cuenta de afiliado no supera el umbral de <strong> 20 d\u00f3lares<\/strong>, sus comisiones no se realizar\u00e1n ni se pagar\u00e1n. S\u00f3lo somos responsables del pago de las cuentas que han superado el umbral de <strong> 20 d\u00f3lares<\/strong>.\n\n<h2>Identificarse como afiliado de Tufting Europe<\/h2>\n\nUsted no puede emitir ning\u00fan comunicado de prensa con respecto a este Acuerdo o a su participaci\u00f3n en el Programa; tal acci\u00f3n puede dar lugar a su expulsi\u00f3n del Programa. Adem\u00e1s, no puede tergiversar o adornar de ninguna manera la relaci\u00f3n entre nosotros y usted, decir que desarrolla nuestros productos, decir que forma parte de  <strong>Tufting Europe<\/strong> o expresar o implicar cualquier relaci\u00f3n o afiliaci\u00f3n entre nosotros y usted o cualquier otra persona o entidad, salvo lo expresamente permitido por este Acuerdo (incluyendo expresar o implicar que apoyamos, patrocinamos, respaldamos o contribuimos con dinero a cualquier organizaci\u00f3n ben\u00e9fica u otra causa).\n\nNo puede comprar productos a trav\u00e9s de sus enlaces de afiliado para su propio uso. Dichas compras pueden dar lugar (a nuestra entera discreci\u00f3n) a la retenci\u00f3n de las comisiones de recomendaci\u00f3n y\/o a la rescisi\u00f3n de este Acuerdo.\n\n<h2>Calendario de pagos<\/h2>\nSiempre y cuando tus ganancias actuales como afiliado sean superiores a <strong> los 20 d\u00f3lares<\/strong>, se te pagar\u00e1 cada mes. Si no has ganado <strong> 20 $<\/strong> desde tu \u00faltimo pago, te pagaremos el mes siguiente despu\u00e9s de haber superado el umbral.\n\n<h2>Definici\u00f3n del cliente<\/h2>\nLos clientes que compren productos a trav\u00e9s de este Programa ser\u00e1n considerados como nuestros clientes. En consecuencia, todas nuestras normas, pol\u00edticas y procedimientos operativos relativos a los pedidos de los clientes, el servicio al cliente y la venta de productos se aplicar\u00e1n a esos clientes. Podemos cambiar nuestras pol\u00edticas y procedimientos operativos en cualquier momento. Por ejemplo, determinaremos los precios que se cobrar\u00e1n por los productos vendidos en el marco de este Programa de acuerdo con nuestras propias pol\u00edticas de precios. Los precios y la disponibilidad de los productos pueden variar de vez en cuando. Debido a que los cambios de precios pueden afectar a los productos que usted tiene listados en su sitio, no debe mostrar los precios de los productos en su sitio. Haremos esfuerzos comercialmente razonables para presentar informaci\u00f3n precisa, pero no podemos garantizar la disponibilidad o el precio de ning\u00fan producto en particular.\n\n<h2>Sus responsabilidades<\/h2>\nUsted ser\u00e1 el \u00fanico responsable del desarrollo, funcionamiento y mantenimiento de su sitio y de todos los materiales que aparezcan en \u00e9l. Por ejemplo, usted ser\u00e1 el \u00fanico responsable de:\n\n&#8211; El funcionamiento t\u00e9cnico de su sitio y todo el equipo relacionado\n&#8211; Garantizar que la exhibici\u00f3n de los Enlaces Especiales en su sitio no viola ning\u00fan acuerdo entre usted y un tercero (incluyendo, sin limitaci\u00f3n, cualquier restricci\u00f3n o requisito que le imponga un tercero que aloje su sitio)\n&#8211; La exactitud, veracidad e idoneidad de los materiales publicados en su sitio web (incluyendo, entre otras cosas, todos los materiales relacionados con el Producto y cualquier informaci\u00f3n que incluya dentro de los Enlaces Especiales o que asocie con ellos)\n&#8211; Garantizar que los materiales publicados en su sitio no violen o infrinjan los derechos de terceros (incluidos, por ejemplo, los derechos de autor, las marcas comerciales, la privacidad u otros derechos personales o de propiedad)\n&#8211; Garantizar que los materiales publicados en su sitio web no son difamatorios ni ilegales por otros motivos\n&#8211; Garantizar que su sitio web revela de forma precisa y adecuada, ya sea a trav\u00e9s de una pol\u00edtica de privacidad o de otro modo, c\u00f3mo recopila, utiliza, almacena y divulga los datos recogidos de los visitantes, incluyendo, en su caso, que terceros (incluidos los anunciantes) pueden servir contenidos y\/o anuncios y recoger informaci\u00f3n directamente de los visitantes y pueden colocar o reconocer cookies en los navegadores de los visitantes.\n\n<h2>Cumplimiento de las leyes<\/h2>\nComo condici\u00f3n para su participaci\u00f3n en el Programa, usted acepta que, mientras sea participante del Programa, cumplir\u00e1 con todas las leyes, ordenanzas, normas, reglamentos, \u00f3rdenes, licencias, permisos, sentencias, decisiones u otros requisitos de cualquier autoridad gubernamental que tenga jurisdicci\u00f3n sobre usted, tanto si esas leyes, etc., est\u00e1n ahora en vigor como si entran posteriormente en vigor durante el tiempo que usted sea participante del Programa. Sin limitar la obligaci\u00f3n anterior, usted acepta que, como condici\u00f3n de su participaci\u00f3n en el Programa, cumplir\u00e1 con todas las leyes aplicables (federales, estatales o de otro tipo) que rigen el correo electr\u00f3nico de marketing, incluyendo, sin limitaci\u00f3n, la Ley CAN-SPAM de 2003 y todas las dem\u00e1s leyes anti-spam.\n\n<h2>Duraci\u00f3n del acuerdo y del programa<\/h2>\nLa duraci\u00f3n de este Acuerdo comenzar\u00e1 cuando aceptemos su solicitud de participaci\u00f3n en el Programa y finalizar\u00e1 cuando cualquiera de las partes lo rescinda. Tanto usted como nosotros podemos rescindir el presente Acuerdo en cualquier momento, con o sin causa, notificando a la otra parte por escrito la rescisi\u00f3n. A la terminaci\u00f3n de este Acuerdo por cualquier motivo, usted dejar\u00e1 inmediatamente de utilizar y eliminar\u00e1 de su sitio todos los enlaces a  <strong>https:\/\/tuftingeurope.com<\/strong>, y todas nuestras marcas comerciales, im\u00e1genes de marca y logotipos, as\u00ed como todos los dem\u00e1s materiales proporcionados por nosotros, o en nuestro nombre, en virtud del presente documento o en relaci\u00f3n con el Programa.  <strong>Tufting Europe<\/strong> se reserva el derecho de finalizar el Programa en cualquier momento. Al finalizar el programa, <strong>Tufting Europe<\/strong> pagar\u00e1 las ganancias pendientes acumuladas por encima de <strong> 20 d\u00f3lares<\/strong>.\n\n<h2>Terminaci\u00f3n<\/h2>\n <strong>Tufting<\/strong><strong>Europe<\/strong>, a su entera discreci\u00f3n, tiene el derecho de suspender o cancelar su cuenta y rechazar cualquier uso actual o futuro del Programa, o de cualquier otro servicio de <strong>Tufting Europe<\/strong>, por cualquier motivo y en cualquier momento. Dicha terminaci\u00f3n del Servicio dar\u00e1 lugar a la desactivaci\u00f3n o eliminaci\u00f3n de su Cuenta o de su acceso a la misma, as\u00ed como a la confiscaci\u00f3n y renuncia de todas las comisiones potenciales o por pagar en su Cuenta si se obtuvieron a trav\u00e9s de m\u00e9todos de venta o marketing fraudulentos, ilegales o excesivamente agresivos y cuestionables.  <strong>Tufting Europe<\/strong> se reserva el derecho de rechazar el servicio a cualquier persona por cualquier motivo y en cualquier momento.\n\n<h2>Relaci\u00f3n de las partes<\/h2>\n\nUsted y nosotros somos contratistas independientes, y nada en este Acuerdo crear\u00e1 una relaci\u00f3n de asociaci\u00f3n, empresa conjunta, agencia, franquicia, representante de ventas o empleo entre las partes. No tendr\u00e1 autoridad para hacer o aceptar ninguna oferta o representaci\u00f3n en nuestro nombre. Usted no har\u00e1 ninguna declaraci\u00f3n, ya sea en su sitio o de otra manera, que razonablemente contradiga cualquier cosa en esta Secci\u00f3n.\n\n<h2>Limitaciones de responsabilidad<\/h2>\n\nNo seremos responsables de los da\u00f1os indirectos, especiales o consecuentes (o cualquier p\u00e9rdida de ingresos, beneficios o datos) que surjan en relaci\u00f3n con este Acuerdo o el Programa, incluso si hemos sido advertidos de la posibilidad de tales da\u00f1os. Adem\u00e1s, nuestra responsabilidad agregada que surja con respecto a este Acuerdo y el Programa no exceder\u00e1 el total de las comisiones de referencia pagadas o pagaderas a usted bajo este Acuerdo.\n\n<h2>Descargo de responsabilidad<\/h2>\n\nNo ofrecemos ninguna garant\u00eda o representaci\u00f3n expresa o impl\u00edcita con respecto al Programa o a cualquier producto vendido a trav\u00e9s del Programa (incluyendo, sin limitaci\u00f3n, las garant\u00edas de idoneidad, comerciabilidad, no infracci\u00f3n, o cualquier garant\u00eda impl\u00edcita que surja de un curso de rendimiento, trato o uso comercial). Adem\u00e1s, no garantizamos que el funcionamiento de <strong>Tufting Europe<\/strong> sea ininterrumpido o est\u00e9 libre de errores, y no seremos responsables de las consecuencias de cualquier interrupci\u00f3n o error.\n\n<h2>Investigaci\u00f3n independiente<\/h2>\nUSTED RECONOCE QUE HA LE\u00cdDO ESTE ACUERDO Y ACEPTA TODOS SUS T\u00c9RMINOS Y CONDICIONES. USTED ENTIENDE QUE PODEMOS EN CUALQUIER MOMENTO (DIRECTA O INDIRECTAMENTE) SOLICITAR REFERENCIAS DE CLIENTES EN CONDICIONES QUE PUEDEN DIFERIR DE LAS CONTENIDAS EN ESTE ACUERDO U OPERAR SITIOS WEB QUE SON SIMILARES O COMPITEN CON SU SITIO WEB. USTED HA EVALUADO DE FORMA INDEPENDIENTE LA CONVENIENCIA DE PARTICIPAR EN EL PROGRAMA Y NO SE BASA EN NINGUNA REPRESENTACI\u00d3N, GARANT\u00cdA O DECLARACI\u00d3N QUE NO SEA LA ESTABLECIDA EN ESTE ACUERDO.\n\n<h2>Arbitraje<\/h2>\nCualquier disputa relacionada de alguna manera con este Acuerdo (incluyendo cualquier incumplimiento real o presunto del mismo), cualquier transacci\u00f3n o actividad bajo este Acuerdo o su relaci\u00f3n con nosotros o cualquiera de nuestras filiales se someter\u00e1 a un arbitraje confidencial, excepto que, en la medida en que usted haya violado o amenazado con violar nuestros derechos de propiedad intelectual, podemos solicitar una medida cautelar u otra reparaci\u00f3n apropiada en cualquier tribunal estatal o federal (y usted acepta la jurisdicci\u00f3n no exclusiva y la sede en dichos tribunales) o cualquier otro tribunal de jurisdicci\u00f3n competente. El arbitraje en virtud de este acuerdo se llevar\u00e1 a cabo seg\u00fan las normas vigentes en ese momento de la Asociaci\u00f3n Americana de Arbitraje. El laudo del \u00e1rbitro ser\u00e1 vinculante y podr\u00e1 ser presentado como una sentencia en cualquier tribunal de jurisdicci\u00f3n competente. En la medida en que lo permita la legislaci\u00f3n aplicable, ning\u00fan arbitraje en virtud de este Acuerdo se unir\u00e1 a un arbitraje que implique a cualquier otra parte sujeta a este Acuerdo, ya sea a trav\u00e9s de procedimientos de arbitraje de clase o de otra manera.\n\n<h2>Varios<\/h2>\nEste Acuerdo se regir\u00e1 por las leyes de los Estados Unidos, sin referencia a las normas que rigen la elecci\u00f3n de las leyes. Usted no puede ceder este Acuerdo, por efecto de la ley o de otra manera, sin nuestro consentimiento previo por escrito. Sin perjuicio de esta restricci\u00f3n, el presente Acuerdo ser\u00e1 vinculante, redundar\u00e1 en beneficio de las partes y de sus respectivos sucesores y cesionarios y ser\u00e1 exigible frente a ellos. El hecho de que no exijamos el estricto cumplimiento de alguna de las disposiciones de este Acuerdo no constituir\u00e1 una renuncia a nuestro derecho de hacer cumplir posteriormente dicha disposici\u00f3n o cualquier otra disposici\u00f3n de este Acuerdo.\n\nEl hecho de que <strong>Tufting<\/strong> Europe no ejerza o haga valer cualquier derecho o disposici\u00f3n de las Condiciones del Servicio no constituir\u00e1 una renuncia a dicho derecho o disposici\u00f3n. Las Condiciones del Servicio constituyen el acuerdo completo entre usted y <strong>Tufting<\/strong> <strong>Europe<\/strong> y rigen su uso del Servicio, sustituyendo cualquier acuerdo anterior entre usted y <strong>Tufting<\/strong> Europe (incluyendo, pero sin limitarse a, cualquier versi\u00f3n anterior de las Condiciones del Servicio).\n","protected":false},"excerpt":{"rendered":"<p>Condiciones del Programa de Afiliaci\u00f3n de Tufting Europe Acuerdo Al inscribirse como afiliado en el Programa de Afiliaci\u00f3n de Tufting Europe (&#8220;Programa&#8221;), usted acepta los siguientes t\u00e9rminos y condiciones (&#8220;Condiciones de Servicio&#8221;). Tufting Europe se reserva el derecho de actualizar y cambiar las Condiciones de Servicio de vez en cuando sin previo aviso. Cualquier nueva<\/p>\n","protected":false},"author":1,"featured_media":0,"parent":0,"menu_order":0,"comment_status":"closed","ping_status":"closed","template":"","meta":{"footnotes":""},"class_list":["post-2436","page","type-page","status-publish","hentry"],"_links":{"self":[{"href":"https:\/\/tuftingeurope.com\/es\/wp-json\/wp\/v2\/pages\/2436","targetHints":{"allow":["GET"]}}],"collection":[{"href":"https:\/\/tuftingeurope.com\/es\/wp-json\/wp\/v2\/pages"}],"about":[{"href":"https:\/\/tuftingeurope.com\/es\/wp-json\/wp\/v2\/types\/page"}],"author":[{"embeddable":true,"href":"https:\/\/tuftingeurope.com\/es\/wp-json\/wp\/v2\/users\/1"}],"replies":[{"embeddable":true,"href":"https:\/\/tuftingeurope.com\/es\/wp-json\/wp\/v2\/comments?post=2436"}],"version-history":[{"count":0,"href":"https:\/\/tuftingeurope.com\/es\/wp-json\/wp\/v2\/pages\/2436\/revisions"}],"wp:attachment":[{"href":"https:\/\/tuftingeurope.com\/es\/wp-json\/wp\/v2\/media?parent=2436"}],"curies":[{"name":"wp","href":"https:\/\/api.w.org\/{rel}","templated":true}]}}