{"id":2437,"date":"2020-12-03T00:08:48","date_gmt":"2020-12-02T23:08:48","guid":{"rendered":"https:\/\/tuftingeurope.com\/sobre-nosotros\/"},"modified":"2025-01-15T15:47:11","modified_gmt":"2025-01-15T14:47:11","slug":"sobre-nosotros","status":"publish","type":"page","link":"https:\/\/tuftingeurope.com\/es\/sobre-nosotros\/","title":{"rendered":"Sobre nosotros"},"content":{"rendered":"\n\t<div class=\"img has-hover x md-x lg-x y md-y lg-y\" id=\"image_645881440\">\n\t\t\t\t\t\t\t\t<div class=\"img-inner dark\" >\n\t\t\t<img fetchpriority=\"high\" decoding=\"async\" width=\"1020\" height=\"680\" src=\"https:\/\/tuftingeurope.com\/wp-content\/uploads\/2025\/01\/Nelson_Tufting-7-1024x683.jpg\" class=\"attachment-large size-large\" alt=\"\" srcset=\"https:\/\/tuftingeurope.com\/wp-content\/uploads\/2025\/01\/Nelson_Tufting-7-1024x683.jpg 1024w, https:\/\/tuftingeurope.com\/wp-content\/uploads\/2025\/01\/Nelson_Tufting-7-300x200.jpg 300w, https:\/\/tuftingeurope.com\/wp-content\/uploads\/2025\/01\/Nelson_Tufting-7-768x512.jpg 768w, https:\/\/tuftingeurope.com\/wp-content\/uploads\/2025\/01\/Nelson_Tufting-7-1536x1024.jpg 1536w, https:\/\/tuftingeurope.com\/wp-content\/uploads\/2025\/01\/Nelson_Tufting-7-2048x1365.jpg 2048w, https:\/\/tuftingeurope.com\/wp-content\/uploads\/2025\/01\/Nelson_Tufting-7-360x240.jpg 360w, https:\/\/tuftingeurope.com\/wp-content\/uploads\/2025\/01\/Nelson_Tufting-7-1000x667.jpg 1000w, https:\/\/tuftingeurope.com\/wp-content\/uploads\/2025\/01\/Nelson_Tufting-7-80x53.jpg 80w\" sizes=\"(max-width: 1020px) 100vw, 1020px\" title=\"\">\t\t\t\t\t\t\n\t\t\t\t\t<\/div>\n\t\t\t\t\t\t\t\t\n<style>\n#image_645881440 {\n  width: 100%;\n}\n<\/style>\n\t<\/div>\n\t\n\n\n\t<section class=\"section\" id=\"section_1623930706\">\n\t\t<div class=\"section-bg fill\" >\n\t\t\t\t\t\t\t\t\t\n\t\t\t\n\n\t\t<\/div>\n\n\t\t\n\n\t\t<div class=\"section-content relative\">\n\t\t\t\n\n\t<div id=\"gap-722957655\" class=\"gap-element clearfix\" style=\"display:block; height:auto;\">\n\t\t\n<style>\n#gap-722957655 {\n  padding-top: 30px;\n}\n<\/style>\n\t<\/div>\n\t\n\n<div class=\"row row-large align-middle align-center\" style=\"max-width:1300px\" id=\"row-1789308550\">\n\n\n\t<div id=\"col-1793039198\" class=\"col medium-12 small-12 large-6\"  >\n\t\t\t\t<div class=\"col-inner\"  >\n\t\t\t\n\t\t\t\n\n<h2>\u00bfA qui\u00e9n?<\/h2>\n<p>En Tufting Europe, nuestra misi\u00f3n es sencilla: hacer que los equipos y suministros para tufting sean accesibles a todos. Ya sea usted un principiante o un artista experimentado en tufting, disponemos de todo lo necesario para sus proyectos\u2014hilos, respaldo para alfombras, bastidores, devanadoras de lana, agujas de tufting, pistolas de tufting y m\u00e1s\u2014todo en un solo lugar. <\/p>\n<p>Al igual que muchos entusiastas del tufting, nos enfrentamos a desaf\u00edos al comenzar: largos tiempos de env\u00edo, tiendas en el extranjero poco fiables y falta de soporte cuando las cosas sal\u00edan mal. Simplemente dese\u00e1bamos crear magn\u00edficas alfombras. Es por eso que fundamos Tufting Europe.  <\/p>\n<p>Somos m\u00e1s que una tienda en l\u00ednea; somos un centro de conocimiento y apoyo para el tufting. Nuestros productos se almacenan en nuestro propio almac\u00e9n y se env\u00edan de manera r\u00e1pida y confiable. <\/p>\n<p>\u00bfTiene preguntas o necesita asesoramiento en su traves\u00eda por el tufting? Estamos aqu\u00ed para ayudarle en cada paso del camino. <\/p>\n<p>Estamos ansiosos por ver las hermosas alfombras que usted crear\u00e1. Comparta su trabajo con nosotros y \u00fanase a la creciente comunidad del tufting.<\/p>\n\t<div id=\"gap-915124548\" class=\"gap-element clearfix\" style=\"display:block; height:auto;\">\n\t\t\n<style>\n#gap-915124548 {\n  padding-top: 75px;\n}\n@media (min-width:850px) {\n  #gap-915124548 {\n    padding-top: 34px;\n  }\n}\n<\/style>\n\t<\/div>\n\t\n\n\n\t\t<\/div>\n\t\t\t\t\n<style>\n#col-1793039198 > .col-inner {\n  padding: 0px 20px 0px 20px;\n  margin: 0px 0px -17px 0px;\n}\n@media (min-width:850px) {\n  #col-1793039198 > .col-inner {\n    padding: 0px 40px 0px 0px;\n  }\n}\n<\/style>\n\t<\/div>\n\n\t\n\n\t<div id=\"col-1216015860\" class=\"col medium-12 small-12 large-6 medium-col-first\"  >\n\t\t\t\t<div class=\"col-inner\"  >\n\t\t\t\n\t\t\t\n\n\n  <div class=\"banner has-hover\" id=\"banner-41541994\">\n          <div class=\"banner-inner fill\">\n        <div class=\"banner-bg fill\" >\n            <img decoding=\"async\" width=\"2560\" height=\"1707\" src=\"https:\/\/tuftingeurope.com\/wp-content\/uploads\/2025\/01\/Nelson_Tufting-14-scaled.jpg\" class=\"bg attachment-original size-original\" alt=\"\" title=\"\">                                    \n                    <\/div>\n\t\t\n        <div class=\"banner-layers container\">\n            <div class=\"fill banner-link\"><\/div>            \n\n\n        <\/div>\n      <\/div>\n\n            \n<style>\n#banner-41541994 {\n  padding-top: 300px;\n  background-color: rgb(255, 239, 234);\n}\n#banner-41541994 .banner-bg img {\n  object-position: 67% 51%;\n}\n@media (min-width:550px) {\n  #banner-41541994 {\n    padding-top: 450px;\n  }\n}\n@media (min-width:850px) {\n  #banner-41541994 {\n    padding-top: 650px;\n  }\n}\n<\/style>\n  <\/div>\n\n\n\n\t\t<\/div>\n\t\t\t\t\n<style>\n#col-1216015860 > .col-inner {\n  padding: 0px 20px 0px 20px;\n}\n<\/style>\n\t<\/div>\n\n\t\n\n<\/div>\n\n\t\t<\/div>\n\n\t\t\n<style>\n#section_1623930706 {\n  padding-top: 60px;\n  padding-bottom: 60px;\n}\n<\/style>\n\t<\/section>\n\t\n\n\t<section class=\"section\" id=\"section_1215718038\">\n\t\t<div class=\"section-bg fill\" >\n\t\t\t\t\t\t\t\t\t\n\t\t\t\n\n\t\t<\/div>\n\n\t\t\n\n\t\t<div class=\"section-content relative\">\n\t\t\t\n\n<div class=\"row\"  id=\"row-818056456\">\n\n\n\t<div id=\"col-277366246\" class=\"col small-12 large-12\"  >\n\t\t\t\t<div class=\"col-inner text-center\"  >\n\t\t\t\n\t\t\t\n\n<h2>&#8220;AINT GOTTA BLUFF,<br> ALL YOU NEED TO TUFT&#8221;.  <\/h2>\n\n\t\t<\/div>\n\t\t\t\t\t<\/div>\n\n\t\n\n<\/div>\n\n\t\t<\/div>\n\n\t\t\n<style>\n#section_1215718038 {\n  padding-top: 50px;\n  padding-bottom: 50px;\n  min-height: 300px;\n}\n<\/style>\n\t<\/section>\n\t\n\n","protected":false},"excerpt":{"rendered":"","protected":false},"author":1,"featured_media":0,"parent":0,"menu_order":0,"comment_status":"closed","ping_status":"closed","template":"","meta":{"footnotes":""},"class_list":["post-2437","page","type-page","status-publish","hentry"],"_links":{"self":[{"href":"https:\/\/tuftingeurope.com\/es\/wp-json\/wp\/v2\/pages\/2437","targetHints":{"allow":["GET"]}}],"collection":[{"href":"https:\/\/tuftingeurope.com\/es\/wp-json\/wp\/v2\/pages"}],"about":[{"href":"https:\/\/tuftingeurope.com\/es\/wp-json\/wp\/v2\/types\/page"}],"author":[{"embeddable":true,"href":"https:\/\/tuftingeurope.com\/es\/wp-json\/wp\/v2\/users\/1"}],"replies":[{"embeddable":true,"href":"https:\/\/tuftingeurope.com\/es\/wp-json\/wp\/v2\/comments?post=2437"}],"version-history":[{"count":0,"href":"https:\/\/tuftingeurope.com\/es\/wp-json\/wp\/v2\/pages\/2437\/revisions"}],"wp:attachment":[{"href":"https:\/\/tuftingeurope.com\/es\/wp-json\/wp\/v2\/media?parent=2437"}],"curies":[{"name":"wp","href":"https:\/\/api.w.org\/{rel}","templated":true}]}}