{"id":2445,"date":"2021-03-24T21:20:43","date_gmt":"2021-03-24T20:20:43","guid":{"rendered":"https:\/\/tuftingeurope.com\/terminos-y-condiciones\/"},"modified":"2025-09-23T16:37:42","modified_gmt":"2025-09-23T14:37:42","slug":"terms-and-conditions","status":"publish","type":"page","link":"https:\/\/tuftingeurope.com\/es\/terms-and-conditions\/","title":{"rendered":"T\u00e9rminos y condiciones"},"content":{"rendered":"\n<p>T\u00c9RMINOS DE SERVICIO<\/p>\n\n<hr class=\"wp-block-separator has-css-opacity\"\/>\n\n<p>DESCRIPCI\u00d3N GENERAL<\/p>\n\n<p>Este sitio web es operado por Tufting Europe. En todo el sitio, los t\u00e9rminos \u201cnosotros\u201d, \u201cnos\u201d y \u201cnuestro\u201d se refieren a Tufting Europe. Tufting Europe ofrece este sitio web, incluyendo toda la informaci\u00f3n, herramientas y servicios disponibles desde este sitio para usted, el usuario, condicionado a su aceptaci\u00f3n de todos los t\u00e9rminos, condiciones, pol\u00edticas y avisos aqu\u00ed establecidos.  <\/p>\n\n<p>Al visitar nuestro sitio y\/o comprar algo de nosotros, usted participa en nuestro \u201cServicio\u201d y acepta estar sujeto a los siguientes t\u00e9rminos y condiciones (\u201cT\u00e9rminos de Servicio\u201d, \u201cT\u00e9rminos\u201d), incluyendo aquellos t\u00e9rminos y condiciones adicionales y pol\u00edticas a los que se hace referencia en este documento y\/o disponibles a trav\u00e9s de hiperv\u00ednculos. Estos T\u00e9rminos de Servicio se aplican a todos los usuarios del sitio, incluyendo, sin limitaci\u00f3n, a los usuarios que son navegadores, proveedores, clientes, comerciantes y\/o colaboradores de contenido. <\/p>\n\n<p>Por favor, lea estos T\u00e9rminos de Servicio cuidadosamente antes de acceder o utilizar nuestro sitio web. Al acceder o utilizar cualquier parte del sitio, usted acepta estar sujeto a estos T\u00e9rminos de Servicio. Si no est\u00e1 de acuerdo con todos los t\u00e9rminos y condiciones de este acuerdo, entonces no podr\u00e1 acceder al sitio web ni utilizar ning\u00fan servicio. Si estos T\u00e9rminos de Servicio se consideran una oferta, la aceptaci\u00f3n est\u00e1 expresamente limitada a estos T\u00e9rminos de Servicio.   <\/p>\n\n<p>Cualquier nueva caracter\u00edstica o herramienta que se a\u00f1ada a la tienda actual tambi\u00e9n estar\u00e1 sujeta a los T\u00e9rminos de Servicio. Puede revisar la versi\u00f3n m\u00e1s actual de los T\u00e9rminos de Servicio en cualquier momento en esta p\u00e1gina. Nos reservamos el derecho de actualizar, cambiar o reemplazar cualquier parte de estos T\u00e9rminos de Servicio mediante la publicaci\u00f3n de actualizaciones y\/o cambios en nuestro sitio web. Es su responsabilidad revisar esta p\u00e1gina peri\u00f3dicamente para comprobar si hay cambios. Su uso continuado o acceso al sitio web tras la publicaci\u00f3n de cualquier cambio constituye la aceptaci\u00f3n de dichos cambios.    <\/p>\n\n<p>SECCI\u00d3N 1 &#8211; T\u00c9RMINOS DE LA TIENDA ONLINE<\/p>\n\n<p>Al aceptar estos T\u00e9rminos de Servicio, usted declara que tiene al menos la mayor\u00eda de edad en su estado o provincia de residencia, o que tiene la mayor\u00eda de edad en su estado o provincia de residencia y nos ha dado su consentimiento para permitir que cualquiera de sus dependientes menores de edad utilice este sitio.<\/p>\n\n<p>No puede utilizar nuestros productos para ning\u00fan prop\u00f3sito ilegal o no autorizado ni puede, en el uso del Servicio, violar ninguna ley en su jurisdicci\u00f3n (incluyendo, pero no limitado a, las leyes de derechos de autor).<\/p>\n\n<p>No debe transmitir ning\u00fan gusano o virus ni ning\u00fan c\u00f3digo de naturaleza destructiva.<\/p>\n\n<p>El incumplimiento o violaci\u00f3n de cualquiera de los T\u00e9rminos resultar\u00e1 en la terminaci\u00f3n inmediata de sus Servicios.<\/p>\n\n<p>SECCI\u00d3N 2 &#8211; CONDICIONES GENERALES<\/p>\n\n<p>Nos reservamos el derecho de rechazar el servicio a cualquier persona por cualquier motivo y en cualquier momento.<\/p>\n\n<p>Usted entiende que su contenido (sin incluir la informaci\u00f3n de la tarjeta de cr\u00e9dito), puede ser transferido sin encriptar e involucrar (a) transmisiones a trav\u00e9s de varias redes; y (b) cambios para ajustarse y adaptarse a los requisitos t\u00e9cnicos de conexi\u00f3n de redes o dispositivos. La informaci\u00f3n de la tarjeta de cr\u00e9dito siempre se encripta durante la transferencia a trav\u00e9s de las redes.   <\/p>\n\n<p>Usted se compromete a no reproducir, duplicar, copiar, vender, revender o explotar ninguna parte del Servicio, el uso del Servicio o el acceso al Servicio o cualquier contacto en el sitio web a trav\u00e9s del cual se proporciona el servicio, sin el permiso expreso por escrito de nuestra parte.<\/p>\n\n<p>Los encabezados utilizados en este acuerdo se incluyen solo por conveniencia y no limitar\u00e1n ni afectar\u00e1n de otro modo estos T\u00e9rminos.<\/p>\n\n<p>SECCI\u00d3N 3 &#8211; EXACTITUD, INTEGRIDAD Y PUNTUALIDAD DE LA INFORMACI\u00d3N<\/p>\n\n<p>No nos hacemos responsables si la informaci\u00f3n disponible en este sitio no es precisa, completa o actual. El material de este sitio se proporciona solo para informaci\u00f3n general y no debe ser utilizado o tomado como la \u00fanica base para tomar decisiones sin consultar fuentes de informaci\u00f3n primarias, m\u00e1s precisas, m\u00e1s completas o m\u00e1s oportunas. Cualquier confianza en el material de este sitio es bajo su propio riesgo.  <\/p>\n\n<p>Este sitio puede contener cierta informaci\u00f3n hist\u00f3rica. La informaci\u00f3n hist\u00f3rica, necesariamente, no es actual y se proporciona solo para su referencia. Nos reservamos el derecho de modificar los contenidos de este sitio en cualquier momento, pero no tenemos la obligaci\u00f3n de actualizar ninguna informaci\u00f3n en nuestro sitio. Usted acepta que es su responsabilidad supervisar los cambios en nuestro sitio.   <\/p>\n\n<p>SECCI\u00d3N 4 &#8211; MODIFICACIONES AL SERVICIO Y A LOS PRECIOS<\/p>\n\n<p>Los precios de nuestros productos est\u00e1n sujetos a cambios sin previo aviso.<\/p>\n\n<p>Nos reservamos el derecho en cualquier momento de modificar o interrumpir el Servicio (o cualquier parte o contenido del mismo) sin previo aviso en cualquier momento.<\/p>\n\n<p>No seremos responsables ante usted ni ante ning\u00fan tercero por ninguna modificaci\u00f3n, cambio de precio, suspensi\u00f3n o interrupci\u00f3n del Servicio.<\/p>\n\n<p>SECCI\u00d3N 5 &#8211; PRODUCTOS O SERVICIOS (si corresponde)<\/p>\n\n<p>Ciertos productos o servicios pueden estar disponibles exclusivamente en l\u00ednea a trav\u00e9s del sitio web. Estos productos o servicios pueden tener cantidades limitadas y est\u00e1n sujetos a devoluci\u00f3n o cambio solo de acuerdo con nuestra Pol\u00edtica de Devoluciones. <\/p>\n\n<p>Hemos hecho todo lo posible para mostrar con la mayor precisi\u00f3n posible los colores e im\u00e1genes de nuestros productos que aparecen en la tienda. No podemos garantizar que la pantalla del monitor de su ordenador muestre con precisi\u00f3n cualquier color. <\/p>\n\n<p>Nos reservamos el derecho, pero no estamos obligados, a limitar las ventas de nuestros productos o Servicios a cualquier persona, regi\u00f3n geogr\u00e1fica o jurisdicci\u00f3n. Podemos ejercer este derecho caso por caso. Nos reservamos el derecho de limitar las cantidades de cualquier producto o servicio que ofrezcamos. Todas las descripciones de los productos o los precios de los productos est\u00e1n sujetos a cambios en cualquier momento sin previo aviso, a nuestra entera discreci\u00f3n. Nos reservamos el derecho de discontinuar cualquier producto en cualquier momento. Cualquier oferta de cualquier producto o servicio realizada en este sitio es nula donde est\u00e9 prohibida.     <\/p>\n\n<p>No garantizamos que la calidad de cualquier producto, servicio, informaci\u00f3n u otro material comprado u obtenido por usted cumpla con sus expectativas, o que cualquier error en el Servicio sea corregido.<\/p>\n\n<p>SECCI\u00d3N 6 &#8211; EXACTITUD DE LA INFORMACI\u00d3N DE FACTURACI\u00d3N Y DE LA CUENTA<\/p>\n\n<p>Nos reservamos el derecho de rechazar cualquier pedido que realice con nosotros. Podemos, a nuestra entera discreci\u00f3n, limitar o cancelar las cantidades compradas por persona, por hogar o por pedido. Estas restricciones pueden incluir pedidos realizados por o bajo la misma cuenta de cliente, la misma tarjeta de cr\u00e9dito y\/o pedidos que utilicen la misma direcci\u00f3n de facturaci\u00f3n y\/o env\u00edo. En el caso de que hagamos un cambio o cancelemos un pedido, podemos intentar notificarle poni\u00e9ndonos en contacto con el correo electr\u00f3nico y\/o la direcci\u00f3n de facturaci\u00f3n\/n\u00famero de tel\u00e9fono proporcionados en el momento en que se realiz\u00f3 el pedido. Nos reservamos el derecho de limitar o prohibir los pedidos que, a nuestro exclusivo criterio, parezcan ser realizados por distribuidores, revendedores o mayoristas.    <\/p>\n\n<p>Usted se compromete a proporcionar informaci\u00f3n de compra y de cuenta actual, completa y precisa para todas las compras realizadas en nuestra tienda. Usted se compromete a actualizar r\u00e1pidamente su cuenta y otra informaci\u00f3n, incluyendo su direcci\u00f3n de correo electr\u00f3nico y los n\u00fameros de tarjeta de cr\u00e9dito y las fechas de caducidad, para que podamos completar sus transacciones y ponernos en contacto con usted seg\u00fan sea necesario. <\/p>\n\n<p>Para m\u00e1s detalles, por favor revise nuestra Pol\u00edtica de Devoluciones.<\/p>\n\n<p>SECCI\u00d3N 7 &#8211; HERRAMIENTAS OPCIONALES<\/p>\n\n<p>Podemos proporcionarle acceso a herramientas de terceros sobre las que no supervisamos ni tenemos ning\u00fan control ni aportaci\u00f3n.<\/p>\n\n<p>Usted reconoce y acepta que proporcionamos acceso a dichas herramientas &#8220;tal cual&#8221; y &#8220;seg\u00fan est\u00e9 disponible&#8221; sin ninguna garant\u00eda, representaci\u00f3n o condici\u00f3n de ning\u00fan tipo y sin ning\u00fan respaldo. No tendremos ninguna responsabilidad derivada de o relacionada con su uso de herramientas opcionales de terceros. <\/p>\n\n<p>Cualquier uso que usted haga de las herramientas opcionales ofrecidas a trav\u00e9s del sitio es enteramente bajo su propio riesgo y discreci\u00f3n y usted debe asegurarse de que est\u00e1 familiarizado y aprueba los t\u00e9rminos en los que las herramientas son proporcionadas por el (los) proveedor(es) externo(s) relevante(s).<\/p>\n\n<p>Tambi\u00e9n podemos, en el futuro, ofrecer nuevos servicios y\/o caracter\u00edsticas a trav\u00e9s del sitio web (incluyendo, el lanzamiento de nuevas herramientas y recursos). Tales nuevas caracter\u00edsticas y\/o servicios tambi\u00e9n estar\u00e1n sujetos a estos T\u00e9rminos de Servicio. <\/p>\n\n<p>SECCI\u00d3N 8 &#8211; ENLACES DE TERCEROS<\/p>\n\n<p>Ciertos contenidos, productos y servicios disponibles a trav\u00e9s de nuestro Servicio pueden incluir materiales de terceros.<\/p>\n\n<p>Los enlaces de terceros en este sitio pueden dirigirle a sitios web de terceros que no est\u00e1n afiliados a nosotros. No somos responsables de examinar o evaluar el contenido o la exactitud y no garantizamos ni tendremos ninguna responsabilidad por ning\u00fan material o sitio web de terceros, ni por ning\u00fan otro material, producto o servicio de terceros. <\/p>\n\n<p>No somos responsables de ning\u00fan da\u00f1o o perjuicio relacionado con la compra o el uso de bienes, servicios, recursos, contenido o cualquier otra transacci\u00f3n realizada en relaci\u00f3n con cualquier sitio web de terceros. Por favor, revise cuidadosamente las pol\u00edticas y pr\u00e1cticas de los terceros y aseg\u00farese de que las entiende antes de participar en cualquier transacci\u00f3n. Las quejas, reclamaciones, preocupaciones o preguntas relativas a los productos de terceros deben dirigirse a los terceros.  <\/p>\n\n<p>SECCI\u00d3N 9 &#8211; COMENTARIOS DE LOS USUARIOS, OPINIONES Y OTRAS PRESENTACIONES<\/p>\n\n<p>Si, a petici\u00f3n nuestra, usted env\u00eda ciertas presentaciones espec\u00edficas (por ejemplo, participaciones en concursos) o sin una petici\u00f3n nuestra, usted env\u00eda ideas creativas, sugerencias, propuestas, planes u otros materiales, ya sea en l\u00ednea, por correo electr\u00f3nico, por correo postal o de otro modo (colectivamente, &#8216;comentarios&#8217;), usted acepta que podamos, en cualquier momento, sin restricci\u00f3n, editar, copiar, publicar, distribuir, traducir y utilizar de otro modo en cualquier medio cualquier comentario que nos env\u00ede. No estamos ni estaremos bajo ninguna obligaci\u00f3n (1) de mantener ning\u00fan comentario en confidencialidad; (2) de pagar una compensaci\u00f3n por cualquier comentario; o (3) de responder a cualquier comentario. <\/p>\n\n<p>Podemos, pero no tenemos la obligaci\u00f3n de, supervisar, editar o eliminar el contenido que determinemos a nuestra entera discreci\u00f3n que es ilegal, ofensivo, amenazante, calumnioso, difamatorio, pornogr\u00e1fico, obsceno o de otro modo objetable o que viola la propiedad intelectual de cualquier parte o estos T\u00e9rminos de Servicio.<\/p>\n\n<p>Usted acepta que sus comentarios no violar\u00e1n ning\u00fan derecho de ning\u00fan tercero, incluyendo los derechos de autor, marca registrada, privacidad, personalidad u otro derecho personal o de propiedad. Adem\u00e1s, acepta que sus comentarios no contendr\u00e1n material calumnioso o de otro modo ilegal, abusivo u obsceno, ni contendr\u00e1n ning\u00fan virus inform\u00e1tico u otro malware que pueda afectar de alguna manera el funcionamiento del Servicio o de cualquier sitio web relacionado. No puede utilizar una direcci\u00f3n de correo electr\u00f3nico falsa, pretender ser otra persona que no sea usted mismo, o de otro modo enga\u00f1arnos a nosotros o a terceros en cuanto al origen de cualquier comentario. Usted es el \u00fanico responsable de cualquier comentario que haga y de su exactitud. No asumimos ninguna responsabilidad por los comentarios publicados por usted o por cualquier tercero.    <\/p>\n\n<p>SECCI\u00d3N 10 &#8211; INFORMACI\u00d3N PERSONAL<\/p>\n\n<p>Su env\u00edo de informaci\u00f3n personal a trav\u00e9s de la tienda se rige por nuestra Pol\u00edtica de Privacidad. Para ver nuestra Pol\u00edtica de Privacidad. <\/p>\n\n<p>SECCI\u00d3N 11 &#8211; ERRORES, INEXACTITUDES Y OMISIONES<\/p>\n\n<p>Ocasionalmente puede haber informaci\u00f3n en nuestro sitio o en el Servicio que contenga errores tipogr\u00e1ficos, inexactitudes u omisiones que puedan estar relacionadas con las descripciones de los productos, los precios, las promociones, las ofertas, los gastos de env\u00edo de los productos, los tiempos de tr\u00e1nsito y la disponibilidad. Nos reservamos el derecho de corregir cualquier error, inexactitud u omisi\u00f3n, y de cambiar o actualizar la informaci\u00f3n o cancelar los pedidos si cualquier informaci\u00f3n en el Servicio o en cualquier sitio web relacionado es inexacta en cualquier momento sin previo aviso (incluso despu\u00e9s de que haya enviado su pedido). <\/p>\n\n<p>No asumimos ninguna obligaci\u00f3n de actualizar, enmendar o aclarar la informaci\u00f3n en el Servicio o en cualquier sitio web relacionado, incluyendo, sin limitaci\u00f3n, la informaci\u00f3n de precios, excepto cuando lo exija la ley. Ninguna fecha de actualizaci\u00f3n o refresco especificada aplicada en el Servicio o en cualquier sitio web relacionado, debe ser tomada para indicar que toda la informaci\u00f3n en el Servicio o en cualquier sitio web relacionado ha sido modificada o actualizada. <\/p>\n\n<p>SECCI\u00d3N 12 &#8211; USOS PROHIBIDOS<\/p>\n\n<p>Adem\u00e1s de otras prohibiciones establecidas en los T\u00e9rminos de Servicio, se le proh\u00edbe utilizar el sitio o su contenido: (a) para cualquier prop\u00f3sito ilegal; (b) para solicitar a otros que realicen o participen en cualquier acto ilegal; (c) para violar cualquier reglamento, norma, ley u ordenanza local internacional, federal, provincial o estatal; (d) para infringir o violar nuestros derechos de propiedad intelectual o los derechos de propiedad intelectual de otros; (e) para acosar, abusar, insultar, da\u00f1ar, difamar, calumniar, menospreciar, intimidar o discriminar por motivos de g\u00e9nero, orientaci\u00f3n sexual, religi\u00f3n, etnia, raza, edad, origen nacional o discapacidad; (f) para presentar informaci\u00f3n falsa o enga\u00f1osa; (g) para cargar o transmitir virus o cualquier otro tipo de c\u00f3digo malicioso que se utilice o pueda utilizarse de cualquier manera que afecte a la funcionalidad o al funcionamiento del Servicio o de cualquier sitio web relacionado, otros sitios web o Internet; (h) para recopilar o rastrear la informaci\u00f3n personal de otros; (i) para enviar spam, phish, pharm, pretext, spider, crawl o scrape; (j) para cualquier prop\u00f3sito obsceno o inmoral; o (k) para interferir o eludir las caracter\u00edsticas de seguridad del Servicio o de cualquier sitio web relacionado, otros sitios web o Internet. Nos reservamos el derecho de terminar su uso del Servicio o de cualquier sitio web relacionado por violar cualquiera de los usos prohibidos.            <\/p>\n\n<p>SECCI\u00d3N 13 &#8211; EXCLUSI\u00d3N DE GARANT\u00cdAS; LIMITACI\u00d3N DE RESPONSABILIDAD<\/p>\n\n<p>No garantizamos, representamos ni aseguramos que su uso de nuestro servicio sea ininterrumpido, oportuno, seguro o libre de errores.<\/p>\n\n<p>No garantizamos que los resultados que puedan obtenerse del uso del servicio sean precisos o fiables.<\/p>\n\n<p>Usted acepta que de vez en cuando podemos eliminar el servicio por per\u00edodos indefinidos de tiempo o cancelar el servicio en cualquier momento, sin previo aviso.<\/p>\n\n<p>Usted acepta expresamente que su uso de, o la imposibilidad de usar, el servicio es bajo su propio riesgo. El servicio y todos los productos y servicios que se le entregan a trav\u00e9s del servicio se proporcionan (excepto que se indique expresamente por nosotros) &#8216;tal cual&#8217; y &#8216;seg\u00fan est\u00e9 disponible&#8217; para su uso, sin ninguna representaci\u00f3n, garant\u00eda o condici\u00f3n de ning\u00fan tipo, ya sea expresa o impl\u00edcita, incluyendo todas las garant\u00edas o condiciones impl\u00edcitas de comerciabilidad, calidad comercial, idoneidad para un prop\u00f3sito particular, durabilidad, t\u00edtulo y no infracci\u00f3n. <\/p>\n\n<p>En ning\u00fan caso Tufting Europe, nuestros directores, funcionarios, empleados, afiliados, agentes, contratistas, becarios, proveedores, proveedores de servicios o licenciantes ser\u00e1n responsables de cualquier lesi\u00f3n, p\u00e9rdida, reclamaci\u00f3n o cualquier da\u00f1o directo, indirecto, incidental, punitivo, especial o consecuente de cualquier tipo, incluyendo, sin limitaci\u00f3n, la p\u00e9rdida de beneficios, la p\u00e9rdida de ingresos, la p\u00e9rdida de ahorros, la p\u00e9rdida de datos, los costos de reemplazo o cualquier da\u00f1o similar, ya sea basado en el contrato, agravio (incluyendo negligencia), responsabilidad estricta o de otro modo, que surja de su uso de cualquiera de los servicios o cualquier producto adquirido utilizando el servicio, o por cualquier otra reclamaci\u00f3n relacionada de alguna manera con su uso del servicio o cualquier producto, incluyendo, pero no limitado a, cualquier error u omisi\u00f3n en cualquier contenido, o cualquier p\u00e9rdida o da\u00f1o de cualquier tipo incurrido como resultado del uso del servicio o cualquier contenido (o producto) publicado, transmitido o puesto a disposici\u00f3n a trav\u00e9s del servicio, incluso si se advierte de su posibilidad. Debido a que algunos estados o jurisdicciones no permiten la exclusi\u00f3n o la limitaci\u00f3n de la responsabilidad por da\u00f1os consecuentes o incidentales, en tales estados o jurisdicciones, nuestra responsabilidad se limitar\u00e1 a la m\u00e1xima medida permitida por la ley. <\/p>\n\n<p>SECCI\u00d3N 14 &#8211; INDEMNIZACI\u00d3N<\/p>\n\n<p>Usted se compromete a indemnizar, defender y mantener indemne a Tufting Europe y a nuestra matriz, subsidiarias, filiales, socios, funcionarios, directores, agentes, contratistas, licenciantes, proveedores de servicios, subcontratistas, proveedores, becarios y empleados, de cualquier reclamaci\u00f3n o demanda, incluyendo los honorarios razonables de los abogados, realizada por cualquier tercero debido a o como resultado de su incumplimiento de estos T\u00e9rminos de Servicio o de los documentos que incorporan por referencia, o de su violaci\u00f3n de cualquier ley o de los derechos de un tercero.<\/p>\n\n<p>SECCI\u00d3N 15 &#8211; DIVISIBILIDAD<\/p>\n\n<p>En el caso de que cualquier disposici\u00f3n de estos T\u00e9rminos de Servicio se determine que es ilegal, nula o inaplicable, dicha disposici\u00f3n ser\u00e1, no obstante, aplicable en la m\u00e1xima medida permitida por la ley aplicable, y la parte inaplicable se considerar\u00e1 separada de estos T\u00e9rminos de Servicio, dicha determinaci\u00f3n no afectar\u00e1 a la validez y aplicabilidad de cualquier otra disposici\u00f3n restante.<\/p>\n\n<p>SECCI\u00d3N 16 &#8211; TERMINACI\u00d3N<\/p>\n\n<p>Las obligaciones y responsabilidades de las partes incurridas antes de la fecha de terminaci\u00f3n sobrevivir\u00e1n a la terminaci\u00f3n de este acuerdo para todos los prop\u00f3sitos.<\/p>\n\n<p>Estos T\u00e9rminos de Servicio son efectivos a menos que y hasta que sean terminados por usted o por nosotros. Usted puede terminar estos T\u00e9rminos de Servicio en cualquier momento notific\u00e1ndonos que ya no desea utilizar nuestros Servicios, o cuando deje de utilizar nuestro sitio. <\/p>\n\n<p>Si a nuestro exclusivo criterio usted incumple, o sospechamos que ha incumplido, cualquier t\u00e9rmino o disposici\u00f3n de estos T\u00e9rminos de Servicio, tambi\u00e9n podemos rescindir este acuerdo en cualquier momento sin previo aviso y usted seguir\u00e1 siendo responsable de todos los importes adeudados hasta la fecha de rescisi\u00f3n inclusive; y\/o, en consecuencia, podemos denegarle el acceso a nuestros Servicios (o a cualquier parte de los mismos).<\/p>\n\n<p>SECCI\u00d3N 17 &#8211; ACUERDO COMPLETO<\/p>\n\n<p>El hecho de que no ejerzamos o hagamos valer cualquier derecho o disposici\u00f3n de estos T\u00e9rminos de Servicio no constituir\u00e1 una renuncia a dicho derecho o disposici\u00f3n.<\/p>\n\n<p>Estos T\u00e9rminos de Servicio y cualquier pol\u00edtica o norma operativa publicada por nosotros en este sitio o con respecto al Servicio constituyen el acuerdo y entendimiento completo entre usted y nosotros y rigen su uso del Servicio, sustituyendo cualquier acuerdo, comunicaci\u00f3n y propuesta anterior o contempor\u00e1nea, ya sea oral o escrita, entre usted y nosotros (incluyendo, pero no limitado a, cualquier versi\u00f3n anterior de los T\u00e9rminos de Servicio).<\/p>\n\n<p>Cualquier ambig\u00fcedad en la interpretaci\u00f3n de estos T\u00e9rminos de Servicio no se interpretar\u00e1 en contra de la parte redactora.<\/p>\n\n<p>SECCI\u00d3N 18 &#8211; LEY APLICABLE<\/p>\n\n<p>Estos T\u00e9rminos de Servicio y cualquier acuerdo separado por el cual le proporcionemos Servicios se regir\u00e1n e interpretar\u00e1n de acuerdo con las leyes de Johan van Hasseltweg 12B, \u00c1msterdam, 1022 WV, Pa\u00edses Bajos.<\/p>\n\n<p>SECCI\u00d3N 19 &#8211; CAMBIOS EN LOS T\u00c9RMINOS DE SERVICIO<\/p>\n\n<p>Puede revisar la versi\u00f3n m\u00e1s actual de los T\u00e9rminos de Servicio en cualquier momento en esta p\u00e1gina.<\/p>\n\n<p>Nos reservamos el derecho, a nuestra entera discreci\u00f3n, de actualizar, cambiar o reemplazar cualquier parte de estos T\u00e9rminos de Servicio mediante la publicaci\u00f3n de actualizaciones y cambios en nuestro sitio web. Es su responsabilidad revisar nuestro sitio web peri\u00f3dicamente para verificar si hay cambios. Su uso continuado o acceso a nuestro sitio web o al Servicio despu\u00e9s de la publicaci\u00f3n de cualquier cambio en estos T\u00e9rminos de Servicio constituye la aceptaci\u00f3n de dichos cambios.  <\/p>\n\n<p>SECCI\u00d3N 20 &#8211; INFORMACI\u00d3N DE CONTACTO<\/p>\n\n<p>Las preguntas sobre los T\u00e9rminos de Servicio deben enviarse a info@tuftingeurope.com.<\/p>\n","protected":false},"excerpt":{"rendered":"<p>T\u00c9RMINOS DE SERVICIO DESCRIPCI\u00d3N GENERAL Este sitio web es operado por Tufting Europe. En todo el sitio, los t\u00e9rminos \u201cnosotros\u201d, \u201cnos\u201d y \u201cnuestro\u201d se refieren a Tufting Europe. Tufting Europe ofrece este sitio web, incluyendo toda la informaci\u00f3n, herramientas y servicios disponibles desde este sitio para usted, el usuario, condicionado a su aceptaci\u00f3n de todos<\/p>\n","protected":false},"author":1,"featured_media":0,"parent":0,"menu_order":0,"comment_status":"closed","ping_status":"closed","template":"","meta":{"footnotes":""},"class_list":["post-2445","page","type-page","status-publish","hentry"],"_links":{"self":[{"href":"https:\/\/tuftingeurope.com\/es\/wp-json\/wp\/v2\/pages\/2445","targetHints":{"allow":["GET"]}}],"collection":[{"href":"https:\/\/tuftingeurope.com\/es\/wp-json\/wp\/v2\/pages"}],"about":[{"href":"https:\/\/tuftingeurope.com\/es\/wp-json\/wp\/v2\/types\/page"}],"author":[{"embeddable":true,"href":"https:\/\/tuftingeurope.com\/es\/wp-json\/wp\/v2\/users\/1"}],"replies":[{"embeddable":true,"href":"https:\/\/tuftingeurope.com\/es\/wp-json\/wp\/v2\/comments?post=2445"}],"version-history":[{"count":2,"href":"https:\/\/tuftingeurope.com\/es\/wp-json\/wp\/v2\/pages\/2445\/revisions"}],"predecessor-version":[{"id":70121,"href":"https:\/\/tuftingeurope.com\/es\/wp-json\/wp\/v2\/pages\/2445\/revisions\/70121"}],"wp:attachment":[{"href":"https:\/\/tuftingeurope.com\/es\/wp-json\/wp\/v2\/media?parent=2445"}],"curies":[{"name":"wp","href":"https:\/\/api.w.org\/{rel}","templated":true}]}}