{"id":2450,"date":"2021-03-24T21:27:45","date_gmt":"2021-03-24T20:27:45","guid":{"rendered":"https:\/\/tuftingeurope.com\/politica-de-reembolso\/"},"modified":"2024-07-27T19:32:18","modified_gmt":"2024-07-27T17:32:18","slug":"politica-de-reembolso","status":"publish","type":"page","link":"https:\/\/tuftingeurope.com\/es\/politica-de-reembolso\/","title":{"rendered":"Pol\u00edtica de devoluciones"},"content":{"rendered":"\n<p>DEVOLUCIONES<\/p>\n\n<hr class=\"wp-block-separator\"\/>\n\n<p>Nuestra pol\u00edtica dura 14 d\u00edas.\nSi han pasado 14 d\u00edas desde tu compra, lamentablemente no podemos ofrecerte un reembolso o cambio. <\/p>\n\n<p>Para poder optar a una devoluci\u00f3n, tu art\u00edculo debe estar sin usar y en las mismas condiciones en las que lo recibiste.\nCuando devuelvas una pistola de mechones, aseg\u00farate de que est\u00e1 bien embalada para que no sufra da\u00f1os. <\/p>\n\n<p>Para completar tu devoluci\u00f3n, necesitamos un recibo o prueba de compra.<\/p>\n\n<p>Hay determinadas situaciones en las que s\u00f3lo se conceden devoluciones parciales: (si procede)<\/p>\n\n<ul class=\"wp-block-list\"><li>Cualquier art\u00edculo que se devuelva m\u00e1s de 30 d\u00edas despu\u00e9s de la entrega<\/li><li>cualquier elemento que se utilice.<\/li><\/ul>\n\n<p><strong>Reembolsos (si procede)<\/strong><br\/>Una vez recibida e inspeccionada tu devoluci\u00f3n, te enviaremos un correo electr\u00f3nico para notificarte que hemos recibido tu art\u00edculo devuelto.\nTambi\u00e9n te notificaremos la aprobaci\u00f3n o rechazo de tu reembolso.<br\/>Si se aprueba, se procesar\u00e1 tu reembolso y se aplicar\u00e1 autom\u00e1ticamente un cr\u00e9dito a tu tarjeta de cr\u00e9dito o m\u00e9todo de pago original, en un plazo determinado de d\u00edas. <\/p>\n\n<p><strong>Cambios<\/strong><br\/>S\u00f3lo cambiamos art\u00edculos si est\u00e1n defectuosos o da\u00f1ados.\nSi necesitas cambiarlo por el mismo art\u00edculo, env\u00edanos un correo electr\u00f3nico a info@tuftingeurope.com y env\u00eda tu art\u00edculo a:   <\/p>\n\n<p>Tufting Europe<br\/>Coolhaven 136D<br\/>Rotterdam<br\/>3024AK<br\/>Pa\u00edses Bajos.<\/p>\n\n<p>Ser\u00e1s responsable de pagar tus propios gastos de env\u00edo para devolvernos el art\u00edculo.\nLos gastos de env\u00edo no son reembolsables. <\/p>\n\n<p>Si vas a enviar un art\u00edculo caro, considera la posibilidad de utilizar un servicio de env\u00edo con seguimiento o de contratar un seguro de env\u00edo.\nNo garantizamos que recibamos tu art\u00edculo devuelto. <\/p>\n","protected":false},"excerpt":{"rendered":"<p>DEVOLUCIONES Nuestra pol\u00edtica dura 14 d\u00edas. Si han pasado 14 d\u00edas desde tu compra, lamentablemente no podemos ofrecerte un reembolso o cambio. Para poder optar a una devoluci\u00f3n, tu art\u00edculo debe estar sin usar y en las mismas condiciones en las que lo recibiste. Cuando devuelvas una pistola de mechones, aseg\u00farate de que est\u00e1 bien<\/p>\n","protected":false},"author":1,"featured_media":0,"parent":0,"menu_order":0,"comment_status":"closed","ping_status":"closed","template":"","meta":{"footnotes":""},"class_list":["post-2450","page","type-page","status-publish","hentry"],"_links":{"self":[{"href":"https:\/\/tuftingeurope.com\/es\/wp-json\/wp\/v2\/pages\/2450","targetHints":{"allow":["GET"]}}],"collection":[{"href":"https:\/\/tuftingeurope.com\/es\/wp-json\/wp\/v2\/pages"}],"about":[{"href":"https:\/\/tuftingeurope.com\/es\/wp-json\/wp\/v2\/types\/page"}],"author":[{"embeddable":true,"href":"https:\/\/tuftingeurope.com\/es\/wp-json\/wp\/v2\/users\/1"}],"replies":[{"embeddable":true,"href":"https:\/\/tuftingeurope.com\/es\/wp-json\/wp\/v2\/comments?post=2450"}],"version-history":[{"count":0,"href":"https:\/\/tuftingeurope.com\/es\/wp-json\/wp\/v2\/pages\/2450\/revisions"}],"wp:attachment":[{"href":"https:\/\/tuftingeurope.com\/es\/wp-json\/wp\/v2\/media?parent=2450"}],"curies":[{"name":"wp","href":"https:\/\/api.w.org\/{rel}","templated":true}]}}