{"id":2478,"date":"2021-01-28T23:09:30","date_gmt":"2021-01-28T21:09:30","guid":{"rendered":"https:\/\/tuftingeurope.com\/politica-de-privacidad\/"},"modified":"2025-01-20T12:53:12","modified_gmt":"2025-01-20T11:53:12","slug":"politica-de-privacidad","status":"publish","type":"page","link":"https:\/\/tuftingeurope.com\/es\/politica-de-privacidad\/","title":{"rendered":"Pol\u00edtica de Privacidad de Tufting Europe"},"content":{"rendered":"\n<h2 class=\"wp-block-heading\"><\/h2>\n\n<p>Tufting Europe opera el sitio web https:\/\/tuftingeurope.com\/, que proporciona el SERVICIO.<\/p>\n\n<p>Esta p\u00e1gina se utiliza para informar a los visitantes del sitio web sobre nuestras pol\u00edticas con respecto a la recopilaci\u00f3n, uso y divulgaci\u00f3n de Informaci\u00f3n Personal si alguien decide utilizar nuestro Servicio, el sitio web de Tufting Europe.<\/p>\n\n<p>Si opta por utilizar nuestro Servicio, entonces acepta la recopilaci\u00f3n y uso de informaci\u00f3n en relaci\u00f3n con esta pol\u00edtica. La Informaci\u00f3n Personal que recopilamos se utiliza para proporcionar y mejorar el Servicio. No utilizaremos ni compartiremos su informaci\u00f3n con nadie excepto como se describe en esta Pol\u00edtica de Privacidad.   <\/p>\n\n<p>Si paga con Klarna, por favor <strong><a href=\"https:\/\/www.klarna.com\/international\/privacy-policy\/\" class=\"rank-math-link\" target=\"_blank\" rel=\"noopener\">lea su pol\u00edtica de privacidad aqu\u00ed<\/a><\/strong>.<\/p>\n\n<h2 class=\"wp-block-heading\">Recopilaci\u00f3n y Uso de Informaci\u00f3n<\/h2>\n\n<p>Para una mejor experiencia al utilizar nuestro Servicio, podemos requerir que nos proporcione cierta informaci\u00f3n de identificaci\u00f3n personal, incluyendo, pero no limitado a, su nombre, n\u00famero de tel\u00e9fono y direcci\u00f3n postal. La informaci\u00f3n que recopilamos se utilizar\u00e1 para contactarlo o identificarlo. <\/p>\n\n<h2 class=\"wp-block-heading\">Datos de Registro<\/h2>\n\n<p>Deseamos informarle que cada vez que visita nuestro Servicio, recopilamos informaci\u00f3n que su navegador nos env\u00eda, denominada Datos de Registro. Estos Datos de Registro pueden incluir informaci\u00f3n como la direcci\u00f3n de Protocolo de Internet (&#8220;IP&#8221;) de su computadora, versi\u00f3n del navegador, p\u00e1ginas de nuestro Servicio que visita, la hora y fecha de su visita, el tiempo dedicado a esas p\u00e1ginas y otras estad\u00edsticas. <\/p>\n\n<h2 class=\"wp-block-heading\">Cookies<\/h2>\n\n<p>Las cookies son archivos con una peque\u00f1a cantidad de datos que se utilizan com\u00fanmente como identificador \u00fanico an\u00f3nimo. Estos se env\u00edan a su navegador desde el sitio web que visita y se almacenan en el disco duro de su computadora. <\/p>\n\n<p>Nuestro sitio web utiliza estas &#8220;cookies&#8221; para recopilar informaci\u00f3n y mejorar nuestro Servicio. Usted tiene la opci\u00f3n de aceptar o rechazar estas cookies, y saber cu\u00e1ndo se est\u00e1 enviando una cookie a su computadora. Si elige rechazar nuestras cookies, es posible que no pueda utilizar algunas partes de nuestro Servicio.  <\/p>\n\n<p>Para obtener informaci\u00f3n m\u00e1s general sobre las cookies, por favor lea <a href=\"https:\/\/www.cookieconsent.com\/what-are-cookies\/\" target=\"_blank\" rel=\"noopener\">&#8220;Qu\u00e9 Son las Cookies&#8221;<\/a>.<\/p>\n\n<h2 class=\"wp-block-heading\">Proveedores de Servicios<\/h2>\n\n<p>Podemos emplear empresas e individuos de terceros debido a las siguientes razones:<\/p>\n\n<ul class=\"wp-block-list\"><li>Para facilitar nuestro Servicio;<\/li><li>Para proporcionar el Servicio en nuestro nombre;<\/li><li>Para realizar servicios relacionados con el Servicio; o<\/li><li>Para ayudarnos a analizar c\u00f3mo se utiliza nuestro Servicio.<\/li><\/ul>\n\n<p>Deseamos informar a los usuarios de nuestro Servicio que estos terceros tienen acceso a su Informaci\u00f3n Personal. La raz\u00f3n es para realizar las tareas que se les asignan en nuestro nombre. Sin embargo, est\u00e1n obligados a no divulgar ni utilizar la informaci\u00f3n para ning\u00fan otro prop\u00f3sito.  <\/p>\n\n<h2 class=\"wp-block-heading\">Seguridad<\/h2>\n\n<p>Valoramos su confianza al proporcionarnos su Informaci\u00f3n Personal, por lo tanto, nos esforzamos por utilizar medios comercialmente aceptables para protegerla. Pero recuerde que ning\u00fan m\u00e9todo de transmisi\u00f3n por Internet o m\u00e9todo de almacenamiento electr\u00f3nico es 100% seguro y confiable, y no podemos garantizar su seguridad absoluta. <\/p>\n\n<h2 class=\"wp-block-heading\">Enlaces a Otros Sitios<\/h2>\n\n<p>Nuestro Servicio puede contener enlaces a otros sitios. Si hace clic en un enlace de un tercero, ser\u00e1 dirigido a ese sitio. Tenga en cuenta que estos sitios externos no son operados por nosotros. Por lo tanto, le recomendamos encarecidamente que revise la Pol\u00edtica de Privacidad de estos sitios web. No tenemos control sobre, ni asumimos responsabilidad por el contenido, pol\u00edticas de privacidad o pr\u00e1cticas de sitios o servicios de terceros.    <\/p>\n\n<p>Privacidad de los Ni\u00f1os<\/p>\n\n<p>Nuestros Servicios no se dirigen a personas menores de 13 a\u00f1os. No recopilamos conscientemente informaci\u00f3n de identificaci\u00f3n personal de ni\u00f1os menores de 13 a\u00f1os. En caso de que descubramos que un ni\u00f1o menor de 13 a\u00f1os nos ha proporcionado informaci\u00f3n personal, la eliminamos inmediatamente de nuestros servidores. Si usted es padre o tutor y tiene conocimiento de que su hijo nos ha proporcionado informaci\u00f3n personal, por favor cont\u00e1ctenos para que podamos tomar las acciones necesarias.   <\/p>\n\n<h2 class=\"wp-block-heading\">Cambios a Esta Pol\u00edtica de Privacidad<\/h2>\n\n<p>Podemos actualizar nuestra Pol\u00edtica de Privacidad peri\u00f3dicamente. Por lo tanto, le aconsejamos que revise esta p\u00e1gina peri\u00f3dicamente para cualquier cambio. Le notificaremos de cualquier cambio publicando la nueva Pol\u00edtica de Privacidad en esta p\u00e1gina. Estos cambios son efectivos inmediatamente despu\u00e9s de ser publicados en esta p\u00e1gina.   <\/p>\n\n<h2 class=\"wp-block-heading\">Cont\u00e1ctenos<\/h2>\n\n<p>Si tiene alguna pregunta o sugerencia sobre nuestra Pol\u00edtica de Privacidad, no dude en contactarnos.<\/p>\n","protected":false},"excerpt":{"rendered":"<p>Tufting Europe opera el sitio web https:\/\/tuftingeurope.com\/, que proporciona el SERVICIO. Esta p\u00e1gina se utiliza para informar a los visitantes del sitio web sobre nuestras pol\u00edticas con respecto a la recopilaci\u00f3n, uso y divulgaci\u00f3n de Informaci\u00f3n Personal si alguien decide utilizar nuestro Servicio, el sitio web de Tufting Europe. Si opta por utilizar nuestro Servicio,<\/p>\n","protected":false},"author":1,"featured_media":0,"parent":0,"menu_order":0,"comment_status":"closed","ping_status":"closed","template":"","meta":{"footnotes":""},"class_list":["post-2478","page","type-page","status-publish","hentry"],"_links":{"self":[{"href":"https:\/\/tuftingeurope.com\/es\/wp-json\/wp\/v2\/pages\/2478","targetHints":{"allow":["GET"]}}],"collection":[{"href":"https:\/\/tuftingeurope.com\/es\/wp-json\/wp\/v2\/pages"}],"about":[{"href":"https:\/\/tuftingeurope.com\/es\/wp-json\/wp\/v2\/types\/page"}],"author":[{"embeddable":true,"href":"https:\/\/tuftingeurope.com\/es\/wp-json\/wp\/v2\/users\/1"}],"replies":[{"embeddable":true,"href":"https:\/\/tuftingeurope.com\/es\/wp-json\/wp\/v2\/comments?post=2478"}],"version-history":[{"count":0,"href":"https:\/\/tuftingeurope.com\/es\/wp-json\/wp\/v2\/pages\/2478\/revisions"}],"wp:attachment":[{"href":"https:\/\/tuftingeurope.com\/es\/wp-json\/wp\/v2\/media?parent=2478"}],"curies":[{"name":"wp","href":"https:\/\/api.w.org\/{rel}","templated":true}]}}