{"id":33912,"date":"2023-09-22T12:01:26","date_gmt":"2023-09-22T10:01:26","guid":{"rendered":"https:\/\/tuftingeurope.com\/reparaciones\/"},"modified":"2025-09-23T16:45:57","modified_gmt":"2025-09-23T14:45:57","slug":"repairs","status":"publish","type":"page","link":"https:\/\/tuftingeurope.com\/es\/repairs\/","title":{"rendered":"Servicio"},"content":{"rendered":"\n\n\t<section class=\"section\" id=\"section_427573906\">\n\t\t<div class=\"section-bg fill\" >\n\t\t\t\t\t\t\t\t\t\n\t\t\t\n\n\t\t<\/div>\n\n\t\t\n\n\t\t<div class=\"section-content relative\">\n\t\t\t\n\n<div class=\"row\"  id=\"row-184670176\">\n\n\n\t<div id=\"col-1426318076\" class=\"col small-12 large-12\"  >\n\t\t\t\t<div class=\"col-inner\"  >\n\t\t\t\n\t\t\t\n\n\t<div id=\"text-1154200606\" class=\"text\">\n\t\t\n\n\n\t\t\n<style>\n#text-1154200606 {\n  font-size: 1rem;\n}\n<\/style>\n\t<\/div>\n\t\n<h2><strong>Reparaciones de M\u00e1quinas de Tufting<\/strong><\/h2>\n<h3>Solo reparamos m\u00e1quinas de tufting compradas en TuftingEurope.com<\/h3>\n<p>A veces suceden cosas. Y por supuesto, est\u00e1s en medio de una fecha l\u00edmite para un cliente. Afortunadamente, ofrecemos reparaciones internas. Cont\u00e1ctanos para programar una reparaci\u00f3n o solicitar un presupuesto. \u00a1Estamos aqu\u00ed para mantener tu m\u00e1quina funcionando sin problemas!    <\/p>\n<div data-gorgias-contact-form-uid=\"tzik3dgn\"><\/div>\n<p><script defer src=\"https:\/\/contact.gorgias.help\/api\/contact-forms\/loader.js?v=2\" data-gorgias-loader-contact-form=\"\"><\/script><\/p>\n\n\n\t\t<\/div>\n\t\t\t\t\t<\/div>\n\n\t\n\n<\/div>\n<div class=\"text-center\"><div class=\"is-divider divider clearfix\" style=\"max-width:500px;background-color:rgb(0, 0, 0);\"><\/div><\/div>\n\n<div class=\"row\"  id=\"row-205619792\">\n\n\n\t<div id=\"col-1180387820\" class=\"col medium-6 small-12 large-6\"  >\n\t\t\t\t<div class=\"col-inner\"  >\n\t\t\t\n\t\t\t\n\n\t<div id=\"text-2979467103\" class=\"text\">\n\t\t\n\n<h3>Piezas de calidad:  <\/h3>\n<p>\nUtilizamos \u00fanicamente piezas de repuesto frescas y de primera calidad para garantizar la longevidad y el rendimiento \u00f3ptimo de sus m\u00e1quinas de tufting.<\/p>\n\t\t\n<style>\n#text-2979467103 {\n  text-align: center;\n  color: rgb(0,0,0);\n}\n#text-2979467103 > * {\n  color: rgb(0,0,0);\n}\n<\/style>\n\t<\/div>\n\t\n\t<div id=\"text-3858750146\" class=\"text\">\n\t\t\n\n<h3>Precios transparentes:<\/h3>\n<p>\nCreemos en la transparencia, por eso ofrecemos precios claros y competitivos para todos nuestros servicios de reparaci\u00f3n. Sin cargos ocultos ni sorpresas: s\u00f3lo precios honestos y directos.<\/p>\n\t\t\n<style>\n#text-3858750146 {\n  text-align: center;\n  color: rgb(0,0,0);\n}\n#text-3858750146 > * {\n  color: rgb(0,0,0);\n}\n<\/style>\n\t<\/div>\n\t\n\n\t\t<\/div>\n\t\t\t\t\t<\/div>\n\n\t\n\n\t<div id=\"col-73689469\" class=\"col medium-6 small-12 large-6\"  >\n\t\t\t\t<div class=\"col-inner\"  >\n\t\t\t\n\t\t\t\n\n\t<div id=\"text-3582927276\" class=\"text\">\n\t\t\n\n<h3>Etiqueta de devoluci\u00f3n y entrega:  <\/h3>\n<p>\nProporcionamos etiquetas de env\u00edo sin complicaciones: s\u00f3lo tienes que embalar tu m\u00e1quina de forma segura y dejarla en cualquier oficina de correos admitida.<\/p>\n\t\t\n<style>\n#text-3582927276 {\n  text-align: center;\n  color: rgb(0,0,0);\n}\n#text-3582927276 > * {\n  color: rgb(0,0,0);\n}\n<\/style>\n\t<\/div>\n\t\n\t<div id=\"text-2244958195\" class=\"text\">\n\t\t\n\n<h3>Conocemos nuestras m\u00e1quinas:  <\/h3>\n<p>Nuestros t\u00e9cnicos cualificados saben exactamente c\u00f3mo funciona una m\u00e1quina de tufting. Con 5 a\u00f1os de experiencia a nuestras espaldas, puedes confiar en que tu equipo est\u00e1 en buenas manos.<\/p>\n\t\t\n<style>\n#text-2244958195 {\n  text-align: center;\n  color: rgb(0,0,0);\n}\n#text-2244958195 > * {\n  color: rgb(0,0,0);\n}\n<\/style>\n\t<\/div>\n\t\n\n\t\t<\/div>\n\t\t\t\t\t<\/div>\n\n\t\n\n<\/div>\n\n\t\t<\/div>\n\n\t\t\n<style>\n#section_427573906 {\n  padding-top: 30px;\n  padding-bottom: 30px;\n}\n<\/style>\n\t<\/section>\n\t\n\n","protected":false},"excerpt":{"rendered":"","protected":false},"author":1,"featured_media":0,"parent":0,"menu_order":0,"comment_status":"closed","ping_status":"closed","template":"page-blank.php","meta":{"footnotes":""},"class_list":["post-33912","page","type-page","status-publish","hentry"],"_links":{"self":[{"href":"https:\/\/tuftingeurope.com\/es\/wp-json\/wp\/v2\/pages\/33912","targetHints":{"allow":["GET"]}}],"collection":[{"href":"https:\/\/tuftingeurope.com\/es\/wp-json\/wp\/v2\/pages"}],"about":[{"href":"https:\/\/tuftingeurope.com\/es\/wp-json\/wp\/v2\/types\/page"}],"author":[{"embeddable":true,"href":"https:\/\/tuftingeurope.com\/es\/wp-json\/wp\/v2\/users\/1"}],"replies":[{"embeddable":true,"href":"https:\/\/tuftingeurope.com\/es\/wp-json\/wp\/v2\/comments?post=33912"}],"version-history":[{"count":3,"href":"https:\/\/tuftingeurope.com\/es\/wp-json\/wp\/v2\/pages\/33912\/revisions"}],"predecessor-version":[{"id":70225,"href":"https:\/\/tuftingeurope.com\/es\/wp-json\/wp\/v2\/pages\/33912\/revisions\/70225"}],"wp:attachment":[{"href":"https:\/\/tuftingeurope.com\/es\/wp-json\/wp\/v2\/media?parent=33912"}],"curies":[{"name":"wp","href":"https:\/\/api.w.org\/{rel}","templated":true}]}}