{"id":42860,"date":"2024-05-08T12:21:13","date_gmt":"2024-05-08T10:21:13","guid":{"rendered":"https:\/\/tuftingeurope.com\/pagina-de-inicio-de-sesion-para-mayoristas\/"},"modified":"2024-05-08T13:50:31","modified_gmt":"2024-05-08T11:50:31","slug":"pagina-de-inicio-de-sesion-para-mayoristas","status":"publish","type":"page","link":"https:\/\/tuftingeurope.com\/es\/pagina-de-inicio-de-sesion-para-mayoristas\/","title":{"rendered":"P\u00e1gina de inicio de sesi\u00f3n para mayoristas"},"content":{"rendered":"\n<p>\u00bfA\u00fan no te has registrado? <span style=\"text-decoration: underline;\">\n  <a href=\"https:\/\/tuftingeurope.com\/es\/pagina-de-inscripcion-b2b\/\">Reg\u00edstrate aqu\u00ed<\/a>\n<\/span>.  <\/p>\n\n[wwlc_login_form]\n","protected":false},"excerpt":{"rendered":"<p>\u00bfA\u00fan no te has registrado? Reg\u00edstrate aqu\u00ed . [wwlc_login_form]\n","protected":false},"author":1,"featured_media":0,"parent":0,"menu_order":0,"comment_status":"closed","ping_status":"closed","template":"","meta":{"footnotes":""},"class_list":["post-42860","page","type-page","status-publish","hentry"],"_links":{"self":[{"href":"https:\/\/tuftingeurope.com\/es\/wp-json\/wp\/v2\/pages\/42860","targetHints":{"allow":["GET"]}}],"collection":[{"href":"https:\/\/tuftingeurope.com\/es\/wp-json\/wp\/v2\/pages"}],"about":[{"href":"https:\/\/tuftingeurope.com\/es\/wp-json\/wp\/v2\/types\/page"}],"author":[{"embeddable":true,"href":"https:\/\/tuftingeurope.com\/es\/wp-json\/wp\/v2\/users\/1"}],"replies":[{"embeddable":true,"href":"https:\/\/tuftingeurope.com\/es\/wp-json\/wp\/v2\/comments?post=42860"}],"version-history":[{"count":0,"href":"https:\/\/tuftingeurope.com\/es\/wp-json\/wp\/v2\/pages\/42860\/revisions"}],"wp:attachment":[{"href":"https:\/\/tuftingeurope.com\/es\/wp-json\/wp\/v2\/media?parent=42860"}],"curies":[{"name":"wp","href":"https:\/\/api.w.org\/{rel}","templated":true}]}}