{"id":51680,"date":"2025-01-20T15:38:37","date_gmt":"2025-01-20T14:38:37","guid":{"rendered":"https:\/\/tuftingeurope.com\/comparta-sus-proyectos-de-tufting-con-el-mundo\/"},"modified":"2025-02-10T12:39:23","modified_gmt":"2025-02-10T11:39:23","slug":"comparta-sus-proyectos-de-tufting-con-el-mundo","status":"publish","type":"page","link":"https:\/\/tuftingeurope.com\/es\/comparta-sus-proyectos-de-tufting-con-el-mundo\/","title":{"rendered":"Comparta sus proyectos de tufting con el mundo"},"content":{"rendered":"\n<figure class=\"wp-block-image size-large\"><img fetchpriority=\"high\" decoding=\"async\" width=\"1024\" height=\"576\" src=\"https:\/\/tuftingeurope.com\/wp-content\/uploads\/2025\/01\/The-Journey-of-tuftingeurope.com-5-1024x576.jpg\" alt=\"\" class=\"wp-image-51123\" title=\"\" srcset=\"https:\/\/tuftingeurope.com\/wp-content\/uploads\/2025\/01\/The-Journey-of-tuftingeurope.com-5-1024x576.jpg 1024w, https:\/\/tuftingeurope.com\/wp-content\/uploads\/2025\/01\/The-Journey-of-tuftingeurope.com-5-300x169.jpg 300w, https:\/\/tuftingeurope.com\/wp-content\/uploads\/2025\/01\/The-Journey-of-tuftingeurope.com-5-768x432.jpg 768w, https:\/\/tuftingeurope.com\/wp-content\/uploads\/2025\/01\/The-Journey-of-tuftingeurope.com-5-1536x864.jpg 1536w, https:\/\/tuftingeurope.com\/wp-content\/uploads\/2025\/01\/The-Journey-of-tuftingeurope.com-5-360x203.jpg 360w, https:\/\/tuftingeurope.com\/wp-content\/uploads\/2025\/01\/The-Journey-of-tuftingeurope.com-5-1000x563.jpg 1000w, https:\/\/tuftingeurope.com\/wp-content\/uploads\/2025\/01\/The-Journey-of-tuftingeurope.com-5-500x281.jpg 500w, https:\/\/tuftingeurope.com\/wp-content\/uploads\/2025\/01\/The-Journey-of-tuftingeurope.com-5.jpg 1920w\" sizes=\"(max-width: 1024px) 100vw, 1024px\" \/><figcaption><\/figcaption><\/figure>\n\n<p>Es el momento de que los artistas de tufting sean reconocidos por el p\u00fablico general. Nuestro <em> <\/em>nuevo segmento <em>Alfombra de la Semana<\/em> que se lanzar\u00e1 pr\u00f3ximamente tiene como objetivo exhibir su trabajo y creatividad. Ya sea una referencia ic\u00f3nica de la cultura popular o su propio dise\u00f1o creativo. Gran parte de la excelencia en tufting est\u00e1 oculta detr\u00e1s de Instagram y TikTok, y nos encantar\u00eda poder ayudar a impulsar a los artistas hacia nuevas alturas.   <\/p>\n\n<p>Comparta algunas fotograf\u00edas de un proyecto del que est\u00e9 orgulloso y cu\u00e9ntenos la historia detr\u00e1s de \u00e9l. Deseamos conocer todos los detalles. Se contactar\u00e1 a los seleccionados y se les presentar\u00e1 en nuestro sitio web y redes sociales, junto con una interesante entrada de blog que mostrar\u00e1 su singular trayectoria en tufting.  <\/p>\n\n<p>\u00bfQu\u00e9 puede esperar? Publicaremos nuestra serie Alfombra de la Semana en: nuestro sitio web, bolet\u00edn informativo, redes sociales y en Reddit. <br\/><\/p>\n<style id=\"wpforms-css-vars-51097\">\n\t\t\t\t#wpforms-51097 {\n\t\t\t\t\n\t\t\t}\n\t\t\t<\/style><div class=\"wpforms-container wpforms-container-full wpforms-render-modern\" id=\"wpforms-51097\"><form id=\"wpforms-form-51097\" class=\"wpforms-validate wpforms-form wpforms-ajax-form\" data-formid=\"51097\" method=\"post\" enctype=\"multipart\/form-data\" action=\"\/es\/wp-json\/wp\/v2\/pages\/51680?wpforms_form_id=51097\" data-token=\"e33075930e16ba8dbc6d62b3509c971a\" data-token-time=\"1776611340\"><noscript class=\"wpforms-error-noscript\">Por favor, activa JavaScript en tu navegador para completar este formulario.<\/noscript><div id=\"wpforms-error-noscript\" style=\"display: none;\">Por favor, activa JavaScript en tu navegador para completar este formulario.<\/div><div class=\"wpforms-field-container\"><div id=\"wpforms-51097-field_14-container\" class=\"wpforms-field wpforms-field-divider\" data-field-id=\"14\"><h3 id=\"wpforms-51097-field_14\" aria-errormessage=\"wpforms-51097-field_14-error\">About You<\/h3><\/div><div id=\"wpforms-51097-field_1-container\" class=\"wpforms-field wpforms-field-name\" data-field-id=\"1\"><label class=\"wpforms-field-label\" for=\"wpforms-51097-field_1\">Name <span class=\"wpforms-required-label\" aria-hidden=\"true\">*<\/span><\/label><input type=\"text\" id=\"wpforms-51097-field_1\" class=\"wpforms-field-medium wpforms-field-required\" name=\"wpforms[fields][1]\" aria-errormessage=\"wpforms-51097-field_1-error\" required><\/div><div id=\"wpforms-51097-field_2-container\" class=\"wpforms-field wpforms-field-email\" data-field-id=\"2\"><label class=\"wpforms-field-label\" for=\"wpforms-51097-field_2\">Email <span class=\"wpforms-required-label\" aria-hidden=\"true\">*<\/span><\/label><input type=\"email\" id=\"wpforms-51097-field_2\" class=\"wpforms-field-medium wpforms-field-required\" name=\"wpforms[fields][2]\" spellcheck=\"false\" aria-errormessage=\"wpforms-51097-field_2-error\" required><\/div><div id=\"wpforms-51097-field_3-container\" class=\"wpforms-field wpforms-field-text\" data-field-id=\"3\"><label class=\"wpforms-field-label\" for=\"wpforms-51097-field_3\">Social media account(s)<\/label><input type=\"text\" id=\"wpforms-51097-field_3\" class=\"wpforms-field-medium\" name=\"wpforms[fields][3]\" placeholder=\"@username\" aria-errormessage=\"wpforms-51097-field_3-error\" aria-describedby=\"wpforms-51097-field_3-description\" ><div id=\"wpforms-51097-field_3-description\" class=\"wpforms-field-description\">Who can we tag if we promote your work?<\/div><\/div><div id=\"wpforms-51097-field_16-container\" class=\"wpforms-field wpforms-field-text\" data-field-id=\"16\"><label class=\"wpforms-field-label\" for=\"wpforms-51097-field_16\">Short introduction of yourself<\/label><input type=\"text\" id=\"wpforms-51097-field_16\" class=\"wpforms-field-medium\" name=\"wpforms[fields][16]\" aria-errormessage=\"wpforms-51097-field_16-error\" aria-describedby=\"wpforms-51097-field_16-description\" ><div id=\"wpforms-51097-field_16-description\" class=\"wpforms-field-description\">Where are you from, what is your age?<\/div><\/div><div id=\"wpforms-51097-field_13-container\" class=\"wpforms-field wpforms-field-text\" data-field-id=\"13\"><label class=\"wpforms-field-label\" for=\"wpforms-51097-field_13\">When did you start tufting?<\/label><input type=\"text\" id=\"wpforms-51097-field_13\" class=\"wpforms-field-medium\" name=\"wpforms[fields][13]\" aria-errormessage=\"wpforms-51097-field_13-error\" aria-describedby=\"wpforms-51097-field_13-description\" ><div id=\"wpforms-51097-field_13-description\" class=\"wpforms-field-description\">How long have you been going at this craft?<\/div><\/div>\t\t<div id=\"wpforms-51097-field_17-container\"\n\t\t\tclass=\"wpforms-field wpforms-field-text\"\n\t\t\tdata-field-type=\"text\"\n\t\t\tdata-field-id=\"17\"\n\t\t\t>\n\t\t\t<label class=\"wpforms-field-label\" for=\"wpforms-51097-field_17\" >start into to<\/label>\n\t\t\t<input type=\"text\" id=\"wpforms-51097-field_17\" class=\"wpforms-field-medium\" name=\"wpforms[fields][17]\" >\n\t\t<\/div>\n\t\t<div id=\"wpforms-51097-field_11-container\" class=\"wpforms-field wpforms-field-text\" data-field-id=\"11\"><label class=\"wpforms-field-label\" for=\"wpforms-51097-field_11\">How did you first get into tufting?<\/label><input type=\"text\" id=\"wpforms-51097-field_11\" class=\"wpforms-field-medium\" name=\"wpforms[fields][11]\" aria-errormessage=\"wpforms-51097-field_11-error\" aria-describedby=\"wpforms-51097-field_11-description\" ><div id=\"wpforms-51097-field_11-description\" class=\"wpforms-field-description\">And what keeps you coming back to it?<\/div><\/div><div id=\"wpforms-51097-field_7-container\" class=\"wpforms-field wpforms-field-text\" data-field-id=\"7\"><label class=\"wpforms-field-label\" for=\"wpforms-51097-field_7\">What\u2019s your favorite thing about tufting?<\/label><input type=\"text\" id=\"wpforms-51097-field_7\" class=\"wpforms-field-medium\" name=\"wpforms[fields][7]\" aria-errormessage=\"wpforms-51097-field_7-error\" aria-describedby=\"wpforms-51097-field_7-description\" ><div id=\"wpforms-51097-field_7-description\" class=\"wpforms-field-description\">Any tips you'd share with fellow tufting enthusiasts?\n<\/div><\/div><div id=\"wpforms-51097-field_4-container\" class=\"wpforms-field wpforms-field-divider\" data-field-id=\"4\"><h3 id=\"wpforms-51097-field_4\" aria-errormessage=\"wpforms-51097-field_4-error\" aria-describedby=\"wpforms-51097-field_4-description\">Tell us about your project<\/h3><div id=\"wpforms-51097-field_4-description\" class=\"wpforms-field-description\">We ask quite a few questions. You do not have to fill everything in if it does not apply to you or your project. The more you share, the better we can write about it. <\/div><\/div><div id=\"wpforms-51097-field_6-container\" class=\"wpforms-field wpforms-field-textarea\" data-field-id=\"6\"><label class=\"wpforms-field-label\" for=\"wpforms-51097-field_6\">What inspired your design?<\/label><textarea id=\"wpforms-51097-field_6\" class=\"wpforms-field-medium\" name=\"wpforms[fields][6]\" aria-errormessage=\"wpforms-51097-field_6-error\" aria-describedby=\"wpforms-51097-field_6-description\" ><\/textarea><div id=\"wpforms-51097-field_6-description\" class=\"wpforms-field-description\">You could have tufted anything but choose this. Is there a story behind it?\n<\/div><\/div><div id=\"wpforms-51097-field_8-container\" class=\"wpforms-field wpforms-field-text\" data-field-id=\"8\"><label class=\"wpforms-field-label\" for=\"wpforms-51097-field_8\">How long did it take you to finish this piece?<\/label><input type=\"text\" id=\"wpforms-51097-field_8\" class=\"wpforms-field-medium\" name=\"wpforms[fields][8]\" aria-errormessage=\"wpforms-51097-field_8-error\" aria-describedby=\"wpforms-51097-field_8-description\" ><div id=\"wpforms-51097-field_8-description\" class=\"wpforms-field-description\">Were there any moments you felt like giving up?<\/div><\/div><div id=\"wpforms-51097-field_9-container\" class=\"wpforms-field wpforms-field-text\" data-field-id=\"9\"><label class=\"wpforms-field-label\" for=\"wpforms-51097-field_9\">Did you face any challenges during the tufting process?<\/label><input type=\"text\" id=\"wpforms-51097-field_9\" class=\"wpforms-field-medium\" name=\"wpforms[fields][9]\" aria-errormessage=\"wpforms-51097-field_9-error\" aria-describedby=\"wpforms-51097-field_9-description\" ><div id=\"wpforms-51097-field_9-description\" class=\"wpforms-field-description\">How did you overcome them?\n<\/div><\/div><div id=\"wpforms-51097-field_10-container\" class=\"wpforms-field wpforms-field-text\" data-field-id=\"10\"><label class=\"wpforms-field-label\" for=\"wpforms-51097-field_10\">What tools and materials did you use for this project?<\/label><input type=\"text\" id=\"wpforms-51097-field_10\" class=\"wpforms-field-medium\" name=\"wpforms[fields][10]\" aria-errormessage=\"wpforms-51097-field_10-error\" aria-describedby=\"wpforms-51097-field_10-description\" ><div id=\"wpforms-51097-field_10-description\" class=\"wpforms-field-description\">Would you try different materials next time?<\/div><\/div><div id=\"wpforms-51097-field_12-container\" class=\"wpforms-field wpforms-field-text\" data-field-id=\"12\"><label class=\"wpforms-field-label\" for=\"wpforms-51097-field_12\">Would you do anything differently if you tufted this rug again?<\/label><input type=\"text\" id=\"wpforms-51097-field_12\" class=\"wpforms-field-medium\" name=\"wpforms[fields][12]\" aria-errormessage=\"wpforms-51097-field_12-error\" ><\/div><div id=\"wpforms-51097-field_15-container\" class=\"wpforms-field wpforms-field-textarea\" data-field-id=\"15\"><label class=\"wpforms-field-label\" for=\"wpforms-51097-field_15\">Anything else you would like to share?<\/label><textarea id=\"wpforms-51097-field_15\" class=\"wpforms-field-medium\" name=\"wpforms[fields][15]\" aria-errormessage=\"wpforms-51097-field_15-error\" ><\/textarea><\/div><div id=\"wpforms-51097-field_5-container\" class=\"wpforms-field wpforms-field-file-upload\" data-field-id=\"5\"><label class=\"wpforms-field-label\" for=\"wpforms-51097-field_5\">\ud83d\udcf8 Upload images<\/label><div\n\t\tclass=\"wpforms-uploader \"\n\t\tdata-field-id=\"5\"\n\t\tdata-form-id=\"51097\"\n\t\tdata-input-name=\"wpforms_51097_5\"\n\t\tdata-extensions=\"jpg,jpeg,jpe,gif,png,bmp,tiff,tif,webp,avif,ico,heic,heif,heics,heifs,asf,asx,wmv,wmx,wm,avi,divx,mov,qt,mpeg,mpg,mpe,mp4,m4v,ogv,webm,mkv,3gp,3gpp,3g2,3gp2,txt,asc,c,cc,h,srt,csv,tsv,ics,rtx,css,vtt,mp3,m4a,m4b,aac,ra,ram,wav,x-wav,ogg,oga,flac,mid,midi,wma,wax,mka,rtf,pdf,class,tar,zip,gz,gzip,rar,7z,psd,xcf,doc,pot,pps,ppt,wri,xla,xls,xlt,xlw,mpp,docx,docm,dotx,dotm,xlsx,xlsm,xlsb,xltx,xltm,xlam,pptx,pptm,ppsx,ppsm,potx,potm,ppam,sldx,sldm,onetoc,onetoc2,onepkg,oxps,xps,odt,odp,ods,odg,odc,odb,odf,wp,wpd,key,numbers,pages,json\"\n\t\tdata-max-size=\"134217728\"\n\t\tdata-max-file-number=\"7\"\n\t\tdata-post-max-size=\"134217728\"\n\t\tdata-max-parallel-uploads=\"4\"\n\t\tdata-parallel-uploads=\"true\"\n\t\tdata-file-chunk-size=\"2097152\">\n\t<div class=\"dz-message\">\n\t\t<svg  viewBox=\"0 0 640 640\" focusable=\"false\" data-icon=\"inbox\" width=\"50px\" height=\"50px\" fill=\"currentColor\" aria-hidden=\"true\">\n\t\t\t<path d=\"M352 173.3L352 384C352 401.7 337.7 416 320 416C302.3 416 288 401.7 288 384L288 173.3L246.6 214.7C234.1 227.2 213.8 227.2 201.3 214.7C188.8 202.2 188.8 181.9 201.3 169.4L297.3 73.4C309.8 60.9 330.1 60.9 342.6 73.4L438.6 169.4C451.1 181.9 451.1 202.2 438.6 214.7C426.1 227.2 405.8 227.2 393.3 214.7L352 173.3zM320 464C364.2 464 400 428.2 400 384L480 384C515.3 384 544 412.7 544 448L544 480C544 515.3 515.3 544 480 544L160 544C124.7 544 96 515.3 96 480L96 448C96 412.7 124.7 384 160 384L240 384C240 428.2 275.8 464 320 464zM464 488C477.3 488 488 477.3 488 464C488 450.7 477.3 440 464 440C450.7 440 440 450.7 440 464C440 477.3 450.7 488 464 488z\"\/>\n\t\t<\/svg>\n\n\t\t<span class=\"modern-title\">\n\t\t\t\t\t\t\tDrag &amp; Drop Files, \t\t\t\t<span>Choose Files to Upload<\/span>\n\t\t\t\t\t<\/span>\n\n\t\t\t\t\t<span class=\"modern-hint\">Puedes subir hasta 7 archivos.<\/span>\n\t\t\t<\/div>\n<\/div>\n\n<input\n\t\ttype=\"text\"\n\t\tautocomplete=\"off\"\n\t\treadonly\n\t\tclass=\"dropzone-input\"\n\t\tstyle=\"position:absolute!important;clip:rect(0,0,0,0)!important;height:1px!important;width:1px!important;border:0!important;overflow:hidden!important;padding:0!important;margin:0!important;\"\n\t\tid=\"wpforms-51097-field_5\"\n\t\tname=\"wpforms_51097_5\" \t\tvalue=\"\">\n<div id=\"wpforms-51097-field_5-description\" class=\"wpforms-field-description\">You can share images of the final result, as well as a picture of yourself if you want.<\/div><\/div><script>\n\t\t\t\t( function() {\n\t\t\t\t\tconst style = document.createElement( 'style' );\n\t\t\t\t\tstyle.appendChild( document.createTextNode( '#wpforms-51097-field_17-container { position: absolute !important; overflow: hidden !important; display: inline !important; height: 1px !important; width: 1px !important; z-index: -1000 !important; padding: 0 !important; } #wpforms-51097-field_17-container input { visibility: hidden; } #wpforms-conversational-form-page #wpforms-51097-field_17-container label { counter-increment: none; }' ) );\n\t\t\t\t\tdocument.head.appendChild( style );\n\t\t\t\t\tdocument.currentScript?.remove();\n\t\t\t\t} )();\n\t\t\t<\/script><\/div><!-- .wpforms-field-container --><div class=\"wpforms-submit-container\" ><input type=\"hidden\" name=\"wpforms[id]\" value=\"51097\"><input type=\"hidden\" name=\"page_title\" value=\"\"><input type=\"hidden\" name=\"page_url\" value=\"https:\/\/tuftingeurope.com\/es\/wp-json\/wp\/v2\/pages\/51680\"><input type=\"hidden\" name=\"url_referer\" value=\"\"><button type=\"submit\" name=\"wpforms[submit]\" id=\"wpforms-submit-51097\" class=\"wpforms-submit\" data-alt-text=\"Sending...\" data-submit-text=\"Send\" aria-live=\"assertive\" value=\"wpforms-submit\">Send<\/button><img decoding=\"async\" src=\"https:\/\/tuftingeurope.com\/wp-content\/plugins\/wpforms\/assets\/images\/submit-spin.svg\" class=\"wpforms-submit-spinner\" style=\"display: none;\" width=\"26\" height=\"26\" alt=\"Cargando\" title=\"\"><\/div><input type=\"hidden\" id=\"ct_checkjs_wpforms_6c9882bbac1c7093bd25041881277658\" name=\"ct_checkjs_wpforms\" value=\"0\" \/><script>setTimeout(function(){var ct_input_name = \"ct_checkjs_wpforms_6c9882bbac1c7093bd25041881277658\";if (document.getElementById(ct_input_name) !== null) {var ct_input_value = document.getElementById(ct_input_name).value;document.getElementById(ct_input_name).value = document.getElementById(ct_input_name).value.replace(ct_input_value, '431266112');}}, 1000);<\/script><input\n                    class=\"apbct_special_field apbct_email_id__wp_wpforms\"\n                    name=\"apbct__email_id__wp_wpforms\"\n                    aria-label=\"apbct__label_id__wp_wpforms\"\n                    type=\"text\" size=\"30\" maxlength=\"200\" autocomplete=\"off\"\n                    value=\"\"\n                \/><\/form><\/div>  <!-- .wpforms-container -->\n\n<p><\/p>\n","protected":false},"excerpt":{"rendered":"<p>Es el momento de que los artistas de tufting sean reconocidos por el p\u00fablico general. Nuestro nuevo segmento Alfombra de la Semana que se lanzar\u00e1 pr\u00f3ximamente tiene como objetivo exhibir su trabajo y creatividad. Ya sea una referencia ic\u00f3nica de la cultura popular o su propio dise\u00f1o creativo. Gran parte de la excelencia en tufting<\/p>\n","protected":false},"author":1,"featured_media":51129,"parent":0,"menu_order":0,"comment_status":"closed","ping_status":"closed","template":"","meta":{"footnotes":""},"class_list":["post-51680","page","type-page","status-publish","has-post-thumbnail","hentry"],"_links":{"self":[{"href":"https:\/\/tuftingeurope.com\/es\/wp-json\/wp\/v2\/pages\/51680","targetHints":{"allow":["GET"]}}],"collection":[{"href":"https:\/\/tuftingeurope.com\/es\/wp-json\/wp\/v2\/pages"}],"about":[{"href":"https:\/\/tuftingeurope.com\/es\/wp-json\/wp\/v2\/types\/page"}],"author":[{"embeddable":true,"href":"https:\/\/tuftingeurope.com\/es\/wp-json\/wp\/v2\/users\/1"}],"replies":[{"embeddable":true,"href":"https:\/\/tuftingeurope.com\/es\/wp-json\/wp\/v2\/comments?post=51680"}],"version-history":[{"count":1,"href":"https:\/\/tuftingeurope.com\/es\/wp-json\/wp\/v2\/pages\/51680\/revisions"}],"predecessor-version":[{"id":51682,"href":"https:\/\/tuftingeurope.com\/es\/wp-json\/wp\/v2\/pages\/51680\/revisions\/51682"}],"wp:featuredmedia":[{"embeddable":true,"href":"https:\/\/tuftingeurope.com\/es\/wp-json\/wp\/v2\/media\/51129"}],"wp:attachment":[{"href":"https:\/\/tuftingeurope.com\/es\/wp-json\/wp\/v2\/media?parent=51680"}],"curies":[{"name":"wp","href":"https:\/\/api.w.org\/{rel}","templated":true}]}}