{"id":73713,"date":"2026-03-11T16:28:19","date_gmt":"2026-03-11T15:28:19","guid":{"rendered":"https:\/\/tuftingeurope.com\/help\/"},"modified":"2026-03-11T16:58:41","modified_gmt":"2026-03-11T15:58:41","slug":"help","status":"publish","type":"page","link":"https:\/\/tuftingeurope.com\/es\/help\/","title":{"rendered":"Ayuda, manuales y gu\u00edas"},"content":{"rendered":"Esta es la p\u00e1gina de archivo de la base de conocimientos predeterminada","protected":false},"excerpt":{"rendered":"<p>Esta es la p\u00e1gina de archivo de la base de conocimientos predeterminada<\/p>\n","protected":false},"author":1,"featured_media":0,"parent":0,"menu_order":0,"comment_status":"closed","ping_status":"closed","template":"","meta":{"footnotes":""},"class_list":["post-73713","page","type-page","status-publish","hentry"],"_links":{"self":[{"href":"https:\/\/tuftingeurope.com\/es\/wp-json\/wp\/v2\/pages\/73713","targetHints":{"allow":["GET"]}}],"collection":[{"href":"https:\/\/tuftingeurope.com\/es\/wp-json\/wp\/v2\/pages"}],"about":[{"href":"https:\/\/tuftingeurope.com\/es\/wp-json\/wp\/v2\/types\/page"}],"author":[{"embeddable":true,"href":"https:\/\/tuftingeurope.com\/es\/wp-json\/wp\/v2\/users\/1"}],"replies":[{"embeddable":true,"href":"https:\/\/tuftingeurope.com\/es\/wp-json\/wp\/v2\/comments?post=73713"}],"version-history":[{"count":1,"href":"https:\/\/tuftingeurope.com\/es\/wp-json\/wp\/v2\/pages\/73713\/revisions"}],"predecessor-version":[{"id":73714,"href":"https:\/\/tuftingeurope.com\/es\/wp-json\/wp\/v2\/pages\/73713\/revisions\/73714"}],"wp:attachment":[{"href":"https:\/\/tuftingeurope.com\/es\/wp-json\/wp\/v2\/media?parent=73713"}],"curies":[{"name":"wp","href":"https:\/\/api.w.org\/{rel}","templated":true}]}}