{"id":9255,"date":"2022-04-26T10:43:00","date_gmt":"2022-04-26T08:43:00","guid":{"rendered":"https:\/\/tuftingeurope.com\/mantengamos-el-contacto\/"},"modified":"2022-04-26T10:43:00","modified_gmt":"2022-04-26T08:43:00","slug":"mantengamos-el-contacto","status":"publish","type":"page","link":"https:\/\/tuftingeurope.com\/es\/mantengamos-el-contacto\/","title":{"rendered":"Mantengamos el contacto"},"content":{"rendered":"<p>Hola  <span id=\"bwfan_contact_name\">John<\/span>\n<p>Ay\u00fadenos a mejorar su experiencia con nosotros mediante una mejor comunicaci\u00f3n. Por favor, ajuste sus preferencias para el correo electr\u00f3nico <span id=\"bwfan_contact_email\">john@example.com<\/span>.<\/p>\n\n","protected":false},"excerpt":{"rendered":"<p>Hola Ay\u00fadenos a mejorar su experiencia con nosotros mediante una mejor comunicaci\u00f3n. Por favor, ajuste sus preferencias para el correo electr\u00f3nico .<\/p>\n","protected":false},"author":1,"featured_media":0,"parent":0,"menu_order":0,"comment_status":"closed","ping_status":"closed","template":"","meta":{"footnotes":""},"class_list":["post-9255","page","type-page","status-publish","hentry"],"_links":{"self":[{"href":"https:\/\/tuftingeurope.com\/es\/wp-json\/wp\/v2\/pages\/9255","targetHints":{"allow":["GET"]}}],"collection":[{"href":"https:\/\/tuftingeurope.com\/es\/wp-json\/wp\/v2\/pages"}],"about":[{"href":"https:\/\/tuftingeurope.com\/es\/wp-json\/wp\/v2\/types\/page"}],"author":[{"embeddable":true,"href":"https:\/\/tuftingeurope.com\/es\/wp-json\/wp\/v2\/users\/1"}],"replies":[{"embeddable":true,"href":"https:\/\/tuftingeurope.com\/es\/wp-json\/wp\/v2\/comments?post=9255"}],"version-history":[{"count":0,"href":"https:\/\/tuftingeurope.com\/es\/wp-json\/wp\/v2\/pages\/9255\/revisions"}],"wp:attachment":[{"href":"https:\/\/tuftingeurope.com\/es\/wp-json\/wp\/v2\/media?parent=9255"}],"curies":[{"name":"wp","href":"https:\/\/api.w.org\/{rel}","templated":true}]}}