{"id":17958,"date":"2022-12-06T16:31:29","date_gmt":"2022-12-06T15:31:29","guid":{"rendered":"https:\/\/tuftingeurope.com\/product\/herramienta-para-hacer-mechones-artesanales\/"},"modified":"2025-09-30T15:26:03","modified_gmt":"2025-09-30T13:26:03","slug":"manual-tufting-tool-loop-pile-2-8mm","status":"publish","type":"product","link":"https:\/\/tuftingeurope.com\/es\/producto\/manual-tufting-tool-loop-pile-2-8mm\/","title":{"rendered":"Manual Tufting Tool Loop Pile 2-8mm"},"content":{"rendered":"<p><iframe title=\"Manual Tufting Tool Loop Pile 2-8mm\" width=\"1020\" height=\"574\" src=\"https:\/\/www.youtube.com\/embed\/jtjN5xqUwKs?feature=oembed\" frameborder=\"0\" allow=\"accelerometer; autoplay; clipboard-write; encrypted-media; gyroscope; picture-in-picture; web-share\" referrerpolicy=\"strict-origin-when-cross-origin\" allowfullscreen><\/iframe><\/p>\n<p>Nuestra herramienta manual Loop Tufting Tool es una herramienta manual rotativa semiautom\u00e1tica para coser alfombras. A lo largo de los a\u00f1os, tambi\u00e9n se la ha denominado aguja para alfombras de tipo &#8220;batidor de huevos&#8221;, ya que el movimiento de la mano que gira el peque\u00f1o mango es similar al de batir huevos. Es la herramienta manual tufting m\u00e1s r\u00e1pida disponible y ofrece numerosas ventajas en comparaci\u00f3n con la pistola el\u00e9ctrica tufting.  <\/p>\n<p>Funciona como una m\u00e1quina de coser manual: una mano gu\u00eda la herramienta sobre la tela, mientras que la otra mano gira la peque\u00f1a manija.<br \/>\nCon la rotaci\u00f3n, el mecanismo mueve hacia arriba y hacia abajo dos agujas. La aguja exterior abre el tejido y la aguja interior empuja un bucle de hilo a trav\u00e9s de la abertura. Produciendo una hermosa y voluminosa alfombra en la parte trasera.  <\/p>\n<p>Est\u00e1 dise\u00f1ada para trabajar con un \u00fanico hilo de lana de aproximadamente 3-4 cabos y preferiblemente 100% lana, aunque tambi\u00e9n se puede utilizar, por ejemplo, acr\u00edlico siempre que sea un poco m\u00e1s fino.<\/p>\n<p>Esta herramienta manual tufting es \u00fanica en muchos aspectos. Produce unos 200 bucles por minuto, lo que la hace diez veces m\u00e1s r\u00e1pida que la aguja perforadora tradicional. La herramienta puede avanzar y retroceder, lo que facilita la creaci\u00f3n libre de tus dise\u00f1os. Es como pintar con hilo, sin limitaciones.   <\/p>\n<div style=\"width: 720px;\" class=\"wp-video\"><video class=\"wp-video-shortcode\" id=\"video-17958-1\" width=\"720\" height=\"720\" autoplay preload=\"metadata\" controls=\"controls\"><source type=\"video\/mp4\" src=\"https:\/\/tuftingeurope.com\/wp-content\/uploads\/2022\/12\/Danella-tool-in-action.mp4?_=1\" \/><a href=\"https:\/\/tuftingeurope.com\/wp-content\/uploads\/2022\/12\/Danella-tool-in-action.mp4\">https:\/\/tuftingeurope.com\/wp-content\/uploads\/2022\/12\/Danella-tool-in-action.mp4<\/a><\/video><\/div>\n","protected":false},"excerpt":{"rendered":"<p>Nuestra herramienta manual de bucle tufting funciona como una aguja de punz\u00f3n y perfora bucles a trav\u00e9s de cualquier tejido de trama relativamente suelta. Es como pintar con hilo. Crea f\u00e1cilmente alfombras u otros proyectos bonitos como cojines.  <\/p>\n<ul>\n<li>Diez veces m\u00e1s r\u00e1pido que la aguja perforadora tradicional<\/li>\n<li>Se puede ajustar a 2mm o 8mm.<\/li>\n<\/ul>\n","protected":false},"featured_media":46222,"template":"","meta":[],"product_brand":[],"product_cat":[175],"product_tag":[],"class_list":{"0":"post-17958","1":"product","2":"type-product","3":"status-publish","4":"has-post-thumbnail","6":"product_cat-punetazo-naalden","8":"first","9":"instock","10":"sale","11":"taxable","12":"shipping-taxable","13":"purchasable","14":"product-type-simple"},"_links":{"self":[{"href":"https:\/\/tuftingeurope.com\/es\/wp-json\/wp\/v2\/product\/17958","targetHints":{"allow":["GET"]}}],"collection":[{"href":"https:\/\/tuftingeurope.com\/es\/wp-json\/wp\/v2\/product"}],"about":[{"href":"https:\/\/tuftingeurope.com\/es\/wp-json\/wp\/v2\/types\/product"}],"wp:featuredmedia":[{"embeddable":true,"href":"https:\/\/tuftingeurope.com\/es\/wp-json\/wp\/v2\/media\/46222"}],"wp:attachment":[{"href":"https:\/\/tuftingeurope.com\/es\/wp-json\/wp\/v2\/media?parent=17958"}],"wp:term":[{"taxonomy":"product_brand","embeddable":true,"href":"https:\/\/tuftingeurope.com\/es\/wp-json\/wp\/v2\/product_brand?post=17958"},{"taxonomy":"product_cat","embeddable":true,"href":"https:\/\/tuftingeurope.com\/es\/wp-json\/wp\/v2\/product_cat?post=17958"},{"taxonomy":"product_tag","embeddable":true,"href":"https:\/\/tuftingeurope.com\/es\/wp-json\/wp\/v2\/product_tag?post=17958"}],"curies":[{"name":"wp","href":"https:\/\/api.w.org\/{rel}","templated":true}]}}