{"id":24619,"date":"2022-12-23T10:19:28","date_gmt":"2022-12-23T09:19:28","guid":{"rendered":"https:\/\/tuftingeurope.com\/?post_type=product&#038;p=24619"},"modified":"2026-03-13T15:17:20","modified_gmt":"2026-03-13T14:17:20","slug":"ak-1n-pink-cut-loop-tufting-gun","status":"publish","type":"product","link":"https:\/\/tuftingeurope.com\/es\/producto\/ak-1n-pink-cut-loop-tufting-gun\/","title":{"rendered":"AK-1N Pistola Duo Cut &amp; Loop para Tufting"},"content":{"rendered":"<h2>La pistola de tufting todo en uno definitiva<\/h2>\n<p>La \u00faltima versi\u00f3n del modelo AK-1N presenta varias mejoras nuevas:<\/p>\n<ul>\n<li><strong>Mec\u00e1nica redise\u00f1ada<\/strong> para un funcionamiento m\u00e1s silencioso<\/li>\n<li><strong>Anillo de protecci\u00f3n de la rueda<\/strong> para una mayor durabilidad<\/li>\n<li><strong>Cable de alimentaci\u00f3n mejorado<\/strong> para prevenir roturas<\/li>\n<li><strong>Ajuste de la altura del pelo<\/strong> (8-16 mm) \u2013 <strong><a href=\"https:\/\/tuftingeurope.com\/es\/docs\/pile-height-settings-for-the-ak-1n-duo\/\">ver gu\u00eda.<\/a><\/strong><\/li>\n<li><strong>Cambio sin interrupciones<\/strong> entre pelo cortado y bucle \u2013<strong> <a href=\"https:\/\/tuftingeurope.com\/es\/docs\/cambiar-de-pelo-cortado-a-pelo-bucle\/\">ver v\u00eddeo<\/a><\/strong>.<\/li>\n<li><strong>Electr\u00f3nica actualizada<\/strong> para un rendimiento fiable<\/li>\n<\/ul>\n\n\t<section class=\"section\" id=\"section_1337709154\">\n\t\t<div class=\"section-bg fill\" >\n\t\t\t\t\t\t\t<div class=\"video-overlay no-click fill visible\"><\/div>\n\t<video class=\"video-bg fill visible\" preload playsinline autoplay muted loop>\n\t\t<source src=\"https:\/\/tuftingeurope.com\/wp-content\/uploads\/2024\/08\/ak-1n-duo-2.mp4\" type=\"video\/mp4\">\t<\/video>\n\t\t\t\n\t\t\t\n\n\t\t<\/div>\n\n\t\t\n\n\t\t<div class=\"section-content relative\">\n\t\t\t\n\n\n\t\t<\/div>\n\n\t\t\n<style>\n#section_1337709154 {\n  padding-top: 30px;\n  padding-bottom: 30px;\n  min-height: 400px;\n}\n@media (min-width:550px) {\n  #section_1337709154 {\n    min-height: 500px;\n  }\n}\n<\/style>\n\t<\/section>\n\t\n\t<div id=\"gap-554453444\" class=\"gap-element clearfix\" style=\"display:block; height:auto;\">\n\t\t\n<style>\n#gap-554453444 {\n  padding-top: 30px;\n}\n<\/style>\n\t<\/div>\n\t\n<h2>Perfecta para principiantes y profesionales<\/h2>\n<p>Independientemente de si usted se encuentra en los inicios de su traves\u00eda con tufting o si es un profesional experimentado, el AK-1N est\u00e1 dise\u00f1ado para afrontar cualquier proyecto. Con sus controles intuitivos y su dise\u00f1o de f\u00e1cil manejo, la creaci\u00f3n de alfombras impresionantes de aspecto profesional nunca ha sido m\u00e1s sencilla. <\/p>\n<p>\u00bfCarece de experiencia? No se preocupe. Nuestras m\u00e1quinas vienen acompa\u00f1adas de instrucciones en l\u00ednea f\u00e1ciles de seguir, que le ayudar\u00e1n a dar vida a sus ideas creativas sin esfuerzo.  <\/p>\n\n  \n    <div class=\"row large-columns-3 medium-columns- small-columns-2 row-small slider row-slider slider-nav-reveal slider-nav-push\"  data-flickity-options='{&quot;imagesLoaded&quot;: true, &quot;groupCells&quot;: &quot;100%&quot;, &quot;dragThreshold&quot; : 5, &quot;cellAlign&quot;: &quot;left&quot;,&quot;wrapAround&quot;: true,&quot;prevNextButtons&quot;: true,&quot;percentPosition&quot;: true,&quot;pageDots&quot;: true, &quot;rightToLeft&quot;: false, &quot;autoPlay&quot; : 2000}' >\n\n  <div class=\"gallery-col col\" >\n          <div class=\"col-inner\">\n                        <div class=\"box has-hover gallery-box box-normal\">\n              <div class=\"box-image\" >\n                <img fetchpriority=\"high\" decoding=\"async\" width=\"300\" height=\"300\" src=\"https:\/\/tuftingeurope.com\/wp-content\/uploads\/2023\/05\/2-300x300.png\" class=\"attachment-medium size-medium\" alt=\"By @tuftlab.ams\" ids=\"31264,31250,31241\" style=\"normal\" lightbox=\"false\" type=\"slider\" col_spacing=\"small\" columns=\"3\" columns__sm=\"2\" slider_bullets=\"true\" auto_slide=\"2000\" text_align=\"center\" srcset=\"https:\/\/tuftingeurope.com\/wp-content\/uploads\/2023\/05\/2-300x300.png 300w, https:\/\/tuftingeurope.com\/wp-content\/uploads\/2023\/05\/2-1000x1000.png 1000w, https:\/\/tuftingeurope.com\/wp-content\/uploads\/2023\/05\/2-100x100.png 100w, https:\/\/tuftingeurope.com\/wp-content\/uploads\/2023\/05\/2-1024x1024.png 1024w, https:\/\/tuftingeurope.com\/wp-content\/uploads\/2023\/05\/2-150x150.png 150w, https:\/\/tuftingeurope.com\/wp-content\/uploads\/2023\/05\/2-768x768.png 768w, https:\/\/tuftingeurope.com\/wp-content\/uploads\/2023\/05\/2-1320x1320.png 1320w, https:\/\/tuftingeurope.com\/wp-content\/uploads\/2023\/05\/2.png 1500w\" sizes=\"(max-width: 300px) 100vw, 300px\" title=\"\">                                                              <\/div>\n              <div class=\"box-text text-center\" >\n                 <p>By @tuftlab.ams<\/p>\n              <\/div>\n            <\/div>\n                      <\/div>\n         <\/div><div class=\"gallery-col col\" >\n          <div class=\"col-inner\">\n                        <div class=\"box has-hover gallery-box box-normal\">\n              <div class=\"box-image\" >\n                <img decoding=\"async\" width=\"300\" height=\"300\" src=\"https:\/\/tuftingeurope.com\/wp-content\/uploads\/2023\/05\/4-300x300.png\" class=\"attachment-medium size-medium\" alt=\"By @enji\" ids=\"31264,31250,31241\" style=\"normal\" lightbox=\"false\" type=\"slider\" col_spacing=\"small\" columns=\"3\" columns__sm=\"2\" slider_bullets=\"true\" auto_slide=\"2000\" text_align=\"center\" srcset=\"https:\/\/tuftingeurope.com\/wp-content\/uploads\/2023\/05\/4-300x300.png 300w, https:\/\/tuftingeurope.com\/wp-content\/uploads\/2023\/05\/4-1000x1000.png 1000w, https:\/\/tuftingeurope.com\/wp-content\/uploads\/2023\/05\/4-100x100.png 100w, https:\/\/tuftingeurope.com\/wp-content\/uploads\/2023\/05\/4-1024x1024.png 1024w, https:\/\/tuftingeurope.com\/wp-content\/uploads\/2023\/05\/4-150x150.png 150w, https:\/\/tuftingeurope.com\/wp-content\/uploads\/2023\/05\/4-768x768.png 768w, https:\/\/tuftingeurope.com\/wp-content\/uploads\/2023\/05\/4-1320x1320.png 1320w, https:\/\/tuftingeurope.com\/wp-content\/uploads\/2023\/05\/4.png 1500w\" sizes=\"(max-width: 300px) 100vw, 300px\" title=\"\">                                                              <\/div>\n              <div class=\"box-text text-center\" >\n                 <p>By @enji<\/p>\n              <\/div>\n            <\/div>\n                      <\/div>\n         <\/div><div class=\"gallery-col col\" >\n          <div class=\"col-inner\">\n                        <div class=\"box has-hover gallery-box box-normal\">\n              <div class=\"box-image\" >\n                <img decoding=\"async\" width=\"300\" height=\"300\" src=\"https:\/\/tuftingeurope.com\/wp-content\/uploads\/2022\/12\/charizard-rug-by-zetarugs-300x300.png\" class=\"attachment-medium size-medium\" alt=\"By Zetarugs\" ids=\"31264,31250,31241\" style=\"normal\" lightbox=\"false\" type=\"slider\" col_spacing=\"small\" columns=\"3\" columns__sm=\"2\" slider_bullets=\"true\" auto_slide=\"2000\" text_align=\"center\" srcset=\"https:\/\/tuftingeurope.com\/wp-content\/uploads\/2022\/12\/charizard-rug-by-zetarugs-300x300.png 300w, https:\/\/tuftingeurope.com\/wp-content\/uploads\/2022\/12\/charizard-rug-by-zetarugs-1000x1000.png 1000w, https:\/\/tuftingeurope.com\/wp-content\/uploads\/2022\/12\/charizard-rug-by-zetarugs-100x100.png 100w, https:\/\/tuftingeurope.com\/wp-content\/uploads\/2022\/12\/charizard-rug-by-zetarugs-1024x1024.png 1024w, https:\/\/tuftingeurope.com\/wp-content\/uploads\/2022\/12\/charizard-rug-by-zetarugs-150x150.png 150w, https:\/\/tuftingeurope.com\/wp-content\/uploads\/2022\/12\/charizard-rug-by-zetarugs-768x768.png 768w, https:\/\/tuftingeurope.com\/wp-content\/uploads\/2022\/12\/charizard-rug-by-zetarugs-1320x1320.png 1320w, https:\/\/tuftingeurope.com\/wp-content\/uploads\/2022\/12\/charizard-rug-by-zetarugs.png 1500w\" sizes=\"(max-width: 300px) 100vw, 300px\" title=\"\">                                                              <\/div>\n              <div class=\"box-text text-center\" >\n                 <p>By Zetarugs<\/p>\n              <\/div>\n            <\/div>\n                      <\/div>\n         <\/div><\/div>\n<h2>Caracter\u00edsticas principales<\/h2>\n<h4><strong>Pelo cortado y bucle facilitados<\/strong><\/h4>\n<p>Cambiar entre pelo cortado y bucle es ahora m\u00e1s r\u00e1pido que nunca. Simplemente retire un tornillo para intercambiar el elemento, sin necesidad de desmontajes complicados. De f\u00e1brica, viene configurada para pelo cortado con una altura de 15 mm, ajustable entre 8-16 mm. El mantenimiento es sencillo: cepille el polvo y lubrique las partes m\u00f3viles regularmente.   <\/p>\n<h4><strong>Control de velocidad variable<\/strong><\/h4>\n<p>Ajuste con precisi\u00f3n la velocidad de su tufting con el dial en el mango. Perfecto para a\u00f1adir detalles intrincados a su alfombra o trabajar a m\u00e1xima velocidad en \u00e1reas m\u00e1s grandes. <\/p>\n<h4><strong>Dise\u00f1o ligero y ergon\u00f3mico<\/strong><\/h4>\n<p>Con solo 1,4 kg, el AK-1N es la pistola tufting m\u00e1s ligera disponible. Su dise\u00f1o en rosa brillante a\u00f1ade un toque moderno a la vez que garantiza comodidad durante largas sesiones de tufting.<br \/>\n<img loading=\"lazy\" decoding=\"async\" class=\"alignnone size-large wp-image-30396\" src=\"https:\/\/tuftingeurope.com\/wp-content\/uploads\/2022\/12\/tufting-machine-from-tuftingeurope-side-1024x576.jpg\" alt=\"\" width=\"1020\" height=\"574\" title=\"\" srcset=\"https:\/\/tuftingeurope.com\/wp-content\/uploads\/2022\/12\/tufting-machine-from-tuftingeurope-side-1024x576.jpg 1024w, https:\/\/tuftingeurope.com\/wp-content\/uploads\/2022\/12\/tufting-machine-from-tuftingeurope-side-1000x563.jpg 1000w, https:\/\/tuftingeurope.com\/wp-content\/uploads\/2022\/12\/tufting-machine-from-tuftingeurope-side-300x169.jpg 300w, https:\/\/tuftingeurope.com\/wp-content\/uploads\/2022\/12\/tufting-machine-from-tuftingeurope-side-768x432.jpg 768w, https:\/\/tuftingeurope.com\/wp-content\/uploads\/2022\/12\/tufting-machine-from-tuftingeurope-side-1536x864.jpg 1536w, https:\/\/tuftingeurope.com\/wp-content\/uploads\/2022\/12\/tufting-machine-from-tuftingeurope-side-1320x743.jpg 1320w, https:\/\/tuftingeurope.com\/wp-content\/uploads\/2022\/12\/tufting-machine-from-tuftingeurope-side.jpg 1920w\" sizes=\"(max-width: 1020px) 100vw, 1020px\" \/><\/p>\n<h3>\u00bfQu\u00e9 incluye la caja?<\/h3>\n<ul>\n<li>Pistola de tufting AK-1N Edici\u00f3n Rosa<\/li>\n<li>Enchufe UE con adaptador de corriente<\/li>\n<li>Elementos de corte y bucle<\/li>\n<li>Piezas de recambio<\/li>\n<\/ul>\n<div class=\"alert-tu\">Nota: Ajustar la altura del pelo requiere precisi\u00f3n. Recomendamos familiarizarse con la m\u00e1quina antes de realizar ajustes, ya que los cambios incorrectos pueden afectar la funcionalidad y anular la garant\u00eda. <span style=\"color: #ffffff;\"><a style=\"color: #ffffff;\" href=\"https:\/\/tuftingeurope.com\/es\/docs\/pile-height-settings-for-the-ak-1n-duo\/\"><span style=\"text-decoration: underline;\">Consulte la gu\u00eda aqu\u00ed<\/span><\/a>.<\/span> <\/div>\n<h3>\u00bfPor qu\u00e9 elegir Tufting Europe?<\/h3>\n<h4><strong>M\u00e1quinas aut\u00e9nticas con garant\u00eda<\/strong><\/h4>\n<p>Evite los riesgos de las m\u00e1quinas tufting falsificadas, que a menudo carecen de durabilidad y seguridad. Todas nuestras m\u00e1quinas vienen con una garant\u00eda de 2 a\u00f1os, devoluciones gratuitas y atenci\u00f3n al cliente de primera clase. <\/p>\n<h4><strong>La seguridad es lo primero<\/strong><\/h4>\n<p>Siempre desconecte su m\u00e1quina tufting antes de realizar ajustes. Mant\u00e9ngala fuera del alcance de los ni\u00f1os, ya que opera con tijeras y agujas de alta velocidad. <\/p>\n","protected":false},"excerpt":{"rendered":"<p>El AK-1N es nuestra pistola tufting todo en uno que combina las mejores caracter\u00edsticas de los modelos anteriores en uno solo. Es ligero y admite estilos de pelo cortado y bucle en alturas variables. La \u00fanica m\u00e1quina de tufting para alfombras que necesitar\u00e1.<\/p>\n","protected":false},"featured_media":37716,"template":"","meta":[],"product_brand":[],"product_cat":[168],"product_tag":[],"class_list":{"0":"post-24619","1":"product","2":"type-product","3":"status-publish","4":"has-post-thumbnail","6":"product_cat-pistolas-de-mechones-es","8":"first","9":"outofstock","10":"taxable","11":"shipping-taxable","12":"purchasable","13":"product-type-simple"},"_links":{"self":[{"href":"https:\/\/tuftingeurope.com\/es\/wp-json\/wp\/v2\/product\/24619","targetHints":{"allow":["GET"]}}],"collection":[{"href":"https:\/\/tuftingeurope.com\/es\/wp-json\/wp\/v2\/product"}],"about":[{"href":"https:\/\/tuftingeurope.com\/es\/wp-json\/wp\/v2\/types\/product"}],"wp:featuredmedia":[{"embeddable":true,"href":"https:\/\/tuftingeurope.com\/es\/wp-json\/wp\/v2\/media\/37716"}],"wp:attachment":[{"href":"https:\/\/tuftingeurope.com\/es\/wp-json\/wp\/v2\/media?parent=24619"}],"wp:term":[{"taxonomy":"product_brand","embeddable":true,"href":"https:\/\/tuftingeurope.com\/es\/wp-json\/wp\/v2\/product_brand?post=24619"},{"taxonomy":"product_cat","embeddable":true,"href":"https:\/\/tuftingeurope.com\/es\/wp-json\/wp\/v2\/product_cat?post=24619"},{"taxonomy":"product_tag","embeddable":true,"href":"https:\/\/tuftingeurope.com\/es\/wp-json\/wp\/v2\/product_tag?post=24619"}],"curies":[{"name":"wp","href":"https:\/\/api.w.org\/{rel}","templated":true}]}}