{"id":27658,"date":"2023-01-17T22:09:18","date_gmt":"2023-01-17T21:09:18","guid":{"rendered":"https:\/\/tuftingeurope.com\/product\/cuchillas-de-recambio-para-las-tenazas-para-tallar-alfombras-de-palisandro\/"},"modified":"2026-03-13T15:16:36","modified_gmt":"2026-03-13T14:16:36","slug":"cuchillas-de-recambio-para-alicates-para-tallar-madera","status":"publish","type":"product","link":"https:\/\/tuftingeurope.com\/es\/producto\/cuchillas-de-recambio-para-alicates-para-tallar-madera\/","title":{"rendered":"Cuchillas de recambio para las tenazas para tallar alfombras de palisandro"},"content":{"rendered":"","protected":false},"excerpt":{"rendered":"<p>Una cuchilla de recambio para las tenazas para tallar alfombras de palisandro. \u00bfHas alfombrado y afeitado m\u00e1s alfombras de las que tu cuchilla puede soportar? Sustituye f\u00e1cilmente las cuchillas desafiladas y mant\u00e9n tu herramienta para tallar alfombras como nueva.<\/p>\n<p>Alarga la vida de tus cuchillas con un mantenimiento regular, engras\u00e1ndolas y limpiando el polvo despu\u00e9s de cada sesi\u00f3n de tallado de alfombras.<\/p>\n","protected":false},"featured_media":44602,"template":"","meta":[],"product_brand":[],"product_cat":[172],"product_tag":[],"class_list":{"0":"post-27658","1":"product","2":"type-product","3":"status-publish","4":"has-post-thumbnail","6":"product_cat-accesorios","8":"first","9":"instock","10":"taxable","11":"shipping-taxable","12":"purchasable","13":"product-type-simple"},"_links":{"self":[{"href":"https:\/\/tuftingeurope.com\/es\/wp-json\/wp\/v2\/product\/27658","targetHints":{"allow":["GET"]}}],"collection":[{"href":"https:\/\/tuftingeurope.com\/es\/wp-json\/wp\/v2\/product"}],"about":[{"href":"https:\/\/tuftingeurope.com\/es\/wp-json\/wp\/v2\/types\/product"}],"wp:featuredmedia":[{"embeddable":true,"href":"https:\/\/tuftingeurope.com\/es\/wp-json\/wp\/v2\/media\/44602"}],"wp:attachment":[{"href":"https:\/\/tuftingeurope.com\/es\/wp-json\/wp\/v2\/media?parent=27658"}],"wp:term":[{"taxonomy":"product_brand","embeddable":true,"href":"https:\/\/tuftingeurope.com\/es\/wp-json\/wp\/v2\/product_brand?post=27658"},{"taxonomy":"product_cat","embeddable":true,"href":"https:\/\/tuftingeurope.com\/es\/wp-json\/wp\/v2\/product_cat?post=27658"},{"taxonomy":"product_tag","embeddable":true,"href":"https:\/\/tuftingeurope.com\/es\/wp-json\/wp\/v2\/product_tag?post=27658"}],"curies":[{"name":"wp","href":"https:\/\/api.w.org\/{rel}","templated":true}]}}