{"id":28460,"date":"2023-02-13T22:07:21","date_gmt":"2023-02-13T21:07:21","guid":{"rendered":"https:\/\/tuftingeurope.com\/product\/bobinadora-de-hilo\/"},"modified":"2026-03-13T15:16:14","modified_gmt":"2026-03-13T14:16:14","slug":"bobinadora-de-hilo","status":"publish","type":"product","link":"https:\/\/tuftingeurope.com\/es\/producto\/bobinadora-de-hilo\/","title":{"rendered":"Bobinadora de hilo"},"content":{"rendered":"<p>Las m\u00e1quinas de tufting suelen utilizar grandes conos de hilo, y se puede utilizar una devanadora de hilo para enrollar el hilo del cono en un ovillo m\u00e1s peque\u00f1o que sea m\u00e1s f\u00e1cil de manejar. Esto puede facilitar la carga del hilo en la m\u00e1quina de tufting y tambi\u00e9n puede prevenir enredos y nudos que pueden ralentizar el proceso de tufting.<\/p>\n<p>Al tener el hilo en una madeja ordenada y compacta, puede asegurar un proceso de tufting m\u00e1s fluido y eficiente.<br \/>\nAdem\u00e1s, devanar el hilo en una madeja facilita su almacenamiento y organizaci\u00f3n, manteniendo su espacio de trabajo de tufting ordenado y libre de desorden.<\/p>\n<h2><span class=\"a-text-bold\">C\u00f3mo utilizar la bobinadora de ovillos de hilo<\/span><\/h2>\n<p>1. Saca el extremo del hilo y p\u00e1salo por el gu\u00edahilos .<\/p>\n<p>2. Introduce el extremo del hilo en la ranura del cono.<\/p>\n<p>3. Gira la empu\u00f1adura hacia el lado derecho. El hilo empezar\u00e1 a enrollarse alrededor del cono.<\/p>\n<p>4. Mant\u00e9n un ritmo constante al girar la manivela, no lo hagas demasiado deprisa para evitar que el hilo se enrede.<\/p>\n<p>5. Cuando hayas terminado, saca el hilo del cono.<\/p>\n<p><iframe title=\"How to Use a YARN BALL WINDER [Step-By-Step Instructions and My Favorite Tips]\" width=\"1020\" height=\"574\" src=\"https:\/\/www.youtube.com\/embed\/l_iHozDmyXQ?feature=oembed\" frameborder=\"0\" allow=\"accelerometer; autoplay; clipboard-write; encrypted-media; gyroscope; picture-in-picture; web-share\" allowfullscreen><\/iframe><\/p>\n","protected":false},"excerpt":{"rendered":"<p>Desp\u00eddete de los enredos con un Enrollador de hilo. Al realizar tufting, se requiere un cono del cual pueda tirar desde el interior. Esto facilita la carga del hilo en su pistola de tufting.  Se monta f\u00e1cilmente en una mesa.<\/p>\n","protected":false},"featured_media":38000,"template":"","meta":[],"product_brand":[],"product_cat":[172],"product_tag":[],"class_list":{"0":"post-28460","1":"product","2":"type-product","3":"status-publish","4":"has-post-thumbnail","6":"product_cat-accesorios","7":"product_shipping_class-klein-pakket-es","9":"first","10":"instock","11":"taxable","12":"shipping-taxable","13":"purchasable","14":"product-type-simple"},"_links":{"self":[{"href":"https:\/\/tuftingeurope.com\/es\/wp-json\/wp\/v2\/product\/28460","targetHints":{"allow":["GET"]}}],"collection":[{"href":"https:\/\/tuftingeurope.com\/es\/wp-json\/wp\/v2\/product"}],"about":[{"href":"https:\/\/tuftingeurope.com\/es\/wp-json\/wp\/v2\/types\/product"}],"wp:featuredmedia":[{"embeddable":true,"href":"https:\/\/tuftingeurope.com\/es\/wp-json\/wp\/v2\/media\/38000"}],"wp:attachment":[{"href":"https:\/\/tuftingeurope.com\/es\/wp-json\/wp\/v2\/media?parent=28460"}],"wp:term":[{"taxonomy":"product_brand","embeddable":true,"href":"https:\/\/tuftingeurope.com\/es\/wp-json\/wp\/v2\/product_brand?post=28460"},{"taxonomy":"product_cat","embeddable":true,"href":"https:\/\/tuftingeurope.com\/es\/wp-json\/wp\/v2\/product_cat?post=28460"},{"taxonomy":"product_tag","embeddable":true,"href":"https:\/\/tuftingeurope.com\/es\/wp-json\/wp\/v2\/product_tag?post=28460"}],"curies":[{"name":"wp","href":"https:\/\/api.w.org\/{rel}","templated":true}]}}