{"id":28829,"date":"2023-02-23T17:38:43","date_gmt":"2023-02-23T16:38:43","guid":{"rendered":"https:\/\/tuftingeurope.com\/product\/marco-tufting-90x90cm\/"},"modified":"2026-03-13T15:16:12","modified_gmt":"2026-03-13T14:16:12","slug":"tufting-frame-90x90cm","status":"publish","type":"product","link":"https:\/\/tuftingeurope.com\/es\/producto\/tufting-frame-90x90cm\/","title":{"rendered":"Marco Tufting | Tablero 90x90cm"},"content":{"rendered":"<h2>Gu\u00edas r\u00e1pidas<\/h2>\n<ul>\n<li><span style=\"text-decoration: underline;\"><a href=\"https:\/\/www.youtube.com\/shorts\/lD_9WK_hh5s\" target=\"_blank\" rel=\"noopener\">V\u00eddeo: C\u00f3mo configurar su bastidor.<\/a><\/span><\/li>\n<\/ul>\n<p><img fetchpriority=\"high\" decoding=\"async\" class=\"aligncenter wp-image-28820 size-full\" src=\"https:\/\/tuftingeurope.com\/wp-content\/uploads\/2023\/02\/Schermafbeelding-2023-02-23-om-17.37.26.png\" alt=\"\" width=\"742\" height=\"1286\" title=\"\" srcset=\"https:\/\/tuftingeurope.com\/wp-content\/uploads\/2023\/02\/Schermafbeelding-2023-02-23-om-17.37.26.png 742w, https:\/\/tuftingeurope.com\/wp-content\/uploads\/2023\/02\/Schermafbeelding-2023-02-23-om-17.37.26-555x962.png 555w, https:\/\/tuftingeurope.com\/wp-content\/uploads\/2023\/02\/Schermafbeelding-2023-02-23-om-17.37.26-173x300.png 173w, https:\/\/tuftingeurope.com\/wp-content\/uploads\/2023\/02\/Schermafbeelding-2023-02-23-om-17.37.26-591x1024.png 591w\" sizes=\"(max-width: 742px) 100vw, 742px\" \/><\/p>\n","protected":false},"excerpt":{"rendered":"<p>Presentamos el marco de madera perfecto para tufting destinado al artista dom\u00e9stico. Dise\u00f1ado para sujetarse firmemente a cualquier mesa, proporcionando una base s\u00f3lida para sus proyectos de tufting. <\/p>\n<p>Incluye accesorios para alimentar dos madejas de hilo, sujetadores en los bordes para fijar su tela principal de tufting y dos abrazaderas de mesa.<\/p>\n","protected":false},"featured_media":38107,"template":"","meta":[],"product_brand":[],"product_cat":[162],"product_tag":[],"class_list":{"0":"post-28829","1":"product","2":"type-product","3":"status-publish","4":"has-post-thumbnail","6":"product_cat-agarres-del-marco","7":"product_shipping_class-marco","9":"first","10":"instock","11":"downloadable","12":"taxable","13":"shipping-taxable","14":"purchasable","15":"product-type-simple"},"_links":{"self":[{"href":"https:\/\/tuftingeurope.com\/es\/wp-json\/wp\/v2\/product\/28829","targetHints":{"allow":["GET"]}}],"collection":[{"href":"https:\/\/tuftingeurope.com\/es\/wp-json\/wp\/v2\/product"}],"about":[{"href":"https:\/\/tuftingeurope.com\/es\/wp-json\/wp\/v2\/types\/product"}],"wp:featuredmedia":[{"embeddable":true,"href":"https:\/\/tuftingeurope.com\/es\/wp-json\/wp\/v2\/media\/38107"}],"wp:attachment":[{"href":"https:\/\/tuftingeurope.com\/es\/wp-json\/wp\/v2\/media?parent=28829"}],"wp:term":[{"taxonomy":"product_brand","embeddable":true,"href":"https:\/\/tuftingeurope.com\/es\/wp-json\/wp\/v2\/product_brand?post=28829"},{"taxonomy":"product_cat","embeddable":true,"href":"https:\/\/tuftingeurope.com\/es\/wp-json\/wp\/v2\/product_cat?post=28829"},{"taxonomy":"product_tag","embeddable":true,"href":"https:\/\/tuftingeurope.com\/es\/wp-json\/wp\/v2\/product_tag?post=28829"}],"curies":[{"name":"wp","href":"https:\/\/api.w.org\/{rel}","templated":true}]}}