{"id":30434,"date":"2023-05-04T23:04:40","date_gmt":"2023-05-04T21:04:40","guid":{"rendered":"https:\/\/tuftingeurope.com\/product\/espatula-de-latex-flexible\/"},"modified":"2025-10-19T19:59:37","modified_gmt":"2025-10-19T17:59:37","slug":"espatula-de-latex-flexible","status":"publish","type":"product","link":"https:\/\/tuftingeurope.com\/es\/producto\/espatula-de-latex-flexible\/","title":{"rendered":"Esp\u00e1tula de l\u00e1tex flexible"},"content":{"rendered":"\n\t<section class=\"section\" id=\"section_1090617815\">\n\t\t<div class=\"section-bg fill\" >\n\t\t\t\t\t\t\t<div class=\"video-overlay no-click fill visible\"><\/div>\n\t<video class=\"video-bg fill visible\" preload playsinline autoplay muted loop>\n\t\t<source src=\"https:\/\/tuftingeurope.com\/wp-content\/uploads\/2024\/08\/tufting-spatula.mp4\" type=\"video\/mp4\">\t<\/video>\n\t\t\t\n\t\t\t\n\n\t\t<\/div>\n\n\t\t\n\n\t\t<div class=\"section-content relative\">\n\t\t\t\n\n\t\t<\/div>\n\n\t\t\n<style>\n#section_1090617815 {\n  padding-top: 30px;\n  padding-bottom: 30px;\n  min-height: 400px;\n}\n@media (min-width:550px) {\n  #section_1090617815 {\n    min-height: 500px;\n  }\n}\n<\/style>\n\t<\/section>\n\t\n","protected":false},"excerpt":{"rendered":"<p>Una esp\u00e1tula flexible puede ayudar a minimizar el riesgo de rasgar o da\u00f1ar tu alfombra reci\u00e9n empenachada durante el proceso de aplicaci\u00f3n del l\u00e1tex. La flexibilidad de la esp\u00e1tula le permite deslizarse suavemente sobre la superficie de tu pa\u00f1o. Se limpia f\u00e1cilmente con agua tibia despu\u00e9s de su uso.<\/p>\n","protected":false},"featured_media":37993,"template":"","meta":[],"product_brand":[],"product_cat":[172],"product_tag":[],"class_list":{"0":"post-30434","1":"product","2":"type-product","3":"status-publish","4":"has-post-thumbnail","6":"product_cat-accesorios","8":"first","9":"instock","10":"taxable","11":"shipping-taxable","12":"purchasable","13":"product-type-simple"},"_links":{"self":[{"href":"https:\/\/tuftingeurope.com\/es\/wp-json\/wp\/v2\/product\/30434","targetHints":{"allow":["GET"]}}],"collection":[{"href":"https:\/\/tuftingeurope.com\/es\/wp-json\/wp\/v2\/product"}],"about":[{"href":"https:\/\/tuftingeurope.com\/es\/wp-json\/wp\/v2\/types\/product"}],"wp:featuredmedia":[{"embeddable":true,"href":"https:\/\/tuftingeurope.com\/es\/wp-json\/wp\/v2\/media\/37993"}],"wp:attachment":[{"href":"https:\/\/tuftingeurope.com\/es\/wp-json\/wp\/v2\/media?parent=30434"}],"wp:term":[{"taxonomy":"product_brand","embeddable":true,"href":"https:\/\/tuftingeurope.com\/es\/wp-json\/wp\/v2\/product_brand?post=30434"},{"taxonomy":"product_cat","embeddable":true,"href":"https:\/\/tuftingeurope.com\/es\/wp-json\/wp\/v2\/product_cat?post=30434"},{"taxonomy":"product_tag","embeddable":true,"href":"https:\/\/tuftingeurope.com\/es\/wp-json\/wp\/v2\/product_tag?post=30434"}],"curies":[{"name":"wp","href":"https:\/\/api.w.org\/{rel}","templated":true}]}}