{"id":31284,"date":"2023-05-26T23:12:05","date_gmt":"2023-05-26T21:12:05","guid":{"rendered":"https:\/\/tuftingeurope.com\/product\/kit-de-inicio-de-tufting-bastidor-maquina-de-tufting-tela-y-mas\/"},"modified":"2026-03-13T15:15:52","modified_gmt":"2026-03-13T14:15:52","slug":"tufting-starter-kit","status":"publish","type":"product","link":"https:\/\/tuftingeurope.com\/es\/producto\/tufting-starter-kit\/","title":{"rendered":"Kit de inicio de tufting definitivo con AK-1N duo + bastidor"},"content":{"rendered":"<h2>\u00a1Bienvenido a su primer paso en el fascinante mundo del tufting con nuestro Kit de Iniciaci\u00f3n Definitivo para Tufting!<\/h2>\n<p>Este kit tiene todo lo que necesitas para lanzarte a hacer tus propias alfombras en casa. Lo hemos equipado con todos los elementos esenciales para que pueda comenzar su traves\u00eda de tufting sin complicaciones. Es sencillo, completo y est\u00e1 dise\u00f1ado para facilitar las cosas a los principiantes.  <\/p>\n<p><strong>S\u00f3lo un aviso, tendr\u00e1s que comprar un par de cosas por tu cuenta:<\/strong> tus colores de hilo favoritos para dar vida a tus dise\u00f1os, que puedes encontrar f\u00e1cilmente en nuestro sitio web, y un cubo de pegamento de l\u00e1tex para alfombras en tu ferreter\u00eda local. (no vendemos pegamento porque es demasiado pesado). <\/p>\n<p>Tu kit vendr\u00e1 en dos cajas. Uno tiene el marco, y el otro contiene todo lo dem\u00e1s. Nuestro kit de inicio Ultimate Tufting contiene los siguientes elementos:  <\/p>\n<h2><img fetchpriority=\"high\" decoding=\"async\" class=\"alignnone size-full wp-image-37095\" src=\"https:\/\/tuftingeurope.com\/wp-content\/uploads\/2023\/05\/1-1.jpg\" alt=\"\" width=\"1920\" height=\"1080\" title=\"\" srcset=\"https:\/\/tuftingeurope.com\/wp-content\/uploads\/2023\/05\/1-1.jpg 1920w, https:\/\/tuftingeurope.com\/wp-content\/uploads\/2023\/05\/1-1-1000x563.jpg 1000w, https:\/\/tuftingeurope.com\/wp-content\/uploads\/2023\/05\/1-1-300x169.jpg 300w, https:\/\/tuftingeurope.com\/wp-content\/uploads\/2023\/05\/1-1-1024x576.jpg 1024w, https:\/\/tuftingeurope.com\/wp-content\/uploads\/2023\/05\/1-1-768x432.jpg 768w, https:\/\/tuftingeurope.com\/wp-content\/uploads\/2023\/05\/1-1-1536x864.jpg 1536w, https:\/\/tuftingeurope.com\/wp-content\/uploads\/2023\/05\/1-1-360x203.jpg 360w, https:\/\/tuftingeurope.com\/wp-content\/uploads\/2023\/05\/1-1-80x45.jpg 80w\" sizes=\"(max-width: 1920px) 100vw, 1920px\" \/><br \/>\nLa mejor m\u00e1quina de tufting disponible<\/h2>\n<p>Nuestro kit incluye el <strong>AK-1N Duo<\/strong>, la m\u00e1quina definitiva de tufting que es todo lo que necesitar\u00e1 para comenzar a fabricar alfombras. Es <strong>superligera, con s\u00f3lo 1,4 kg<\/strong>, y vers\u00e1til, lo que te permite crear <strong>estilos de pelo cortado y de bucle con facilidad<\/strong>. Adem\u00e1s, es muy f\u00e1cil aprender las nociones b\u00e1sicas: estamos seguros de que te pondr\u00e1s manos a la obra en menos de <strong>15 minutos de pr\u00e1ctica<\/strong>. Si no es as\u00ed, \u00a1contacta con nosotros para que te demos consejos!<\/p>\n<p>&nbsp;<\/p>\n<h2><img decoding=\"async\" class=\"alignnone size-full wp-image-37102\" src=\"https:\/\/tuftingeurope.com\/wp-content\/uploads\/2023\/05\/2.jpg\" alt=\"\" width=\"1920\" height=\"1080\" title=\"\" srcset=\"https:\/\/tuftingeurope.com\/wp-content\/uploads\/2023\/05\/2.jpg 1920w, https:\/\/tuftingeurope.com\/wp-content\/uploads\/2023\/05\/2-1000x563.jpg 1000w, https:\/\/tuftingeurope.com\/wp-content\/uploads\/2023\/05\/2-300x169.jpg 300w, https:\/\/tuftingeurope.com\/wp-content\/uploads\/2023\/05\/2-1024x576.jpg 1024w, https:\/\/tuftingeurope.com\/wp-content\/uploads\/2023\/05\/2-768x432.jpg 768w, https:\/\/tuftingeurope.com\/wp-content\/uploads\/2023\/05\/2-1536x864.jpg 1536w, https:\/\/tuftingeurope.com\/wp-content\/uploads\/2023\/05\/2-360x203.jpg 360w, https:\/\/tuftingeurope.com\/wp-content\/uploads\/2023\/05\/2-80x45.jpg 80w\" sizes=\"(max-width: 1920px) 100vw, 1920px\" \/>Un marco robusto para tufting<\/h2>\n<p>Incluido en el kit est\u00e1 nuestro s\u00f3lido <strong>marco de tufting de 90x90cm<\/strong>, listo para ser <strong>f\u00e1cilmente montado en cualquier mesa<\/strong>. Viene con dos abrazaderas para una fijaci\u00f3n segura, espacio para sostener dos madejas de hilo, y tiras de sujeci\u00f3n de tela con clavos a lo largo de cada borde para estirar firmemente su tela de tufting.  No te preocupes por la configuraci\u00f3n; lo hemos hecho s\u00faper simple con todos los <strong>tornillos necesarios incluidos<\/strong>.<\/p>\n<p>&nbsp;<\/p>\n<h2>Suficiente tela de tufting para mantenerle ocupado<\/h2>\n<p>Nuestro kit de iniciaci\u00f3n viene con un generoso total de <strong>200x200cm de tela primaria de alta calidad para tufting<\/strong>. Este es el lienzo esencial de tufting para sus creaciones de alfombras.  Este tama\u00f1o te permite confeccionar de cuatro a ocho alfombras de tama\u00f1o medio, lo que te proporciona material de sobra para poner en marcha tus proyectos. Tambi\u00e9n se incluye <strong>200x200cm de respaldo antideslizante Ani-Slip<\/strong>, que se coloca en la parte posterior de su alfombra para un acabado profesional. <\/p>\n<p>&nbsp;<\/p>\n<h2><img decoding=\"async\" class=\"alignnone size-full wp-image-37116\" src=\"https:\/\/tuftingeurope.com\/wp-content\/uploads\/2023\/05\/4-1.jpg\" alt=\"\" width=\"1920\" height=\"1080\" title=\"\" srcset=\"https:\/\/tuftingeurope.com\/wp-content\/uploads\/2023\/05\/4-1.jpg 1920w, https:\/\/tuftingeurope.com\/wp-content\/uploads\/2023\/05\/4-1-1000x563.jpg 1000w, https:\/\/tuftingeurope.com\/wp-content\/uploads\/2023\/05\/4-1-300x169.jpg 300w, https:\/\/tuftingeurope.com\/wp-content\/uploads\/2023\/05\/4-1-1024x576.jpg 1024w, https:\/\/tuftingeurope.com\/wp-content\/uploads\/2023\/05\/4-1-768x432.jpg 768w, https:\/\/tuftingeurope.com\/wp-content\/uploads\/2023\/05\/4-1-1536x864.jpg 1536w, https:\/\/tuftingeurope.com\/wp-content\/uploads\/2023\/05\/4-1-360x203.jpg 360w, https:\/\/tuftingeurope.com\/wp-content\/uploads\/2023\/05\/4-1-80x45.jpg 80w\" sizes=\"(max-width: 1920px) 100vw, 1920px\" \/><br \/>\nAccesorios para hacer dise\u00f1os de alfombras afilados<\/h2>\n<p>Nuestro kit de iniciaci\u00f3n est\u00e1 repleto de accesorios \u00fatiles dise\u00f1ados para simplificar su proceso de tufting. Incluye una <strong>esp\u00e1tula flexible<\/strong> para esparcir uniformemente su pegamento de l\u00e1tex, <strong>aceite para m\u00e1quina de coser<\/strong> para asegurar que su m\u00e1quina de tufting y cortadores funcionen sin problemas, y un <strong>enhebrador de bucles<\/strong> que r\u00e1pidamente se convertir\u00e1 en una herramienta indispensable.  Adem\u00e1s, con un <strong>tallador de alfombras, una gu\u00eda de tallado y unas tijeras de pico de pato<\/strong>, tendr\u00e1s todo lo que necesitas para crear alfombras profesionales con detalles n\u00edtidos.<\/p>\n","protected":false},"excerpt":{"rendered":"<p>\u00a1Prep\u00e1rate para sumergirte en la fabricaci\u00f3n de alfombras con nuestro Kit de inicio Ultimate Tufting! Contiene todo lo que necesitas para crear incre\u00edbles alfombras profesionales desde tu casa. <\/p>\n","protected":false},"featured_media":69898,"template":"","meta":[],"product_brand":[],"product_cat":[546],"product_tag":[],"class_list":{"0":"post-31284","1":"product","2":"type-product","3":"status-publish","4":"has-post-thumbnail","6":"product_cat-starter-kits-es","8":"first","9":"outofstock","10":"sale","11":"virtual","12":"taxable","13":"purchasable","14":"product-type-yith_bundle"},"_links":{"self":[{"href":"https:\/\/tuftingeurope.com\/es\/wp-json\/wp\/v2\/product\/31284","targetHints":{"allow":["GET"]}}],"collection":[{"href":"https:\/\/tuftingeurope.com\/es\/wp-json\/wp\/v2\/product"}],"about":[{"href":"https:\/\/tuftingeurope.com\/es\/wp-json\/wp\/v2\/types\/product"}],"wp:featuredmedia":[{"embeddable":true,"href":"https:\/\/tuftingeurope.com\/es\/wp-json\/wp\/v2\/media\/69898"}],"wp:attachment":[{"href":"https:\/\/tuftingeurope.com\/es\/wp-json\/wp\/v2\/media?parent=31284"}],"wp:term":[{"taxonomy":"product_brand","embeddable":true,"href":"https:\/\/tuftingeurope.com\/es\/wp-json\/wp\/v2\/product_brand?post=31284"},{"taxonomy":"product_cat","embeddable":true,"href":"https:\/\/tuftingeurope.com\/es\/wp-json\/wp\/v2\/product_cat?post=31284"},{"taxonomy":"product_tag","embeddable":true,"href":"https:\/\/tuftingeurope.com\/es\/wp-json\/wp\/v2\/product_tag?post=31284"}],"curies":[{"name":"wp","href":"https:\/\/api.w.org\/{rel}","templated":true}]}}