{"id":31988,"date":"2023-06-07T13:38:31","date_gmt":"2023-06-07T11:38:31","guid":{"rendered":"https:\/\/tuftingeurope.com\/?post_type=product&#038;p=31988"},"modified":"2026-01-23T17:13:31","modified_gmt":"2026-01-23T16:13:31","slug":"beginners-tufting-starter-kit-tufting-machine-cloth-more","status":"publish","type":"product","link":"https:\/\/tuftingeurope.com\/es\/producto\/beginners-tufting-starter-kit-tufting-machine-cloth-more\/","title":{"rendered":"Kit de inicio b\u00e1sico de tufting"},"content":{"rendered":"<p>Presentamos nuestro kit b\u00e1sico de iniciaci\u00f3n al tufting. Contiene todos los elementos b\u00e1sicos para ayudarle a iniciar su aventura de tufting y dar vida a sus ideas creativas.<\/p>\n<p>Lo \u00fanico que necesitar\u00e1s es un marco, tus colores de hilo favoritos y un cubo de pegamento de l\u00e1tex para alfombras de tu ferreter\u00eda local.<\/p>\n<h2>M\u00e1quina de tufting<\/h2>\n<p>El kit incluye nuestra \u00faltima m\u00e1quina de tufting, la AK-V. Es la herramienta ideal tanto para principiantes como para expertos, ya que ofrece un tufting suave y preciso. Es ligera, f\u00e1cil de manejar con solo 1,4 kg, y admite estilos de pelo cortado y bucle, lo que la convierte en la \u00fanica m\u00e1quina de tufting que necesitar\u00e1.  <\/p>\n<h2>Tejido de tufting primario<\/h2>\n<p>Se incluye una pieza grande de tela de tufting primaria de alta calidad. Con 200&#215;200 m, es suficiente para hacer entre cuatro y ocho alfombras medianas, por lo que tendr\u00e1 material de sobra para practicar y perfeccionar su t\u00e9cnica.<\/p>\n<h2>Accesorios<\/h2>\n<p>Tambi\u00e9n estamos incluyendo algunos accesorios incre\u00edblemente \u00fatiles para hacer su tufting m\u00e1s fluido. Tenemos aceite para m\u00e1quinas de coser para mantener su m\u00e1quina en \u00f3ptimas condiciones, unas tijeras de pico de pato, una ayuda esencial durante el tufting, y un enhebrador de bucles. Estas herramientas est\u00e1n dise\u00f1adas para ayudarte a conseguir resultados de aspecto profesional con facilidad.<\/p>\n","protected":false},"excerpt":{"rendered":"<p>Nuestro Kit B\u00e1sico contiene los elementos fundamentales que necesita para comenzar con tufting. Es un kit ideal para aquellos que planean construir su propio marco, o no desean invertir demasiado capital para iniciar tufting. <\/p>\n","protected":false},"featured_media":71994,"template":"","meta":[],"product_brand":[],"product_cat":[546],"product_tag":[],"class_list":{"0":"post-31988","1":"product","2":"type-product","3":"status-publish","4":"has-post-thumbnail","6":"product_cat-starter-kits-es","8":"first","9":"instock","10":"sale","11":"virtual","12":"taxable","13":"purchasable","14":"product-type-yith_bundle"},"_links":{"self":[{"href":"https:\/\/tuftingeurope.com\/es\/wp-json\/wp\/v2\/product\/31988","targetHints":{"allow":["GET"]}}],"collection":[{"href":"https:\/\/tuftingeurope.com\/es\/wp-json\/wp\/v2\/product"}],"about":[{"href":"https:\/\/tuftingeurope.com\/es\/wp-json\/wp\/v2\/types\/product"}],"wp:featuredmedia":[{"embeddable":true,"href":"https:\/\/tuftingeurope.com\/es\/wp-json\/wp\/v2\/media\/71994"}],"wp:attachment":[{"href":"https:\/\/tuftingeurope.com\/es\/wp-json\/wp\/v2\/media?parent=31988"}],"wp:term":[{"taxonomy":"product_brand","embeddable":true,"href":"https:\/\/tuftingeurope.com\/es\/wp-json\/wp\/v2\/product_brand?post=31988"},{"taxonomy":"product_cat","embeddable":true,"href":"https:\/\/tuftingeurope.com\/es\/wp-json\/wp\/v2\/product_cat?post=31988"},{"taxonomy":"product_tag","embeddable":true,"href":"https:\/\/tuftingeurope.com\/es\/wp-json\/wp\/v2\/product_tag?post=31988"}],"curies":[{"name":"wp","href":"https:\/\/api.w.org\/{rel}","templated":true}]}}